{"id":9383,"date":"2023-03-22T18:33:38","date_gmt":"2023-03-22T18:33:38","guid":{"rendered":"https:\/\/www.lesdelicesdeprovence.ch\/?post_type=product&#038;p=9383"},"modified":"2023-03-22T19:19:56","modified_gmt":"2023-03-22T19:19:56","slug":"cipolla-confit-delle-cevennes","status":"publish","type":"product","link":"http:\/\/www.lesdelicesdeprovence.ch\/it\/produits\/cipolla-confit-delle-cevennes\/","title":{"rendered":"Cipolla confit delle Cevennes."},"content":{"rendered":"<p>Gli ingredienti scelti in base alla loro origine sono la base per una ricetta di successo.<\/p>\n<p>La qualit\u00e0 degli ingredienti e l&#8217;ubicazione geografica della loro crescita sono essenziali e questo confit ne \u00e8 l&#8217;esempio perfetto.<\/p>\n<p>L&#8217;intensit\u00e0 della famosa Tanche de Nyons associata al confit di cipolle dolci delle C\u00e9vennes delizier\u00e0 gli amanti dei sapori tipicamente provenzali.<\/p>\n<p>Leggermente dolce e salato, questo confit \u00e8 particolarmente apprezzato come aperitivo con un buon formaggio, soprattutto di capra fresco o, ad esempio, per arricchire un hamburger fatto in casa.<\/p>\n<p><strong>Ingredienti : Cipolla dolce delle C\u00e9vennes A.O.P 55%, polpa di olive nere delle Baronnies 31%, acqua, sale, zucchero, olio d&#8217;oliva, aceto balsamico.<\/strong><\/p>\n<p><strong>Contenuto: 90 g<\/strong><\/p>\n","protected":false},"excerpt":{"rendered":"<p>Due D.O.P., la cipolla dolce delle C\u00e9vennes e l&#8217;oliva nera di Nyons, nello stesso vaso per un&#8217;esperienza di gusto eccezionale.<\/p>\n","protected":false},"featured_media":9364,"template":"","meta":[],"product_cat":[226,248],"product_tag":[],"class_list":{"0":"post-9383","1":"product","2":"type-product","3":"status-publish","4":"has-post-thumbnail","6":"product_cat-caramelle-e-chutney","7":"product_cat-salse-da-aperitivo","9":"first","10":"instock","11":"taxable","12":"shipping-taxable","13":"purchasable","14":"product-type-simple"},"yoast_head":"<!-- This site is optimized with the Yoast SEO plugin v27.2 - https:\/\/yoast.com\/product\/yoast-seo-wordpress\/ -->\n<title>Cipolla confit delle Cevennes.<\/title>\n<meta name=\"description\" content=\"Due D.O.P., la cipolla dolce delle C\u00e9vennes e l&#039;oliva nera di Nyons, nello stesso vaso per un&#039;esperienza di gusto eccezionale.\" \/>\n<meta name=\"robots\" content=\"index, follow, max-snippet:-1, max-image-preview:large, max-video-preview:-1\" \/>\n<link rel=\"canonical\" href=\"http:\/\/www.lesdelicesdeprovence.ch\/it\/produits\/cipolla-confit-delle-cevennes\/\" \/>\n<meta property=\"og:locale\" content=\"it_IT\" \/>\n<meta property=\"og:type\" content=\"article\" \/>\n<meta property=\"og:title\" content=\"Cipolla confit delle Cevennes.\" \/>\n<meta property=\"og:description\" content=\"Due D.O.P., la cipolla dolce delle C\u00e9vennes e l&#039;oliva nera di Nyons, nello stesso vaso per un&#039;esperienza di gusto eccezionale.\" \/>\n<meta property=\"og:url\" content=\"http:\/\/www.lesdelicesdeprovence.ch\/it\/produits\/cipolla-confit-delle-cevennes\/\" \/>\n<meta property=\"og:site_name\" content=\"Les D\u00e9lices de Provence\" \/>\n<meta property=\"article:modified_time\" content=\"2023-03-22T19:19:56+00:00\" \/>\n<meta property=\"og:image\" content=\"http:\/\/www.lesdelicesdeprovence.ch\/wp-content\/uploads\/2023\/03\/IMG_4407-scaled.jpg\" \/>\n\t<meta property=\"og:image:width\" content=\"2305\" \/>\n\t<meta property=\"og:image:height\" content=\"2560\" \/>\n\t<meta property=\"og:image:type\" content=\"image\/jpeg\" \/>\n<meta name=\"twitter:card\" content=\"summary_large_image\" \/>\n<meta name=\"twitter:label1\" content=\"Tempo di lettura stimato\" \/>\n\t<meta name=\"twitter:data1\" content=\"1 minuto\" \/>\n<script type=\"application\/ld+json\" class=\"yoast-schema-graph\">{\"@context\":\"https:\/\/schema.org\",\"@graph\":[{\"@type\":\"WebPage\",\"@id\":\"http:\/\/www.lesdelicesdeprovence.ch\/it\/produits\/cipolla-confit-delle-cevennes\/\",\"url\":\"http:\/\/www.lesdelicesdeprovence.ch\/it\/produits\/cipolla-confit-delle-cevennes\/\",\"name\":\"Cipolla confit delle Cevennes.\",\"isPartOf\":{\"@id\":\"https:\/\/www.lesdelicesdeprovence.ch\/it\/#website\"},\"primaryImageOfPage\":{\"@id\":\"http:\/\/www.lesdelicesdeprovence.ch\/it\/produits\/cipolla-confit-delle-cevennes\/#primaryimage\"},\"image\":{\"@id\":\"http:\/\/www.lesdelicesdeprovence.ch\/it\/produits\/cipolla-confit-delle-cevennes\/#primaryimage\"},\"thumbnailUrl\":\"http:\/\/www.lesdelicesdeprovence.ch\/wp-content\/uploads\/2023\/03\/IMG_4407-scaled.jpg\",\"datePublished\":\"2023-03-22T18:33:38+00:00\",\"dateModified\":\"2023-03-22T19:19:56+00:00\",\"description\":\"Due D.O.P., la cipolla dolce delle C\u00e9vennes e l'oliva nera di Nyons, nello stesso vaso per un'esperienza di gusto eccezionale.\",\"breadcrumb\":{\"@id\":\"http:\/\/www.lesdelicesdeprovence.ch\/it\/produits\/cipolla-confit-delle-cevennes\/#breadcrumb\"},\"inLanguage\":\"it-IT\",\"potentialAction\":[{\"@type\":\"ReadAction\",\"target\":[\"http:\/\/www.lesdelicesdeprovence.ch\/it\/produits\/cipolla-confit-delle-cevennes\/\"]}]},{\"@type\":\"ImageObject\",\"inLanguage\":\"it-IT\",\"@id\":\"http:\/\/www.lesdelicesdeprovence.ch\/it\/produits\/cipolla-confit-delle-cevennes\/#primaryimage\",\"url\":\"http:\/\/www.lesdelicesdeprovence.ch\/wp-content\/uploads\/2023\/03\/IMG_4407-scaled.jpg\",\"contentUrl\":\"http:\/\/www.lesdelicesdeprovence.ch\/wp-content\/uploads\/2023\/03\/IMG_4407-scaled.jpg\",\"width\":2305,\"height\":2560},{\"@type\":\"BreadcrumbList\",\"@id\":\"http:\/\/www.lesdelicesdeprovence.ch\/it\/produits\/cipolla-confit-delle-cevennes\/#breadcrumb\",\"itemListElement\":[{\"@type\":\"ListItem\",\"position\":1,\"name\":\"Accoglienza\",\"item\":\"http:\/\/www.lesdelicesdeprovence.ch\/it\/\"},{\"@type\":\"ListItem\",\"position\":2,\"name\":\"Negozio\",\"item\":\"http:\/\/www.lesdelicesdeprovence.ch\/it\/negozio\/\"},{\"@type\":\"ListItem\",\"position\":3,\"name\":\"Cipolla confit delle Cevennes.\"}]},{\"@type\":\"WebSite\",\"@id\":\"https:\/\/www.lesdelicesdeprovence.ch\/it\/#website\",\"url\":\"https:\/\/www.lesdelicesdeprovence.ch\/it\/\",\"name\":\"Les D\u00e9lices de Provence\",\"description\":\"Epicerie fine en ligne\",\"potentialAction\":[{\"@type\":\"SearchAction\",\"target\":{\"@type\":\"EntryPoint\",\"urlTemplate\":\"https:\/\/www.lesdelicesdeprovence.ch\/it\/?s={search_term_string}\"},\"query-input\":{\"@type\":\"PropertyValueSpecification\",\"valueRequired\":true,\"valueName\":\"search_term_string\"}}],\"inLanguage\":\"it-IT\"}]}<\/script>\n<!-- \/ Yoast SEO plugin. -->","yoast_head_json":{"title":"Cipolla confit delle Cevennes.","description":"Due D.O.P., la cipolla dolce delle C\u00e9vennes e l'oliva nera di Nyons, nello stesso vaso per un'esperienza di gusto eccezionale.","robots":{"index":"index","follow":"follow","max-snippet":"max-snippet:-1","max-image-preview":"max-image-preview:large","max-video-preview":"max-video-preview:-1"},"canonical":"http:\/\/www.lesdelicesdeprovence.ch\/it\/produits\/cipolla-confit-delle-cevennes\/","og_locale":"it_IT","og_type":"article","og_title":"Cipolla confit delle Cevennes.","og_description":"Due D.O.P., la cipolla dolce delle C\u00e9vennes e l'oliva nera di Nyons, nello stesso vaso per un'esperienza di gusto eccezionale.","og_url":"http:\/\/www.lesdelicesdeprovence.ch\/it\/produits\/cipolla-confit-delle-cevennes\/","og_site_name":"Les D\u00e9lices de Provence","article_modified_time":"2023-03-22T19:19:56+00:00","og_image":[{"width":2305,"height":2560,"url":"http:\/\/www.lesdelicesdeprovence.ch\/wp-content\/uploads\/2023\/03\/IMG_4407-scaled.jpg","type":"image\/jpeg"}],"twitter_card":"summary_large_image","twitter_misc":{"Tempo di lettura stimato":"1 minuto"},"schema":{"@context":"https:\/\/schema.org","@graph":[{"@type":"WebPage","@id":"http:\/\/www.lesdelicesdeprovence.ch\/it\/produits\/cipolla-confit-delle-cevennes\/","url":"http:\/\/www.lesdelicesdeprovence.ch\/it\/produits\/cipolla-confit-delle-cevennes\/","name":"Cipolla confit delle Cevennes.","isPartOf":{"@id":"https:\/\/www.lesdelicesdeprovence.ch\/it\/#website"},"primaryImageOfPage":{"@id":"http:\/\/www.lesdelicesdeprovence.ch\/it\/produits\/cipolla-confit-delle-cevennes\/#primaryimage"},"image":{"@id":"http:\/\/www.lesdelicesdeprovence.ch\/it\/produits\/cipolla-confit-delle-cevennes\/#primaryimage"},"thumbnailUrl":"http:\/\/www.lesdelicesdeprovence.ch\/wp-content\/uploads\/2023\/03\/IMG_4407-scaled.jpg","datePublished":"2023-03-22T18:33:38+00:00","dateModified":"2023-03-22T19:19:56+00:00","description":"Due D.O.P., la cipolla dolce delle C\u00e9vennes e l'oliva nera di Nyons, nello stesso vaso per un'esperienza di gusto eccezionale.","breadcrumb":{"@id":"http:\/\/www.lesdelicesdeprovence.ch\/it\/produits\/cipolla-confit-delle-cevennes\/#breadcrumb"},"inLanguage":"it-IT","potentialAction":[{"@type":"ReadAction","target":["http:\/\/www.lesdelicesdeprovence.ch\/it\/produits\/cipolla-confit-delle-cevennes\/"]}]},{"@type":"ImageObject","inLanguage":"it-IT","@id":"http:\/\/www.lesdelicesdeprovence.ch\/it\/produits\/cipolla-confit-delle-cevennes\/#primaryimage","url":"http:\/\/www.lesdelicesdeprovence.ch\/wp-content\/uploads\/2023\/03\/IMG_4407-scaled.jpg","contentUrl":"http:\/\/www.lesdelicesdeprovence.ch\/wp-content\/uploads\/2023\/03\/IMG_4407-scaled.jpg","width":2305,"height":2560},{"@type":"BreadcrumbList","@id":"http:\/\/www.lesdelicesdeprovence.ch\/it\/produits\/cipolla-confit-delle-cevennes\/#breadcrumb","itemListElement":[{"@type":"ListItem","position":1,"name":"Accoglienza","item":"http:\/\/www.lesdelicesdeprovence.ch\/it\/"},{"@type":"ListItem","position":2,"name":"Negozio","item":"http:\/\/www.lesdelicesdeprovence.ch\/it\/negozio\/"},{"@type":"ListItem","position":3,"name":"Cipolla confit delle Cevennes."}]},{"@type":"WebSite","@id":"https:\/\/www.lesdelicesdeprovence.ch\/it\/#website","url":"https:\/\/www.lesdelicesdeprovence.ch\/it\/","name":"Les D\u00e9lices de Provence","description":"Epicerie fine en ligne","potentialAction":[{"@type":"SearchAction","target":{"@type":"EntryPoint","urlTemplate":"https:\/\/www.lesdelicesdeprovence.ch\/it\/?s={search_term_string}"},"query-input":{"@type":"PropertyValueSpecification","valueRequired":true,"valueName":"search_term_string"}}],"inLanguage":"it-IT"}]}},"_links":{"self":[{"href":"http:\/\/www.lesdelicesdeprovence.ch\/it\/wp-json\/wp\/v2\/product\/9383","targetHints":{"allow":["GET"]}}],"collection":[{"href":"http:\/\/www.lesdelicesdeprovence.ch\/it\/wp-json\/wp\/v2\/product"}],"about":[{"href":"http:\/\/www.lesdelicesdeprovence.ch\/it\/wp-json\/wp\/v2\/types\/product"}],"version-history":[{"count":1,"href":"http:\/\/www.lesdelicesdeprovence.ch\/it\/wp-json\/wp\/v2\/product\/9383\/revisions"}],"predecessor-version":[{"id":9384,"href":"http:\/\/www.lesdelicesdeprovence.ch\/it\/wp-json\/wp\/v2\/product\/9383\/revisions\/9384"}],"wp:featuredmedia":[{"embeddable":true,"href":"http:\/\/www.lesdelicesdeprovence.ch\/it\/wp-json\/wp\/v2\/media\/9364"}],"wp:attachment":[{"href":"http:\/\/www.lesdelicesdeprovence.ch\/it\/wp-json\/wp\/v2\/media?parent=9383"}],"wp:term":[{"taxonomy":"product_cat","embeddable":true,"href":"http:\/\/www.lesdelicesdeprovence.ch\/it\/wp-json\/wp\/v2\/product_cat?post=9383"},{"taxonomy":"product_tag","embeddable":true,"href":"http:\/\/www.lesdelicesdeprovence.ch\/it\/wp-json\/wp\/v2\/product_tag?post=9383"}],"curies":[{"name":"wp","href":"https:\/\/api.w.org\/{rel}","templated":true}]}}