{"id":13842,"date":"2024-06-07T11:05:47","date_gmt":"2024-06-07T11:05:47","guid":{"rendered":"https:\/\/www.lesdelicesdeprovence.ch\/?post_type=product&#038;p=13842"},"modified":"2024-06-07T11:09:52","modified_gmt":"2024-06-07T11:09:52","slug":"moutarde-au-miel","status":"publish","type":"product","link":"https:\/\/www.lesdelicesdeprovence.ch\/de\/produits\/moutarde-au-miel\/","title":{"rendered":"Senf mit Honig"},"content":{"rendered":"<p>Ein sch\u00f6ner, handwerklich hergestellter Bio-Senf aus Dijon, der mit einem Hauch von Lavendelhonig aus der Provence verfeinert wurde, um ihn noch ein wenig s\u00fc\u00dfer und schmackhafter zu machen.<\/p>\n<p>Ideal f\u00fcr eine Sauce zu Rohkost, Fleisch, Gegrilltem, Pommes frites oder als Glasur.<\/p>\n<p>Die Mayonnaise ist ebenfalls ein Genuss.<\/p>\n<p><strong>Zutaten: Senf 88% (Senfk\u00f6rner, Branntweinessig, Wasser, Salz), Lavendelhonig 12%.<\/strong><\/p>\n<p><strong>Inhalt: 130g <\/strong><\/p>\n","protected":false},"excerpt":{"rendered":"<p>Wenn die Sch\u00e4rfe des Bio-Senfs aus Dijon auf die Cremigkeit und S\u00fc\u00dfe des Honigs trifft, wird Ihr Gaumen nach mehr verlangen!<\/p>\n","protected":false},"featured_media":13839,"template":"","meta":[],"product_cat":[246],"product_tag":[],"class_list":{"0":"post-13842","1":"product","2":"type-product","3":"status-publish","4":"has-post-thumbnail","6":"product_cat-aperitif-saucen","8":"first","9":"outofstock","10":"taxable","11":"shipping-taxable","12":"purchasable","13":"product-type-simple"},"yoast_head":"<!-- This site is optimized with the Yoast SEO plugin v27.2 - https:\/\/yoast.com\/product\/yoast-seo-wordpress\/ -->\n<title>Senf mit Honig<\/title>\n<meta name=\"description\" content=\"Wenn die Sch\u00e4rfe des Bio-Senfs aus Dijon auf die Cremigkeit und S\u00fc\u00dfe des Honigs trifft, wird Ihr Gaumen nach mehr verlangen!\" \/>\n<meta name=\"robots\" content=\"index, follow, max-snippet:-1, max-image-preview:large, max-video-preview:-1\" \/>\n<link rel=\"canonical\" href=\"https:\/\/www.lesdelicesdeprovence.ch\/de\/produits\/moutarde-au-miel\/\" \/>\n<meta property=\"og:locale\" content=\"de_DE\" \/>\n<meta property=\"og:type\" content=\"article\" \/>\n<meta property=\"og:title\" content=\"Senf mit Honig\" \/>\n<meta property=\"og:description\" content=\"Wenn die Sch\u00e4rfe des Bio-Senfs aus Dijon auf die Cremigkeit und S\u00fc\u00dfe des Honigs trifft, wird Ihr Gaumen nach mehr verlangen!\" \/>\n<meta property=\"og:url\" content=\"https:\/\/www.lesdelicesdeprovence.ch\/de\/produits\/moutarde-au-miel\/\" \/>\n<meta property=\"og:site_name\" content=\"Les D\u00e9lices de Provence\" \/>\n<meta property=\"article:modified_time\" content=\"2024-06-07T11:09:52+00:00\" \/>\n<meta property=\"og:image\" content=\"https:\/\/www.lesdelicesdeprovence.ch\/wp-content\/uploads\/2024\/06\/IMG_2472-scaled.jpg\" \/>\n\t<meta property=\"og:image:width\" content=\"2560\" \/>\n\t<meta property=\"og:image:height\" content=\"2480\" \/>\n\t<meta property=\"og:image:type\" content=\"image\/jpeg\" \/>\n<meta name=\"twitter:card\" content=\"summary_large_image\" \/>\n<script type=\"application\/ld+json\" class=\"yoast-schema-graph\">{\"@context\":\"https:\/\/schema.org\",\"@graph\":[{\"@type\":\"WebPage\",\"@id\":\"https:\/\/www.lesdelicesdeprovence.ch\/de\/produits\/moutarde-au-miel\/\",\"url\":\"https:\/\/www.lesdelicesdeprovence.ch\/de\/produits\/moutarde-au-miel\/\",\"name\":\"Senf mit Honig\",\"isPartOf\":{\"@id\":\"https:\/\/www.lesdelicesdeprovence.ch\/de\/#website\"},\"primaryImageOfPage\":{\"@id\":\"https:\/\/www.lesdelicesdeprovence.ch\/de\/produits\/moutarde-au-miel\/#primaryimage\"},\"image\":{\"@id\":\"https:\/\/www.lesdelicesdeprovence.ch\/de\/produits\/moutarde-au-miel\/#primaryimage\"},\"thumbnailUrl\":\"https:\/\/www.lesdelicesdeprovence.ch\/wp-content\/uploads\/2024\/06\/IMG_2472-scaled.jpg\",\"datePublished\":\"2024-06-07T11:05:47+00:00\",\"dateModified\":\"2024-06-07T11:09:52+00:00\",\"description\":\"Wenn die Sch\u00e4rfe des Bio-Senfs aus Dijon auf die Cremigkeit und S\u00fc\u00dfe des Honigs trifft, wird Ihr Gaumen nach mehr verlangen!\",\"breadcrumb\":{\"@id\":\"https:\/\/www.lesdelicesdeprovence.ch\/de\/produits\/moutarde-au-miel\/#breadcrumb\"},\"inLanguage\":\"de\",\"potentialAction\":[{\"@type\":\"ReadAction\",\"target\":[\"https:\/\/www.lesdelicesdeprovence.ch\/de\/produits\/moutarde-au-miel\/\"]}]},{\"@type\":\"ImageObject\",\"inLanguage\":\"de\",\"@id\":\"https:\/\/www.lesdelicesdeprovence.ch\/de\/produits\/moutarde-au-miel\/#primaryimage\",\"url\":\"https:\/\/www.lesdelicesdeprovence.ch\/wp-content\/uploads\/2024\/06\/IMG_2472-scaled.jpg\",\"contentUrl\":\"https:\/\/www.lesdelicesdeprovence.ch\/wp-content\/uploads\/2024\/06\/IMG_2472-scaled.jpg\",\"width\":2560,\"height\":2480},{\"@type\":\"BreadcrumbList\",\"@id\":\"https:\/\/www.lesdelicesdeprovence.ch\/de\/produits\/moutarde-au-miel\/#breadcrumb\",\"itemListElement\":[{\"@type\":\"ListItem\",\"position\":1,\"name\":\"Accoglienza\",\"item\":\"https:\/\/www.lesdelicesdeprovence.ch\/de\/\"},{\"@type\":\"ListItem\",\"position\":2,\"name\":\"Shop\",\"item\":\"https:\/\/www.lesdelicesdeprovence.ch\/de\/geschaeft\/\"},{\"@type\":\"ListItem\",\"position\":3,\"name\":\"Senf mit Honig\"}]},{\"@type\":\"WebSite\",\"@id\":\"https:\/\/www.lesdelicesdeprovence.ch\/de\/#website\",\"url\":\"https:\/\/www.lesdelicesdeprovence.ch\/de\/\",\"name\":\"Les D\u00e9lices de Provence\",\"description\":\"Epicerie fine en ligne\",\"potentialAction\":[{\"@type\":\"SearchAction\",\"target\":{\"@type\":\"EntryPoint\",\"urlTemplate\":\"https:\/\/www.lesdelicesdeprovence.ch\/de\/?s={search_term_string}\"},\"query-input\":{\"@type\":\"PropertyValueSpecification\",\"valueRequired\":true,\"valueName\":\"search_term_string\"}}],\"inLanguage\":\"de\"}]}<\/script>\n<!-- \/ Yoast SEO plugin. -->","yoast_head_json":{"title":"Senf mit Honig","description":"Wenn die Sch\u00e4rfe des Bio-Senfs aus Dijon auf die Cremigkeit und S\u00fc\u00dfe des Honigs trifft, wird Ihr Gaumen nach mehr verlangen!","robots":{"index":"index","follow":"follow","max-snippet":"max-snippet:-1","max-image-preview":"max-image-preview:large","max-video-preview":"max-video-preview:-1"},"canonical":"https:\/\/www.lesdelicesdeprovence.ch\/de\/produits\/moutarde-au-miel\/","og_locale":"de_DE","og_type":"article","og_title":"Senf mit Honig","og_description":"Wenn die Sch\u00e4rfe des Bio-Senfs aus Dijon auf die Cremigkeit und S\u00fc\u00dfe des Honigs trifft, wird Ihr Gaumen nach mehr verlangen!","og_url":"https:\/\/www.lesdelicesdeprovence.ch\/de\/produits\/moutarde-au-miel\/","og_site_name":"Les D\u00e9lices de Provence","article_modified_time":"2024-06-07T11:09:52+00:00","og_image":[{"width":2560,"height":2480,"url":"https:\/\/www.lesdelicesdeprovence.ch\/wp-content\/uploads\/2024\/06\/IMG_2472-scaled.jpg","type":"image\/jpeg"}],"twitter_card":"summary_large_image","schema":{"@context":"https:\/\/schema.org","@graph":[{"@type":"WebPage","@id":"https:\/\/www.lesdelicesdeprovence.ch\/de\/produits\/moutarde-au-miel\/","url":"https:\/\/www.lesdelicesdeprovence.ch\/de\/produits\/moutarde-au-miel\/","name":"Senf mit Honig","isPartOf":{"@id":"https:\/\/www.lesdelicesdeprovence.ch\/de\/#website"},"primaryImageOfPage":{"@id":"https:\/\/www.lesdelicesdeprovence.ch\/de\/produits\/moutarde-au-miel\/#primaryimage"},"image":{"@id":"https:\/\/www.lesdelicesdeprovence.ch\/de\/produits\/moutarde-au-miel\/#primaryimage"},"thumbnailUrl":"https:\/\/www.lesdelicesdeprovence.ch\/wp-content\/uploads\/2024\/06\/IMG_2472-scaled.jpg","datePublished":"2024-06-07T11:05:47+00:00","dateModified":"2024-06-07T11:09:52+00:00","description":"Wenn die Sch\u00e4rfe des Bio-Senfs aus Dijon auf die Cremigkeit und S\u00fc\u00dfe des Honigs trifft, wird Ihr Gaumen nach mehr verlangen!","breadcrumb":{"@id":"https:\/\/www.lesdelicesdeprovence.ch\/de\/produits\/moutarde-au-miel\/#breadcrumb"},"inLanguage":"de","potentialAction":[{"@type":"ReadAction","target":["https:\/\/www.lesdelicesdeprovence.ch\/de\/produits\/moutarde-au-miel\/"]}]},{"@type":"ImageObject","inLanguage":"de","@id":"https:\/\/www.lesdelicesdeprovence.ch\/de\/produits\/moutarde-au-miel\/#primaryimage","url":"https:\/\/www.lesdelicesdeprovence.ch\/wp-content\/uploads\/2024\/06\/IMG_2472-scaled.jpg","contentUrl":"https:\/\/www.lesdelicesdeprovence.ch\/wp-content\/uploads\/2024\/06\/IMG_2472-scaled.jpg","width":2560,"height":2480},{"@type":"BreadcrumbList","@id":"https:\/\/www.lesdelicesdeprovence.ch\/de\/produits\/moutarde-au-miel\/#breadcrumb","itemListElement":[{"@type":"ListItem","position":1,"name":"Accoglienza","item":"https:\/\/www.lesdelicesdeprovence.ch\/de\/"},{"@type":"ListItem","position":2,"name":"Shop","item":"https:\/\/www.lesdelicesdeprovence.ch\/de\/geschaeft\/"},{"@type":"ListItem","position":3,"name":"Senf mit Honig"}]},{"@type":"WebSite","@id":"https:\/\/www.lesdelicesdeprovence.ch\/de\/#website","url":"https:\/\/www.lesdelicesdeprovence.ch\/de\/","name":"Les D\u00e9lices de Provence","description":"Epicerie fine en ligne","potentialAction":[{"@type":"SearchAction","target":{"@type":"EntryPoint","urlTemplate":"https:\/\/www.lesdelicesdeprovence.ch\/de\/?s={search_term_string}"},"query-input":{"@type":"PropertyValueSpecification","valueRequired":true,"valueName":"search_term_string"}}],"inLanguage":"de"}]}},"_links":{"self":[{"href":"https:\/\/www.lesdelicesdeprovence.ch\/de\/wp-json\/wp\/v2\/product\/13842","targetHints":{"allow":["GET"]}}],"collection":[{"href":"https:\/\/www.lesdelicesdeprovence.ch\/de\/wp-json\/wp\/v2\/product"}],"about":[{"href":"https:\/\/www.lesdelicesdeprovence.ch\/de\/wp-json\/wp\/v2\/types\/product"}],"version-history":[{"count":2,"href":"https:\/\/www.lesdelicesdeprovence.ch\/de\/wp-json\/wp\/v2\/product\/13842\/revisions"}],"predecessor-version":[{"id":13848,"href":"https:\/\/www.lesdelicesdeprovence.ch\/de\/wp-json\/wp\/v2\/product\/13842\/revisions\/13848"}],"wp:featuredmedia":[{"embeddable":true,"href":"https:\/\/www.lesdelicesdeprovence.ch\/de\/wp-json\/wp\/v2\/media\/13839"}],"wp:attachment":[{"href":"https:\/\/www.lesdelicesdeprovence.ch\/de\/wp-json\/wp\/v2\/media?parent=13842"}],"wp:term":[{"taxonomy":"product_cat","embeddable":true,"href":"https:\/\/www.lesdelicesdeprovence.ch\/de\/wp-json\/wp\/v2\/product_cat?post=13842"},{"taxonomy":"product_tag","embeddable":true,"href":"https:\/\/www.lesdelicesdeprovence.ch\/de\/wp-json\/wp\/v2\/product_tag?post=13842"}],"curies":[{"name":"wp","href":"https:\/\/api.w.org\/{rel}","templated":true}]}}