{"id":13889,"date":"2024-06-10T07:35:48","date_gmt":"2024-06-10T07:35:48","guid":{"rendered":"https:\/\/www.lesdelicesdeprovence.ch\/produits\/chutney-de-poivron-jaune-au-curcuma\/"},"modified":"2025-11-30T11:29:20","modified_gmt":"2025-11-30T11:29:20","slug":"chutney-de-poivron-jaune-au-curcuma","status":"publish","type":"product","link":"https:\/\/www.lesdelicesdeprovence.ch\/de\/produits\/chutney-de-poivron-jaune-au-curcuma\/","title":{"rendered":"Chutney von gelber Paprika mit Kurkuma"},"content":{"rendered":"<p>Dieses Chutney mit seinem k\u00f6stlichen exotischen Geschmack wird in einem kleinen Atelier in L&#8217;Isle-sur-Sorgue im Departement Vaucluse hausgemacht und kann sowohl zum Kochen als auch als Aperitif verwendet werden.<\/p>\n<p>Mit der Intensit\u00e4t von Kurkuma passt er z.B. hervorragend zu H\u00fchnchen oder Reis. Sie k\u00f6nnen ihn auch mit einem guten K\u00e4se, Raclette, einem hausgemachten Burger oder auch mit Terrinen oder Foie Gras kombinieren.<\/p>\n<p>Au\u00dferdem ist er durch den kleinen Hauch von Honig und Zitronensaft nach dem \u00d6ffnen sehr lange haltbar.<\/p>\n<p><strong>Zutaten: Paprika (57%), Zucker, Zwiebel, Apfelessig, Oliven\u00f6l, Lavendelhonig, Salz, Pfeffer, Kurkuma (4%), Curry, Kreuzk\u00fcmmel, Zitronensaft.<\/strong><\/p>\n<p><strong>Inhalt: 220g<\/strong><\/p>\n","protected":false},"excerpt":{"rendered":"<p>Ein s\u00fc\u00df-saurer, exotischer Gourmetgeschmack, der Liebhaber von s\u00fc\u00df-sauren Speisen, insbesondere in Verbindung mit K\u00e4se, begeistern wird.<\/p>\n","protected":false},"featured_media":13884,"template":"","meta":[],"product_cat":[228],"product_tag":[],"class_list":{"0":"post-13889","1":"product","2":"type-product","3":"status-publish","4":"has-post-thumbnail","6":"product_cat-kandiert-und-chutneys","8":"first","9":"instock","10":"taxable","11":"shipping-taxable","12":"purchasable","13":"product-type-simple"},"yoast_head":"<!-- This site is optimized with the Yoast SEO plugin v27.2 - https:\/\/yoast.com\/product\/yoast-seo-wordpress\/ -->\n<title>Chutney von gelber Paprika mit Kurkuma<\/title>\n<meta name=\"description\" content=\"Ein s\u00fc\u00df-saures Gericht mit einem exotischen und k\u00f6stlichen Geschmack, das Liebhaber von s\u00fc\u00df-sauren Gerichten, insbesondere in Kombination mit K\u00e4se, begeistern wird.\" \/>\n<meta name=\"robots\" content=\"index, follow, max-snippet:-1, max-image-preview:large, max-video-preview:-1\" \/>\n<link rel=\"canonical\" href=\"https:\/\/www.lesdelicesdeprovence.ch\/de\/produits\/chutney-de-poivron-jaune-au-curcuma\/\" \/>\n<meta property=\"og:locale\" content=\"de_DE\" \/>\n<meta property=\"og:type\" content=\"article\" \/>\n<meta property=\"og:title\" content=\"Chutney von gelber Paprika mit Kurkuma\" \/>\n<meta property=\"og:description\" content=\"Ein s\u00fc\u00df-saures Gericht mit einem exotischen und k\u00f6stlichen Geschmack, das Liebhaber von s\u00fc\u00df-sauren Gerichten, insbesondere in Kombination mit K\u00e4se, begeistern wird.\" \/>\n<meta property=\"og:url\" content=\"https:\/\/www.lesdelicesdeprovence.ch\/de\/produits\/chutney-de-poivron-jaune-au-curcuma\/\" \/>\n<meta property=\"og:site_name\" content=\"Les D\u00e9lices de Provence\" \/>\n<meta property=\"article:modified_time\" content=\"2025-11-30T11:29:20+00:00\" \/>\n<meta property=\"og:image\" content=\"http:\/\/www.lesdelicesdeprovence.ch\/wp-content\/uploads\/2024\/06\/IMG_2479-scaled.jpg\" \/>\n\t<meta property=\"og:image:width\" content=\"2176\" \/>\n\t<meta property=\"og:image:height\" content=\"2560\" \/>\n\t<meta property=\"og:image:type\" content=\"image\/jpeg\" \/>\n<meta name=\"twitter:card\" content=\"summary_large_image\" \/>\n<meta name=\"twitter:label1\" content=\"Gesch\u00e4tzte Lesezeit\" \/>\n\t<meta name=\"twitter:data1\" content=\"1\u00a0Minute\" \/>\n<script type=\"application\/ld+json\" class=\"yoast-schema-graph\">{\"@context\":\"https:\/\/schema.org\",\"@graph\":[{\"@type\":\"WebPage\",\"@id\":\"https:\/\/www.lesdelicesdeprovence.ch\/de\/produits\/chutney-de-poivron-jaune-au-curcuma\/\",\"url\":\"https:\/\/www.lesdelicesdeprovence.ch\/de\/produits\/chutney-de-poivron-jaune-au-curcuma\/\",\"name\":\"Chutney von gelber Paprika mit Kurkuma\",\"isPartOf\":{\"@id\":\"https:\/\/www.lesdelicesdeprovence.ch\/de\/#website\"},\"primaryImageOfPage\":{\"@id\":\"https:\/\/www.lesdelicesdeprovence.ch\/de\/produits\/chutney-de-poivron-jaune-au-curcuma\/#primaryimage\"},\"image\":{\"@id\":\"https:\/\/www.lesdelicesdeprovence.ch\/de\/produits\/chutney-de-poivron-jaune-au-curcuma\/#primaryimage\"},\"thumbnailUrl\":\"https:\/\/www.lesdelicesdeprovence.ch\/wp-content\/uploads\/2024\/06\/IMG_2479-scaled.jpg\",\"datePublished\":\"2024-06-10T07:35:48+00:00\",\"dateModified\":\"2025-11-30T11:29:20+00:00\",\"description\":\"Ein s\u00fc\u00df-saures Gericht mit einem exotischen und k\u00f6stlichen Geschmack, das Liebhaber von s\u00fc\u00df-sauren Gerichten, insbesondere in Kombination mit K\u00e4se, begeistern wird.\",\"breadcrumb\":{\"@id\":\"https:\/\/www.lesdelicesdeprovence.ch\/de\/produits\/chutney-de-poivron-jaune-au-curcuma\/#breadcrumb\"},\"inLanguage\":\"de\",\"potentialAction\":[{\"@type\":\"ReadAction\",\"target\":[\"https:\/\/www.lesdelicesdeprovence.ch\/de\/produits\/chutney-de-poivron-jaune-au-curcuma\/\"]}]},{\"@type\":\"ImageObject\",\"inLanguage\":\"de\",\"@id\":\"https:\/\/www.lesdelicesdeprovence.ch\/de\/produits\/chutney-de-poivron-jaune-au-curcuma\/#primaryimage\",\"url\":\"https:\/\/www.lesdelicesdeprovence.ch\/wp-content\/uploads\/2024\/06\/IMG_2479-scaled.jpg\",\"contentUrl\":\"https:\/\/www.lesdelicesdeprovence.ch\/wp-content\/uploads\/2024\/06\/IMG_2479-scaled.jpg\",\"width\":2176,\"height\":2560},{\"@type\":\"BreadcrumbList\",\"@id\":\"https:\/\/www.lesdelicesdeprovence.ch\/de\/produits\/chutney-de-poivron-jaune-au-curcuma\/#breadcrumb\",\"itemListElement\":[{\"@type\":\"ListItem\",\"position\":1,\"name\":\"Accoglienza\",\"item\":\"https:\/\/www.lesdelicesdeprovence.ch\/de\/\"},{\"@type\":\"ListItem\",\"position\":2,\"name\":\"Shop\",\"item\":\"https:\/\/www.lesdelicesdeprovence.ch\/de\/geschaeft\/\"},{\"@type\":\"ListItem\",\"position\":3,\"name\":\"Chutney von gelber Paprika mit Kurkuma\"}]},{\"@type\":\"WebSite\",\"@id\":\"https:\/\/www.lesdelicesdeprovence.ch\/de\/#website\",\"url\":\"https:\/\/www.lesdelicesdeprovence.ch\/de\/\",\"name\":\"Les D\u00e9lices de Provence\",\"description\":\"Epicerie fine en ligne\",\"potentialAction\":[{\"@type\":\"SearchAction\",\"target\":{\"@type\":\"EntryPoint\",\"urlTemplate\":\"https:\/\/www.lesdelicesdeprovence.ch\/de\/?s={search_term_string}\"},\"query-input\":{\"@type\":\"PropertyValueSpecification\",\"valueRequired\":true,\"valueName\":\"search_term_string\"}}],\"inLanguage\":\"de\"}]}<\/script>\n<!-- \/ Yoast SEO plugin. -->","yoast_head_json":{"title":"Chutney von gelber Paprika mit Kurkuma","description":"Ein s\u00fc\u00df-saures Gericht mit einem exotischen und k\u00f6stlichen Geschmack, das Liebhaber von s\u00fc\u00df-sauren Gerichten, insbesondere in Kombination mit K\u00e4se, begeistern wird.","robots":{"index":"index","follow":"follow","max-snippet":"max-snippet:-1","max-image-preview":"max-image-preview:large","max-video-preview":"max-video-preview:-1"},"canonical":"https:\/\/www.lesdelicesdeprovence.ch\/de\/produits\/chutney-de-poivron-jaune-au-curcuma\/","og_locale":"de_DE","og_type":"article","og_title":"Chutney von gelber Paprika mit Kurkuma","og_description":"Ein s\u00fc\u00df-saures Gericht mit einem exotischen und k\u00f6stlichen Geschmack, das Liebhaber von s\u00fc\u00df-sauren Gerichten, insbesondere in Kombination mit K\u00e4se, begeistern wird.","og_url":"https:\/\/www.lesdelicesdeprovence.ch\/de\/produits\/chutney-de-poivron-jaune-au-curcuma\/","og_site_name":"Les D\u00e9lices de Provence","article_modified_time":"2025-11-30T11:29:20+00:00","og_image":[{"width":2176,"height":2560,"url":"http:\/\/www.lesdelicesdeprovence.ch\/wp-content\/uploads\/2024\/06\/IMG_2479-scaled.jpg","type":"image\/jpeg"}],"twitter_card":"summary_large_image","twitter_misc":{"Gesch\u00e4tzte Lesezeit":"1\u00a0Minute"},"schema":{"@context":"https:\/\/schema.org","@graph":[{"@type":"WebPage","@id":"https:\/\/www.lesdelicesdeprovence.ch\/de\/produits\/chutney-de-poivron-jaune-au-curcuma\/","url":"https:\/\/www.lesdelicesdeprovence.ch\/de\/produits\/chutney-de-poivron-jaune-au-curcuma\/","name":"Chutney von gelber Paprika mit Kurkuma","isPartOf":{"@id":"https:\/\/www.lesdelicesdeprovence.ch\/de\/#website"},"primaryImageOfPage":{"@id":"https:\/\/www.lesdelicesdeprovence.ch\/de\/produits\/chutney-de-poivron-jaune-au-curcuma\/#primaryimage"},"image":{"@id":"https:\/\/www.lesdelicesdeprovence.ch\/de\/produits\/chutney-de-poivron-jaune-au-curcuma\/#primaryimage"},"thumbnailUrl":"https:\/\/www.lesdelicesdeprovence.ch\/wp-content\/uploads\/2024\/06\/IMG_2479-scaled.jpg","datePublished":"2024-06-10T07:35:48+00:00","dateModified":"2025-11-30T11:29:20+00:00","description":"Ein s\u00fc\u00df-saures Gericht mit einem exotischen und k\u00f6stlichen Geschmack, das Liebhaber von s\u00fc\u00df-sauren Gerichten, insbesondere in Kombination mit K\u00e4se, begeistern wird.","breadcrumb":{"@id":"https:\/\/www.lesdelicesdeprovence.ch\/de\/produits\/chutney-de-poivron-jaune-au-curcuma\/#breadcrumb"},"inLanguage":"de","potentialAction":[{"@type":"ReadAction","target":["https:\/\/www.lesdelicesdeprovence.ch\/de\/produits\/chutney-de-poivron-jaune-au-curcuma\/"]}]},{"@type":"ImageObject","inLanguage":"de","@id":"https:\/\/www.lesdelicesdeprovence.ch\/de\/produits\/chutney-de-poivron-jaune-au-curcuma\/#primaryimage","url":"https:\/\/www.lesdelicesdeprovence.ch\/wp-content\/uploads\/2024\/06\/IMG_2479-scaled.jpg","contentUrl":"https:\/\/www.lesdelicesdeprovence.ch\/wp-content\/uploads\/2024\/06\/IMG_2479-scaled.jpg","width":2176,"height":2560},{"@type":"BreadcrumbList","@id":"https:\/\/www.lesdelicesdeprovence.ch\/de\/produits\/chutney-de-poivron-jaune-au-curcuma\/#breadcrumb","itemListElement":[{"@type":"ListItem","position":1,"name":"Accoglienza","item":"https:\/\/www.lesdelicesdeprovence.ch\/de\/"},{"@type":"ListItem","position":2,"name":"Shop","item":"https:\/\/www.lesdelicesdeprovence.ch\/de\/geschaeft\/"},{"@type":"ListItem","position":3,"name":"Chutney von gelber Paprika mit Kurkuma"}]},{"@type":"WebSite","@id":"https:\/\/www.lesdelicesdeprovence.ch\/de\/#website","url":"https:\/\/www.lesdelicesdeprovence.ch\/de\/","name":"Les D\u00e9lices de Provence","description":"Epicerie fine en ligne","potentialAction":[{"@type":"SearchAction","target":{"@type":"EntryPoint","urlTemplate":"https:\/\/www.lesdelicesdeprovence.ch\/de\/?s={search_term_string}"},"query-input":{"@type":"PropertyValueSpecification","valueRequired":true,"valueName":"search_term_string"}}],"inLanguage":"de"}]}},"_links":{"self":[{"href":"https:\/\/www.lesdelicesdeprovence.ch\/de\/wp-json\/wp\/v2\/product\/13889","targetHints":{"allow":["GET"]}}],"collection":[{"href":"https:\/\/www.lesdelicesdeprovence.ch\/de\/wp-json\/wp\/v2\/product"}],"about":[{"href":"https:\/\/www.lesdelicesdeprovence.ch\/de\/wp-json\/wp\/v2\/types\/product"}],"version-history":[{"count":1,"href":"https:\/\/www.lesdelicesdeprovence.ch\/de\/wp-json\/wp\/v2\/product\/13889\/revisions"}],"predecessor-version":[{"id":13892,"href":"https:\/\/www.lesdelicesdeprovence.ch\/de\/wp-json\/wp\/v2\/product\/13889\/revisions\/13892"}],"wp:featuredmedia":[{"embeddable":true,"href":"https:\/\/www.lesdelicesdeprovence.ch\/de\/wp-json\/wp\/v2\/media\/13884"}],"wp:attachment":[{"href":"https:\/\/www.lesdelicesdeprovence.ch\/de\/wp-json\/wp\/v2\/media?parent=13889"}],"wp:term":[{"taxonomy":"product_cat","embeddable":true,"href":"https:\/\/www.lesdelicesdeprovence.ch\/de\/wp-json\/wp\/v2\/product_cat?post=13889"},{"taxonomy":"product_tag","embeddable":true,"href":"https:\/\/www.lesdelicesdeprovence.ch\/de\/wp-json\/wp\/v2\/product_tag?post=13889"}],"curies":[{"name":"wp","href":"https:\/\/api.w.org\/{rel}","templated":true}]}}