{"id":14400,"date":"2024-10-22T09:34:36","date_gmt":"2024-10-22T09:34:36","guid":{"rendered":"https:\/\/www.lesdelicesdeprovence.ch\/produits\/bio-melonensirup\/"},"modified":"2024-10-22T09:34:36","modified_gmt":"2024-10-22T09:34:36","slug":"bio-melonensirup","status":"publish","type":"product","link":"https:\/\/www.lesdelicesdeprovence.ch\/de\/produits\/bio-melonensirup\/","title":{"rendered":"Bio-Melonensirup"},"content":{"rendered":"<p>Wir waren auf der Suche nach einer Reihe von farbenfrohen Sirupen, die ohne Farbstoffe auskommen und gleichzeitig handwerklich hergestellt sind. Es ist ganz nat\u00fcrlich, dass unsere Wahl auf diesen Bauernhof im Gard fiel, wo alle Sirupe biologisch sind und aus den Produkten des Gartens hergestellt werden. Authentischer geht es kaum! Neben der klassischen Kombination mit Wasser oder Limonade k\u00f6nnen Sie auch sehr einfache Cocktails mit Wei\u00df- oder Ros\u00e9wein oder raffiniertere Cocktails mit mehreren Zutaten zubereiten. Sie k\u00f6nnen auch in der s\u00fc\u00dfen und herzhaften K\u00fcche verwendet werden.<\/p>\n<p><strong>Zutaten: Bio-Melone 24%, Bio-Rohrzucker, Bio-Zitronensaft, Bio-Kurkuma, Wasser.<\/strong><\/p>\n<p><strong>Inhalt: 0.33L<\/strong><\/p>\n","protected":false},"excerpt":{"rendered":"<p>Dieser Bio-Melonensirup ist frei von Farbstoffen und synthetischen Aromen und wird von einem passionierten Ehepaar auf einem Bauernhof im Gard selbst hergestellt.<\/p>\n","protected":false},"featured_media":14396,"template":"","meta":[],"product_cat":[238],"product_tag":[],"class_list":{"0":"post-14400","1":"product","2":"type-product","3":"status-publish","4":"has-post-thumbnail","6":"product_cat-natuerliche-sirupe","8":"first","9":"instock","10":"taxable","11":"shipping-taxable","12":"purchasable","13":"product-type-simple"},"yoast_head":"<!-- This site is optimized with the Yoast SEO plugin v27.2 - https:\/\/yoast.com\/product\/yoast-seo-wordpress\/ -->\n<title>Bio-Melonensirup<\/title>\n<meta name=\"description\" content=\"Dieser Bio-Melonensirup ist frei von Farbstoffen und synthetischen Aromen und wird von einem passionierten Ehepaar auf einem Bauernhof im Gard selbst hergestellt.\" \/>\n<meta name=\"robots\" content=\"index, follow, max-snippet:-1, max-image-preview:large, max-video-preview:-1\" \/>\n<link rel=\"canonical\" href=\"https:\/\/www.lesdelicesdeprovence.ch\/de\/produits\/bio-melonensirup\/\" \/>\n<meta property=\"og:locale\" content=\"de_DE\" \/>\n<meta property=\"og:type\" content=\"article\" \/>\n<meta property=\"og:title\" content=\"Bio-Melonensirup\" \/>\n<meta property=\"og:description\" content=\"Dieser Bio-Melonensirup ist frei von Farbstoffen und synthetischen Aromen und wird von einem passionierten Ehepaar auf einem Bauernhof im Gard selbst hergestellt.\" \/>\n<meta property=\"og:url\" content=\"https:\/\/www.lesdelicesdeprovence.ch\/de\/produits\/bio-melonensirup\/\" \/>\n<meta property=\"og:site_name\" content=\"Les D\u00e9lices de Provence\" \/>\n<meta property=\"og:image\" content=\"https:\/\/www.lesdelicesdeprovence.ch\/wp-content\/uploads\/2024\/10\/IMG_8637-scaled.jpg\" \/>\n\t<meta property=\"og:image:width\" content=\"1715\" \/>\n\t<meta property=\"og:image:height\" content=\"2560\" \/>\n\t<meta property=\"og:image:type\" content=\"image\/jpeg\" \/>\n<meta name=\"twitter:card\" content=\"summary_large_image\" \/>\n<meta name=\"twitter:label1\" content=\"Gesch\u00e4tzte Lesezeit\" \/>\n\t<meta name=\"twitter:data1\" content=\"1\u00a0Minute\" \/>\n<script type=\"application\/ld+json\" class=\"yoast-schema-graph\">{\"@context\":\"https:\/\/schema.org\",\"@graph\":[{\"@type\":\"WebPage\",\"@id\":\"https:\/\/www.lesdelicesdeprovence.ch\/de\/produits\/bio-melonensirup\/\",\"url\":\"https:\/\/www.lesdelicesdeprovence.ch\/de\/produits\/bio-melonensirup\/\",\"name\":\"Bio-Melonensirup\",\"isPartOf\":{\"@id\":\"http:\/\/www.lesdelicesdeprovence.ch\/de\/#website\"},\"primaryImageOfPage\":{\"@id\":\"https:\/\/www.lesdelicesdeprovence.ch\/de\/produits\/bio-melonensirup\/#primaryimage\"},\"image\":{\"@id\":\"https:\/\/www.lesdelicesdeprovence.ch\/de\/produits\/bio-melonensirup\/#primaryimage\"},\"thumbnailUrl\":\"https:\/\/www.lesdelicesdeprovence.ch\/wp-content\/uploads\/2024\/10\/IMG_8637-scaled.jpg\",\"datePublished\":\"2024-10-22T09:34:36+00:00\",\"description\":\"Dieser Bio-Melonensirup ist frei von Farbstoffen und synthetischen Aromen und wird von einem passionierten Ehepaar auf einem Bauernhof im Gard selbst hergestellt.\",\"breadcrumb\":{\"@id\":\"https:\/\/www.lesdelicesdeprovence.ch\/de\/produits\/bio-melonensirup\/#breadcrumb\"},\"inLanguage\":\"de\",\"potentialAction\":[{\"@type\":\"ReadAction\",\"target\":[\"https:\/\/www.lesdelicesdeprovence.ch\/de\/produits\/bio-melonensirup\/\"]}]},{\"@type\":\"ImageObject\",\"inLanguage\":\"de\",\"@id\":\"https:\/\/www.lesdelicesdeprovence.ch\/de\/produits\/bio-melonensirup\/#primaryimage\",\"url\":\"https:\/\/www.lesdelicesdeprovence.ch\/wp-content\/uploads\/2024\/10\/IMG_8637-scaled.jpg\",\"contentUrl\":\"https:\/\/www.lesdelicesdeprovence.ch\/wp-content\/uploads\/2024\/10\/IMG_8637-scaled.jpg\",\"width\":1715,\"height\":2560},{\"@type\":\"BreadcrumbList\",\"@id\":\"https:\/\/www.lesdelicesdeprovence.ch\/de\/produits\/bio-melonensirup\/#breadcrumb\",\"itemListElement\":[{\"@type\":\"ListItem\",\"position\":1,\"name\":\"Accoglienza\",\"item\":\"https:\/\/www.lesdelicesdeprovence.ch\/de\/\"},{\"@type\":\"ListItem\",\"position\":2,\"name\":\"Shop\",\"item\":\"https:\/\/www.lesdelicesdeprovence.ch\/de\/geschaeft\/\"},{\"@type\":\"ListItem\",\"position\":3,\"name\":\"Bio-Melonensirup\"}]},{\"@type\":\"WebSite\",\"@id\":\"http:\/\/www.lesdelicesdeprovence.ch\/de\/#website\",\"url\":\"http:\/\/www.lesdelicesdeprovence.ch\/de\/\",\"name\":\"Les D\u00e9lices de Provence\",\"description\":\"Epicerie fine en ligne\",\"potentialAction\":[{\"@type\":\"SearchAction\",\"target\":{\"@type\":\"EntryPoint\",\"urlTemplate\":\"http:\/\/www.lesdelicesdeprovence.ch\/de\/?s={search_term_string}\"},\"query-input\":{\"@type\":\"PropertyValueSpecification\",\"valueRequired\":true,\"valueName\":\"search_term_string\"}}],\"inLanguage\":\"de\"}]}<\/script>\n<!-- \/ Yoast SEO plugin. -->","yoast_head_json":{"title":"Bio-Melonensirup","description":"Dieser Bio-Melonensirup ist frei von Farbstoffen und synthetischen Aromen und wird von einem passionierten Ehepaar auf einem Bauernhof im Gard selbst hergestellt.","robots":{"index":"index","follow":"follow","max-snippet":"max-snippet:-1","max-image-preview":"max-image-preview:large","max-video-preview":"max-video-preview:-1"},"canonical":"https:\/\/www.lesdelicesdeprovence.ch\/de\/produits\/bio-melonensirup\/","og_locale":"de_DE","og_type":"article","og_title":"Bio-Melonensirup","og_description":"Dieser Bio-Melonensirup ist frei von Farbstoffen und synthetischen Aromen und wird von einem passionierten Ehepaar auf einem Bauernhof im Gard selbst hergestellt.","og_url":"https:\/\/www.lesdelicesdeprovence.ch\/de\/produits\/bio-melonensirup\/","og_site_name":"Les D\u00e9lices de Provence","og_image":[{"width":1715,"height":2560,"url":"https:\/\/www.lesdelicesdeprovence.ch\/wp-content\/uploads\/2024\/10\/IMG_8637-scaled.jpg","type":"image\/jpeg"}],"twitter_card":"summary_large_image","twitter_misc":{"Gesch\u00e4tzte Lesezeit":"1\u00a0Minute"},"schema":{"@context":"https:\/\/schema.org","@graph":[{"@type":"WebPage","@id":"https:\/\/www.lesdelicesdeprovence.ch\/de\/produits\/bio-melonensirup\/","url":"https:\/\/www.lesdelicesdeprovence.ch\/de\/produits\/bio-melonensirup\/","name":"Bio-Melonensirup","isPartOf":{"@id":"http:\/\/www.lesdelicesdeprovence.ch\/de\/#website"},"primaryImageOfPage":{"@id":"https:\/\/www.lesdelicesdeprovence.ch\/de\/produits\/bio-melonensirup\/#primaryimage"},"image":{"@id":"https:\/\/www.lesdelicesdeprovence.ch\/de\/produits\/bio-melonensirup\/#primaryimage"},"thumbnailUrl":"https:\/\/www.lesdelicesdeprovence.ch\/wp-content\/uploads\/2024\/10\/IMG_8637-scaled.jpg","datePublished":"2024-10-22T09:34:36+00:00","description":"Dieser Bio-Melonensirup ist frei von Farbstoffen und synthetischen Aromen und wird von einem passionierten Ehepaar auf einem Bauernhof im Gard selbst hergestellt.","breadcrumb":{"@id":"https:\/\/www.lesdelicesdeprovence.ch\/de\/produits\/bio-melonensirup\/#breadcrumb"},"inLanguage":"de","potentialAction":[{"@type":"ReadAction","target":["https:\/\/www.lesdelicesdeprovence.ch\/de\/produits\/bio-melonensirup\/"]}]},{"@type":"ImageObject","inLanguage":"de","@id":"https:\/\/www.lesdelicesdeprovence.ch\/de\/produits\/bio-melonensirup\/#primaryimage","url":"https:\/\/www.lesdelicesdeprovence.ch\/wp-content\/uploads\/2024\/10\/IMG_8637-scaled.jpg","contentUrl":"https:\/\/www.lesdelicesdeprovence.ch\/wp-content\/uploads\/2024\/10\/IMG_8637-scaled.jpg","width":1715,"height":2560},{"@type":"BreadcrumbList","@id":"https:\/\/www.lesdelicesdeprovence.ch\/de\/produits\/bio-melonensirup\/#breadcrumb","itemListElement":[{"@type":"ListItem","position":1,"name":"Accoglienza","item":"https:\/\/www.lesdelicesdeprovence.ch\/de\/"},{"@type":"ListItem","position":2,"name":"Shop","item":"https:\/\/www.lesdelicesdeprovence.ch\/de\/geschaeft\/"},{"@type":"ListItem","position":3,"name":"Bio-Melonensirup"}]},{"@type":"WebSite","@id":"http:\/\/www.lesdelicesdeprovence.ch\/de\/#website","url":"http:\/\/www.lesdelicesdeprovence.ch\/de\/","name":"Les D\u00e9lices de Provence","description":"Epicerie fine en ligne","potentialAction":[{"@type":"SearchAction","target":{"@type":"EntryPoint","urlTemplate":"http:\/\/www.lesdelicesdeprovence.ch\/de\/?s={search_term_string}"},"query-input":{"@type":"PropertyValueSpecification","valueRequired":true,"valueName":"search_term_string"}}],"inLanguage":"de"}]}},"_links":{"self":[{"href":"https:\/\/www.lesdelicesdeprovence.ch\/de\/wp-json\/wp\/v2\/product\/14400","targetHints":{"allow":["GET"]}}],"collection":[{"href":"https:\/\/www.lesdelicesdeprovence.ch\/de\/wp-json\/wp\/v2\/product"}],"about":[{"href":"https:\/\/www.lesdelicesdeprovence.ch\/de\/wp-json\/wp\/v2\/types\/product"}],"version-history":[{"count":0,"href":"https:\/\/www.lesdelicesdeprovence.ch\/de\/wp-json\/wp\/v2\/product\/14400\/revisions"}],"wp:featuredmedia":[{"embeddable":true,"href":"https:\/\/www.lesdelicesdeprovence.ch\/de\/wp-json\/wp\/v2\/media\/14396"}],"wp:attachment":[{"href":"https:\/\/www.lesdelicesdeprovence.ch\/de\/wp-json\/wp\/v2\/media?parent=14400"}],"wp:term":[{"taxonomy":"product_cat","embeddable":true,"href":"https:\/\/www.lesdelicesdeprovence.ch\/de\/wp-json\/wp\/v2\/product_cat?post=14400"},{"taxonomy":"product_tag","embeddable":true,"href":"https:\/\/www.lesdelicesdeprovence.ch\/de\/wp-json\/wp\/v2\/product_tag?post=14400"}],"curies":[{"name":"wp","href":"https:\/\/api.w.org\/{rel}","templated":true}]}}