{"id":14420,"date":"2024-10-22T10:00:27","date_gmt":"2024-10-22T10:00:27","guid":{"rendered":"https:\/\/www.lesdelicesdeprovence.ch\/produits\/bio-feigen-sirup\/"},"modified":"2024-10-22T10:02:44","modified_gmt":"2024-10-22T10:02:44","slug":"bio-feigen-sirup","status":"publish","type":"product","link":"https:\/\/www.lesdelicesdeprovence.ch\/de\/produits\/bio-feigen-sirup\/","title":{"rendered":"Bio-Feigen-Sirup"},"content":{"rendered":"<p>Dies ist ein echtes, authentisches Produkt, das man nicht an jeder Stra\u00dfenecke findet! Dieser 100% nat\u00fcrliche Sirup wird von einer Frau, die einen Bauernhof im Gard besitzt, aus den Feigen, die sie in ihrem Garten erntet, selbst hergestellt. Alle Zutaten stammen aus biologischer Landwirtschaft. Neben der klassischen Kombination mit Wasser oder Limonade k\u00f6nnen Sie auch sehr einfache Cocktails mit Wei\u00df- oder Ros\u00e9wein oder raffiniertere Cocktails mit mehreren Zutaten zubereiten. Der Sirup kann sowohl in der s\u00fc\u00dfen als auch in der herzhaften K\u00fcche verwendet werden.<\/p>\n<p><strong>Zutaten: Bio-Feigen 24%, Bio-Feigenbl\u00e4tter, Bio-Lorbeerbl\u00e4tter, Bio-Zitronensaft, Bio-Rohrzucker, Wasser.<\/strong><\/p>\n<p><strong>Inhalt: 0.33L<\/strong><\/p>\n","protected":false},"excerpt":{"rendered":"<p>Dieser 100% nat\u00fcrliche Sirup wird aus sch\u00f6nen provenzalischen Feigen hergestellt, die von der Produzentin in ihren Obstg\u00e4rten geerntet werden.<\/p>\n","protected":false},"featured_media":14425,"template":"","meta":[],"product_cat":[238],"product_tag":[],"class_list":{"0":"post-14420","1":"product","2":"type-product","3":"status-publish","4":"has-post-thumbnail","6":"product_cat-natuerliche-sirupe","8":"first","9":"instock","10":"taxable","11":"shipping-taxable","12":"purchasable","13":"product-type-simple"},"yoast_head":"<!-- This site is optimized with the Yoast SEO plugin v27.2 - https:\/\/yoast.com\/product\/yoast-seo-wordpress\/ -->\n<title>Bio-Feigen-Sirup<\/title>\n<meta name=\"description\" content=\"Dieser 100% nat\u00fcrliche Sirup wird aus sch\u00f6nen provenzalischen Feigen hergestellt, die von der Produzentin in ihren Obstg\u00e4rten geerntet werden.\" \/>\n<meta name=\"robots\" content=\"index, follow, max-snippet:-1, max-image-preview:large, max-video-preview:-1\" \/>\n<link rel=\"canonical\" href=\"https:\/\/www.lesdelicesdeprovence.ch\/de\/produits\/bio-feigen-sirup\/\" \/>\n<meta property=\"og:locale\" content=\"de_DE\" \/>\n<meta property=\"og:type\" content=\"article\" \/>\n<meta property=\"og:title\" content=\"Bio-Feigen-Sirup\" \/>\n<meta property=\"og:description\" content=\"Dieser 100% nat\u00fcrliche Sirup wird aus sch\u00f6nen provenzalischen Feigen hergestellt, die von der Produzentin in ihren Obstg\u00e4rten geerntet werden.\" \/>\n<meta property=\"og:url\" content=\"https:\/\/www.lesdelicesdeprovence.ch\/de\/produits\/bio-feigen-sirup\/\" \/>\n<meta property=\"og:site_name\" content=\"Les D\u00e9lices de Provence\" \/>\n<meta property=\"article:modified_time\" content=\"2024-10-22T10:02:44+00:00\" \/>\n<meta property=\"og:image\" content=\"https:\/\/www.lesdelicesdeprovence.ch\/wp-content\/uploads\/2024\/10\/IMG_8634-1-scaled.jpg\" \/>\n\t<meta property=\"og:image:width\" content=\"1764\" \/>\n\t<meta property=\"og:image:height\" content=\"2560\" \/>\n\t<meta property=\"og:image:type\" content=\"image\/jpeg\" \/>\n<meta name=\"twitter:card\" content=\"summary_large_image\" \/>\n<meta name=\"twitter:label1\" content=\"Gesch\u00e4tzte Lesezeit\" \/>\n\t<meta name=\"twitter:data1\" content=\"1\u00a0Minute\" \/>\n<script type=\"application\/ld+json\" class=\"yoast-schema-graph\">{\"@context\":\"https:\/\/schema.org\",\"@graph\":[{\"@type\":\"WebPage\",\"@id\":\"https:\/\/www.lesdelicesdeprovence.ch\/de\/produits\/bio-feigen-sirup\/\",\"url\":\"https:\/\/www.lesdelicesdeprovence.ch\/de\/produits\/bio-feigen-sirup\/\",\"name\":\"Bio-Feigen-Sirup\",\"isPartOf\":{\"@id\":\"https:\/\/www.lesdelicesdeprovence.ch\/de\/#website\"},\"primaryImageOfPage\":{\"@id\":\"https:\/\/www.lesdelicesdeprovence.ch\/de\/produits\/bio-feigen-sirup\/#primaryimage\"},\"image\":{\"@id\":\"https:\/\/www.lesdelicesdeprovence.ch\/de\/produits\/bio-feigen-sirup\/#primaryimage\"},\"thumbnailUrl\":\"https:\/\/www.lesdelicesdeprovence.ch\/wp-content\/uploads\/2024\/10\/IMG_8634-1-scaled.jpg\",\"datePublished\":\"2024-10-22T10:00:27+00:00\",\"dateModified\":\"2024-10-22T10:02:44+00:00\",\"description\":\"Dieser 100% nat\u00fcrliche Sirup wird aus sch\u00f6nen provenzalischen Feigen hergestellt, die von der Produzentin in ihren Obstg\u00e4rten geerntet werden.\",\"breadcrumb\":{\"@id\":\"https:\/\/www.lesdelicesdeprovence.ch\/de\/produits\/bio-feigen-sirup\/#breadcrumb\"},\"inLanguage\":\"de\",\"potentialAction\":[{\"@type\":\"ReadAction\",\"target\":[\"https:\/\/www.lesdelicesdeprovence.ch\/de\/produits\/bio-feigen-sirup\/\"]}]},{\"@type\":\"ImageObject\",\"inLanguage\":\"de\",\"@id\":\"https:\/\/www.lesdelicesdeprovence.ch\/de\/produits\/bio-feigen-sirup\/#primaryimage\",\"url\":\"https:\/\/www.lesdelicesdeprovence.ch\/wp-content\/uploads\/2024\/10\/IMG_8634-1-scaled.jpg\",\"contentUrl\":\"https:\/\/www.lesdelicesdeprovence.ch\/wp-content\/uploads\/2024\/10\/IMG_8634-1-scaled.jpg\",\"width\":1764,\"height\":2560},{\"@type\":\"BreadcrumbList\",\"@id\":\"https:\/\/www.lesdelicesdeprovence.ch\/de\/produits\/bio-feigen-sirup\/#breadcrumb\",\"itemListElement\":[{\"@type\":\"ListItem\",\"position\":1,\"name\":\"Accoglienza\",\"item\":\"https:\/\/www.lesdelicesdeprovence.ch\/de\/\"},{\"@type\":\"ListItem\",\"position\":2,\"name\":\"Shop\",\"item\":\"https:\/\/www.lesdelicesdeprovence.ch\/de\/geschaeft\/\"},{\"@type\":\"ListItem\",\"position\":3,\"name\":\"Bio-Feigen-Sirup\"}]},{\"@type\":\"WebSite\",\"@id\":\"https:\/\/www.lesdelicesdeprovence.ch\/de\/#website\",\"url\":\"https:\/\/www.lesdelicesdeprovence.ch\/de\/\",\"name\":\"Les D\u00e9lices de Provence\",\"description\":\"Epicerie fine en ligne\",\"potentialAction\":[{\"@type\":\"SearchAction\",\"target\":{\"@type\":\"EntryPoint\",\"urlTemplate\":\"https:\/\/www.lesdelicesdeprovence.ch\/de\/?s={search_term_string}\"},\"query-input\":{\"@type\":\"PropertyValueSpecification\",\"valueRequired\":true,\"valueName\":\"search_term_string\"}}],\"inLanguage\":\"de\"}]}<\/script>\n<!-- \/ Yoast SEO plugin. -->","yoast_head_json":{"title":"Bio-Feigen-Sirup","description":"Dieser 100% nat\u00fcrliche Sirup wird aus sch\u00f6nen provenzalischen Feigen hergestellt, die von der Produzentin in ihren Obstg\u00e4rten geerntet werden.","robots":{"index":"index","follow":"follow","max-snippet":"max-snippet:-1","max-image-preview":"max-image-preview:large","max-video-preview":"max-video-preview:-1"},"canonical":"https:\/\/www.lesdelicesdeprovence.ch\/de\/produits\/bio-feigen-sirup\/","og_locale":"de_DE","og_type":"article","og_title":"Bio-Feigen-Sirup","og_description":"Dieser 100% nat\u00fcrliche Sirup wird aus sch\u00f6nen provenzalischen Feigen hergestellt, die von der Produzentin in ihren Obstg\u00e4rten geerntet werden.","og_url":"https:\/\/www.lesdelicesdeprovence.ch\/de\/produits\/bio-feigen-sirup\/","og_site_name":"Les D\u00e9lices de Provence","article_modified_time":"2024-10-22T10:02:44+00:00","og_image":[{"width":1764,"height":2560,"url":"https:\/\/www.lesdelicesdeprovence.ch\/wp-content\/uploads\/2024\/10\/IMG_8634-1-scaled.jpg","type":"image\/jpeg"}],"twitter_card":"summary_large_image","twitter_misc":{"Gesch\u00e4tzte Lesezeit":"1\u00a0Minute"},"schema":{"@context":"https:\/\/schema.org","@graph":[{"@type":"WebPage","@id":"https:\/\/www.lesdelicesdeprovence.ch\/de\/produits\/bio-feigen-sirup\/","url":"https:\/\/www.lesdelicesdeprovence.ch\/de\/produits\/bio-feigen-sirup\/","name":"Bio-Feigen-Sirup","isPartOf":{"@id":"https:\/\/www.lesdelicesdeprovence.ch\/de\/#website"},"primaryImageOfPage":{"@id":"https:\/\/www.lesdelicesdeprovence.ch\/de\/produits\/bio-feigen-sirup\/#primaryimage"},"image":{"@id":"https:\/\/www.lesdelicesdeprovence.ch\/de\/produits\/bio-feigen-sirup\/#primaryimage"},"thumbnailUrl":"https:\/\/www.lesdelicesdeprovence.ch\/wp-content\/uploads\/2024\/10\/IMG_8634-1-scaled.jpg","datePublished":"2024-10-22T10:00:27+00:00","dateModified":"2024-10-22T10:02:44+00:00","description":"Dieser 100% nat\u00fcrliche Sirup wird aus sch\u00f6nen provenzalischen Feigen hergestellt, die von der Produzentin in ihren Obstg\u00e4rten geerntet werden.","breadcrumb":{"@id":"https:\/\/www.lesdelicesdeprovence.ch\/de\/produits\/bio-feigen-sirup\/#breadcrumb"},"inLanguage":"de","potentialAction":[{"@type":"ReadAction","target":["https:\/\/www.lesdelicesdeprovence.ch\/de\/produits\/bio-feigen-sirup\/"]}]},{"@type":"ImageObject","inLanguage":"de","@id":"https:\/\/www.lesdelicesdeprovence.ch\/de\/produits\/bio-feigen-sirup\/#primaryimage","url":"https:\/\/www.lesdelicesdeprovence.ch\/wp-content\/uploads\/2024\/10\/IMG_8634-1-scaled.jpg","contentUrl":"https:\/\/www.lesdelicesdeprovence.ch\/wp-content\/uploads\/2024\/10\/IMG_8634-1-scaled.jpg","width":1764,"height":2560},{"@type":"BreadcrumbList","@id":"https:\/\/www.lesdelicesdeprovence.ch\/de\/produits\/bio-feigen-sirup\/#breadcrumb","itemListElement":[{"@type":"ListItem","position":1,"name":"Accoglienza","item":"https:\/\/www.lesdelicesdeprovence.ch\/de\/"},{"@type":"ListItem","position":2,"name":"Shop","item":"https:\/\/www.lesdelicesdeprovence.ch\/de\/geschaeft\/"},{"@type":"ListItem","position":3,"name":"Bio-Feigen-Sirup"}]},{"@type":"WebSite","@id":"https:\/\/www.lesdelicesdeprovence.ch\/de\/#website","url":"https:\/\/www.lesdelicesdeprovence.ch\/de\/","name":"Les D\u00e9lices de Provence","description":"Epicerie fine en ligne","potentialAction":[{"@type":"SearchAction","target":{"@type":"EntryPoint","urlTemplate":"https:\/\/www.lesdelicesdeprovence.ch\/de\/?s={search_term_string}"},"query-input":{"@type":"PropertyValueSpecification","valueRequired":true,"valueName":"search_term_string"}}],"inLanguage":"de"}]}},"_links":{"self":[{"href":"https:\/\/www.lesdelicesdeprovence.ch\/de\/wp-json\/wp\/v2\/product\/14420","targetHints":{"allow":["GET"]}}],"collection":[{"href":"https:\/\/www.lesdelicesdeprovence.ch\/de\/wp-json\/wp\/v2\/product"}],"about":[{"href":"https:\/\/www.lesdelicesdeprovence.ch\/de\/wp-json\/wp\/v2\/types\/product"}],"version-history":[{"count":1,"href":"https:\/\/www.lesdelicesdeprovence.ch\/de\/wp-json\/wp\/v2\/product\/14420\/revisions"}],"predecessor-version":[{"id":14421,"href":"https:\/\/www.lesdelicesdeprovence.ch\/de\/wp-json\/wp\/v2\/product\/14420\/revisions\/14421"}],"wp:featuredmedia":[{"embeddable":true,"href":"https:\/\/www.lesdelicesdeprovence.ch\/de\/wp-json\/wp\/v2\/media\/14425"}],"wp:attachment":[{"href":"https:\/\/www.lesdelicesdeprovence.ch\/de\/wp-json\/wp\/v2\/media?parent=14420"}],"wp:term":[{"taxonomy":"product_cat","embeddable":true,"href":"https:\/\/www.lesdelicesdeprovence.ch\/de\/wp-json\/wp\/v2\/product_cat?post=14420"},{"taxonomy":"product_tag","embeddable":true,"href":"https:\/\/www.lesdelicesdeprovence.ch\/de\/wp-json\/wp\/v2\/product_tag?post=14420"}],"curies":[{"name":"wp","href":"https:\/\/api.w.org\/{rel}","templated":true}]}}