{"id":14437,"date":"2024-10-22T10:18:16","date_gmt":"2024-10-22T10:18:16","guid":{"rendered":"https:\/\/www.lesdelicesdeprovence.ch\/produits\/bio-holunderbluetensirup\/"},"modified":"2024-10-22T10:18:16","modified_gmt":"2024-10-22T10:18:16","slug":"bio-holunderbluetensirup","status":"publish","type":"product","link":"https:\/\/www.lesdelicesdeprovence.ch\/de\/produits\/bio-holunderbluetensirup\/","title":{"rendered":"Bio-Holunderbl\u00fctensirup"},"content":{"rendered":"<p>Was ist verbreiteter als Holunderbl\u00fctensirup? Dieser wird jedoch von einem passionierten Ehepaar aus den Holunderbl\u00fcten, die auf ihrem Land wachsen, zubereitet und es werden keine Zusatzstoffe hinzugef\u00fcgt. Ein echtes, authentisches Produkt, das auf kurzen Wegen hergestellt wird und das Sie mit Genuss genie\u00dfen k\u00f6nnen! Neben der klassischen Kombination mit Wasser oder Limonade k\u00f6nnen Sie auch sehr einfache Cocktails mit Wei\u00df- oder Ros\u00e9wein oder raffiniertere mit mehreren Zutaten zubereiten. Er kann auch in der s\u00fc\u00dfen und herzhaften K\u00fcche verwendet werden. <\/p>\n<p><strong>Zutaten: Bio-Holunderbl\u00fcten, Bio-Zitronensaft, Bio-Rohrzucker, Wasser.<\/strong><\/p>\n<p><strong>Inhalt: 0.33L<\/strong><\/p>\n<p>&nbsp;<\/p>\n","protected":false},"excerpt":{"rendered":"<p>Dies ist ein Bio-Holunderbl\u00fctensirup, ohne Farbstoffe, ohne k\u00fcnstliche Aromen und handwerklich auf einem provenzalischen Bauernhof hergestellt.<\/p>\n","protected":false},"featured_media":14434,"template":"","meta":[],"product_cat":[238],"product_tag":[],"class_list":{"0":"post-14437","1":"product","2":"type-product","3":"status-publish","4":"has-post-thumbnail","6":"product_cat-natuerliche-sirupe","8":"first","9":"instock","10":"taxable","11":"shipping-taxable","12":"purchasable","13":"product-type-simple"},"yoast_head":"<!-- This site is optimized with the Yoast SEO plugin v27.2 - https:\/\/yoast.com\/product\/yoast-seo-wordpress\/ -->\n<title>Bio-Holunderbl\u00fctensirup<\/title>\n<meta name=\"description\" content=\"Dies ist ein Bio-Holunderbl\u00fctensirup, ohne Farbstoffe, ohne k\u00fcnstliche Aromen und handwerklich auf einem provenzalischen Bauernhof hergestellt.\" \/>\n<meta name=\"robots\" content=\"index, follow, max-snippet:-1, max-image-preview:large, max-video-preview:-1\" \/>\n<link rel=\"canonical\" href=\"https:\/\/www.lesdelicesdeprovence.ch\/de\/produits\/bio-holunderbluetensirup\/\" \/>\n<meta property=\"og:locale\" content=\"de_DE\" \/>\n<meta property=\"og:type\" content=\"article\" \/>\n<meta property=\"og:title\" content=\"Bio-Holunderbl\u00fctensirup\" \/>\n<meta property=\"og:description\" content=\"Dies ist ein Bio-Holunderbl\u00fctensirup, ohne Farbstoffe, ohne k\u00fcnstliche Aromen und handwerklich auf einem provenzalischen Bauernhof hergestellt.\" \/>\n<meta property=\"og:url\" content=\"https:\/\/www.lesdelicesdeprovence.ch\/de\/produits\/bio-holunderbluetensirup\/\" \/>\n<meta property=\"og:site_name\" content=\"Les D\u00e9lices de Provence\" \/>\n<meta property=\"og:image\" content=\"http:\/\/www.lesdelicesdeprovence.ch\/wp-content\/uploads\/2024\/10\/IMG_8635-scaled.jpg\" \/>\n\t<meta property=\"og:image:width\" content=\"1849\" \/>\n\t<meta property=\"og:image:height\" content=\"2560\" \/>\n\t<meta property=\"og:image:type\" content=\"image\/jpeg\" \/>\n<meta name=\"twitter:card\" content=\"summary_large_image\" \/>\n<script type=\"application\/ld+json\" class=\"yoast-schema-graph\">{\"@context\":\"https:\/\/schema.org\",\"@graph\":[{\"@type\":\"WebPage\",\"@id\":\"https:\/\/www.lesdelicesdeprovence.ch\/de\/produits\/bio-holunderbluetensirup\/\",\"url\":\"https:\/\/www.lesdelicesdeprovence.ch\/de\/produits\/bio-holunderbluetensirup\/\",\"name\":\"Bio-Holunderbl\u00fctensirup\",\"isPartOf\":{\"@id\":\"http:\/\/www.lesdelicesdeprovence.ch\/de\/#website\"},\"primaryImageOfPage\":{\"@id\":\"https:\/\/www.lesdelicesdeprovence.ch\/de\/produits\/bio-holunderbluetensirup\/#primaryimage\"},\"image\":{\"@id\":\"https:\/\/www.lesdelicesdeprovence.ch\/de\/produits\/bio-holunderbluetensirup\/#primaryimage\"},\"thumbnailUrl\":\"https:\/\/www.lesdelicesdeprovence.ch\/wp-content\/uploads\/2024\/10\/IMG_8635-scaled.jpg\",\"datePublished\":\"2024-10-22T10:18:16+00:00\",\"description\":\"Dies ist ein Bio-Holunderbl\u00fctensirup, ohne Farbstoffe, ohne k\u00fcnstliche Aromen und handwerklich auf einem provenzalischen Bauernhof hergestellt.\",\"breadcrumb\":{\"@id\":\"https:\/\/www.lesdelicesdeprovence.ch\/de\/produits\/bio-holunderbluetensirup\/#breadcrumb\"},\"inLanguage\":\"de\",\"potentialAction\":[{\"@type\":\"ReadAction\",\"target\":[\"https:\/\/www.lesdelicesdeprovence.ch\/de\/produits\/bio-holunderbluetensirup\/\"]}]},{\"@type\":\"ImageObject\",\"inLanguage\":\"de\",\"@id\":\"https:\/\/www.lesdelicesdeprovence.ch\/de\/produits\/bio-holunderbluetensirup\/#primaryimage\",\"url\":\"https:\/\/www.lesdelicesdeprovence.ch\/wp-content\/uploads\/2024\/10\/IMG_8635-scaled.jpg\",\"contentUrl\":\"https:\/\/www.lesdelicesdeprovence.ch\/wp-content\/uploads\/2024\/10\/IMG_8635-scaled.jpg\",\"width\":1849,\"height\":2560},{\"@type\":\"BreadcrumbList\",\"@id\":\"https:\/\/www.lesdelicesdeprovence.ch\/de\/produits\/bio-holunderbluetensirup\/#breadcrumb\",\"itemListElement\":[{\"@type\":\"ListItem\",\"position\":1,\"name\":\"Accoglienza\",\"item\":\"https:\/\/www.lesdelicesdeprovence.ch\/de\/\"},{\"@type\":\"ListItem\",\"position\":2,\"name\":\"Shop\",\"item\":\"https:\/\/www.lesdelicesdeprovence.ch\/de\/geschaeft\/\"},{\"@type\":\"ListItem\",\"position\":3,\"name\":\"Bio-Holunderbl\u00fctensirup\"}]},{\"@type\":\"WebSite\",\"@id\":\"http:\/\/www.lesdelicesdeprovence.ch\/de\/#website\",\"url\":\"http:\/\/www.lesdelicesdeprovence.ch\/de\/\",\"name\":\"Les D\u00e9lices de Provence\",\"description\":\"Epicerie fine en ligne\",\"potentialAction\":[{\"@type\":\"SearchAction\",\"target\":{\"@type\":\"EntryPoint\",\"urlTemplate\":\"http:\/\/www.lesdelicesdeprovence.ch\/de\/?s={search_term_string}\"},\"query-input\":{\"@type\":\"PropertyValueSpecification\",\"valueRequired\":true,\"valueName\":\"search_term_string\"}}],\"inLanguage\":\"de\"}]}<\/script>\n<!-- \/ Yoast SEO plugin. -->","yoast_head_json":{"title":"Bio-Holunderbl\u00fctensirup","description":"Dies ist ein Bio-Holunderbl\u00fctensirup, ohne Farbstoffe, ohne k\u00fcnstliche Aromen und handwerklich auf einem provenzalischen Bauernhof hergestellt.","robots":{"index":"index","follow":"follow","max-snippet":"max-snippet:-1","max-image-preview":"max-image-preview:large","max-video-preview":"max-video-preview:-1"},"canonical":"https:\/\/www.lesdelicesdeprovence.ch\/de\/produits\/bio-holunderbluetensirup\/","og_locale":"de_DE","og_type":"article","og_title":"Bio-Holunderbl\u00fctensirup","og_description":"Dies ist ein Bio-Holunderbl\u00fctensirup, ohne Farbstoffe, ohne k\u00fcnstliche Aromen und handwerklich auf einem provenzalischen Bauernhof hergestellt.","og_url":"https:\/\/www.lesdelicesdeprovence.ch\/de\/produits\/bio-holunderbluetensirup\/","og_site_name":"Les D\u00e9lices de Provence","og_image":[{"width":1849,"height":2560,"url":"http:\/\/www.lesdelicesdeprovence.ch\/wp-content\/uploads\/2024\/10\/IMG_8635-scaled.jpg","type":"image\/jpeg"}],"twitter_card":"summary_large_image","schema":{"@context":"https:\/\/schema.org","@graph":[{"@type":"WebPage","@id":"https:\/\/www.lesdelicesdeprovence.ch\/de\/produits\/bio-holunderbluetensirup\/","url":"https:\/\/www.lesdelicesdeprovence.ch\/de\/produits\/bio-holunderbluetensirup\/","name":"Bio-Holunderbl\u00fctensirup","isPartOf":{"@id":"http:\/\/www.lesdelicesdeprovence.ch\/de\/#website"},"primaryImageOfPage":{"@id":"https:\/\/www.lesdelicesdeprovence.ch\/de\/produits\/bio-holunderbluetensirup\/#primaryimage"},"image":{"@id":"https:\/\/www.lesdelicesdeprovence.ch\/de\/produits\/bio-holunderbluetensirup\/#primaryimage"},"thumbnailUrl":"https:\/\/www.lesdelicesdeprovence.ch\/wp-content\/uploads\/2024\/10\/IMG_8635-scaled.jpg","datePublished":"2024-10-22T10:18:16+00:00","description":"Dies ist ein Bio-Holunderbl\u00fctensirup, ohne Farbstoffe, ohne k\u00fcnstliche Aromen und handwerklich auf einem provenzalischen Bauernhof hergestellt.","breadcrumb":{"@id":"https:\/\/www.lesdelicesdeprovence.ch\/de\/produits\/bio-holunderbluetensirup\/#breadcrumb"},"inLanguage":"de","potentialAction":[{"@type":"ReadAction","target":["https:\/\/www.lesdelicesdeprovence.ch\/de\/produits\/bio-holunderbluetensirup\/"]}]},{"@type":"ImageObject","inLanguage":"de","@id":"https:\/\/www.lesdelicesdeprovence.ch\/de\/produits\/bio-holunderbluetensirup\/#primaryimage","url":"https:\/\/www.lesdelicesdeprovence.ch\/wp-content\/uploads\/2024\/10\/IMG_8635-scaled.jpg","contentUrl":"https:\/\/www.lesdelicesdeprovence.ch\/wp-content\/uploads\/2024\/10\/IMG_8635-scaled.jpg","width":1849,"height":2560},{"@type":"BreadcrumbList","@id":"https:\/\/www.lesdelicesdeprovence.ch\/de\/produits\/bio-holunderbluetensirup\/#breadcrumb","itemListElement":[{"@type":"ListItem","position":1,"name":"Accoglienza","item":"https:\/\/www.lesdelicesdeprovence.ch\/de\/"},{"@type":"ListItem","position":2,"name":"Shop","item":"https:\/\/www.lesdelicesdeprovence.ch\/de\/geschaeft\/"},{"@type":"ListItem","position":3,"name":"Bio-Holunderbl\u00fctensirup"}]},{"@type":"WebSite","@id":"http:\/\/www.lesdelicesdeprovence.ch\/de\/#website","url":"http:\/\/www.lesdelicesdeprovence.ch\/de\/","name":"Les D\u00e9lices de Provence","description":"Epicerie fine en ligne","potentialAction":[{"@type":"SearchAction","target":{"@type":"EntryPoint","urlTemplate":"http:\/\/www.lesdelicesdeprovence.ch\/de\/?s={search_term_string}"},"query-input":{"@type":"PropertyValueSpecification","valueRequired":true,"valueName":"search_term_string"}}],"inLanguage":"de"}]}},"_links":{"self":[{"href":"https:\/\/www.lesdelicesdeprovence.ch\/de\/wp-json\/wp\/v2\/product\/14437","targetHints":{"allow":["GET"]}}],"collection":[{"href":"https:\/\/www.lesdelicesdeprovence.ch\/de\/wp-json\/wp\/v2\/product"}],"about":[{"href":"https:\/\/www.lesdelicesdeprovence.ch\/de\/wp-json\/wp\/v2\/types\/product"}],"version-history":[{"count":0,"href":"https:\/\/www.lesdelicesdeprovence.ch\/de\/wp-json\/wp\/v2\/product\/14437\/revisions"}],"wp:featuredmedia":[{"embeddable":true,"href":"https:\/\/www.lesdelicesdeprovence.ch\/de\/wp-json\/wp\/v2\/media\/14434"}],"wp:attachment":[{"href":"https:\/\/www.lesdelicesdeprovence.ch\/de\/wp-json\/wp\/v2\/media?parent=14437"}],"wp:term":[{"taxonomy":"product_cat","embeddable":true,"href":"https:\/\/www.lesdelicesdeprovence.ch\/de\/wp-json\/wp\/v2\/product_cat?post=14437"},{"taxonomy":"product_tag","embeddable":true,"href":"https:\/\/www.lesdelicesdeprovence.ch\/de\/wp-json\/wp\/v2\/product_tag?post=14437"}],"curies":[{"name":"wp","href":"https:\/\/api.w.org\/{rel}","templated":true}]}}