{"id":14473,"date":"2024-10-22T11:45:22","date_gmt":"2024-10-22T11:45:22","guid":{"rendered":"https:\/\/www.lesdelicesdeprovence.ch\/produits\/die-schleie-von-nyons-a-o-p\/"},"modified":"2024-10-22T11:45:22","modified_gmt":"2024-10-22T11:45:22","slug":"die-schleie-von-nyons-a-o-p","status":"publish","type":"product","link":"https:\/\/www.lesdelicesdeprovence.ch\/de\/produits\/die-schleie-von-nyons-a-o-p\/","title":{"rendered":"Die Schleie von Nyons A.O.P."},"content":{"rendered":"<p>Die Tanche, auch bekannt als Nyons-Olive, ist eine emblematische Sorte aus S\u00fcdfrankreich, die haupts\u00e4chlich in der s\u00fcdlichen Dr\u00f4me und im n\u00f6rdlichen Vaucluse angebaut wird. Da sie ganz im Norden der Provence w\u00e4chst, profitiert sie im Winter von einem Mikroklima, das f\u00fcr ihr \u00dcberleben notwendig ist, was sie zu einer einzigartigen Olivensorte macht, die es nirgendwo sonst auf der Welt gibt. Sie wurde k\u00fcrzlich zur zweitbesten Olive der Welt gew\u00e4hlt und gilt als die schmackhafteste Olive der Provence. Wir holen sie direkt von einem Olivenhain in den provenzalischen Baronnies, der sie erntet und auf dem Grundst\u00fcck in T\u00f6pfe abf\u00fcllt. Genie\u00dfen Sie sie mit der Hand als Aperitif oder als Beigabe zu einem Salat, Sandwich oder einer guten Pizza.<\/p>\n<p><strong>Zutaten: Ganze Oliven aus Nyons A.O.P., Wasser, Salz.<\/strong><\/p>\n<p><strong>Inhalt: 210 g<\/strong><\/p>\n","protected":false},"excerpt":{"rendered":"<p>Die ber\u00fchmte schwarze Olive aus Nyons A.O.P., die von den meisten als die Olive mit dem st\u00e4rksten Geschmack des Mittelmeerraums anerkannt wird.<\/p>\n","protected":false},"featured_media":14465,"template":"","meta":[],"product_cat":[691],"product_tag":[],"class_list":{"0":"post-14473","1":"product","2":"type-product","3":"status-publish","4":"has-post-thumbnail","6":"product_cat-ganze-oliven","8":"first","9":"instock","10":"taxable","11":"shipping-taxable","12":"purchasable","13":"product-type-simple"},"yoast_head":"<!-- This site is optimized with the Yoast SEO plugin v27.2 - https:\/\/yoast.com\/product\/yoast-seo-wordpress\/ -->\n<title>Die Schleie von Nyons A.O.P.<\/title>\n<meta name=\"description\" content=\"Die ber\u00fchmte schwarze Olive aus Nyons A.O.P., die von den meisten als die Olive mit dem st\u00e4rksten Geschmack des Mittelmeerraums anerkannt wird.\" \/>\n<meta name=\"robots\" content=\"index, follow, max-snippet:-1, max-image-preview:large, max-video-preview:-1\" \/>\n<link rel=\"canonical\" href=\"https:\/\/www.lesdelicesdeprovence.ch\/de\/produits\/die-schleie-von-nyons-a-o-p\/\" \/>\n<meta property=\"og:locale\" content=\"de_DE\" \/>\n<meta property=\"og:type\" content=\"article\" \/>\n<meta property=\"og:title\" content=\"Die Schleie von Nyons A.O.P.\" \/>\n<meta property=\"og:description\" content=\"Die ber\u00fchmte schwarze Olive aus Nyons A.O.P., die von den meisten als die Olive mit dem st\u00e4rksten Geschmack des Mittelmeerraums anerkannt wird.\" \/>\n<meta property=\"og:url\" content=\"https:\/\/www.lesdelicesdeprovence.ch\/de\/produits\/die-schleie-von-nyons-a-o-p\/\" \/>\n<meta property=\"og:site_name\" content=\"Les D\u00e9lices de Provence\" \/>\n<meta property=\"og:image\" content=\"https:\/\/www.lesdelicesdeprovence.ch\/wp-content\/uploads\/2024\/10\/IMG_8641.jpg\" \/>\n\t<meta property=\"og:image:width\" content=\"1976\" \/>\n\t<meta property=\"og:image:height\" content=\"1872\" \/>\n\t<meta property=\"og:image:type\" content=\"image\/jpeg\" \/>\n<meta name=\"twitter:card\" content=\"summary_large_image\" \/>\n<meta name=\"twitter:label1\" content=\"Gesch\u00e4tzte Lesezeit\" \/>\n\t<meta name=\"twitter:data1\" content=\"1\u00a0Minute\" \/>\n<script type=\"application\/ld+json\" class=\"yoast-schema-graph\">{\"@context\":\"https:\/\/schema.org\",\"@graph\":[{\"@type\":\"WebPage\",\"@id\":\"https:\/\/www.lesdelicesdeprovence.ch\/de\/produits\/die-schleie-von-nyons-a-o-p\/\",\"url\":\"https:\/\/www.lesdelicesdeprovence.ch\/de\/produits\/die-schleie-von-nyons-a-o-p\/\",\"name\":\"Die Schleie von Nyons A.O.P.\",\"isPartOf\":{\"@id\":\"https:\/\/www.lesdelicesdeprovence.ch\/de\/#website\"},\"primaryImageOfPage\":{\"@id\":\"https:\/\/www.lesdelicesdeprovence.ch\/de\/produits\/die-schleie-von-nyons-a-o-p\/#primaryimage\"},\"image\":{\"@id\":\"https:\/\/www.lesdelicesdeprovence.ch\/de\/produits\/die-schleie-von-nyons-a-o-p\/#primaryimage\"},\"thumbnailUrl\":\"https:\/\/www.lesdelicesdeprovence.ch\/wp-content\/uploads\/2024\/10\/IMG_8641.jpg\",\"datePublished\":\"2024-10-22T11:45:22+00:00\",\"description\":\"Die ber\u00fchmte schwarze Olive aus Nyons A.O.P., die von den meisten als die Olive mit dem st\u00e4rksten Geschmack des Mittelmeerraums anerkannt wird.\",\"breadcrumb\":{\"@id\":\"https:\/\/www.lesdelicesdeprovence.ch\/de\/produits\/die-schleie-von-nyons-a-o-p\/#breadcrumb\"},\"inLanguage\":\"de\",\"potentialAction\":[{\"@type\":\"ReadAction\",\"target\":[\"https:\/\/www.lesdelicesdeprovence.ch\/de\/produits\/die-schleie-von-nyons-a-o-p\/\"]}]},{\"@type\":\"ImageObject\",\"inLanguage\":\"de\",\"@id\":\"https:\/\/www.lesdelicesdeprovence.ch\/de\/produits\/die-schleie-von-nyons-a-o-p\/#primaryimage\",\"url\":\"https:\/\/www.lesdelicesdeprovence.ch\/wp-content\/uploads\/2024\/10\/IMG_8641.jpg\",\"contentUrl\":\"https:\/\/www.lesdelicesdeprovence.ch\/wp-content\/uploads\/2024\/10\/IMG_8641.jpg\",\"width\":1976,\"height\":1872},{\"@type\":\"BreadcrumbList\",\"@id\":\"https:\/\/www.lesdelicesdeprovence.ch\/de\/produits\/die-schleie-von-nyons-a-o-p\/#breadcrumb\",\"itemListElement\":[{\"@type\":\"ListItem\",\"position\":1,\"name\":\"Accoglienza\",\"item\":\"https:\/\/www.lesdelicesdeprovence.ch\/de\/\"},{\"@type\":\"ListItem\",\"position\":2,\"name\":\"Shop\",\"item\":\"https:\/\/www.lesdelicesdeprovence.ch\/de\/geschaeft\/\"},{\"@type\":\"ListItem\",\"position\":3,\"name\":\"Die Schleie von Nyons A.O.P.\"}]},{\"@type\":\"WebSite\",\"@id\":\"https:\/\/www.lesdelicesdeprovence.ch\/de\/#website\",\"url\":\"https:\/\/www.lesdelicesdeprovence.ch\/de\/\",\"name\":\"Les D\u00e9lices de Provence\",\"description\":\"Epicerie fine en ligne\",\"potentialAction\":[{\"@type\":\"SearchAction\",\"target\":{\"@type\":\"EntryPoint\",\"urlTemplate\":\"https:\/\/www.lesdelicesdeprovence.ch\/de\/?s={search_term_string}\"},\"query-input\":{\"@type\":\"PropertyValueSpecification\",\"valueRequired\":true,\"valueName\":\"search_term_string\"}}],\"inLanguage\":\"de\"}]}<\/script>\n<!-- \/ Yoast SEO plugin. -->","yoast_head_json":{"title":"Die Schleie von Nyons A.O.P.","description":"Die ber\u00fchmte schwarze Olive aus Nyons A.O.P., die von den meisten als die Olive mit dem st\u00e4rksten Geschmack des Mittelmeerraums anerkannt wird.","robots":{"index":"index","follow":"follow","max-snippet":"max-snippet:-1","max-image-preview":"max-image-preview:large","max-video-preview":"max-video-preview:-1"},"canonical":"https:\/\/www.lesdelicesdeprovence.ch\/de\/produits\/die-schleie-von-nyons-a-o-p\/","og_locale":"de_DE","og_type":"article","og_title":"Die Schleie von Nyons A.O.P.","og_description":"Die ber\u00fchmte schwarze Olive aus Nyons A.O.P., die von den meisten als die Olive mit dem st\u00e4rksten Geschmack des Mittelmeerraums anerkannt wird.","og_url":"https:\/\/www.lesdelicesdeprovence.ch\/de\/produits\/die-schleie-von-nyons-a-o-p\/","og_site_name":"Les D\u00e9lices de Provence","og_image":[{"width":1976,"height":1872,"url":"https:\/\/www.lesdelicesdeprovence.ch\/wp-content\/uploads\/2024\/10\/IMG_8641.jpg","type":"image\/jpeg"}],"twitter_card":"summary_large_image","twitter_misc":{"Gesch\u00e4tzte Lesezeit":"1\u00a0Minute"},"schema":{"@context":"https:\/\/schema.org","@graph":[{"@type":"WebPage","@id":"https:\/\/www.lesdelicesdeprovence.ch\/de\/produits\/die-schleie-von-nyons-a-o-p\/","url":"https:\/\/www.lesdelicesdeprovence.ch\/de\/produits\/die-schleie-von-nyons-a-o-p\/","name":"Die Schleie von Nyons A.O.P.","isPartOf":{"@id":"https:\/\/www.lesdelicesdeprovence.ch\/de\/#website"},"primaryImageOfPage":{"@id":"https:\/\/www.lesdelicesdeprovence.ch\/de\/produits\/die-schleie-von-nyons-a-o-p\/#primaryimage"},"image":{"@id":"https:\/\/www.lesdelicesdeprovence.ch\/de\/produits\/die-schleie-von-nyons-a-o-p\/#primaryimage"},"thumbnailUrl":"https:\/\/www.lesdelicesdeprovence.ch\/wp-content\/uploads\/2024\/10\/IMG_8641.jpg","datePublished":"2024-10-22T11:45:22+00:00","description":"Die ber\u00fchmte schwarze Olive aus Nyons A.O.P., die von den meisten als die Olive mit dem st\u00e4rksten Geschmack des Mittelmeerraums anerkannt wird.","breadcrumb":{"@id":"https:\/\/www.lesdelicesdeprovence.ch\/de\/produits\/die-schleie-von-nyons-a-o-p\/#breadcrumb"},"inLanguage":"de","potentialAction":[{"@type":"ReadAction","target":["https:\/\/www.lesdelicesdeprovence.ch\/de\/produits\/die-schleie-von-nyons-a-o-p\/"]}]},{"@type":"ImageObject","inLanguage":"de","@id":"https:\/\/www.lesdelicesdeprovence.ch\/de\/produits\/die-schleie-von-nyons-a-o-p\/#primaryimage","url":"https:\/\/www.lesdelicesdeprovence.ch\/wp-content\/uploads\/2024\/10\/IMG_8641.jpg","contentUrl":"https:\/\/www.lesdelicesdeprovence.ch\/wp-content\/uploads\/2024\/10\/IMG_8641.jpg","width":1976,"height":1872},{"@type":"BreadcrumbList","@id":"https:\/\/www.lesdelicesdeprovence.ch\/de\/produits\/die-schleie-von-nyons-a-o-p\/#breadcrumb","itemListElement":[{"@type":"ListItem","position":1,"name":"Accoglienza","item":"https:\/\/www.lesdelicesdeprovence.ch\/de\/"},{"@type":"ListItem","position":2,"name":"Shop","item":"https:\/\/www.lesdelicesdeprovence.ch\/de\/geschaeft\/"},{"@type":"ListItem","position":3,"name":"Die Schleie von Nyons A.O.P."}]},{"@type":"WebSite","@id":"https:\/\/www.lesdelicesdeprovence.ch\/de\/#website","url":"https:\/\/www.lesdelicesdeprovence.ch\/de\/","name":"Les D\u00e9lices de Provence","description":"Epicerie fine en ligne","potentialAction":[{"@type":"SearchAction","target":{"@type":"EntryPoint","urlTemplate":"https:\/\/www.lesdelicesdeprovence.ch\/de\/?s={search_term_string}"},"query-input":{"@type":"PropertyValueSpecification","valueRequired":true,"valueName":"search_term_string"}}],"inLanguage":"de"}]}},"_links":{"self":[{"href":"https:\/\/www.lesdelicesdeprovence.ch\/de\/wp-json\/wp\/v2\/product\/14473","targetHints":{"allow":["GET"]}}],"collection":[{"href":"https:\/\/www.lesdelicesdeprovence.ch\/de\/wp-json\/wp\/v2\/product"}],"about":[{"href":"https:\/\/www.lesdelicesdeprovence.ch\/de\/wp-json\/wp\/v2\/types\/product"}],"version-history":[{"count":0,"href":"https:\/\/www.lesdelicesdeprovence.ch\/de\/wp-json\/wp\/v2\/product\/14473\/revisions"}],"wp:featuredmedia":[{"embeddable":true,"href":"https:\/\/www.lesdelicesdeprovence.ch\/de\/wp-json\/wp\/v2\/media\/14465"}],"wp:attachment":[{"href":"https:\/\/www.lesdelicesdeprovence.ch\/de\/wp-json\/wp\/v2\/media?parent=14473"}],"wp:term":[{"taxonomy":"product_cat","embeddable":true,"href":"https:\/\/www.lesdelicesdeprovence.ch\/de\/wp-json\/wp\/v2\/product_cat?post=14473"},{"taxonomy":"product_tag","embeddable":true,"href":"https:\/\/www.lesdelicesdeprovence.ch\/de\/wp-json\/wp\/v2\/product_tag?post=14473"}],"curies":[{"name":"wp","href":"https:\/\/api.w.org\/{rel}","templated":true}]}}