{"id":14545,"date":"2024-10-23T11:04:43","date_gmt":"2024-10-23T11:04:43","guid":{"rendered":"https:\/\/www.lesdelicesdeprovence.ch\/produits\/erdbeerkonfituere-mit-bio-rosenblaettern\/"},"modified":"2024-10-23T11:04:43","modified_gmt":"2024-10-23T11:04:43","slug":"erdbeerkonfituere-mit-bio-rosenblaettern","status":"publish","type":"product","link":"https:\/\/www.lesdelicesdeprovence.ch\/de\/produits\/erdbeerkonfituere-mit-bio-rosenblaettern\/","title":{"rendered":"Erdbeerkonfit\u00fcre mit Bio-Rosenbl\u00e4ttern"},"content":{"rendered":"<p>Die Handwerker, die wir ausgew\u00e4hlt haben, Catherine und Pascal Roger, sind in Mas Neuf ans\u00e4ssig, einem Familienbauernhof, der auf dem Land zwischen Arpaillargues und Aureillan zwischen Garrigues und Ackerland im Herzogtum Uz\u00e8s liegt. Unter dem Markennamen Terres d&#8217;Uz\u00e8s kochen sie Fr\u00fcchte und Blumen zu herrlichen, authentischen, biologisch zertifizierten Konfit\u00fcren. Verpassen Sie es nicht, diese subtile Kombination aus Rosen und Erdbeeren aus ihrem Garten zu entdecken, mit einem k\u00f6stlichen und delikaten Geschmack, ob zum Fr\u00fchst\u00fcck oder zum Nachtisch.<\/p>\n<p><strong>Zutaten: Rosenbl\u00fcten bio 11%, Erdbeeren bio 25%, Rohrzucker bio, Holunderbeerensaft, Zitronensaft bio, Agar Agar bio.<\/strong><\/p>\n<p><strong>Inhalt: 200g<\/strong><\/p>\n","protected":false},"excerpt":{"rendered":"<p>Entdecken Sie diese Bio-Erdbeerkonfit\u00fcre mit Rosenbl\u00e4ttern, die aus einer Familienproduktion im Departement Gard stammt und mit Zutaten hergestellt wird, die auf dem Grundst\u00fcck angebaut und geerntet werden.<\/p>\n","protected":false},"featured_media":14540,"template":"","meta":[],"product_cat":[687],"product_tag":[],"class_list":{"0":"post-14545","1":"product","2":"type-product","3":"status-publish","4":"has-post-thumbnail","6":"product_cat-konfituren-und-brotaufstriche","8":"first","9":"instock","10":"taxable","11":"shipping-taxable","12":"purchasable","13":"product-type-simple"},"yoast_head":"<!-- This site is optimized with the Yoast SEO plugin v27.2 - https:\/\/yoast.com\/product\/yoast-seo-wordpress\/ -->\n<title>Erdbeerkonfit\u00fcre mit Bio-Rosenbl\u00e4ttern<\/title>\n<meta name=\"description\" content=\"Entdecken Sie diese Bio-Erdbeerkonfit\u00fcre mit Rosenbl\u00e4ttern, die aus einer Familienproduktion im Departement Gard stammt und mit Zutaten hergestellt wird, die auf dem Grundst\u00fcck angebaut und geerntet werden.\" \/>\n<meta name=\"robots\" content=\"index, follow, max-snippet:-1, max-image-preview:large, max-video-preview:-1\" \/>\n<link rel=\"canonical\" href=\"https:\/\/www.lesdelicesdeprovence.ch\/de\/produits\/erdbeerkonfituere-mit-bio-rosenblaettern\/\" \/>\n<meta property=\"og:locale\" content=\"de_DE\" \/>\n<meta property=\"og:type\" content=\"article\" \/>\n<meta property=\"og:title\" content=\"Erdbeerkonfit\u00fcre mit Bio-Rosenbl\u00e4ttern\" \/>\n<meta property=\"og:description\" content=\"Entdecken Sie diese Bio-Erdbeerkonfit\u00fcre mit Rosenbl\u00e4ttern, die aus einer Familienproduktion im Departement Gard stammt und mit Zutaten hergestellt wird, die auf dem Grundst\u00fcck angebaut und geerntet werden.\" \/>\n<meta property=\"og:url\" content=\"https:\/\/www.lesdelicesdeprovence.ch\/de\/produits\/erdbeerkonfituere-mit-bio-rosenblaettern\/\" \/>\n<meta property=\"og:site_name\" content=\"Les D\u00e9lices de Provence\" \/>\n<meta property=\"og:image\" content=\"https:\/\/www.lesdelicesdeprovence.ch\/wp-content\/uploads\/2024\/10\/IMG_8639.jpg\" \/>\n\t<meta property=\"og:image:width\" content=\"1741\" \/>\n\t<meta property=\"og:image:height\" content=\"1764\" \/>\n\t<meta property=\"og:image:type\" content=\"image\/jpeg\" \/>\n<meta name=\"twitter:card\" content=\"summary_large_image\" \/>\n<meta name=\"twitter:label1\" content=\"Gesch\u00e4tzte Lesezeit\" \/>\n\t<meta name=\"twitter:data1\" content=\"1\u00a0Minute\" \/>\n<script type=\"application\/ld+json\" class=\"yoast-schema-graph\">{\"@context\":\"https:\/\/schema.org\",\"@graph\":[{\"@type\":\"WebPage\",\"@id\":\"https:\/\/www.lesdelicesdeprovence.ch\/de\/produits\/erdbeerkonfituere-mit-bio-rosenblaettern\/\",\"url\":\"https:\/\/www.lesdelicesdeprovence.ch\/de\/produits\/erdbeerkonfituere-mit-bio-rosenblaettern\/\",\"name\":\"Erdbeerkonfit\u00fcre mit Bio-Rosenbl\u00e4ttern\",\"isPartOf\":{\"@id\":\"https:\/\/www.lesdelicesdeprovence.ch\/de\/#website\"},\"primaryImageOfPage\":{\"@id\":\"https:\/\/www.lesdelicesdeprovence.ch\/de\/produits\/erdbeerkonfituere-mit-bio-rosenblaettern\/#primaryimage\"},\"image\":{\"@id\":\"https:\/\/www.lesdelicesdeprovence.ch\/de\/produits\/erdbeerkonfituere-mit-bio-rosenblaettern\/#primaryimage\"},\"thumbnailUrl\":\"https:\/\/www.lesdelicesdeprovence.ch\/wp-content\/uploads\/2024\/10\/IMG_8639.jpg\",\"datePublished\":\"2024-10-23T11:04:43+00:00\",\"description\":\"Entdecken Sie diese Bio-Erdbeerkonfit\u00fcre mit Rosenbl\u00e4ttern, die aus einer Familienproduktion im Departement Gard stammt und mit Zutaten hergestellt wird, die auf dem Grundst\u00fcck angebaut und geerntet werden.\",\"breadcrumb\":{\"@id\":\"https:\/\/www.lesdelicesdeprovence.ch\/de\/produits\/erdbeerkonfituere-mit-bio-rosenblaettern\/#breadcrumb\"},\"inLanguage\":\"de\",\"potentialAction\":[{\"@type\":\"ReadAction\",\"target\":[\"https:\/\/www.lesdelicesdeprovence.ch\/de\/produits\/erdbeerkonfituere-mit-bio-rosenblaettern\/\"]}]},{\"@type\":\"ImageObject\",\"inLanguage\":\"de\",\"@id\":\"https:\/\/www.lesdelicesdeprovence.ch\/de\/produits\/erdbeerkonfituere-mit-bio-rosenblaettern\/#primaryimage\",\"url\":\"https:\/\/www.lesdelicesdeprovence.ch\/wp-content\/uploads\/2024\/10\/IMG_8639.jpg\",\"contentUrl\":\"https:\/\/www.lesdelicesdeprovence.ch\/wp-content\/uploads\/2024\/10\/IMG_8639.jpg\",\"width\":1741,\"height\":1764},{\"@type\":\"BreadcrumbList\",\"@id\":\"https:\/\/www.lesdelicesdeprovence.ch\/de\/produits\/erdbeerkonfituere-mit-bio-rosenblaettern\/#breadcrumb\",\"itemListElement\":[{\"@type\":\"ListItem\",\"position\":1,\"name\":\"Accoglienza\",\"item\":\"https:\/\/www.lesdelicesdeprovence.ch\/de\/\"},{\"@type\":\"ListItem\",\"position\":2,\"name\":\"Shop\",\"item\":\"https:\/\/www.lesdelicesdeprovence.ch\/de\/geschaeft\/\"},{\"@type\":\"ListItem\",\"position\":3,\"name\":\"Erdbeerkonfit\u00fcre mit Bio-Rosenbl\u00e4ttern\"}]},{\"@type\":\"WebSite\",\"@id\":\"https:\/\/www.lesdelicesdeprovence.ch\/de\/#website\",\"url\":\"https:\/\/www.lesdelicesdeprovence.ch\/de\/\",\"name\":\"Les D\u00e9lices de Provence\",\"description\":\"Epicerie fine en ligne\",\"potentialAction\":[{\"@type\":\"SearchAction\",\"target\":{\"@type\":\"EntryPoint\",\"urlTemplate\":\"https:\/\/www.lesdelicesdeprovence.ch\/de\/?s={search_term_string}\"},\"query-input\":{\"@type\":\"PropertyValueSpecification\",\"valueRequired\":true,\"valueName\":\"search_term_string\"}}],\"inLanguage\":\"de\"}]}<\/script>\n<!-- \/ Yoast SEO plugin. -->","yoast_head_json":{"title":"Erdbeerkonfit\u00fcre mit Bio-Rosenbl\u00e4ttern","description":"Entdecken Sie diese Bio-Erdbeerkonfit\u00fcre mit Rosenbl\u00e4ttern, die aus einer Familienproduktion im Departement Gard stammt und mit Zutaten hergestellt wird, die auf dem Grundst\u00fcck angebaut und geerntet werden.","robots":{"index":"index","follow":"follow","max-snippet":"max-snippet:-1","max-image-preview":"max-image-preview:large","max-video-preview":"max-video-preview:-1"},"canonical":"https:\/\/www.lesdelicesdeprovence.ch\/de\/produits\/erdbeerkonfituere-mit-bio-rosenblaettern\/","og_locale":"de_DE","og_type":"article","og_title":"Erdbeerkonfit\u00fcre mit Bio-Rosenbl\u00e4ttern","og_description":"Entdecken Sie diese Bio-Erdbeerkonfit\u00fcre mit Rosenbl\u00e4ttern, die aus einer Familienproduktion im Departement Gard stammt und mit Zutaten hergestellt wird, die auf dem Grundst\u00fcck angebaut und geerntet werden.","og_url":"https:\/\/www.lesdelicesdeprovence.ch\/de\/produits\/erdbeerkonfituere-mit-bio-rosenblaettern\/","og_site_name":"Les D\u00e9lices de Provence","og_image":[{"width":1741,"height":1764,"url":"https:\/\/www.lesdelicesdeprovence.ch\/wp-content\/uploads\/2024\/10\/IMG_8639.jpg","type":"image\/jpeg"}],"twitter_card":"summary_large_image","twitter_misc":{"Gesch\u00e4tzte Lesezeit":"1\u00a0Minute"},"schema":{"@context":"https:\/\/schema.org","@graph":[{"@type":"WebPage","@id":"https:\/\/www.lesdelicesdeprovence.ch\/de\/produits\/erdbeerkonfituere-mit-bio-rosenblaettern\/","url":"https:\/\/www.lesdelicesdeprovence.ch\/de\/produits\/erdbeerkonfituere-mit-bio-rosenblaettern\/","name":"Erdbeerkonfit\u00fcre mit Bio-Rosenbl\u00e4ttern","isPartOf":{"@id":"https:\/\/www.lesdelicesdeprovence.ch\/de\/#website"},"primaryImageOfPage":{"@id":"https:\/\/www.lesdelicesdeprovence.ch\/de\/produits\/erdbeerkonfituere-mit-bio-rosenblaettern\/#primaryimage"},"image":{"@id":"https:\/\/www.lesdelicesdeprovence.ch\/de\/produits\/erdbeerkonfituere-mit-bio-rosenblaettern\/#primaryimage"},"thumbnailUrl":"https:\/\/www.lesdelicesdeprovence.ch\/wp-content\/uploads\/2024\/10\/IMG_8639.jpg","datePublished":"2024-10-23T11:04:43+00:00","description":"Entdecken Sie diese Bio-Erdbeerkonfit\u00fcre mit Rosenbl\u00e4ttern, die aus einer Familienproduktion im Departement Gard stammt und mit Zutaten hergestellt wird, die auf dem Grundst\u00fcck angebaut und geerntet werden.","breadcrumb":{"@id":"https:\/\/www.lesdelicesdeprovence.ch\/de\/produits\/erdbeerkonfituere-mit-bio-rosenblaettern\/#breadcrumb"},"inLanguage":"de","potentialAction":[{"@type":"ReadAction","target":["https:\/\/www.lesdelicesdeprovence.ch\/de\/produits\/erdbeerkonfituere-mit-bio-rosenblaettern\/"]}]},{"@type":"ImageObject","inLanguage":"de","@id":"https:\/\/www.lesdelicesdeprovence.ch\/de\/produits\/erdbeerkonfituere-mit-bio-rosenblaettern\/#primaryimage","url":"https:\/\/www.lesdelicesdeprovence.ch\/wp-content\/uploads\/2024\/10\/IMG_8639.jpg","contentUrl":"https:\/\/www.lesdelicesdeprovence.ch\/wp-content\/uploads\/2024\/10\/IMG_8639.jpg","width":1741,"height":1764},{"@type":"BreadcrumbList","@id":"https:\/\/www.lesdelicesdeprovence.ch\/de\/produits\/erdbeerkonfituere-mit-bio-rosenblaettern\/#breadcrumb","itemListElement":[{"@type":"ListItem","position":1,"name":"Accoglienza","item":"https:\/\/www.lesdelicesdeprovence.ch\/de\/"},{"@type":"ListItem","position":2,"name":"Shop","item":"https:\/\/www.lesdelicesdeprovence.ch\/de\/geschaeft\/"},{"@type":"ListItem","position":3,"name":"Erdbeerkonfit\u00fcre mit Bio-Rosenbl\u00e4ttern"}]},{"@type":"WebSite","@id":"https:\/\/www.lesdelicesdeprovence.ch\/de\/#website","url":"https:\/\/www.lesdelicesdeprovence.ch\/de\/","name":"Les D\u00e9lices de Provence","description":"Epicerie fine en ligne","potentialAction":[{"@type":"SearchAction","target":{"@type":"EntryPoint","urlTemplate":"https:\/\/www.lesdelicesdeprovence.ch\/de\/?s={search_term_string}"},"query-input":{"@type":"PropertyValueSpecification","valueRequired":true,"valueName":"search_term_string"}}],"inLanguage":"de"}]}},"_links":{"self":[{"href":"https:\/\/www.lesdelicesdeprovence.ch\/de\/wp-json\/wp\/v2\/product\/14545","targetHints":{"allow":["GET"]}}],"collection":[{"href":"https:\/\/www.lesdelicesdeprovence.ch\/de\/wp-json\/wp\/v2\/product"}],"about":[{"href":"https:\/\/www.lesdelicesdeprovence.ch\/de\/wp-json\/wp\/v2\/types\/product"}],"version-history":[{"count":0,"href":"https:\/\/www.lesdelicesdeprovence.ch\/de\/wp-json\/wp\/v2\/product\/14545\/revisions"}],"wp:featuredmedia":[{"embeddable":true,"href":"https:\/\/www.lesdelicesdeprovence.ch\/de\/wp-json\/wp\/v2\/media\/14540"}],"wp:attachment":[{"href":"https:\/\/www.lesdelicesdeprovence.ch\/de\/wp-json\/wp\/v2\/media?parent=14545"}],"wp:term":[{"taxonomy":"product_cat","embeddable":true,"href":"https:\/\/www.lesdelicesdeprovence.ch\/de\/wp-json\/wp\/v2\/product_cat?post=14545"},{"taxonomy":"product_tag","embeddable":true,"href":"https:\/\/www.lesdelicesdeprovence.ch\/de\/wp-json\/wp\/v2\/product_tag?post=14545"}],"curies":[{"name":"wp","href":"https:\/\/api.w.org\/{rel}","templated":true}]}}