{"id":6685,"date":"2022-06-13T17:31:50","date_gmt":"2022-06-13T17:41:34","guid":{"rendered":"https:\/\/www.aromeprod2.com\/?post_type=product&#038;p=6685"},"modified":"2025-06-28T17:16:13","modified_gmt":"2025-06-28T17:16:13","slug":"anchoiade-mit-gruenen-oliven","status":"publish","type":"product","link":"https:\/\/www.lesdelicesdeprovence.ch\/de\/produits\/anchoiade-mit-gruenen-oliven\/","title":{"rendered":"Anchojade mit gr\u00fcnen Oliven"},"content":{"rendered":"<p>Diese Ancho\u00efade mit gr\u00fcnen Oliven wird in Les Eguilles aus Mittelmeer-Anchovis und Oliven des Typs &#8222;Picholine&#8220; AOP, die in einem 13000 Hektar gro\u00dfen Olivenhain geerntet werden, handwerklich hergestellt und ist ein sicherer Wert des provenzalischen Terroirs.<\/p>\n<p>Eine Aperitifsauce ohne k\u00fcnstliche Farb- und Aromastoffe, die nur 100 % nat\u00fcrliche Zutaten enth\u00e4lt und besonders von den Provenzalen als Aperitif oder zum Verfeinern bestimmter Fischgerichte gesch\u00e4tzt wird.<\/p>\n<p><strong>Zutaten: Sardellen 50%, Olivenmark, Oliven\u00f6l, Pfeffer, Zitrone, Knoblauch, Salz.<\/strong><\/p>\n<p><strong>Inhalt: 90g<\/strong><\/p>\n<p>&nbsp;<\/p>\n","protected":false},"excerpt":{"rendered":"<p>Entdecken Sie einen Klassiker und einen sicheren Wert der kulinarischen Tradition der Provence: L&#8217;Ancho\u00efade.<\/p>\n<p>Ein Produkt, das St\u00e4rke und Finesse vereint und sich sehr gut als Aperitif oder zum Salzen eines Gerichts eignet. Sie werden von dieser subtilen Mischung aus Land und Meer nicht entt\u00e4uscht sein!<\/p>\n","protected":false},"featured_media":10063,"template":"","meta":[],"product_cat":[246],"product_tag":[],"class_list":{"0":"post-6685","1":"product","2":"type-product","3":"status-publish","4":"has-post-thumbnail","6":"product_cat-aperitif-saucen","8":"first","9":"instock","10":"taxable","11":"shipping-taxable","12":"purchasable","13":"product-type-simple"},"yoast_head":"<!-- This site is optimized with the Yoast SEO plugin v27.2 - https:\/\/yoast.com\/product\/yoast-seo-wordpress\/ -->\n<title>Anchojade mit gr\u00fcnen Oliven<\/title>\n<meta name=\"description\" content=\"Entdecken Sie einen Klassiker und einen sicheren Wert der kulinarischen Tradition der Provence: L&#039;Ancho\u00efade.\" \/>\n<meta name=\"robots\" content=\"index, follow, max-snippet:-1, max-image-preview:large, max-video-preview:-1\" \/>\n<link rel=\"canonical\" href=\"https:\/\/www.lesdelicesdeprovence.ch\/de\/produits\/anchoiade-mit-gruenen-oliven\/\" \/>\n<meta property=\"og:locale\" content=\"de_DE\" \/>\n<meta property=\"og:type\" content=\"article\" \/>\n<meta property=\"og:title\" content=\"Anchojade mit gr\u00fcnen Oliven\" \/>\n<meta property=\"og:description\" content=\"Entdecken Sie einen Klassiker und einen sicheren Wert der kulinarischen Tradition der Provence: L&#039;Ancho\u00efade.\" \/>\n<meta property=\"og:url\" content=\"https:\/\/www.lesdelicesdeprovence.ch\/de\/produits\/anchoiade-mit-gruenen-oliven\/\" \/>\n<meta property=\"og:site_name\" content=\"Les D\u00e9lices de Provence\" \/>\n<meta property=\"article:modified_time\" content=\"2025-06-28T17:16:13+00:00\" \/>\n<meta property=\"og:image\" content=\"https:\/\/www.lesdelicesdeprovence.ch\/wp-content\/uploads\/2022\/06\/IMG_6347.jpg\" \/>\n\t<meta property=\"og:image:width\" content=\"1689\" \/>\n\t<meta property=\"og:image:height\" content=\"2067\" \/>\n\t<meta property=\"og:image:type\" content=\"image\/jpeg\" \/>\n<meta name=\"twitter:card\" content=\"summary_large_image\" \/>\n<meta name=\"twitter:label1\" content=\"Gesch\u00e4tzte Lesezeit\" \/>\n\t<meta name=\"twitter:data1\" content=\"1\u00a0Minute\" \/>\n<script type=\"application\/ld+json\" class=\"yoast-schema-graph\">{\"@context\":\"https:\/\/schema.org\",\"@graph\":[{\"@type\":\"WebPage\",\"@id\":\"https:\/\/www.lesdelicesdeprovence.ch\/de\/produits\/anchoiade-mit-gruenen-oliven\/\",\"url\":\"https:\/\/www.lesdelicesdeprovence.ch\/de\/produits\/anchoiade-mit-gruenen-oliven\/\",\"name\":\"Anchojade mit gr\u00fcnen Oliven\",\"isPartOf\":{\"@id\":\"https:\/\/www.lesdelicesdeprovence.ch\/de\/#website\"},\"primaryImageOfPage\":{\"@id\":\"https:\/\/www.lesdelicesdeprovence.ch\/de\/produits\/anchoiade-mit-gruenen-oliven\/#primaryimage\"},\"image\":{\"@id\":\"https:\/\/www.lesdelicesdeprovence.ch\/de\/produits\/anchoiade-mit-gruenen-oliven\/#primaryimage\"},\"thumbnailUrl\":\"https:\/\/www.lesdelicesdeprovence.ch\/wp-content\/uploads\/2022\/06\/IMG_6347.jpg\",\"datePublished\":\"2022-06-13T17:41:34+00:00\",\"dateModified\":\"2025-06-28T17:16:13+00:00\",\"description\":\"Entdecken Sie einen Klassiker und einen sicheren Wert der kulinarischen Tradition der Provence: L'Ancho\u00efade.\",\"breadcrumb\":{\"@id\":\"https:\/\/www.lesdelicesdeprovence.ch\/de\/produits\/anchoiade-mit-gruenen-oliven\/#breadcrumb\"},\"inLanguage\":\"de\",\"potentialAction\":[{\"@type\":\"ReadAction\",\"target\":[\"https:\/\/www.lesdelicesdeprovence.ch\/de\/produits\/anchoiade-mit-gruenen-oliven\/\"]}]},{\"@type\":\"ImageObject\",\"inLanguage\":\"de\",\"@id\":\"https:\/\/www.lesdelicesdeprovence.ch\/de\/produits\/anchoiade-mit-gruenen-oliven\/#primaryimage\",\"url\":\"https:\/\/www.lesdelicesdeprovence.ch\/wp-content\/uploads\/2022\/06\/IMG_6347.jpg\",\"contentUrl\":\"https:\/\/www.lesdelicesdeprovence.ch\/wp-content\/uploads\/2022\/06\/IMG_6347.jpg\",\"width\":1689,\"height\":2067},{\"@type\":\"BreadcrumbList\",\"@id\":\"https:\/\/www.lesdelicesdeprovence.ch\/de\/produits\/anchoiade-mit-gruenen-oliven\/#breadcrumb\",\"itemListElement\":[{\"@type\":\"ListItem\",\"position\":1,\"name\":\"Accoglienza\",\"item\":\"https:\/\/www.lesdelicesdeprovence.ch\/de\/\"},{\"@type\":\"ListItem\",\"position\":2,\"name\":\"Shop\",\"item\":\"https:\/\/www.lesdelicesdeprovence.ch\/de\/geschaeft\/\"},{\"@type\":\"ListItem\",\"position\":3,\"name\":\"Anchojade mit gr\u00fcnen Oliven\"}]},{\"@type\":\"WebSite\",\"@id\":\"https:\/\/www.lesdelicesdeprovence.ch\/de\/#website\",\"url\":\"https:\/\/www.lesdelicesdeprovence.ch\/de\/\",\"name\":\"Les D\u00e9lices de Provence\",\"description\":\"Epicerie fine en ligne\",\"potentialAction\":[{\"@type\":\"SearchAction\",\"target\":{\"@type\":\"EntryPoint\",\"urlTemplate\":\"https:\/\/www.lesdelicesdeprovence.ch\/de\/?s={search_term_string}\"},\"query-input\":{\"@type\":\"PropertyValueSpecification\",\"valueRequired\":true,\"valueName\":\"search_term_string\"}}],\"inLanguage\":\"de\"}]}<\/script>\n<!-- \/ Yoast SEO plugin. -->","yoast_head_json":{"title":"Anchojade mit gr\u00fcnen Oliven","description":"Entdecken Sie einen Klassiker und einen sicheren Wert der kulinarischen Tradition der Provence: L'Ancho\u00efade.","robots":{"index":"index","follow":"follow","max-snippet":"max-snippet:-1","max-image-preview":"max-image-preview:large","max-video-preview":"max-video-preview:-1"},"canonical":"https:\/\/www.lesdelicesdeprovence.ch\/de\/produits\/anchoiade-mit-gruenen-oliven\/","og_locale":"de_DE","og_type":"article","og_title":"Anchojade mit gr\u00fcnen Oliven","og_description":"Entdecken Sie einen Klassiker und einen sicheren Wert der kulinarischen Tradition der Provence: L'Ancho\u00efade.","og_url":"https:\/\/www.lesdelicesdeprovence.ch\/de\/produits\/anchoiade-mit-gruenen-oliven\/","og_site_name":"Les D\u00e9lices de Provence","article_modified_time":"2025-06-28T17:16:13+00:00","og_image":[{"width":1689,"height":2067,"url":"https:\/\/www.lesdelicesdeprovence.ch\/wp-content\/uploads\/2022\/06\/IMG_6347.jpg","type":"image\/jpeg"}],"twitter_card":"summary_large_image","twitter_misc":{"Gesch\u00e4tzte Lesezeit":"1\u00a0Minute"},"schema":{"@context":"https:\/\/schema.org","@graph":[{"@type":"WebPage","@id":"https:\/\/www.lesdelicesdeprovence.ch\/de\/produits\/anchoiade-mit-gruenen-oliven\/","url":"https:\/\/www.lesdelicesdeprovence.ch\/de\/produits\/anchoiade-mit-gruenen-oliven\/","name":"Anchojade mit gr\u00fcnen Oliven","isPartOf":{"@id":"https:\/\/www.lesdelicesdeprovence.ch\/de\/#website"},"primaryImageOfPage":{"@id":"https:\/\/www.lesdelicesdeprovence.ch\/de\/produits\/anchoiade-mit-gruenen-oliven\/#primaryimage"},"image":{"@id":"https:\/\/www.lesdelicesdeprovence.ch\/de\/produits\/anchoiade-mit-gruenen-oliven\/#primaryimage"},"thumbnailUrl":"https:\/\/www.lesdelicesdeprovence.ch\/wp-content\/uploads\/2022\/06\/IMG_6347.jpg","datePublished":"2022-06-13T17:41:34+00:00","dateModified":"2025-06-28T17:16:13+00:00","description":"Entdecken Sie einen Klassiker und einen sicheren Wert der kulinarischen Tradition der Provence: L'Ancho\u00efade.","breadcrumb":{"@id":"https:\/\/www.lesdelicesdeprovence.ch\/de\/produits\/anchoiade-mit-gruenen-oliven\/#breadcrumb"},"inLanguage":"de","potentialAction":[{"@type":"ReadAction","target":["https:\/\/www.lesdelicesdeprovence.ch\/de\/produits\/anchoiade-mit-gruenen-oliven\/"]}]},{"@type":"ImageObject","inLanguage":"de","@id":"https:\/\/www.lesdelicesdeprovence.ch\/de\/produits\/anchoiade-mit-gruenen-oliven\/#primaryimage","url":"https:\/\/www.lesdelicesdeprovence.ch\/wp-content\/uploads\/2022\/06\/IMG_6347.jpg","contentUrl":"https:\/\/www.lesdelicesdeprovence.ch\/wp-content\/uploads\/2022\/06\/IMG_6347.jpg","width":1689,"height":2067},{"@type":"BreadcrumbList","@id":"https:\/\/www.lesdelicesdeprovence.ch\/de\/produits\/anchoiade-mit-gruenen-oliven\/#breadcrumb","itemListElement":[{"@type":"ListItem","position":1,"name":"Accoglienza","item":"https:\/\/www.lesdelicesdeprovence.ch\/de\/"},{"@type":"ListItem","position":2,"name":"Shop","item":"https:\/\/www.lesdelicesdeprovence.ch\/de\/geschaeft\/"},{"@type":"ListItem","position":3,"name":"Anchojade mit gr\u00fcnen Oliven"}]},{"@type":"WebSite","@id":"https:\/\/www.lesdelicesdeprovence.ch\/de\/#website","url":"https:\/\/www.lesdelicesdeprovence.ch\/de\/","name":"Les D\u00e9lices de Provence","description":"Epicerie fine en ligne","potentialAction":[{"@type":"SearchAction","target":{"@type":"EntryPoint","urlTemplate":"https:\/\/www.lesdelicesdeprovence.ch\/de\/?s={search_term_string}"},"query-input":{"@type":"PropertyValueSpecification","valueRequired":true,"valueName":"search_term_string"}}],"inLanguage":"de"}]}},"_links":{"self":[{"href":"https:\/\/www.lesdelicesdeprovence.ch\/de\/wp-json\/wp\/v2\/product\/6685","targetHints":{"allow":["GET"]}}],"collection":[{"href":"https:\/\/www.lesdelicesdeprovence.ch\/de\/wp-json\/wp\/v2\/product"}],"about":[{"href":"https:\/\/www.lesdelicesdeprovence.ch\/de\/wp-json\/wp\/v2\/types\/product"}],"version-history":[{"count":4,"href":"https:\/\/www.lesdelicesdeprovence.ch\/de\/wp-json\/wp\/v2\/product\/6685\/revisions"}],"predecessor-version":[{"id":12989,"href":"https:\/\/www.lesdelicesdeprovence.ch\/de\/wp-json\/wp\/v2\/product\/6685\/revisions\/12989"}],"wp:featuredmedia":[{"embeddable":true,"href":"https:\/\/www.lesdelicesdeprovence.ch\/de\/wp-json\/wp\/v2\/media\/10063"}],"wp:attachment":[{"href":"https:\/\/www.lesdelicesdeprovence.ch\/de\/wp-json\/wp\/v2\/media?parent=6685"}],"wp:term":[{"taxonomy":"product_cat","embeddable":true,"href":"https:\/\/www.lesdelicesdeprovence.ch\/de\/wp-json\/wp\/v2\/product_cat?post=6685"},{"taxonomy":"product_tag","embeddable":true,"href":"https:\/\/www.lesdelicesdeprovence.ch\/de\/wp-json\/wp\/v2\/product_tag?post=6685"}],"curies":[{"name":"wp","href":"https:\/\/api.w.org\/{rel}","templated":true}]}}