{"id":6704,"date":"2022-06-13T18:12:18","date_gmt":"2022-06-13T18:12:18","guid":{"rendered":"https:\/\/www.aromeprod2.com\/?post_type=product&#038;p=6704"},"modified":"2025-02-16T12:14:27","modified_gmt":"2025-02-16T12:14:27","slug":"spargelcremesuppe-mit-knoblauch","status":"publish","type":"product","link":"https:\/\/www.lesdelicesdeprovence.ch\/de\/produits\/spargelcremesuppe-mit-knoblauch\/","title":{"rendered":"Spargelcremesuppe mit Knoblauch"},"content":{"rendered":"<p>Ein ganz besonderer, charaktervoller Geschmack, der Spargelliebhaber ansprechen wird, die auf der Suche nach einem au\u00dfergew\u00f6hnlichen Geschmack sind.<\/p>\n<p>Die Milde des Spargels aus der Provence, der weltweit f\u00fcr seine Qualit\u00e4t bekannt ist, und die Sch\u00e4rfe des Knoblauchs verleihen dieser Aperitifsauce ein originelles Aroma, das sich hervorragend als Aperitif oder in Verbindung mit Fisch eignet.<\/p>\n<p><strong>Zutaten: Spargel (70%), Knoblauch, Oliven\u00f6l, wei\u00dfer Essig, Speisest\u00e4rke, Grana Padano, Salz, Xanthan, Guam, Pfeffer.<\/strong><\/p>\n<p><strong>Inhalt: 90g<\/strong><\/p>\n","protected":false},"excerpt":{"rendered":"<p>Ein einzigartiges Rezept aus der Kombination von schmackhaftem Spargel und Knoblauch aus der Provence, mit dem Sie sich zum Aperitif verw\u00f6hnen lassen k\u00f6nnen.<\/p>\n","protected":false},"featured_media":6702,"template":"","meta":[],"product_cat":[246],"product_tag":[],"class_list":{"0":"post-6704","1":"product","2":"type-product","3":"status-publish","4":"has-post-thumbnail","6":"product_cat-aperitif-saucen","8":"first","9":"outofstock","10":"taxable","11":"shipping-taxable","12":"purchasable","13":"product-type-simple"},"yoast_head":"<!-- This site is optimized with the Yoast SEO plugin v27.2 - https:\/\/yoast.com\/product\/yoast-seo-wordpress\/ -->\n<title>Spargelcremesuppe mit Knoblauch<\/title>\n<meta name=\"description\" content=\"Ein einzigartiges Rezept aus der Kombination von schmackhaftem Spargel und Knoblauch aus der Provence, mit dem Sie sich zum Aperitif verw\u00f6hnen lassen k\u00f6nnen.\" \/>\n<meta name=\"robots\" content=\"index, follow, max-snippet:-1, max-image-preview:large, max-video-preview:-1\" \/>\n<link rel=\"canonical\" href=\"https:\/\/www.lesdelicesdeprovence.ch\/de\/produits\/spargelcremesuppe-mit-knoblauch\/\" \/>\n<meta property=\"og:locale\" content=\"de_DE\" \/>\n<meta property=\"og:type\" content=\"article\" \/>\n<meta property=\"og:title\" content=\"Spargelcremesuppe mit Knoblauch\" \/>\n<meta property=\"og:description\" content=\"Ein einzigartiges Rezept aus der Kombination von schmackhaftem Spargel und Knoblauch aus der Provence, mit dem Sie sich zum Aperitif verw\u00f6hnen lassen k\u00f6nnen.\" \/>\n<meta property=\"og:url\" content=\"https:\/\/www.lesdelicesdeprovence.ch\/de\/produits\/spargelcremesuppe-mit-knoblauch\/\" \/>\n<meta property=\"og:site_name\" content=\"Les D\u00e9lices de Provence\" \/>\n<meta property=\"article:modified_time\" content=\"2025-02-16T12:14:27+00:00\" \/>\n<meta property=\"og:image\" content=\"http:\/\/www.lesdelicesdeprovence.ch\/wp-content\/uploads\/2022\/06\/IMG_6276-1.jpg\" \/>\n\t<meta property=\"og:image:width\" content=\"1942\" \/>\n\t<meta property=\"og:image:height\" content=\"2061\" \/>\n\t<meta property=\"og:image:type\" content=\"image\/jpeg\" \/>\n<meta name=\"twitter:card\" content=\"summary_large_image\" \/>\n<meta name=\"twitter:label1\" content=\"Gesch\u00e4tzte Lesezeit\" \/>\n\t<meta name=\"twitter:data1\" content=\"1\u00a0Minute\" \/>\n<script type=\"application\/ld+json\" class=\"yoast-schema-graph\">{\"@context\":\"https:\/\/schema.org\",\"@graph\":[{\"@type\":\"WebPage\",\"@id\":\"https:\/\/www.lesdelicesdeprovence.ch\/de\/produits\/spargelcremesuppe-mit-knoblauch\/\",\"url\":\"https:\/\/www.lesdelicesdeprovence.ch\/de\/produits\/spargelcremesuppe-mit-knoblauch\/\",\"name\":\"Spargelcremesuppe mit Knoblauch\",\"isPartOf\":{\"@id\":\"https:\/\/www.lesdelicesdeprovence.ch\/de\/#website\"},\"primaryImageOfPage\":{\"@id\":\"https:\/\/www.lesdelicesdeprovence.ch\/de\/produits\/spargelcremesuppe-mit-knoblauch\/#primaryimage\"},\"image\":{\"@id\":\"https:\/\/www.lesdelicesdeprovence.ch\/de\/produits\/spargelcremesuppe-mit-knoblauch\/#primaryimage\"},\"thumbnailUrl\":\"https:\/\/www.lesdelicesdeprovence.ch\/wp-content\/uploads\/2022\/06\/IMG_6276-1.jpg\",\"datePublished\":\"2022-06-13T18:12:18+00:00\",\"dateModified\":\"2025-02-16T12:14:27+00:00\",\"description\":\"Ein einzigartiges Rezept aus der Kombination von schmackhaftem Spargel und Knoblauch aus der Provence, mit dem Sie sich zum Aperitif verw\u00f6hnen lassen k\u00f6nnen.\",\"breadcrumb\":{\"@id\":\"https:\/\/www.lesdelicesdeprovence.ch\/de\/produits\/spargelcremesuppe-mit-knoblauch\/#breadcrumb\"},\"inLanguage\":\"de\",\"potentialAction\":[{\"@type\":\"ReadAction\",\"target\":[\"https:\/\/www.lesdelicesdeprovence.ch\/de\/produits\/spargelcremesuppe-mit-knoblauch\/\"]}]},{\"@type\":\"ImageObject\",\"inLanguage\":\"de\",\"@id\":\"https:\/\/www.lesdelicesdeprovence.ch\/de\/produits\/spargelcremesuppe-mit-knoblauch\/#primaryimage\",\"url\":\"https:\/\/www.lesdelicesdeprovence.ch\/wp-content\/uploads\/2022\/06\/IMG_6276-1.jpg\",\"contentUrl\":\"https:\/\/www.lesdelicesdeprovence.ch\/wp-content\/uploads\/2022\/06\/IMG_6276-1.jpg\",\"width\":1942,\"height\":2061},{\"@type\":\"BreadcrumbList\",\"@id\":\"https:\/\/www.lesdelicesdeprovence.ch\/de\/produits\/spargelcremesuppe-mit-knoblauch\/#breadcrumb\",\"itemListElement\":[{\"@type\":\"ListItem\",\"position\":1,\"name\":\"Accoglienza\",\"item\":\"https:\/\/www.lesdelicesdeprovence.ch\/de\/\"},{\"@type\":\"ListItem\",\"position\":2,\"name\":\"Shop\",\"item\":\"https:\/\/www.lesdelicesdeprovence.ch\/de\/geschaeft\/\"},{\"@type\":\"ListItem\",\"position\":3,\"name\":\"Spargelcremesuppe mit Knoblauch\"}]},{\"@type\":\"WebSite\",\"@id\":\"https:\/\/www.lesdelicesdeprovence.ch\/de\/#website\",\"url\":\"https:\/\/www.lesdelicesdeprovence.ch\/de\/\",\"name\":\"Les D\u00e9lices de Provence\",\"description\":\"Epicerie fine en ligne\",\"potentialAction\":[{\"@type\":\"SearchAction\",\"target\":{\"@type\":\"EntryPoint\",\"urlTemplate\":\"https:\/\/www.lesdelicesdeprovence.ch\/de\/?s={search_term_string}\"},\"query-input\":{\"@type\":\"PropertyValueSpecification\",\"valueRequired\":true,\"valueName\":\"search_term_string\"}}],\"inLanguage\":\"de\"}]}<\/script>\n<!-- \/ Yoast SEO plugin. -->","yoast_head_json":{"title":"Spargelcremesuppe mit Knoblauch","description":"Ein einzigartiges Rezept aus der Kombination von schmackhaftem Spargel und Knoblauch aus der Provence, mit dem Sie sich zum Aperitif verw\u00f6hnen lassen k\u00f6nnen.","robots":{"index":"index","follow":"follow","max-snippet":"max-snippet:-1","max-image-preview":"max-image-preview:large","max-video-preview":"max-video-preview:-1"},"canonical":"https:\/\/www.lesdelicesdeprovence.ch\/de\/produits\/spargelcremesuppe-mit-knoblauch\/","og_locale":"de_DE","og_type":"article","og_title":"Spargelcremesuppe mit Knoblauch","og_description":"Ein einzigartiges Rezept aus der Kombination von schmackhaftem Spargel und Knoblauch aus der Provence, mit dem Sie sich zum Aperitif verw\u00f6hnen lassen k\u00f6nnen.","og_url":"https:\/\/www.lesdelicesdeprovence.ch\/de\/produits\/spargelcremesuppe-mit-knoblauch\/","og_site_name":"Les D\u00e9lices de Provence","article_modified_time":"2025-02-16T12:14:27+00:00","og_image":[{"width":1942,"height":2061,"url":"http:\/\/www.lesdelicesdeprovence.ch\/wp-content\/uploads\/2022\/06\/IMG_6276-1.jpg","type":"image\/jpeg"}],"twitter_card":"summary_large_image","twitter_misc":{"Gesch\u00e4tzte Lesezeit":"1\u00a0Minute"},"schema":{"@context":"https:\/\/schema.org","@graph":[{"@type":"WebPage","@id":"https:\/\/www.lesdelicesdeprovence.ch\/de\/produits\/spargelcremesuppe-mit-knoblauch\/","url":"https:\/\/www.lesdelicesdeprovence.ch\/de\/produits\/spargelcremesuppe-mit-knoblauch\/","name":"Spargelcremesuppe mit Knoblauch","isPartOf":{"@id":"https:\/\/www.lesdelicesdeprovence.ch\/de\/#website"},"primaryImageOfPage":{"@id":"https:\/\/www.lesdelicesdeprovence.ch\/de\/produits\/spargelcremesuppe-mit-knoblauch\/#primaryimage"},"image":{"@id":"https:\/\/www.lesdelicesdeprovence.ch\/de\/produits\/spargelcremesuppe-mit-knoblauch\/#primaryimage"},"thumbnailUrl":"https:\/\/www.lesdelicesdeprovence.ch\/wp-content\/uploads\/2022\/06\/IMG_6276-1.jpg","datePublished":"2022-06-13T18:12:18+00:00","dateModified":"2025-02-16T12:14:27+00:00","description":"Ein einzigartiges Rezept aus der Kombination von schmackhaftem Spargel und Knoblauch aus der Provence, mit dem Sie sich zum Aperitif verw\u00f6hnen lassen k\u00f6nnen.","breadcrumb":{"@id":"https:\/\/www.lesdelicesdeprovence.ch\/de\/produits\/spargelcremesuppe-mit-knoblauch\/#breadcrumb"},"inLanguage":"de","potentialAction":[{"@type":"ReadAction","target":["https:\/\/www.lesdelicesdeprovence.ch\/de\/produits\/spargelcremesuppe-mit-knoblauch\/"]}]},{"@type":"ImageObject","inLanguage":"de","@id":"https:\/\/www.lesdelicesdeprovence.ch\/de\/produits\/spargelcremesuppe-mit-knoblauch\/#primaryimage","url":"https:\/\/www.lesdelicesdeprovence.ch\/wp-content\/uploads\/2022\/06\/IMG_6276-1.jpg","contentUrl":"https:\/\/www.lesdelicesdeprovence.ch\/wp-content\/uploads\/2022\/06\/IMG_6276-1.jpg","width":1942,"height":2061},{"@type":"BreadcrumbList","@id":"https:\/\/www.lesdelicesdeprovence.ch\/de\/produits\/spargelcremesuppe-mit-knoblauch\/#breadcrumb","itemListElement":[{"@type":"ListItem","position":1,"name":"Accoglienza","item":"https:\/\/www.lesdelicesdeprovence.ch\/de\/"},{"@type":"ListItem","position":2,"name":"Shop","item":"https:\/\/www.lesdelicesdeprovence.ch\/de\/geschaeft\/"},{"@type":"ListItem","position":3,"name":"Spargelcremesuppe mit Knoblauch"}]},{"@type":"WebSite","@id":"https:\/\/www.lesdelicesdeprovence.ch\/de\/#website","url":"https:\/\/www.lesdelicesdeprovence.ch\/de\/","name":"Les D\u00e9lices de Provence","description":"Epicerie fine en ligne","potentialAction":[{"@type":"SearchAction","target":{"@type":"EntryPoint","urlTemplate":"https:\/\/www.lesdelicesdeprovence.ch\/de\/?s={search_term_string}"},"query-input":{"@type":"PropertyValueSpecification","valueRequired":true,"valueName":"search_term_string"}}],"inLanguage":"de"}]}},"_links":{"self":[{"href":"https:\/\/www.lesdelicesdeprovence.ch\/de\/wp-json\/wp\/v2\/product\/6704","targetHints":{"allow":["GET"]}}],"collection":[{"href":"https:\/\/www.lesdelicesdeprovence.ch\/de\/wp-json\/wp\/v2\/product"}],"about":[{"href":"https:\/\/www.lesdelicesdeprovence.ch\/de\/wp-json\/wp\/v2\/types\/product"}],"version-history":[{"count":4,"href":"https:\/\/www.lesdelicesdeprovence.ch\/de\/wp-json\/wp\/v2\/product\/6704\/revisions"}],"predecessor-version":[{"id":12994,"href":"https:\/\/www.lesdelicesdeprovence.ch\/de\/wp-json\/wp\/v2\/product\/6704\/revisions\/12994"}],"wp:featuredmedia":[{"embeddable":true,"href":"https:\/\/www.lesdelicesdeprovence.ch\/de\/wp-json\/wp\/v2\/media\/6702"}],"wp:attachment":[{"href":"https:\/\/www.lesdelicesdeprovence.ch\/de\/wp-json\/wp\/v2\/media?parent=6704"}],"wp:term":[{"taxonomy":"product_cat","embeddable":true,"href":"https:\/\/www.lesdelicesdeprovence.ch\/de\/wp-json\/wp\/v2\/product_cat?post=6704"},{"taxonomy":"product_tag","embeddable":true,"href":"https:\/\/www.lesdelicesdeprovence.ch\/de\/wp-json\/wp\/v2\/product_tag?post=6704"}],"curies":[{"name":"wp","href":"https:\/\/api.w.org\/{rel}","templated":true}]}}