{"id":6725,"date":"2022-06-03T09:59:49","date_gmt":"2022-06-03T09:59:49","guid":{"rendered":"https:\/\/www.aromeprod2.com\/?post_type=product&#038;p=6725"},"modified":"2024-03-28T14:03:23","modified_gmt":"2024-03-28T14:03:23","slug":"pepe-supremo-2","status":"publish","type":"product","link":"https:\/\/www.lesdelicesdeprovence.ch\/de\/produits\/pepe-supremo-2\/","title":{"rendered":"Paprikasuppe auf mediterrane Art"},"content":{"rendered":"<p>Eine vielseitige Spezialit\u00e4t f\u00fcr vielf\u00e4ltige Gaumenfreuden.<\/p>\n<p>Diese Sauce wurde bei einem Hersteller in Mori\u00e8re im Vaucluse entdeckt und passt wunderbar zu vielen Gerichten &#8211; vorausgesetzt, Sie m\u00f6gen Paprika!<\/p>\n<p>Wenn das der Fall ist, k\u00f6nnen Sie sich gerne mit Pasta, Gegrilltem, Gefl\u00fcgel, direkt im Hackfleisch f\u00fcr Burritos oder einfach als Aperitif auf Brot verw\u00f6hnen lassen. Eine Seltenheit f\u00fcr eine herzhafte Sauce: Sie passt auch sehr gut zu frischem Ziegenk\u00e4se.<\/p>\n<p>F\u00fcr den Rest lassen Sie Ihrer Fantasie freien Lauf!<\/p>\n<p><strong>Zutaten: Rote Paprika, Sonnenblumen\u00f6l, Ricotta, Pecorino, Grana Padano, Zwiebel, Salz, Tomatenmark, Zucker, Glukosesirup.<\/strong><\/p>\n<p><strong>Inhalt: 180g<\/strong><\/p>\n","protected":false},"excerpt":{"rendered":"<p>Eine sehr leckere hausgemachte So\u00dfe, von der man nie genug bekommen kann! Wir waren auf jeden Fall begeistert von dieser wunderbaren Kombination aus roter provenzalischer Paprika, Ricotta, Grana Padano und leckeren Tomaten!<\/p>\n","protected":false},"featured_media":6879,"template":"","meta":[],"product_cat":[246],"product_tag":[],"class_list":{"0":"post-6725","1":"product","2":"type-product","3":"status-publish","4":"has-post-thumbnail","6":"product_cat-aperitif-saucen","8":"first","9":"instock","10":"taxable","11":"shipping-taxable","12":"purchasable","13":"product-type-simple"},"yoast_head":"<!-- This site is optimized with the Yoast SEO plugin v27.2 - https:\/\/yoast.com\/product\/yoast-seo-wordpress\/ -->\n<title>Paprikasuppe auf mediterrane Art<\/title>\n<meta name=\"description\" content=\"Entdecken Sie unsere Paprikasuppe, eine hausgemachte, k\u00f6stliche Sauce, von der man nie genug bekommen kann!\" \/>\n<meta name=\"robots\" content=\"index, follow, max-snippet:-1, max-image-preview:large, max-video-preview:-1\" \/>\n<link rel=\"canonical\" href=\"https:\/\/www.lesdelicesdeprovence.ch\/de\/produits\/pepe-supremo-2\/\" \/>\n<meta property=\"og:locale\" content=\"de_DE\" \/>\n<meta property=\"og:type\" content=\"article\" \/>\n<meta property=\"og:title\" content=\"Paprikasuppe auf mediterrane Art\" \/>\n<meta property=\"og:description\" content=\"Entdecken Sie unsere Paprikasuppe, eine hausgemachte, k\u00f6stliche Sauce, von der man nie genug bekommen kann!\" \/>\n<meta property=\"og:url\" content=\"https:\/\/www.lesdelicesdeprovence.ch\/de\/produits\/pepe-supremo-2\/\" \/>\n<meta property=\"og:site_name\" content=\"Les D\u00e9lices de Provence\" \/>\n<meta property=\"article:modified_time\" content=\"2024-03-28T14:03:23+00:00\" \/>\n<meta property=\"og:image\" content=\"https:\/\/www.lesdelicesdeprovence.ch\/wp-content\/uploads\/2022\/06\/supreme_poivron_a_la_mediterraneenne.jpg\" \/>\n\t<meta property=\"og:image:width\" content=\"2112\" \/>\n\t<meta property=\"og:image:height\" content=\"2470\" \/>\n\t<meta property=\"og:image:type\" content=\"image\/jpeg\" \/>\n<meta name=\"twitter:card\" content=\"summary_large_image\" \/>\n<meta name=\"twitter:label1\" content=\"Gesch\u00e4tzte Lesezeit\" \/>\n\t<meta name=\"twitter:data1\" content=\"1\u00a0Minute\" \/>\n<script type=\"application\/ld+json\" class=\"yoast-schema-graph\">{\"@context\":\"https:\/\/schema.org\",\"@graph\":[{\"@type\":\"WebPage\",\"@id\":\"https:\/\/www.lesdelicesdeprovence.ch\/de\/produits\/pepe-supremo-2\/\",\"url\":\"https:\/\/www.lesdelicesdeprovence.ch\/de\/produits\/pepe-supremo-2\/\",\"name\":\"Paprikasuppe auf mediterrane Art\",\"isPartOf\":{\"@id\":\"https:\/\/www.lesdelicesdeprovence.ch\/de\/#website\"},\"primaryImageOfPage\":{\"@id\":\"https:\/\/www.lesdelicesdeprovence.ch\/de\/produits\/pepe-supremo-2\/#primaryimage\"},\"image\":{\"@id\":\"https:\/\/www.lesdelicesdeprovence.ch\/de\/produits\/pepe-supremo-2\/#primaryimage\"},\"thumbnailUrl\":\"https:\/\/www.lesdelicesdeprovence.ch\/wp-content\/uploads\/2022\/06\/supreme_poivron_a_la_mediterraneenne.jpg\",\"datePublished\":\"2022-06-03T09:59:49+00:00\",\"dateModified\":\"2024-03-28T14:03:23+00:00\",\"description\":\"Entdecken Sie unsere Paprikasuppe, eine hausgemachte, k\u00f6stliche Sauce, von der man nie genug bekommen kann!\",\"breadcrumb\":{\"@id\":\"https:\/\/www.lesdelicesdeprovence.ch\/de\/produits\/pepe-supremo-2\/#breadcrumb\"},\"inLanguage\":\"de\",\"potentialAction\":[{\"@type\":\"ReadAction\",\"target\":[\"https:\/\/www.lesdelicesdeprovence.ch\/de\/produits\/pepe-supremo-2\/\"]}]},{\"@type\":\"ImageObject\",\"inLanguage\":\"de\",\"@id\":\"https:\/\/www.lesdelicesdeprovence.ch\/de\/produits\/pepe-supremo-2\/#primaryimage\",\"url\":\"https:\/\/www.lesdelicesdeprovence.ch\/wp-content\/uploads\/2022\/06\/supreme_poivron_a_la_mediterraneenne.jpg\",\"contentUrl\":\"https:\/\/www.lesdelicesdeprovence.ch\/wp-content\/uploads\/2022\/06\/supreme_poivron_a_la_mediterraneenne.jpg\",\"width\":2112,\"height\":2470},{\"@type\":\"BreadcrumbList\",\"@id\":\"https:\/\/www.lesdelicesdeprovence.ch\/de\/produits\/pepe-supremo-2\/#breadcrumb\",\"itemListElement\":[{\"@type\":\"ListItem\",\"position\":1,\"name\":\"Accoglienza\",\"item\":\"https:\/\/www.lesdelicesdeprovence.ch\/de\/\"},{\"@type\":\"ListItem\",\"position\":2,\"name\":\"Shop\",\"item\":\"https:\/\/www.lesdelicesdeprovence.ch\/de\/geschaeft\/\"},{\"@type\":\"ListItem\",\"position\":3,\"name\":\"Paprikasuppe auf mediterrane Art\"}]},{\"@type\":\"WebSite\",\"@id\":\"https:\/\/www.lesdelicesdeprovence.ch\/de\/#website\",\"url\":\"https:\/\/www.lesdelicesdeprovence.ch\/de\/\",\"name\":\"Les D\u00e9lices de Provence\",\"description\":\"Epicerie fine en ligne\",\"potentialAction\":[{\"@type\":\"SearchAction\",\"target\":{\"@type\":\"EntryPoint\",\"urlTemplate\":\"https:\/\/www.lesdelicesdeprovence.ch\/de\/?s={search_term_string}\"},\"query-input\":{\"@type\":\"PropertyValueSpecification\",\"valueRequired\":true,\"valueName\":\"search_term_string\"}}],\"inLanguage\":\"de\"}]}<\/script>\n<!-- \/ Yoast SEO plugin. -->","yoast_head_json":{"title":"Paprikasuppe auf mediterrane Art","description":"Entdecken Sie unsere Paprikasuppe, eine hausgemachte, k\u00f6stliche Sauce, von der man nie genug bekommen kann!","robots":{"index":"index","follow":"follow","max-snippet":"max-snippet:-1","max-image-preview":"max-image-preview:large","max-video-preview":"max-video-preview:-1"},"canonical":"https:\/\/www.lesdelicesdeprovence.ch\/de\/produits\/pepe-supremo-2\/","og_locale":"de_DE","og_type":"article","og_title":"Paprikasuppe auf mediterrane Art","og_description":"Entdecken Sie unsere Paprikasuppe, eine hausgemachte, k\u00f6stliche Sauce, von der man nie genug bekommen kann!","og_url":"https:\/\/www.lesdelicesdeprovence.ch\/de\/produits\/pepe-supremo-2\/","og_site_name":"Les D\u00e9lices de Provence","article_modified_time":"2024-03-28T14:03:23+00:00","og_image":[{"width":2112,"height":2470,"url":"https:\/\/www.lesdelicesdeprovence.ch\/wp-content\/uploads\/2022\/06\/supreme_poivron_a_la_mediterraneenne.jpg","type":"image\/jpeg"}],"twitter_card":"summary_large_image","twitter_misc":{"Gesch\u00e4tzte Lesezeit":"1\u00a0Minute"},"schema":{"@context":"https:\/\/schema.org","@graph":[{"@type":"WebPage","@id":"https:\/\/www.lesdelicesdeprovence.ch\/de\/produits\/pepe-supremo-2\/","url":"https:\/\/www.lesdelicesdeprovence.ch\/de\/produits\/pepe-supremo-2\/","name":"Paprikasuppe auf mediterrane Art","isPartOf":{"@id":"https:\/\/www.lesdelicesdeprovence.ch\/de\/#website"},"primaryImageOfPage":{"@id":"https:\/\/www.lesdelicesdeprovence.ch\/de\/produits\/pepe-supremo-2\/#primaryimage"},"image":{"@id":"https:\/\/www.lesdelicesdeprovence.ch\/de\/produits\/pepe-supremo-2\/#primaryimage"},"thumbnailUrl":"https:\/\/www.lesdelicesdeprovence.ch\/wp-content\/uploads\/2022\/06\/supreme_poivron_a_la_mediterraneenne.jpg","datePublished":"2022-06-03T09:59:49+00:00","dateModified":"2024-03-28T14:03:23+00:00","description":"Entdecken Sie unsere Paprikasuppe, eine hausgemachte, k\u00f6stliche Sauce, von der man nie genug bekommen kann!","breadcrumb":{"@id":"https:\/\/www.lesdelicesdeprovence.ch\/de\/produits\/pepe-supremo-2\/#breadcrumb"},"inLanguage":"de","potentialAction":[{"@type":"ReadAction","target":["https:\/\/www.lesdelicesdeprovence.ch\/de\/produits\/pepe-supremo-2\/"]}]},{"@type":"ImageObject","inLanguage":"de","@id":"https:\/\/www.lesdelicesdeprovence.ch\/de\/produits\/pepe-supremo-2\/#primaryimage","url":"https:\/\/www.lesdelicesdeprovence.ch\/wp-content\/uploads\/2022\/06\/supreme_poivron_a_la_mediterraneenne.jpg","contentUrl":"https:\/\/www.lesdelicesdeprovence.ch\/wp-content\/uploads\/2022\/06\/supreme_poivron_a_la_mediterraneenne.jpg","width":2112,"height":2470},{"@type":"BreadcrumbList","@id":"https:\/\/www.lesdelicesdeprovence.ch\/de\/produits\/pepe-supremo-2\/#breadcrumb","itemListElement":[{"@type":"ListItem","position":1,"name":"Accoglienza","item":"https:\/\/www.lesdelicesdeprovence.ch\/de\/"},{"@type":"ListItem","position":2,"name":"Shop","item":"https:\/\/www.lesdelicesdeprovence.ch\/de\/geschaeft\/"},{"@type":"ListItem","position":3,"name":"Paprikasuppe auf mediterrane Art"}]},{"@type":"WebSite","@id":"https:\/\/www.lesdelicesdeprovence.ch\/de\/#website","url":"https:\/\/www.lesdelicesdeprovence.ch\/de\/","name":"Les D\u00e9lices de Provence","description":"Epicerie fine en ligne","potentialAction":[{"@type":"SearchAction","target":{"@type":"EntryPoint","urlTemplate":"https:\/\/www.lesdelicesdeprovence.ch\/de\/?s={search_term_string}"},"query-input":{"@type":"PropertyValueSpecification","valueRequired":true,"valueName":"search_term_string"}}],"inLanguage":"de"}]}},"_links":{"self":[{"href":"https:\/\/www.lesdelicesdeprovence.ch\/de\/wp-json\/wp\/v2\/product\/6725","targetHints":{"allow":["GET"]}}],"collection":[{"href":"https:\/\/www.lesdelicesdeprovence.ch\/de\/wp-json\/wp\/v2\/product"}],"about":[{"href":"https:\/\/www.lesdelicesdeprovence.ch\/de\/wp-json\/wp\/v2\/types\/product"}],"version-history":[{"count":6,"href":"https:\/\/www.lesdelicesdeprovence.ch\/de\/wp-json\/wp\/v2\/product\/6725\/revisions"}],"predecessor-version":[{"id":12933,"href":"https:\/\/www.lesdelicesdeprovence.ch\/de\/wp-json\/wp\/v2\/product\/6725\/revisions\/12933"}],"wp:featuredmedia":[{"embeddable":true,"href":"https:\/\/www.lesdelicesdeprovence.ch\/de\/wp-json\/wp\/v2\/media\/6879"}],"wp:attachment":[{"href":"https:\/\/www.lesdelicesdeprovence.ch\/de\/wp-json\/wp\/v2\/media?parent=6725"}],"wp:term":[{"taxonomy":"product_cat","embeddable":true,"href":"https:\/\/www.lesdelicesdeprovence.ch\/de\/wp-json\/wp\/v2\/product_cat?post=6725"},{"taxonomy":"product_tag","embeddable":true,"href":"https:\/\/www.lesdelicesdeprovence.ch\/de\/wp-json\/wp\/v2\/product_tag?post=6725"}],"curies":[{"name":"wp","href":"https:\/\/api.w.org\/{rel}","templated":true}]}}