{"id":6749,"date":"2022-06-13T07:44:56","date_gmt":"2022-06-13T07:44:56","guid":{"rendered":"https:\/\/www.aromeprod2.com\/?post_type=product&#038;p=6749"},"modified":"2024-03-28T14:03:30","modified_gmt":"2024-03-28T14:03:30","slug":"schwarze-provenzalische-tapenade","status":"publish","type":"product","link":"https:\/\/www.lesdelicesdeprovence.ch\/de\/produits\/schwarze-provenzalische-tapenade\/","title":{"rendered":"Schwarze provenzalische Tapenade"},"content":{"rendered":"<p>Die Tapenade Noire muss nicht mehr vorgestellt werden. Sie ist seit Jahrhunderten ein unverzichtbarer Klassiker der provenzalischen Kochkunst. Wir haben uns viel Zeit gelassen (5 Jahre), um einen in unser Sortiment aufzunehmen, da wir mit den zuvor verkosteten nicht zufrieden waren.<\/p>\n<p>Diese (Silbermedaille in Paris 2013) hat uns in allen Punkten gefallen: Charakter, Ausgewogenheit des Rezepts, Textur, Qualit\u00e4t der Zutaten und hausgemacht von einem Olivenhain im Gard mit den hochwertigen Oliven des Weinguts.<\/p>\n<p>Auf Toast ist es eine Alternative zu Brezeln und anderen Erdn\u00fcssen. Sie verleiht Ihren Rohkostsalaten eine sehr s\u00fcdliche Note und macht Ihre Saucen kr\u00e4ftiger.<br \/>\nEr passt sehr gut zu Koteletts oder einer Lammkeule.<\/p>\n<p><strong>Zutaten: Schwarze Olive 88%, Kapern 3.5%, Knoblauch 3%, Oliven\u00f6l 2.5%, Kr\u00e4uter der Provence 1.5%, Sardellen 0.8%, Salz<\/strong><\/p>\n<p><strong>Inhalt: 85g<\/strong><\/p>\n<p>&nbsp;<\/p>\n","protected":false},"excerpt":{"rendered":"<p>Von uns in einem Olivenhain im Gard aus Dutzenden von verkosteten Tapenaden ausgew\u00e4hlt.<\/p>\n<p>Ein Klassiker der provenzalischen Gastronomie, perfekt zubereitet!<\/p>\n","protected":false},"featured_media":8400,"template":"","meta":[],"product_cat":[246],"product_tag":[],"class_list":{"0":"post-6749","1":"product","2":"type-product","3":"status-publish","4":"has-post-thumbnail","6":"product_cat-aperitif-saucen","8":"first","9":"instock","10":"taxable","11":"shipping-taxable","12":"purchasable","13":"product-type-simple"},"yoast_head":"<!-- This site is optimized with the Yoast SEO plugin v27.2 - https:\/\/yoast.com\/product\/yoast-seo-wordpress\/ -->\n<title>Schwarze provenzalische Tapenade<\/title>\n<meta name=\"description\" content=\"Von uns in einem Olivenhain im Gard aus Dutzenden von verkosteten Tapenaden ausgew\u00e4hlt. Ein Klassiker der provenzalischen Gastronomie, perfekt zubereitet!\" \/>\n<meta name=\"robots\" content=\"index, follow, max-snippet:-1, max-image-preview:large, max-video-preview:-1\" \/>\n<link rel=\"canonical\" href=\"https:\/\/www.lesdelicesdeprovence.ch\/de\/produits\/schwarze-provenzalische-tapenade\/\" \/>\n<meta property=\"og:locale\" content=\"de_DE\" \/>\n<meta property=\"og:type\" content=\"article\" \/>\n<meta property=\"og:title\" content=\"Schwarze provenzalische Tapenade\" \/>\n<meta property=\"og:description\" content=\"Von uns in einem Olivenhain im Gard aus Dutzenden von verkosteten Tapenaden ausgew\u00e4hlt. Ein Klassiker der provenzalischen Gastronomie, perfekt zubereitet!\" \/>\n<meta property=\"og:url\" content=\"https:\/\/www.lesdelicesdeprovence.ch\/de\/produits\/schwarze-provenzalische-tapenade\/\" \/>\n<meta property=\"og:site_name\" content=\"Les D\u00e9lices de Provence\" \/>\n<meta property=\"article:modified_time\" content=\"2024-03-28T14:03:30+00:00\" \/>\n<meta property=\"og:image\" content=\"https:\/\/www.lesdelicesdeprovence.ch\/wp-content\/uploads\/2022\/06\/IMG_6202-scaled.jpg\" \/>\n\t<meta property=\"og:image:width\" content=\"2351\" \/>\n\t<meta property=\"og:image:height\" content=\"2560\" \/>\n\t<meta property=\"og:image:type\" content=\"image\/jpeg\" \/>\n<meta name=\"twitter:card\" content=\"summary_large_image\" \/>\n<meta name=\"twitter:label1\" content=\"Gesch\u00e4tzte Lesezeit\" \/>\n\t<meta name=\"twitter:data1\" content=\"1\u00a0Minute\" \/>\n<script type=\"application\/ld+json\" class=\"yoast-schema-graph\">{\"@context\":\"https:\/\/schema.org\",\"@graph\":[{\"@type\":\"WebPage\",\"@id\":\"https:\/\/www.lesdelicesdeprovence.ch\/de\/produits\/schwarze-provenzalische-tapenade\/\",\"url\":\"https:\/\/www.lesdelicesdeprovence.ch\/de\/produits\/schwarze-provenzalische-tapenade\/\",\"name\":\"Schwarze provenzalische Tapenade\",\"isPartOf\":{\"@id\":\"https:\/\/www.lesdelicesdeprovence.ch\/de\/#website\"},\"primaryImageOfPage\":{\"@id\":\"https:\/\/www.lesdelicesdeprovence.ch\/de\/produits\/schwarze-provenzalische-tapenade\/#primaryimage\"},\"image\":{\"@id\":\"https:\/\/www.lesdelicesdeprovence.ch\/de\/produits\/schwarze-provenzalische-tapenade\/#primaryimage\"},\"thumbnailUrl\":\"https:\/\/www.lesdelicesdeprovence.ch\/wp-content\/uploads\/2022\/06\/IMG_6202-scaled.jpg\",\"datePublished\":\"2022-06-13T07:44:56+00:00\",\"dateModified\":\"2024-03-28T14:03:30+00:00\",\"description\":\"Von uns in einem Olivenhain im Gard aus Dutzenden von verkosteten Tapenaden ausgew\u00e4hlt. Ein Klassiker der provenzalischen Gastronomie, perfekt zubereitet!\",\"breadcrumb\":{\"@id\":\"https:\/\/www.lesdelicesdeprovence.ch\/de\/produits\/schwarze-provenzalische-tapenade\/#breadcrumb\"},\"inLanguage\":\"de\",\"potentialAction\":[{\"@type\":\"ReadAction\",\"target\":[\"https:\/\/www.lesdelicesdeprovence.ch\/de\/produits\/schwarze-provenzalische-tapenade\/\"]}]},{\"@type\":\"ImageObject\",\"inLanguage\":\"de\",\"@id\":\"https:\/\/www.lesdelicesdeprovence.ch\/de\/produits\/schwarze-provenzalische-tapenade\/#primaryimage\",\"url\":\"https:\/\/www.lesdelicesdeprovence.ch\/wp-content\/uploads\/2022\/06\/IMG_6202-scaled.jpg\",\"contentUrl\":\"https:\/\/www.lesdelicesdeprovence.ch\/wp-content\/uploads\/2022\/06\/IMG_6202-scaled.jpg\",\"width\":2351,\"height\":2560},{\"@type\":\"BreadcrumbList\",\"@id\":\"https:\/\/www.lesdelicesdeprovence.ch\/de\/produits\/schwarze-provenzalische-tapenade\/#breadcrumb\",\"itemListElement\":[{\"@type\":\"ListItem\",\"position\":1,\"name\":\"Accoglienza\",\"item\":\"https:\/\/www.lesdelicesdeprovence.ch\/de\/\"},{\"@type\":\"ListItem\",\"position\":2,\"name\":\"Shop\",\"item\":\"https:\/\/www.lesdelicesdeprovence.ch\/de\/geschaeft\/\"},{\"@type\":\"ListItem\",\"position\":3,\"name\":\"Schwarze provenzalische Tapenade\"}]},{\"@type\":\"WebSite\",\"@id\":\"https:\/\/www.lesdelicesdeprovence.ch\/de\/#website\",\"url\":\"https:\/\/www.lesdelicesdeprovence.ch\/de\/\",\"name\":\"Les D\u00e9lices de Provence\",\"description\":\"Epicerie fine en ligne\",\"potentialAction\":[{\"@type\":\"SearchAction\",\"target\":{\"@type\":\"EntryPoint\",\"urlTemplate\":\"https:\/\/www.lesdelicesdeprovence.ch\/de\/?s={search_term_string}\"},\"query-input\":{\"@type\":\"PropertyValueSpecification\",\"valueRequired\":true,\"valueName\":\"search_term_string\"}}],\"inLanguage\":\"de\"}]}<\/script>\n<!-- \/ Yoast SEO plugin. -->","yoast_head_json":{"title":"Schwarze provenzalische Tapenade","description":"Von uns in einem Olivenhain im Gard aus Dutzenden von verkosteten Tapenaden ausgew\u00e4hlt. Ein Klassiker der provenzalischen Gastronomie, perfekt zubereitet!","robots":{"index":"index","follow":"follow","max-snippet":"max-snippet:-1","max-image-preview":"max-image-preview:large","max-video-preview":"max-video-preview:-1"},"canonical":"https:\/\/www.lesdelicesdeprovence.ch\/de\/produits\/schwarze-provenzalische-tapenade\/","og_locale":"de_DE","og_type":"article","og_title":"Schwarze provenzalische Tapenade","og_description":"Von uns in einem Olivenhain im Gard aus Dutzenden von verkosteten Tapenaden ausgew\u00e4hlt. Ein Klassiker der provenzalischen Gastronomie, perfekt zubereitet!","og_url":"https:\/\/www.lesdelicesdeprovence.ch\/de\/produits\/schwarze-provenzalische-tapenade\/","og_site_name":"Les D\u00e9lices de Provence","article_modified_time":"2024-03-28T14:03:30+00:00","og_image":[{"width":2351,"height":2560,"url":"https:\/\/www.lesdelicesdeprovence.ch\/wp-content\/uploads\/2022\/06\/IMG_6202-scaled.jpg","type":"image\/jpeg"}],"twitter_card":"summary_large_image","twitter_misc":{"Gesch\u00e4tzte Lesezeit":"1\u00a0Minute"},"schema":{"@context":"https:\/\/schema.org","@graph":[{"@type":"WebPage","@id":"https:\/\/www.lesdelicesdeprovence.ch\/de\/produits\/schwarze-provenzalische-tapenade\/","url":"https:\/\/www.lesdelicesdeprovence.ch\/de\/produits\/schwarze-provenzalische-tapenade\/","name":"Schwarze provenzalische Tapenade","isPartOf":{"@id":"https:\/\/www.lesdelicesdeprovence.ch\/de\/#website"},"primaryImageOfPage":{"@id":"https:\/\/www.lesdelicesdeprovence.ch\/de\/produits\/schwarze-provenzalische-tapenade\/#primaryimage"},"image":{"@id":"https:\/\/www.lesdelicesdeprovence.ch\/de\/produits\/schwarze-provenzalische-tapenade\/#primaryimage"},"thumbnailUrl":"https:\/\/www.lesdelicesdeprovence.ch\/wp-content\/uploads\/2022\/06\/IMG_6202-scaled.jpg","datePublished":"2022-06-13T07:44:56+00:00","dateModified":"2024-03-28T14:03:30+00:00","description":"Von uns in einem Olivenhain im Gard aus Dutzenden von verkosteten Tapenaden ausgew\u00e4hlt. Ein Klassiker der provenzalischen Gastronomie, perfekt zubereitet!","breadcrumb":{"@id":"https:\/\/www.lesdelicesdeprovence.ch\/de\/produits\/schwarze-provenzalische-tapenade\/#breadcrumb"},"inLanguage":"de","potentialAction":[{"@type":"ReadAction","target":["https:\/\/www.lesdelicesdeprovence.ch\/de\/produits\/schwarze-provenzalische-tapenade\/"]}]},{"@type":"ImageObject","inLanguage":"de","@id":"https:\/\/www.lesdelicesdeprovence.ch\/de\/produits\/schwarze-provenzalische-tapenade\/#primaryimage","url":"https:\/\/www.lesdelicesdeprovence.ch\/wp-content\/uploads\/2022\/06\/IMG_6202-scaled.jpg","contentUrl":"https:\/\/www.lesdelicesdeprovence.ch\/wp-content\/uploads\/2022\/06\/IMG_6202-scaled.jpg","width":2351,"height":2560},{"@type":"BreadcrumbList","@id":"https:\/\/www.lesdelicesdeprovence.ch\/de\/produits\/schwarze-provenzalische-tapenade\/#breadcrumb","itemListElement":[{"@type":"ListItem","position":1,"name":"Accoglienza","item":"https:\/\/www.lesdelicesdeprovence.ch\/de\/"},{"@type":"ListItem","position":2,"name":"Shop","item":"https:\/\/www.lesdelicesdeprovence.ch\/de\/geschaeft\/"},{"@type":"ListItem","position":3,"name":"Schwarze provenzalische Tapenade"}]},{"@type":"WebSite","@id":"https:\/\/www.lesdelicesdeprovence.ch\/de\/#website","url":"https:\/\/www.lesdelicesdeprovence.ch\/de\/","name":"Les D\u00e9lices de Provence","description":"Epicerie fine en ligne","potentialAction":[{"@type":"SearchAction","target":{"@type":"EntryPoint","urlTemplate":"https:\/\/www.lesdelicesdeprovence.ch\/de\/?s={search_term_string}"},"query-input":{"@type":"PropertyValueSpecification","valueRequired":true,"valueName":"search_term_string"}}],"inLanguage":"de"}]}},"_links":{"self":[{"href":"https:\/\/www.lesdelicesdeprovence.ch\/de\/wp-json\/wp\/v2\/product\/6749","targetHints":{"allow":["GET"]}}],"collection":[{"href":"https:\/\/www.lesdelicesdeprovence.ch\/de\/wp-json\/wp\/v2\/product"}],"about":[{"href":"https:\/\/www.lesdelicesdeprovence.ch\/de\/wp-json\/wp\/v2\/types\/product"}],"version-history":[{"count":4,"href":"https:\/\/www.lesdelicesdeprovence.ch\/de\/wp-json\/wp\/v2\/product\/6749\/revisions"}],"predecessor-version":[{"id":12965,"href":"https:\/\/www.lesdelicesdeprovence.ch\/de\/wp-json\/wp\/v2\/product\/6749\/revisions\/12965"}],"wp:featuredmedia":[{"embeddable":true,"href":"https:\/\/www.lesdelicesdeprovence.ch\/de\/wp-json\/wp\/v2\/media\/8400"}],"wp:attachment":[{"href":"https:\/\/www.lesdelicesdeprovence.ch\/de\/wp-json\/wp\/v2\/media?parent=6749"}],"wp:term":[{"taxonomy":"product_cat","embeddable":true,"href":"https:\/\/www.lesdelicesdeprovence.ch\/de\/wp-json\/wp\/v2\/product_cat?post=6749"},{"taxonomy":"product_tag","embeddable":true,"href":"https:\/\/www.lesdelicesdeprovence.ch\/de\/wp-json\/wp\/v2\/product_tag?post=6749"}],"curies":[{"name":"wp","href":"https:\/\/api.w.org\/{rel}","templated":true}]}}