{"id":6758,"date":"2022-06-03T13:34:19","date_gmt":"2022-06-03T13:34:19","guid":{"rendered":"https:\/\/www.aromeprod2.com\/?post_type=product&#038;p=6758"},"modified":"2024-11-08T16:11:01","modified_gmt":"2024-11-08T16:11:01","slug":"eingelegtes-aus-schwarzen-oliven","status":"publish","type":"product","link":"https:\/\/www.lesdelicesdeprovence.ch\/de\/produits\/eingelegtes-aus-schwarzen-oliven\/","title":{"rendered":"Confit d&#8217;olives noires (Eingelegtes aus schwarzen Oliven)"},"content":{"rendered":"<p>Das Confit d&#8217;olive noire aus unserem Feinkostladen ist ein provenzalisches Originalrezept, das S\u00fc\u00dfes und Salziges miteinander verbindet. Das Confit d&#8217;olive noire wird als Aperitif auf ger\u00f6stetem Toast genossen, aber auch in Gl\u00e4sern oder bei der Zubereitung von Rezepten, um ein Gericht zu verfeinern.<\/p>\n<p>Insbesondere eignet er sich hervorragend f\u00fcr eine Verkostung von Ziegen- oder Schafsk\u00e4se. Es wird mit Oliven aus der Provence sowie einer Schale Zucker, Zitrone und Lavendelhonig komponiert. Thymian und Raps\u00f6l verfeinern das Rezept.<\/p>\n<p>Nicht zu untersch\u00e4tzender Vorteil: H\u00e4lt sich nach dem \u00d6ffnen l\u00e4nger als 6 Monate.<\/p>\n<p><strong> <\/strong><strong>Zutaten: Schwarze Oliven (54%), Zucker, Zitronensaftkonzentrat, Lavendelhonig, Thymian, Rosmarin, Raps\u00f6l.<\/strong><\/p>\n<p><strong>Inhalt: 230g<\/strong><\/p>\n","protected":false},"excerpt":{"rendered":"<p>Dieses Confit aus schwarzen Oliven ist eine echte kulinarische Entdeckung und wird Liebhaber von s\u00fc\u00df\/salzig durch seine K\u00f6stlichkeit und seinen einzigartigen Geschmack buchst\u00e4blich mitrei\u00dfen.<\/p>\n<p>Eine k\u00f6stliche Kombination aus Olivenmarmelade, Lavendelhonig und einigen Kr\u00e4utern der Provence. Sie kann zu vielen Gerichten genossen werden, schmeckt aber einfach himmlisch zu frischem Ziegenk\u00e4se.<\/p>\n<p>Ein Produkt, das Sie unbedingt kennenlernen sollten!<\/p>\n<p>&nbsp;<\/p>\n","protected":false},"featured_media":8401,"template":"","meta":[],"product_cat":[228],"product_tag":[],"class_list":{"0":"post-6758","1":"product","2":"type-product","3":"status-publish","4":"has-post-thumbnail","6":"product_cat-kandiert-und-chutneys","8":"first","9":"instock","10":"taxable","11":"shipping-taxable","12":"purchasable","13":"product-type-simple"},"yoast_head":"<!-- This site is optimized with the Yoast SEO plugin v27.2 - https:\/\/yoast.com\/product\/yoast-seo-wordpress\/ -->\n<title>Confit d&#039;olives noires (Eingelegtes aus schwarzen Oliven)<\/title>\n<meta name=\"description\" content=\"Dieses Confit aus schwarzen Oliven ist eine echte kulinarische Entdeckung und wird Liebhaber von s\u00fc\u00df\/salzig durch seine K\u00f6stlichkeit und seinen einzigartigen Geschmack buchst\u00e4blich mitrei\u00dfen.\" \/>\n<meta name=\"robots\" content=\"index, follow, max-snippet:-1, max-image-preview:large, max-video-preview:-1\" \/>\n<link rel=\"canonical\" href=\"https:\/\/www.lesdelicesdeprovence.ch\/de\/produits\/eingelegtes-aus-schwarzen-oliven\/\" \/>\n<meta property=\"og:locale\" content=\"de_DE\" \/>\n<meta property=\"og:type\" content=\"article\" \/>\n<meta property=\"og:title\" content=\"Confit d&#039;olives noires (Eingelegtes aus schwarzen Oliven)\" \/>\n<meta property=\"og:description\" content=\"Dieses Confit aus schwarzen Oliven ist eine echte kulinarische Entdeckung und wird Liebhaber von s\u00fc\u00df\/salzig durch seine K\u00f6stlichkeit und seinen einzigartigen Geschmack buchst\u00e4blich mitrei\u00dfen.\" \/>\n<meta property=\"og:url\" content=\"https:\/\/www.lesdelicesdeprovence.ch\/de\/produits\/eingelegtes-aus-schwarzen-oliven\/\" \/>\n<meta property=\"og:site_name\" content=\"Les D\u00e9lices de Provence\" \/>\n<meta property=\"article:modified_time\" content=\"2024-11-08T16:11:01+00:00\" \/>\n<meta property=\"og:image\" content=\"https:\/\/www.lesdelicesdeprovence.ch\/wp-content\/uploads\/2022\/06\/confit_olives_noires.jpg\" \/>\n\t<meta property=\"og:image:width\" content=\"2061\" \/>\n\t<meta property=\"og:image:height\" content=\"2195\" \/>\n\t<meta property=\"og:image:type\" content=\"image\/jpeg\" \/>\n<meta name=\"twitter:card\" content=\"summary_large_image\" \/>\n<meta name=\"twitter:label1\" content=\"Gesch\u00e4tzte Lesezeit\" \/>\n\t<meta name=\"twitter:data1\" content=\"1\u00a0Minute\" \/>\n<script type=\"application\/ld+json\" class=\"yoast-schema-graph\">{\"@context\":\"https:\/\/schema.org\",\"@graph\":[{\"@type\":\"WebPage\",\"@id\":\"https:\/\/www.lesdelicesdeprovence.ch\/de\/produits\/eingelegtes-aus-schwarzen-oliven\/\",\"url\":\"https:\/\/www.lesdelicesdeprovence.ch\/de\/produits\/eingelegtes-aus-schwarzen-oliven\/\",\"name\":\"Confit d'olives noires (Eingelegtes aus schwarzen Oliven)\",\"isPartOf\":{\"@id\":\"https:\/\/www.lesdelicesdeprovence.ch\/de\/#website\"},\"primaryImageOfPage\":{\"@id\":\"https:\/\/www.lesdelicesdeprovence.ch\/de\/produits\/eingelegtes-aus-schwarzen-oliven\/#primaryimage\"},\"image\":{\"@id\":\"https:\/\/www.lesdelicesdeprovence.ch\/de\/produits\/eingelegtes-aus-schwarzen-oliven\/#primaryimage\"},\"thumbnailUrl\":\"https:\/\/www.lesdelicesdeprovence.ch\/wp-content\/uploads\/2022\/06\/confit_olives_noires.jpg\",\"datePublished\":\"2022-06-03T13:34:19+00:00\",\"dateModified\":\"2024-11-08T16:11:01+00:00\",\"description\":\"Dieses Confit aus schwarzen Oliven ist eine echte kulinarische Entdeckung und wird Liebhaber von s\u00fc\u00df\/salzig durch seine K\u00f6stlichkeit und seinen einzigartigen Geschmack buchst\u00e4blich mitrei\u00dfen.\",\"breadcrumb\":{\"@id\":\"https:\/\/www.lesdelicesdeprovence.ch\/de\/produits\/eingelegtes-aus-schwarzen-oliven\/#breadcrumb\"},\"inLanguage\":\"de\",\"potentialAction\":[{\"@type\":\"ReadAction\",\"target\":[\"https:\/\/www.lesdelicesdeprovence.ch\/de\/produits\/eingelegtes-aus-schwarzen-oliven\/\"]}]},{\"@type\":\"ImageObject\",\"inLanguage\":\"de\",\"@id\":\"https:\/\/www.lesdelicesdeprovence.ch\/de\/produits\/eingelegtes-aus-schwarzen-oliven\/#primaryimage\",\"url\":\"https:\/\/www.lesdelicesdeprovence.ch\/wp-content\/uploads\/2022\/06\/confit_olives_noires.jpg\",\"contentUrl\":\"https:\/\/www.lesdelicesdeprovence.ch\/wp-content\/uploads\/2022\/06\/confit_olives_noires.jpg\",\"width\":2061,\"height\":2195},{\"@type\":\"BreadcrumbList\",\"@id\":\"https:\/\/www.lesdelicesdeprovence.ch\/de\/produits\/eingelegtes-aus-schwarzen-oliven\/#breadcrumb\",\"itemListElement\":[{\"@type\":\"ListItem\",\"position\":1,\"name\":\"Accoglienza\",\"item\":\"https:\/\/www.lesdelicesdeprovence.ch\/de\/\"},{\"@type\":\"ListItem\",\"position\":2,\"name\":\"Shop\",\"item\":\"https:\/\/www.lesdelicesdeprovence.ch\/de\/geschaeft\/\"},{\"@type\":\"ListItem\",\"position\":3,\"name\":\"Confit d&#8217;olives noires (Eingelegtes aus schwarzen Oliven)\"}]},{\"@type\":\"WebSite\",\"@id\":\"https:\/\/www.lesdelicesdeprovence.ch\/de\/#website\",\"url\":\"https:\/\/www.lesdelicesdeprovence.ch\/de\/\",\"name\":\"Les D\u00e9lices de Provence\",\"description\":\"Epicerie fine en ligne\",\"potentialAction\":[{\"@type\":\"SearchAction\",\"target\":{\"@type\":\"EntryPoint\",\"urlTemplate\":\"https:\/\/www.lesdelicesdeprovence.ch\/de\/?s={search_term_string}\"},\"query-input\":{\"@type\":\"PropertyValueSpecification\",\"valueRequired\":true,\"valueName\":\"search_term_string\"}}],\"inLanguage\":\"de\"}]}<\/script>\n<!-- \/ Yoast SEO plugin. -->","yoast_head_json":{"title":"Confit d'olives noires (Eingelegtes aus schwarzen Oliven)","description":"Dieses Confit aus schwarzen Oliven ist eine echte kulinarische Entdeckung und wird Liebhaber von s\u00fc\u00df\/salzig durch seine K\u00f6stlichkeit und seinen einzigartigen Geschmack buchst\u00e4blich mitrei\u00dfen.","robots":{"index":"index","follow":"follow","max-snippet":"max-snippet:-1","max-image-preview":"max-image-preview:large","max-video-preview":"max-video-preview:-1"},"canonical":"https:\/\/www.lesdelicesdeprovence.ch\/de\/produits\/eingelegtes-aus-schwarzen-oliven\/","og_locale":"de_DE","og_type":"article","og_title":"Confit d'olives noires (Eingelegtes aus schwarzen Oliven)","og_description":"Dieses Confit aus schwarzen Oliven ist eine echte kulinarische Entdeckung und wird Liebhaber von s\u00fc\u00df\/salzig durch seine K\u00f6stlichkeit und seinen einzigartigen Geschmack buchst\u00e4blich mitrei\u00dfen.","og_url":"https:\/\/www.lesdelicesdeprovence.ch\/de\/produits\/eingelegtes-aus-schwarzen-oliven\/","og_site_name":"Les D\u00e9lices de Provence","article_modified_time":"2024-11-08T16:11:01+00:00","og_image":[{"width":2061,"height":2195,"url":"https:\/\/www.lesdelicesdeprovence.ch\/wp-content\/uploads\/2022\/06\/confit_olives_noires.jpg","type":"image\/jpeg"}],"twitter_card":"summary_large_image","twitter_misc":{"Gesch\u00e4tzte Lesezeit":"1\u00a0Minute"},"schema":{"@context":"https:\/\/schema.org","@graph":[{"@type":"WebPage","@id":"https:\/\/www.lesdelicesdeprovence.ch\/de\/produits\/eingelegtes-aus-schwarzen-oliven\/","url":"https:\/\/www.lesdelicesdeprovence.ch\/de\/produits\/eingelegtes-aus-schwarzen-oliven\/","name":"Confit d'olives noires (Eingelegtes aus schwarzen Oliven)","isPartOf":{"@id":"https:\/\/www.lesdelicesdeprovence.ch\/de\/#website"},"primaryImageOfPage":{"@id":"https:\/\/www.lesdelicesdeprovence.ch\/de\/produits\/eingelegtes-aus-schwarzen-oliven\/#primaryimage"},"image":{"@id":"https:\/\/www.lesdelicesdeprovence.ch\/de\/produits\/eingelegtes-aus-schwarzen-oliven\/#primaryimage"},"thumbnailUrl":"https:\/\/www.lesdelicesdeprovence.ch\/wp-content\/uploads\/2022\/06\/confit_olives_noires.jpg","datePublished":"2022-06-03T13:34:19+00:00","dateModified":"2024-11-08T16:11:01+00:00","description":"Dieses Confit aus schwarzen Oliven ist eine echte kulinarische Entdeckung und wird Liebhaber von s\u00fc\u00df\/salzig durch seine K\u00f6stlichkeit und seinen einzigartigen Geschmack buchst\u00e4blich mitrei\u00dfen.","breadcrumb":{"@id":"https:\/\/www.lesdelicesdeprovence.ch\/de\/produits\/eingelegtes-aus-schwarzen-oliven\/#breadcrumb"},"inLanguage":"de","potentialAction":[{"@type":"ReadAction","target":["https:\/\/www.lesdelicesdeprovence.ch\/de\/produits\/eingelegtes-aus-schwarzen-oliven\/"]}]},{"@type":"ImageObject","inLanguage":"de","@id":"https:\/\/www.lesdelicesdeprovence.ch\/de\/produits\/eingelegtes-aus-schwarzen-oliven\/#primaryimage","url":"https:\/\/www.lesdelicesdeprovence.ch\/wp-content\/uploads\/2022\/06\/confit_olives_noires.jpg","contentUrl":"https:\/\/www.lesdelicesdeprovence.ch\/wp-content\/uploads\/2022\/06\/confit_olives_noires.jpg","width":2061,"height":2195},{"@type":"BreadcrumbList","@id":"https:\/\/www.lesdelicesdeprovence.ch\/de\/produits\/eingelegtes-aus-schwarzen-oliven\/#breadcrumb","itemListElement":[{"@type":"ListItem","position":1,"name":"Accoglienza","item":"https:\/\/www.lesdelicesdeprovence.ch\/de\/"},{"@type":"ListItem","position":2,"name":"Shop","item":"https:\/\/www.lesdelicesdeprovence.ch\/de\/geschaeft\/"},{"@type":"ListItem","position":3,"name":"Confit d&#8217;olives noires (Eingelegtes aus schwarzen Oliven)"}]},{"@type":"WebSite","@id":"https:\/\/www.lesdelicesdeprovence.ch\/de\/#website","url":"https:\/\/www.lesdelicesdeprovence.ch\/de\/","name":"Les D\u00e9lices de Provence","description":"Epicerie fine en ligne","potentialAction":[{"@type":"SearchAction","target":{"@type":"EntryPoint","urlTemplate":"https:\/\/www.lesdelicesdeprovence.ch\/de\/?s={search_term_string}"},"query-input":{"@type":"PropertyValueSpecification","valueRequired":true,"valueName":"search_term_string"}}],"inLanguage":"de"}]}},"_links":{"self":[{"href":"https:\/\/www.lesdelicesdeprovence.ch\/de\/wp-json\/wp\/v2\/product\/6758","targetHints":{"allow":["GET"]}}],"collection":[{"href":"https:\/\/www.lesdelicesdeprovence.ch\/de\/wp-json\/wp\/v2\/product"}],"about":[{"href":"https:\/\/www.lesdelicesdeprovence.ch\/de\/wp-json\/wp\/v2\/types\/product"}],"version-history":[{"count":4,"href":"https:\/\/www.lesdelicesdeprovence.ch\/de\/wp-json\/wp\/v2\/product\/6758\/revisions"}],"predecessor-version":[{"id":12932,"href":"https:\/\/www.lesdelicesdeprovence.ch\/de\/wp-json\/wp\/v2\/product\/6758\/revisions\/12932"}],"wp:featuredmedia":[{"embeddable":true,"href":"https:\/\/www.lesdelicesdeprovence.ch\/de\/wp-json\/wp\/v2\/media\/8401"}],"wp:attachment":[{"href":"https:\/\/www.lesdelicesdeprovence.ch\/de\/wp-json\/wp\/v2\/media?parent=6758"}],"wp:term":[{"taxonomy":"product_cat","embeddable":true,"href":"https:\/\/www.lesdelicesdeprovence.ch\/de\/wp-json\/wp\/v2\/product_cat?post=6758"},{"taxonomy":"product_tag","embeddable":true,"href":"https:\/\/www.lesdelicesdeprovence.ch\/de\/wp-json\/wp\/v2\/product_tag?post=6758"}],"curies":[{"name":"wp","href":"https:\/\/api.w.org\/{rel}","templated":true}]}}