{"id":6859,"date":"2022-06-03T10:05:05","date_gmt":"2022-06-16T07:20:54","guid":{"rendered":"https:\/\/www.aromeprod2.com\/?post_type=product&#038;p=6859"},"modified":"2024-03-28T14:03:24","modified_gmt":"2024-03-28T14:03:24","slug":"forstcreme","status":"publish","type":"product","link":"https:\/\/www.lesdelicesdeprovence.ch\/de\/produits\/forstcreme\/","title":{"rendered":"Waldcreme"},"content":{"rendered":"<div id=\"center_column\" class=\"center_column span9 clearfix\">\n<div class=\"extra-box-product\">\n<section class=\"page_product_box toggle_frame more_info_inner\">\n<div class=\"toggle_content\">\n<p>Die Waldcreme aus unserem Lebensmittelgesch\u00e4ft wird aus hochwertigen Steinpilzen und einem getr\u00fcffelten Sonnenblumen\u00f6l hergestellt, das f\u00fcr seine Milde bekannt ist. Diese Sauce ist in der Provence sehr beliebt, da sie zu jeder Jahreszeit genossen werden kann. Wird frisch als Aperitif serviert oder unter ein warmes Rezept wie Kartoffelp\u00fcree oder Polenta gemischt, oder um Nudeln und Risotto zu verfeinern. Eine sehr feine Sauce, die ihren vollen Geschmack entfaltet, wenn sie in raffinierten Gerichten verarbeitet wird.<\/p>\n<p><strong>Zutaten: Steinpilze 28%, Verschiedene Waldpilze 28%, Sonnenblumen\u00f6l 43%, Salz 0.5%, nat\u00fcrliches Tr\u00fcffelaroma.<\/strong><\/p>\n<\/div>\n<\/section>\n<section class=\"page_product_box toggle_frame datasheet\">\n<div class=\"toggle_content\">\n<p><strong>Inhalt: 190g<\/strong><\/p>\n<\/div>\n<\/section>\n<section id=\"last_page_product\" class=\"page_product_box toggle_frame\">\n<div id=\"more_info_sheets\" class=\"toggle_content toggle_content_comment\"><\/div>\n<\/section>\n<\/div>\n<\/div>\n<aside id=\"right_column\" class=\"span3 column right_home\">\n<div id=\"paypal-column-block\">\n<p>&nbsp;<\/p>\n<\/div>\n<\/aside>\n","protected":false},"excerpt":{"rendered":"<p>Diese Creme ist ideal zum Aromatisieren von Pasta oder Risotto. Sie besteht aus handgesammelten Steinpilzen aus der Ard\u00e8che, verschiedenen Waldpilzen und wird mit einem subtilen Schuss Tr\u00fcffel\u00f6l verfeinert.<\/p>\n<p>Ein wunderbares Produkt, das durch seinen zarten Holzduft einzigartig ist.<\/p>\n","protected":false},"featured_media":6860,"template":"","meta":[],"product_cat":[246],"product_tag":[],"class_list":{"0":"post-6859","1":"product","2":"type-product","3":"status-publish","4":"has-post-thumbnail","6":"product_cat-aperitif-saucen","8":"first","9":"outofstock","10":"taxable","11":"shipping-taxable","12":"purchasable","13":"product-type-simple"},"yoast_head":"<!-- This site is optimized with the Yoast SEO plugin v27.2 - https:\/\/yoast.com\/product\/yoast-seo-wordpress\/ -->\n<title>Waldcreme<\/title>\n<meta name=\"description\" content=\"Diese Creme ist ideal zum Aromatisieren von Pasta oder Risotto. Sie besteht aus handgesammelten Steinpilzen aus der Ard\u00e8che, verschiedenen Waldpilzen und wird mit einem subtilen Schuss Tr\u00fcffel\u00f6l verfeinert.\" \/>\n<meta name=\"robots\" content=\"index, follow, max-snippet:-1, max-image-preview:large, max-video-preview:-1\" \/>\n<link rel=\"canonical\" href=\"https:\/\/www.lesdelicesdeprovence.ch\/de\/produits\/forstcreme\/\" \/>\n<meta property=\"og:locale\" content=\"de_DE\" \/>\n<meta property=\"og:type\" content=\"article\" \/>\n<meta property=\"og:title\" content=\"Waldcreme\" \/>\n<meta property=\"og:description\" content=\"Diese Creme ist ideal zum Aromatisieren von Pasta oder Risotto. Sie besteht aus handgesammelten Steinpilzen aus der Ard\u00e8che, verschiedenen Waldpilzen und wird mit einem subtilen Schuss Tr\u00fcffel\u00f6l verfeinert.\" \/>\n<meta property=\"og:url\" content=\"https:\/\/www.lesdelicesdeprovence.ch\/de\/produits\/forstcreme\/\" \/>\n<meta property=\"og:site_name\" content=\"Les D\u00e9lices de Provence\" \/>\n<meta property=\"article:modified_time\" content=\"2024-03-28T14:03:24+00:00\" \/>\n<meta property=\"og:image\" content=\"https:\/\/www.lesdelicesdeprovence.ch\/wp-content\/uploads\/2022\/06\/creme_forestiere.jpg\" \/>\n\t<meta property=\"og:image:width\" content=\"2073\" \/>\n\t<meta property=\"og:image:height\" content=\"2334\" \/>\n\t<meta property=\"og:image:type\" content=\"image\/jpeg\" \/>\n<meta name=\"twitter:card\" content=\"summary_large_image\" \/>\n<meta name=\"twitter:label1\" content=\"Gesch\u00e4tzte Lesezeit\" \/>\n\t<meta name=\"twitter:data1\" content=\"1\u00a0Minute\" \/>\n<script type=\"application\/ld+json\" class=\"yoast-schema-graph\">{\"@context\":\"https:\/\/schema.org\",\"@graph\":[{\"@type\":\"WebPage\",\"@id\":\"https:\/\/www.lesdelicesdeprovence.ch\/de\/produits\/forstcreme\/\",\"url\":\"https:\/\/www.lesdelicesdeprovence.ch\/de\/produits\/forstcreme\/\",\"name\":\"Waldcreme\",\"isPartOf\":{\"@id\":\"https:\/\/www.lesdelicesdeprovence.ch\/de\/#website\"},\"primaryImageOfPage\":{\"@id\":\"https:\/\/www.lesdelicesdeprovence.ch\/de\/produits\/forstcreme\/#primaryimage\"},\"image\":{\"@id\":\"https:\/\/www.lesdelicesdeprovence.ch\/de\/produits\/forstcreme\/#primaryimage\"},\"thumbnailUrl\":\"https:\/\/www.lesdelicesdeprovence.ch\/wp-content\/uploads\/2022\/06\/creme_forestiere.jpg\",\"datePublished\":\"2022-06-16T07:20:54+00:00\",\"dateModified\":\"2024-03-28T14:03:24+00:00\",\"description\":\"Diese Creme ist ideal zum Aromatisieren von Pasta oder Risotto. Sie besteht aus handgesammelten Steinpilzen aus der Ard\u00e8che, verschiedenen Waldpilzen und wird mit einem subtilen Schuss Tr\u00fcffel\u00f6l verfeinert.\",\"breadcrumb\":{\"@id\":\"https:\/\/www.lesdelicesdeprovence.ch\/de\/produits\/forstcreme\/#breadcrumb\"},\"inLanguage\":\"de\",\"potentialAction\":[{\"@type\":\"ReadAction\",\"target\":[\"https:\/\/www.lesdelicesdeprovence.ch\/de\/produits\/forstcreme\/\"]}]},{\"@type\":\"ImageObject\",\"inLanguage\":\"de\",\"@id\":\"https:\/\/www.lesdelicesdeprovence.ch\/de\/produits\/forstcreme\/#primaryimage\",\"url\":\"https:\/\/www.lesdelicesdeprovence.ch\/wp-content\/uploads\/2022\/06\/creme_forestiere.jpg\",\"contentUrl\":\"https:\/\/www.lesdelicesdeprovence.ch\/wp-content\/uploads\/2022\/06\/creme_forestiere.jpg\",\"width\":2073,\"height\":2334},{\"@type\":\"BreadcrumbList\",\"@id\":\"https:\/\/www.lesdelicesdeprovence.ch\/de\/produits\/forstcreme\/#breadcrumb\",\"itemListElement\":[{\"@type\":\"ListItem\",\"position\":1,\"name\":\"Accoglienza\",\"item\":\"http:\/\/www.lesdelicesdeprovence.ch\/de\/\"},{\"@type\":\"ListItem\",\"position\":2,\"name\":\"Shop\",\"item\":\"http:\/\/www.lesdelicesdeprovence.ch\/de\/geschaeft\/\"},{\"@type\":\"ListItem\",\"position\":3,\"name\":\"Waldcreme\"}]},{\"@type\":\"WebSite\",\"@id\":\"https:\/\/www.lesdelicesdeprovence.ch\/de\/#website\",\"url\":\"https:\/\/www.lesdelicesdeprovence.ch\/de\/\",\"name\":\"Les D\u00e9lices de Provence\",\"description\":\"Epicerie fine en ligne\",\"potentialAction\":[{\"@type\":\"SearchAction\",\"target\":{\"@type\":\"EntryPoint\",\"urlTemplate\":\"https:\/\/www.lesdelicesdeprovence.ch\/de\/?s={search_term_string}\"},\"query-input\":{\"@type\":\"PropertyValueSpecification\",\"valueRequired\":true,\"valueName\":\"search_term_string\"}}],\"inLanguage\":\"de\"}]}<\/script>\n<!-- \/ Yoast SEO plugin. -->","yoast_head_json":{"title":"Waldcreme","description":"Diese Creme ist ideal zum Aromatisieren von Pasta oder Risotto. Sie besteht aus handgesammelten Steinpilzen aus der Ard\u00e8che, verschiedenen Waldpilzen und wird mit einem subtilen Schuss Tr\u00fcffel\u00f6l verfeinert.","robots":{"index":"index","follow":"follow","max-snippet":"max-snippet:-1","max-image-preview":"max-image-preview:large","max-video-preview":"max-video-preview:-1"},"canonical":"https:\/\/www.lesdelicesdeprovence.ch\/de\/produits\/forstcreme\/","og_locale":"de_DE","og_type":"article","og_title":"Waldcreme","og_description":"Diese Creme ist ideal zum Aromatisieren von Pasta oder Risotto. Sie besteht aus handgesammelten Steinpilzen aus der Ard\u00e8che, verschiedenen Waldpilzen und wird mit einem subtilen Schuss Tr\u00fcffel\u00f6l verfeinert.","og_url":"https:\/\/www.lesdelicesdeprovence.ch\/de\/produits\/forstcreme\/","og_site_name":"Les D\u00e9lices de Provence","article_modified_time":"2024-03-28T14:03:24+00:00","og_image":[{"width":2073,"height":2334,"url":"https:\/\/www.lesdelicesdeprovence.ch\/wp-content\/uploads\/2022\/06\/creme_forestiere.jpg","type":"image\/jpeg"}],"twitter_card":"summary_large_image","twitter_misc":{"Gesch\u00e4tzte Lesezeit":"1\u00a0Minute"},"schema":{"@context":"https:\/\/schema.org","@graph":[{"@type":"WebPage","@id":"https:\/\/www.lesdelicesdeprovence.ch\/de\/produits\/forstcreme\/","url":"https:\/\/www.lesdelicesdeprovence.ch\/de\/produits\/forstcreme\/","name":"Waldcreme","isPartOf":{"@id":"https:\/\/www.lesdelicesdeprovence.ch\/de\/#website"},"primaryImageOfPage":{"@id":"https:\/\/www.lesdelicesdeprovence.ch\/de\/produits\/forstcreme\/#primaryimage"},"image":{"@id":"https:\/\/www.lesdelicesdeprovence.ch\/de\/produits\/forstcreme\/#primaryimage"},"thumbnailUrl":"https:\/\/www.lesdelicesdeprovence.ch\/wp-content\/uploads\/2022\/06\/creme_forestiere.jpg","datePublished":"2022-06-16T07:20:54+00:00","dateModified":"2024-03-28T14:03:24+00:00","description":"Diese Creme ist ideal zum Aromatisieren von Pasta oder Risotto. Sie besteht aus handgesammelten Steinpilzen aus der Ard\u00e8che, verschiedenen Waldpilzen und wird mit einem subtilen Schuss Tr\u00fcffel\u00f6l verfeinert.","breadcrumb":{"@id":"https:\/\/www.lesdelicesdeprovence.ch\/de\/produits\/forstcreme\/#breadcrumb"},"inLanguage":"de","potentialAction":[{"@type":"ReadAction","target":["https:\/\/www.lesdelicesdeprovence.ch\/de\/produits\/forstcreme\/"]}]},{"@type":"ImageObject","inLanguage":"de","@id":"https:\/\/www.lesdelicesdeprovence.ch\/de\/produits\/forstcreme\/#primaryimage","url":"https:\/\/www.lesdelicesdeprovence.ch\/wp-content\/uploads\/2022\/06\/creme_forestiere.jpg","contentUrl":"https:\/\/www.lesdelicesdeprovence.ch\/wp-content\/uploads\/2022\/06\/creme_forestiere.jpg","width":2073,"height":2334},{"@type":"BreadcrumbList","@id":"https:\/\/www.lesdelicesdeprovence.ch\/de\/produits\/forstcreme\/#breadcrumb","itemListElement":[{"@type":"ListItem","position":1,"name":"Accoglienza","item":"http:\/\/www.lesdelicesdeprovence.ch\/de\/"},{"@type":"ListItem","position":2,"name":"Shop","item":"http:\/\/www.lesdelicesdeprovence.ch\/de\/geschaeft\/"},{"@type":"ListItem","position":3,"name":"Waldcreme"}]},{"@type":"WebSite","@id":"https:\/\/www.lesdelicesdeprovence.ch\/de\/#website","url":"https:\/\/www.lesdelicesdeprovence.ch\/de\/","name":"Les D\u00e9lices de Provence","description":"Epicerie fine en ligne","potentialAction":[{"@type":"SearchAction","target":{"@type":"EntryPoint","urlTemplate":"https:\/\/www.lesdelicesdeprovence.ch\/de\/?s={search_term_string}"},"query-input":{"@type":"PropertyValueSpecification","valueRequired":true,"valueName":"search_term_string"}}],"inLanguage":"de"}]}},"_links":{"self":[{"href":"https:\/\/www.lesdelicesdeprovence.ch\/de\/wp-json\/wp\/v2\/product\/6859","targetHints":{"allow":["GET"]}}],"collection":[{"href":"https:\/\/www.lesdelicesdeprovence.ch\/de\/wp-json\/wp\/v2\/product"}],"about":[{"href":"https:\/\/www.lesdelicesdeprovence.ch\/de\/wp-json\/wp\/v2\/types\/product"}],"version-history":[{"count":4,"href":"https:\/\/www.lesdelicesdeprovence.ch\/de\/wp-json\/wp\/v2\/product\/6859\/revisions"}],"predecessor-version":[{"id":12936,"href":"https:\/\/www.lesdelicesdeprovence.ch\/de\/wp-json\/wp\/v2\/product\/6859\/revisions\/12936"}],"wp:featuredmedia":[{"embeddable":true,"href":"https:\/\/www.lesdelicesdeprovence.ch\/de\/wp-json\/wp\/v2\/media\/6860"}],"wp:attachment":[{"href":"https:\/\/www.lesdelicesdeprovence.ch\/de\/wp-json\/wp\/v2\/media?parent=6859"}],"wp:term":[{"taxonomy":"product_cat","embeddable":true,"href":"https:\/\/www.lesdelicesdeprovence.ch\/de\/wp-json\/wp\/v2\/product_cat?post=6859"},{"taxonomy":"product_tag","embeddable":true,"href":"https:\/\/www.lesdelicesdeprovence.ch\/de\/wp-json\/wp\/v2\/product_tag?post=6859"}],"curies":[{"name":"wp","href":"https:\/\/api.w.org\/{rel}","templated":true}]}}