{"id":6875,"date":"2022-06-03T10:01:47","date_gmt":"2022-06-16T08:05:58","guid":{"rendered":"https:\/\/www.aromeprod2.com\/?post_type=product&#038;p=6875"},"modified":"2024-03-28T14:03:26","modified_gmt":"2024-03-28T14:03:26","slug":"tomatendelikatesse-mit-nuessen","status":"publish","type":"product","link":"https:\/\/www.lesdelicesdeprovence.ch\/de\/produits\/tomatendelikatesse-mit-nuessen\/","title":{"rendered":"Tomatendelikatesse mit Walnuss"},"content":{"rendered":"<div id=\"center_column\" class=\"center_column span9 clearfix\">\n<div class=\"extra-box-product\">\n<section class=\"page_product_box toggle_frame more_info_inner\">\n<div class=\"toggle_content\">\n<p>Diese 100% nat\u00fcrliche Gourmetsauce ohne k\u00fcnstliche Aromen oder Farbstoffe wird von einem Handwerker aus dem Luberon hergestellt, der nach kulinarischer Exzellenz strebt. Sie passt wunderbar zu Pasta, Risotto, Gem\u00fcse-Cassolette, entfaltet ihren ganzen Geschmack aber auch als Aperitif auf Canap\u00e9s oder ganz einfach auf ger\u00f6stetem Toast.<\/p>\n<p><strong>Zutaten: Tomatenfruchtfleisch, Waln\u00fcsse, Cashewn\u00fcsse, Basilikum, Zwiebeln, Knoblauch, Salz, Ricotta, Grana Padano, Oliven\u00f6l, Sonnenblumen\u00f6l.<\/strong><\/p>\n<p>Inhalt: 190g<\/p>\n<p>Herkunft: Mori\u00e8re-les-avignon, Vaucluse (84)<\/p>\n<\/div>\n<\/section>\n<\/div>\n<\/div>\n","protected":false},"excerpt":{"rendered":"<p>Diese Aperitifsauce wird von einem kleinen Produzenten im Vaucluse aus provenzalischen Tomaten und Waln\u00fcssen aus der Ard\u00e8che handwerklich hergestellt und ist unvergleichlich cremig und mild.<\/p>\n<p>Ein originelles und sehr leckeres Rezept, das aus hochwertigen Zutaten zusammengestellt wurde.<\/p>\n","protected":false},"featured_media":6876,"template":"","meta":[],"product_cat":[246],"product_tag":[],"class_list":{"0":"post-6875","1":"product","2":"type-product","3":"status-publish","4":"has-post-thumbnail","6":"product_cat-aperitif-saucen","8":"first","9":"outofstock","10":"taxable","11":"shipping-taxable","12":"purchasable","13":"product-type-simple"},"yoast_head":"<!-- This site is optimized with the Yoast SEO plugin v27.2 - https:\/\/yoast.com\/product\/yoast-seo-wordpress\/ -->\n<title>Tomatendelikatesse mit Walnuss<\/title>\n<meta name=\"description\" content=\"Diese aus provenzalischen Tomaten und Waln\u00fcssen aus der Ard\u00e8che hergestellte Aperitifsauce ist unvergleichlich cremig und mild.\" \/>\n<meta name=\"robots\" content=\"index, follow, max-snippet:-1, max-image-preview:large, max-video-preview:-1\" \/>\n<link rel=\"canonical\" href=\"https:\/\/www.lesdelicesdeprovence.ch\/de\/produits\/tomatendelikatesse-mit-nuessen\/\" \/>\n<meta property=\"og:locale\" content=\"de_DE\" \/>\n<meta property=\"og:type\" content=\"article\" \/>\n<meta property=\"og:title\" content=\"Tomatendelikatesse mit Walnuss\" \/>\n<meta property=\"og:description\" content=\"Diese aus provenzalischen Tomaten und Waln\u00fcssen aus der Ard\u00e8che hergestellte Aperitifsauce ist unvergleichlich cremig und mild.\" \/>\n<meta property=\"og:url\" content=\"https:\/\/www.lesdelicesdeprovence.ch\/de\/produits\/tomatendelikatesse-mit-nuessen\/\" \/>\n<meta property=\"og:site_name\" content=\"Les D\u00e9lices de Provence\" \/>\n<meta property=\"article:modified_time\" content=\"2024-03-28T14:03:26+00:00\" \/>\n<meta property=\"og:image\" content=\"https:\/\/www.lesdelicesdeprovence.ch\/wp-content\/uploads\/2022\/06\/delices_de_tomates_aux_noix.jpg\" \/>\n\t<meta property=\"og:image:width\" content=\"2076\" \/>\n\t<meta property=\"og:image:height\" content=\"2354\" \/>\n\t<meta property=\"og:image:type\" content=\"image\/jpeg\" \/>\n<meta name=\"twitter:card\" content=\"summary_large_image\" \/>\n<meta name=\"twitter:label1\" content=\"Gesch\u00e4tzte Lesezeit\" \/>\n\t<meta name=\"twitter:data1\" content=\"1\u00a0Minute\" \/>\n<script type=\"application\/ld+json\" class=\"yoast-schema-graph\">{\"@context\":\"https:\/\/schema.org\",\"@graph\":[{\"@type\":\"WebPage\",\"@id\":\"https:\/\/www.lesdelicesdeprovence.ch\/de\/produits\/tomatendelikatesse-mit-nuessen\/\",\"url\":\"https:\/\/www.lesdelicesdeprovence.ch\/de\/produits\/tomatendelikatesse-mit-nuessen\/\",\"name\":\"Tomatendelikatesse mit Walnuss\",\"isPartOf\":{\"@id\":\"https:\/\/www.lesdelicesdeprovence.ch\/de\/#website\"},\"primaryImageOfPage\":{\"@id\":\"https:\/\/www.lesdelicesdeprovence.ch\/de\/produits\/tomatendelikatesse-mit-nuessen\/#primaryimage\"},\"image\":{\"@id\":\"https:\/\/www.lesdelicesdeprovence.ch\/de\/produits\/tomatendelikatesse-mit-nuessen\/#primaryimage\"},\"thumbnailUrl\":\"https:\/\/www.lesdelicesdeprovence.ch\/wp-content\/uploads\/2022\/06\/delices_de_tomates_aux_noix.jpg\",\"datePublished\":\"2022-06-16T08:05:58+00:00\",\"dateModified\":\"2024-03-28T14:03:26+00:00\",\"description\":\"Diese aus provenzalischen Tomaten und Waln\u00fcssen aus der Ard\u00e8che hergestellte Aperitifsauce ist unvergleichlich cremig und mild.\",\"breadcrumb\":{\"@id\":\"https:\/\/www.lesdelicesdeprovence.ch\/de\/produits\/tomatendelikatesse-mit-nuessen\/#breadcrumb\"},\"inLanguage\":\"de\",\"potentialAction\":[{\"@type\":\"ReadAction\",\"target\":[\"https:\/\/www.lesdelicesdeprovence.ch\/de\/produits\/tomatendelikatesse-mit-nuessen\/\"]}]},{\"@type\":\"ImageObject\",\"inLanguage\":\"de\",\"@id\":\"https:\/\/www.lesdelicesdeprovence.ch\/de\/produits\/tomatendelikatesse-mit-nuessen\/#primaryimage\",\"url\":\"https:\/\/www.lesdelicesdeprovence.ch\/wp-content\/uploads\/2022\/06\/delices_de_tomates_aux_noix.jpg\",\"contentUrl\":\"https:\/\/www.lesdelicesdeprovence.ch\/wp-content\/uploads\/2022\/06\/delices_de_tomates_aux_noix.jpg\",\"width\":2076,\"height\":2354},{\"@type\":\"BreadcrumbList\",\"@id\":\"https:\/\/www.lesdelicesdeprovence.ch\/de\/produits\/tomatendelikatesse-mit-nuessen\/#breadcrumb\",\"itemListElement\":[{\"@type\":\"ListItem\",\"position\":1,\"name\":\"Accoglienza\",\"item\":\"http:\/\/www.lesdelicesdeprovence.ch\/de\/\"},{\"@type\":\"ListItem\",\"position\":2,\"name\":\"Shop\",\"item\":\"http:\/\/www.lesdelicesdeprovence.ch\/de\/geschaeft\/\"},{\"@type\":\"ListItem\",\"position\":3,\"name\":\"Tomatendelikatesse mit Walnuss\"}]},{\"@type\":\"WebSite\",\"@id\":\"https:\/\/www.lesdelicesdeprovence.ch\/de\/#website\",\"url\":\"https:\/\/www.lesdelicesdeprovence.ch\/de\/\",\"name\":\"Les D\u00e9lices de Provence\",\"description\":\"Epicerie fine en ligne\",\"potentialAction\":[{\"@type\":\"SearchAction\",\"target\":{\"@type\":\"EntryPoint\",\"urlTemplate\":\"https:\/\/www.lesdelicesdeprovence.ch\/de\/?s={search_term_string}\"},\"query-input\":{\"@type\":\"PropertyValueSpecification\",\"valueRequired\":true,\"valueName\":\"search_term_string\"}}],\"inLanguage\":\"de\"}]}<\/script>\n<!-- \/ Yoast SEO plugin. -->","yoast_head_json":{"title":"Tomatendelikatesse mit Walnuss","description":"Diese aus provenzalischen Tomaten und Waln\u00fcssen aus der Ard\u00e8che hergestellte Aperitifsauce ist unvergleichlich cremig und mild.","robots":{"index":"index","follow":"follow","max-snippet":"max-snippet:-1","max-image-preview":"max-image-preview:large","max-video-preview":"max-video-preview:-1"},"canonical":"https:\/\/www.lesdelicesdeprovence.ch\/de\/produits\/tomatendelikatesse-mit-nuessen\/","og_locale":"de_DE","og_type":"article","og_title":"Tomatendelikatesse mit Walnuss","og_description":"Diese aus provenzalischen Tomaten und Waln\u00fcssen aus der Ard\u00e8che hergestellte Aperitifsauce ist unvergleichlich cremig und mild.","og_url":"https:\/\/www.lesdelicesdeprovence.ch\/de\/produits\/tomatendelikatesse-mit-nuessen\/","og_site_name":"Les D\u00e9lices de Provence","article_modified_time":"2024-03-28T14:03:26+00:00","og_image":[{"width":2076,"height":2354,"url":"https:\/\/www.lesdelicesdeprovence.ch\/wp-content\/uploads\/2022\/06\/delices_de_tomates_aux_noix.jpg","type":"image\/jpeg"}],"twitter_card":"summary_large_image","twitter_misc":{"Gesch\u00e4tzte Lesezeit":"1\u00a0Minute"},"schema":{"@context":"https:\/\/schema.org","@graph":[{"@type":"WebPage","@id":"https:\/\/www.lesdelicesdeprovence.ch\/de\/produits\/tomatendelikatesse-mit-nuessen\/","url":"https:\/\/www.lesdelicesdeprovence.ch\/de\/produits\/tomatendelikatesse-mit-nuessen\/","name":"Tomatendelikatesse mit Walnuss","isPartOf":{"@id":"https:\/\/www.lesdelicesdeprovence.ch\/de\/#website"},"primaryImageOfPage":{"@id":"https:\/\/www.lesdelicesdeprovence.ch\/de\/produits\/tomatendelikatesse-mit-nuessen\/#primaryimage"},"image":{"@id":"https:\/\/www.lesdelicesdeprovence.ch\/de\/produits\/tomatendelikatesse-mit-nuessen\/#primaryimage"},"thumbnailUrl":"https:\/\/www.lesdelicesdeprovence.ch\/wp-content\/uploads\/2022\/06\/delices_de_tomates_aux_noix.jpg","datePublished":"2022-06-16T08:05:58+00:00","dateModified":"2024-03-28T14:03:26+00:00","description":"Diese aus provenzalischen Tomaten und Waln\u00fcssen aus der Ard\u00e8che hergestellte Aperitifsauce ist unvergleichlich cremig und mild.","breadcrumb":{"@id":"https:\/\/www.lesdelicesdeprovence.ch\/de\/produits\/tomatendelikatesse-mit-nuessen\/#breadcrumb"},"inLanguage":"de","potentialAction":[{"@type":"ReadAction","target":["https:\/\/www.lesdelicesdeprovence.ch\/de\/produits\/tomatendelikatesse-mit-nuessen\/"]}]},{"@type":"ImageObject","inLanguage":"de","@id":"https:\/\/www.lesdelicesdeprovence.ch\/de\/produits\/tomatendelikatesse-mit-nuessen\/#primaryimage","url":"https:\/\/www.lesdelicesdeprovence.ch\/wp-content\/uploads\/2022\/06\/delices_de_tomates_aux_noix.jpg","contentUrl":"https:\/\/www.lesdelicesdeprovence.ch\/wp-content\/uploads\/2022\/06\/delices_de_tomates_aux_noix.jpg","width":2076,"height":2354},{"@type":"BreadcrumbList","@id":"https:\/\/www.lesdelicesdeprovence.ch\/de\/produits\/tomatendelikatesse-mit-nuessen\/#breadcrumb","itemListElement":[{"@type":"ListItem","position":1,"name":"Accoglienza","item":"http:\/\/www.lesdelicesdeprovence.ch\/de\/"},{"@type":"ListItem","position":2,"name":"Shop","item":"http:\/\/www.lesdelicesdeprovence.ch\/de\/geschaeft\/"},{"@type":"ListItem","position":3,"name":"Tomatendelikatesse mit Walnuss"}]},{"@type":"WebSite","@id":"https:\/\/www.lesdelicesdeprovence.ch\/de\/#website","url":"https:\/\/www.lesdelicesdeprovence.ch\/de\/","name":"Les D\u00e9lices de Provence","description":"Epicerie fine en ligne","potentialAction":[{"@type":"SearchAction","target":{"@type":"EntryPoint","urlTemplate":"https:\/\/www.lesdelicesdeprovence.ch\/de\/?s={search_term_string}"},"query-input":{"@type":"PropertyValueSpecification","valueRequired":true,"valueName":"search_term_string"}}],"inLanguage":"de"}]}},"_links":{"self":[{"href":"https:\/\/www.lesdelicesdeprovence.ch\/de\/wp-json\/wp\/v2\/product\/6875","targetHints":{"allow":["GET"]}}],"collection":[{"href":"https:\/\/www.lesdelicesdeprovence.ch\/de\/wp-json\/wp\/v2\/product"}],"about":[{"href":"https:\/\/www.lesdelicesdeprovence.ch\/de\/wp-json\/wp\/v2\/types\/product"}],"version-history":[{"count":2,"href":"https:\/\/www.lesdelicesdeprovence.ch\/de\/wp-json\/wp\/v2\/product\/6875\/revisions"}],"predecessor-version":[{"id":12947,"href":"https:\/\/www.lesdelicesdeprovence.ch\/de\/wp-json\/wp\/v2\/product\/6875\/revisions\/12947"}],"wp:featuredmedia":[{"embeddable":true,"href":"https:\/\/www.lesdelicesdeprovence.ch\/de\/wp-json\/wp\/v2\/media\/6876"}],"wp:attachment":[{"href":"https:\/\/www.lesdelicesdeprovence.ch\/de\/wp-json\/wp\/v2\/media?parent=6875"}],"wp:term":[{"taxonomy":"product_cat","embeddable":true,"href":"https:\/\/www.lesdelicesdeprovence.ch\/de\/wp-json\/wp\/v2\/product_cat?post=6875"},{"taxonomy":"product_tag","embeddable":true,"href":"https:\/\/www.lesdelicesdeprovence.ch\/de\/wp-json\/wp\/v2\/product_tag?post=6875"}],"curies":[{"name":"wp","href":"https:\/\/api.w.org\/{rel}","templated":true}]}}