{"id":6881,"date":"2022-06-03T09:56:07","date_gmt":"2022-06-03T09:56:07","guid":{"rendered":"https:\/\/www.aromeprod2.com\/?post_type=product&#038;p=6881"},"modified":"2024-03-28T14:03:28","modified_gmt":"2024-03-28T14:03:28","slug":"rote-pesto","status":"publish","type":"product","link":"https:\/\/www.lesdelicesdeprovence.ch\/de\/produits\/rote-pesto\/","title":{"rendered":"Rote Pistolen"},"content":{"rendered":"<div id=\"center_column\" class=\"center_column span9 clearfix\">\n<div class=\"extra-box-product\">\n<section class=\"page_product_box toggle_frame more_info_inner\">\n<div class=\"toggle_content\">\n<p>Entdeckung bei einem Handwerker, der viel Wert auf die Qualit\u00e4t der Zutaten und die Ausgewogenheit des Rezepts legt. Wir haben ihn aus Dutzenden von roten Pistous ausgew\u00e4hlt, die in der Provence hergestellt werden.<\/p>\n<p>Genie\u00dfen Sie es dringend, vor allem zu Nudeln, verl\u00e4ngert mit einem Schuss Oliven\u00f6l, einem Tomaten-Mozzarella-Salat oder entscheiden Sie sich f\u00fcr die Einfachheit als Brotaufstrich auf ger\u00f6stetem Toast.<\/p>\n<p><strong>Zutaten: Tomatenmark 25%, Basilikum genovese D.O.P, 25%, Cashewn\u00fcsse, Meersalz, Pinienkerne, Zwiebeln, Milchs\u00e4ure.<\/strong><\/p>\n<p><strong>Inhalt: 180g<\/strong><\/p>\n<p>&nbsp;<\/p>\n<\/div>\n<\/section>\n<section id=\"last_page_product\" class=\"page_product_box toggle_frame\">\n<div id=\"more_info_sheets\" class=\"toggle_content toggle_content_comment\"><\/div>\n<\/section>\n<\/div>\n<\/div>\n<aside id=\"right_column\" class=\"span3 column right_home\">\n<div id=\"paypal-column-block\">\n<p>&nbsp;<\/p>\n<\/div>\n<\/aside>\n","protected":false},"excerpt":{"rendered":"<p>Das rote Pistou ist ein typisch provenzalisches Rezept und entsteht aus einer subtilen Kombination von Tomatenmark und frischem, hochwertigem Basilikum. Geben Sie noch ein paar Cashewn\u00fcsse und Pinienkerne dazu und schon haben Sie eine wunderbar sonnige So\u00dfe.<\/p>\n","protected":false},"featured_media":6882,"template":"","meta":[],"product_cat":[246],"product_tag":[],"class_list":{"0":"post-6881","1":"product","2":"type-product","3":"status-publish","4":"has-post-thumbnail","6":"product_cat-aperitif-saucen","8":"first","9":"instock","10":"taxable","11":"shipping-taxable","12":"purchasable","13":"product-type-simple"},"yoast_head":"<!-- This site is optimized with the Yoast SEO plugin v27.2 - https:\/\/yoast.com\/product\/yoast-seo-wordpress\/ -->\n<title>Rote Pistolen<\/title>\n<meta name=\"description\" content=\"Das rote Pistou ist ein typisch provenzalisches Rezept und entsteht aus einer subtilen Kombination von Tomatenmark und frischem, hochwertigem Basilikum.\" \/>\n<meta name=\"robots\" content=\"index, follow, max-snippet:-1, max-image-preview:large, max-video-preview:-1\" \/>\n<link rel=\"canonical\" href=\"https:\/\/www.lesdelicesdeprovence.ch\/de\/produits\/rote-pesto\/\" \/>\n<meta property=\"og:locale\" content=\"de_DE\" \/>\n<meta property=\"og:type\" content=\"article\" \/>\n<meta property=\"og:title\" content=\"Rote Pistolen\" \/>\n<meta property=\"og:description\" content=\"Das rote Pistou ist ein typisch provenzalisches Rezept und entsteht aus einer subtilen Kombination von Tomatenmark und frischem, hochwertigem Basilikum.\" \/>\n<meta property=\"og:url\" content=\"https:\/\/www.lesdelicesdeprovence.ch\/de\/produits\/rote-pesto\/\" \/>\n<meta property=\"og:site_name\" content=\"Les D\u00e9lices de Provence\" \/>\n<meta property=\"article:modified_time\" content=\"2024-03-28T14:03:28+00:00\" \/>\n<meta property=\"og:image\" content=\"http:\/\/www.lesdelicesdeprovence.ch\/wp-content\/uploads\/2022\/06\/pistou_rouge.jpg\" \/>\n\t<meta property=\"og:image:width\" content=\"2067\" \/>\n\t<meta property=\"og:image:height\" content=\"2323\" \/>\n\t<meta property=\"og:image:type\" content=\"image\/jpeg\" \/>\n<meta name=\"twitter:card\" content=\"summary_large_image\" \/>\n<meta name=\"twitter:label1\" content=\"Gesch\u00e4tzte Lesezeit\" \/>\n\t<meta name=\"twitter:data1\" content=\"1\u00a0Minute\" \/>\n<script type=\"application\/ld+json\" class=\"yoast-schema-graph\">{\"@context\":\"https:\/\/schema.org\",\"@graph\":[{\"@type\":\"WebPage\",\"@id\":\"https:\/\/www.lesdelicesdeprovence.ch\/de\/produits\/rote-pesto\/\",\"url\":\"https:\/\/www.lesdelicesdeprovence.ch\/de\/produits\/rote-pesto\/\",\"name\":\"Rote Pistolen\",\"isPartOf\":{\"@id\":\"https:\/\/www.lesdelicesdeprovence.ch\/de\/#website\"},\"primaryImageOfPage\":{\"@id\":\"https:\/\/www.lesdelicesdeprovence.ch\/de\/produits\/rote-pesto\/#primaryimage\"},\"image\":{\"@id\":\"https:\/\/www.lesdelicesdeprovence.ch\/de\/produits\/rote-pesto\/#primaryimage\"},\"thumbnailUrl\":\"https:\/\/www.lesdelicesdeprovence.ch\/wp-content\/uploads\/2022\/06\/pistou_rouge.jpg\",\"datePublished\":\"2022-06-03T09:56:07+00:00\",\"dateModified\":\"2024-03-28T14:03:28+00:00\",\"description\":\"Das rote Pistou ist ein typisch provenzalisches Rezept und entsteht aus einer subtilen Kombination von Tomatenmark und frischem, hochwertigem Basilikum.\",\"breadcrumb\":{\"@id\":\"https:\/\/www.lesdelicesdeprovence.ch\/de\/produits\/rote-pesto\/#breadcrumb\"},\"inLanguage\":\"de\",\"potentialAction\":[{\"@type\":\"ReadAction\",\"target\":[\"https:\/\/www.lesdelicesdeprovence.ch\/de\/produits\/rote-pesto\/\"]}]},{\"@type\":\"ImageObject\",\"inLanguage\":\"de\",\"@id\":\"https:\/\/www.lesdelicesdeprovence.ch\/de\/produits\/rote-pesto\/#primaryimage\",\"url\":\"https:\/\/www.lesdelicesdeprovence.ch\/wp-content\/uploads\/2022\/06\/pistou_rouge.jpg\",\"contentUrl\":\"https:\/\/www.lesdelicesdeprovence.ch\/wp-content\/uploads\/2022\/06\/pistou_rouge.jpg\",\"width\":2067,\"height\":2323},{\"@type\":\"BreadcrumbList\",\"@id\":\"https:\/\/www.lesdelicesdeprovence.ch\/de\/produits\/rote-pesto\/#breadcrumb\",\"itemListElement\":[{\"@type\":\"ListItem\",\"position\":1,\"name\":\"Accoglienza\",\"item\":\"https:\/\/www.lesdelicesdeprovence.ch\/de\/\"},{\"@type\":\"ListItem\",\"position\":2,\"name\":\"Shop\",\"item\":\"https:\/\/www.lesdelicesdeprovence.ch\/de\/geschaeft\/\"},{\"@type\":\"ListItem\",\"position\":3,\"name\":\"Rote Pistolen\"}]},{\"@type\":\"WebSite\",\"@id\":\"https:\/\/www.lesdelicesdeprovence.ch\/de\/#website\",\"url\":\"https:\/\/www.lesdelicesdeprovence.ch\/de\/\",\"name\":\"Les D\u00e9lices de Provence\",\"description\":\"Epicerie fine en ligne\",\"potentialAction\":[{\"@type\":\"SearchAction\",\"target\":{\"@type\":\"EntryPoint\",\"urlTemplate\":\"https:\/\/www.lesdelicesdeprovence.ch\/de\/?s={search_term_string}\"},\"query-input\":{\"@type\":\"PropertyValueSpecification\",\"valueRequired\":true,\"valueName\":\"search_term_string\"}}],\"inLanguage\":\"de\"}]}<\/script>\n<!-- \/ Yoast SEO plugin. -->","yoast_head_json":{"title":"Rote Pistolen","description":"Das rote Pistou ist ein typisch provenzalisches Rezept und entsteht aus einer subtilen Kombination von Tomatenmark und frischem, hochwertigem Basilikum.","robots":{"index":"index","follow":"follow","max-snippet":"max-snippet:-1","max-image-preview":"max-image-preview:large","max-video-preview":"max-video-preview:-1"},"canonical":"https:\/\/www.lesdelicesdeprovence.ch\/de\/produits\/rote-pesto\/","og_locale":"de_DE","og_type":"article","og_title":"Rote Pistolen","og_description":"Das rote Pistou ist ein typisch provenzalisches Rezept und entsteht aus einer subtilen Kombination von Tomatenmark und frischem, hochwertigem Basilikum.","og_url":"https:\/\/www.lesdelicesdeprovence.ch\/de\/produits\/rote-pesto\/","og_site_name":"Les D\u00e9lices de Provence","article_modified_time":"2024-03-28T14:03:28+00:00","og_image":[{"width":2067,"height":2323,"url":"http:\/\/www.lesdelicesdeprovence.ch\/wp-content\/uploads\/2022\/06\/pistou_rouge.jpg","type":"image\/jpeg"}],"twitter_card":"summary_large_image","twitter_misc":{"Gesch\u00e4tzte Lesezeit":"1\u00a0Minute"},"schema":{"@context":"https:\/\/schema.org","@graph":[{"@type":"WebPage","@id":"https:\/\/www.lesdelicesdeprovence.ch\/de\/produits\/rote-pesto\/","url":"https:\/\/www.lesdelicesdeprovence.ch\/de\/produits\/rote-pesto\/","name":"Rote Pistolen","isPartOf":{"@id":"https:\/\/www.lesdelicesdeprovence.ch\/de\/#website"},"primaryImageOfPage":{"@id":"https:\/\/www.lesdelicesdeprovence.ch\/de\/produits\/rote-pesto\/#primaryimage"},"image":{"@id":"https:\/\/www.lesdelicesdeprovence.ch\/de\/produits\/rote-pesto\/#primaryimage"},"thumbnailUrl":"https:\/\/www.lesdelicesdeprovence.ch\/wp-content\/uploads\/2022\/06\/pistou_rouge.jpg","datePublished":"2022-06-03T09:56:07+00:00","dateModified":"2024-03-28T14:03:28+00:00","description":"Das rote Pistou ist ein typisch provenzalisches Rezept und entsteht aus einer subtilen Kombination von Tomatenmark und frischem, hochwertigem Basilikum.","breadcrumb":{"@id":"https:\/\/www.lesdelicesdeprovence.ch\/de\/produits\/rote-pesto\/#breadcrumb"},"inLanguage":"de","potentialAction":[{"@type":"ReadAction","target":["https:\/\/www.lesdelicesdeprovence.ch\/de\/produits\/rote-pesto\/"]}]},{"@type":"ImageObject","inLanguage":"de","@id":"https:\/\/www.lesdelicesdeprovence.ch\/de\/produits\/rote-pesto\/#primaryimage","url":"https:\/\/www.lesdelicesdeprovence.ch\/wp-content\/uploads\/2022\/06\/pistou_rouge.jpg","contentUrl":"https:\/\/www.lesdelicesdeprovence.ch\/wp-content\/uploads\/2022\/06\/pistou_rouge.jpg","width":2067,"height":2323},{"@type":"BreadcrumbList","@id":"https:\/\/www.lesdelicesdeprovence.ch\/de\/produits\/rote-pesto\/#breadcrumb","itemListElement":[{"@type":"ListItem","position":1,"name":"Accoglienza","item":"https:\/\/www.lesdelicesdeprovence.ch\/de\/"},{"@type":"ListItem","position":2,"name":"Shop","item":"https:\/\/www.lesdelicesdeprovence.ch\/de\/geschaeft\/"},{"@type":"ListItem","position":3,"name":"Rote Pistolen"}]},{"@type":"WebSite","@id":"https:\/\/www.lesdelicesdeprovence.ch\/de\/#website","url":"https:\/\/www.lesdelicesdeprovence.ch\/de\/","name":"Les D\u00e9lices de Provence","description":"Epicerie fine en ligne","potentialAction":[{"@type":"SearchAction","target":{"@type":"EntryPoint","urlTemplate":"https:\/\/www.lesdelicesdeprovence.ch\/de\/?s={search_term_string}"},"query-input":{"@type":"PropertyValueSpecification","valueRequired":true,"valueName":"search_term_string"}}],"inLanguage":"de"}]}},"_links":{"self":[{"href":"https:\/\/www.lesdelicesdeprovence.ch\/de\/wp-json\/wp\/v2\/product\/6881","targetHints":{"allow":["GET"]}}],"collection":[{"href":"https:\/\/www.lesdelicesdeprovence.ch\/de\/wp-json\/wp\/v2\/product"}],"about":[{"href":"https:\/\/www.lesdelicesdeprovence.ch\/de\/wp-json\/wp\/v2\/types\/product"}],"version-history":[{"count":5,"href":"https:\/\/www.lesdelicesdeprovence.ch\/de\/wp-json\/wp\/v2\/product\/6881\/revisions"}],"predecessor-version":[{"id":12957,"href":"https:\/\/www.lesdelicesdeprovence.ch\/de\/wp-json\/wp\/v2\/product\/6881\/revisions\/12957"}],"wp:featuredmedia":[{"embeddable":true,"href":"https:\/\/www.lesdelicesdeprovence.ch\/de\/wp-json\/wp\/v2\/media\/6882"}],"wp:attachment":[{"href":"https:\/\/www.lesdelicesdeprovence.ch\/de\/wp-json\/wp\/v2\/media?parent=6881"}],"wp:term":[{"taxonomy":"product_cat","embeddable":true,"href":"https:\/\/www.lesdelicesdeprovence.ch\/de\/wp-json\/wp\/v2\/product_cat?post=6881"},{"taxonomy":"product_tag","embeddable":true,"href":"https:\/\/www.lesdelicesdeprovence.ch\/de\/wp-json\/wp\/v2\/product_tag?post=6881"}],"curies":[{"name":"wp","href":"https:\/\/api.w.org\/{rel}","templated":true}]}}