{"id":7209,"date":"2022-06-29T07:48:08","date_gmt":"2022-06-29T07:48:08","guid":{"rendered":"https:\/\/www.aromeprod2.com\/?post_type=product&#038;p=7209"},"modified":"2024-03-28T14:45:08","modified_gmt":"2024-03-28T14:45:08","slug":"rote-sauce-mit-trueffel","status":"publish","type":"product","link":"https:\/\/www.lesdelicesdeprovence.ch\/de\/produits\/rote-sauce-mit-trueffel\/","title":{"rendered":"Rote Sauce mit Tr\u00fcffel"},"content":{"rendered":"<p>Ein von der Zusammensetzung her eher einfaches Rezept, das jedoch mit hochwertigen Zutaten zusammengestellt wurde, die von einem handwerklichen Produzenten mit Perfektionismus sorgf\u00e4ltig ausgew\u00e4hlt wurden.<\/p>\n<p>Die Basis aus Tomaten, Feinschmecker und schmackhaft, wo die Tr\u00fcffelst\u00fccke fr\u00f6hlich mazerieren, gibt uns eine k\u00f6stliche Sauce, die wunderbar Ihre Gerichte oder Ihre Toasts Aperitif sowie Gefl\u00fcgel oder Fleisch begleiten wird.<\/p>\n<p>Ein einziger Essl\u00f6ffel dieses Wunders reicht aus, um ein Nudelgericht, Risotto, Rindertartar oder Omelette zu verfeinern. Ein paar Gramm in das Hackfleisch geben und schon haben Sie einen leckeren Tr\u00fcffelburger!<\/p>\n<p>Kann sehr lange aufbewahrt werden, indem man bei jeder Verwendung das Oliven\u00f6l oben auf dem Produkt entfernt und wieder auftr\u00e4gt.<\/p>\n<p><strong>  Zutaten: Tomatenpulpe (75%), Oliven\u00f6l, Sommertr\u00fcffel (3,5%), Basilikum, Zwiebeln, Meersalz, nat\u00fcrliches Aroma.<\/strong><\/p>\n<p><strong>Inhalt: 180g<\/strong><\/p>\n","protected":false},"excerpt":{"rendered":"<p>Mehrmals bei Verkostungswettbewerben auf der ganzen Welt ausgezeichnet besteht sie aus neapolitanischem Tomatenmark, gerappten Tr\u00fcffeln aus dem Vaucluse und einem Hauch von Zwiebeln.<\/p>\n<p>Ein wahrer Genuss f\u00fcr Liebhaber des ber\u00fchmten schwarzen Diamanten als Aperitif oder in der K\u00fcche.<\/p>\n","protected":false},"featured_media":7210,"template":"","meta":[],"product_cat":[246],"product_tag":[],"class_list":{"0":"post-7209","1":"product","2":"type-product","3":"status-publish","4":"has-post-thumbnail","6":"product_cat-aperitif-saucen","8":"first","9":"instock","10":"taxable","11":"shipping-taxable","12":"purchasable","13":"product-type-simple"},"yoast_head":"<!-- This site is optimized with the Yoast SEO plugin v27.2 - https:\/\/yoast.com\/product\/yoast-seo-wordpress\/ -->\n<title>Rote Sauce mit Tr\u00fcffel<\/title>\n<meta name=\"description\" content=\"Ein wahrer Genuss f\u00fcr Liebhaber des ber\u00fchmten schwarzen Diamanten als Aperitif oder in der K\u00fcche.\" \/>\n<meta name=\"robots\" content=\"index, follow, max-snippet:-1, max-image-preview:large, max-video-preview:-1\" \/>\n<link rel=\"canonical\" href=\"https:\/\/www.lesdelicesdeprovence.ch\/de\/produits\/rote-sauce-mit-trueffel\/\" \/>\n<meta property=\"og:locale\" content=\"de_DE\" \/>\n<meta property=\"og:type\" content=\"article\" \/>\n<meta property=\"og:title\" content=\"Rote Sauce mit Tr\u00fcffel\" \/>\n<meta property=\"og:description\" content=\"Ein wahrer Genuss f\u00fcr Liebhaber des ber\u00fchmten schwarzen Diamanten als Aperitif oder in der K\u00fcche.\" \/>\n<meta property=\"og:url\" content=\"https:\/\/www.lesdelicesdeprovence.ch\/de\/produits\/rote-sauce-mit-trueffel\/\" \/>\n<meta property=\"og:site_name\" content=\"Les D\u00e9lices de Provence\" \/>\n<meta property=\"article:modified_time\" content=\"2024-03-28T14:45:08+00:00\" \/>\n<meta property=\"og:image\" content=\"http:\/\/www.lesdelicesdeprovence.ch\/wp-content\/uploads\/2022\/06\/IMG_6232.jpg\" \/>\n\t<meta property=\"og:image:width\" content=\"2044\" \/>\n\t<meta property=\"og:image:height\" content=\"2328\" \/>\n\t<meta property=\"og:image:type\" content=\"image\/jpeg\" \/>\n<meta name=\"twitter:card\" content=\"summary_large_image\" \/>\n<meta name=\"twitter:label1\" content=\"Gesch\u00e4tzte Lesezeit\" \/>\n\t<meta name=\"twitter:data1\" content=\"1\u00a0Minute\" \/>\n<script type=\"application\/ld+json\" class=\"yoast-schema-graph\">{\"@context\":\"https:\/\/schema.org\",\"@graph\":[{\"@type\":\"WebPage\",\"@id\":\"https:\/\/www.lesdelicesdeprovence.ch\/de\/produits\/rote-sauce-mit-trueffel\/\",\"url\":\"https:\/\/www.lesdelicesdeprovence.ch\/de\/produits\/rote-sauce-mit-trueffel\/\",\"name\":\"Rote Sauce mit Tr\u00fcffel\",\"isPartOf\":{\"@id\":\"https:\/\/www.lesdelicesdeprovence.ch\/de\/#website\"},\"primaryImageOfPage\":{\"@id\":\"https:\/\/www.lesdelicesdeprovence.ch\/de\/produits\/rote-sauce-mit-trueffel\/#primaryimage\"},\"image\":{\"@id\":\"https:\/\/www.lesdelicesdeprovence.ch\/de\/produits\/rote-sauce-mit-trueffel\/#primaryimage\"},\"thumbnailUrl\":\"https:\/\/www.lesdelicesdeprovence.ch\/wp-content\/uploads\/2022\/06\/IMG_6232.jpg\",\"datePublished\":\"2022-06-29T07:48:08+00:00\",\"dateModified\":\"2024-03-28T14:45:08+00:00\",\"description\":\"Ein wahrer Genuss f\u00fcr Liebhaber des ber\u00fchmten schwarzen Diamanten als Aperitif oder in der K\u00fcche.\",\"breadcrumb\":{\"@id\":\"https:\/\/www.lesdelicesdeprovence.ch\/de\/produits\/rote-sauce-mit-trueffel\/#breadcrumb\"},\"inLanguage\":\"de\",\"potentialAction\":[{\"@type\":\"ReadAction\",\"target\":[\"https:\/\/www.lesdelicesdeprovence.ch\/de\/produits\/rote-sauce-mit-trueffel\/\"]}]},{\"@type\":\"ImageObject\",\"inLanguage\":\"de\",\"@id\":\"https:\/\/www.lesdelicesdeprovence.ch\/de\/produits\/rote-sauce-mit-trueffel\/#primaryimage\",\"url\":\"https:\/\/www.lesdelicesdeprovence.ch\/wp-content\/uploads\/2022\/06\/IMG_6232.jpg\",\"contentUrl\":\"https:\/\/www.lesdelicesdeprovence.ch\/wp-content\/uploads\/2022\/06\/IMG_6232.jpg\",\"width\":2044,\"height\":2328},{\"@type\":\"BreadcrumbList\",\"@id\":\"https:\/\/www.lesdelicesdeprovence.ch\/de\/produits\/rote-sauce-mit-trueffel\/#breadcrumb\",\"itemListElement\":[{\"@type\":\"ListItem\",\"position\":1,\"name\":\"Accoglienza\",\"item\":\"http:\/\/www.lesdelicesdeprovence.ch\/de\/\"},{\"@type\":\"ListItem\",\"position\":2,\"name\":\"Shop\",\"item\":\"http:\/\/www.lesdelicesdeprovence.ch\/de\/geschaeft\/\"},{\"@type\":\"ListItem\",\"position\":3,\"name\":\"Rote Sauce mit Tr\u00fcffel\"}]},{\"@type\":\"WebSite\",\"@id\":\"https:\/\/www.lesdelicesdeprovence.ch\/de\/#website\",\"url\":\"https:\/\/www.lesdelicesdeprovence.ch\/de\/\",\"name\":\"Les D\u00e9lices de Provence\",\"description\":\"Epicerie fine en ligne\",\"potentialAction\":[{\"@type\":\"SearchAction\",\"target\":{\"@type\":\"EntryPoint\",\"urlTemplate\":\"https:\/\/www.lesdelicesdeprovence.ch\/de\/?s={search_term_string}\"},\"query-input\":{\"@type\":\"PropertyValueSpecification\",\"valueRequired\":true,\"valueName\":\"search_term_string\"}}],\"inLanguage\":\"de\"}]}<\/script>\n<!-- \/ Yoast SEO plugin. -->","yoast_head_json":{"title":"Rote Sauce mit Tr\u00fcffel","description":"Ein wahrer Genuss f\u00fcr Liebhaber des ber\u00fchmten schwarzen Diamanten als Aperitif oder in der K\u00fcche.","robots":{"index":"index","follow":"follow","max-snippet":"max-snippet:-1","max-image-preview":"max-image-preview:large","max-video-preview":"max-video-preview:-1"},"canonical":"https:\/\/www.lesdelicesdeprovence.ch\/de\/produits\/rote-sauce-mit-trueffel\/","og_locale":"de_DE","og_type":"article","og_title":"Rote Sauce mit Tr\u00fcffel","og_description":"Ein wahrer Genuss f\u00fcr Liebhaber des ber\u00fchmten schwarzen Diamanten als Aperitif oder in der K\u00fcche.","og_url":"https:\/\/www.lesdelicesdeprovence.ch\/de\/produits\/rote-sauce-mit-trueffel\/","og_site_name":"Les D\u00e9lices de Provence","article_modified_time":"2024-03-28T14:45:08+00:00","og_image":[{"width":2044,"height":2328,"url":"http:\/\/www.lesdelicesdeprovence.ch\/wp-content\/uploads\/2022\/06\/IMG_6232.jpg","type":"image\/jpeg"}],"twitter_card":"summary_large_image","twitter_misc":{"Gesch\u00e4tzte Lesezeit":"1\u00a0Minute"},"schema":{"@context":"https:\/\/schema.org","@graph":[{"@type":"WebPage","@id":"https:\/\/www.lesdelicesdeprovence.ch\/de\/produits\/rote-sauce-mit-trueffel\/","url":"https:\/\/www.lesdelicesdeprovence.ch\/de\/produits\/rote-sauce-mit-trueffel\/","name":"Rote Sauce mit Tr\u00fcffel","isPartOf":{"@id":"https:\/\/www.lesdelicesdeprovence.ch\/de\/#website"},"primaryImageOfPage":{"@id":"https:\/\/www.lesdelicesdeprovence.ch\/de\/produits\/rote-sauce-mit-trueffel\/#primaryimage"},"image":{"@id":"https:\/\/www.lesdelicesdeprovence.ch\/de\/produits\/rote-sauce-mit-trueffel\/#primaryimage"},"thumbnailUrl":"https:\/\/www.lesdelicesdeprovence.ch\/wp-content\/uploads\/2022\/06\/IMG_6232.jpg","datePublished":"2022-06-29T07:48:08+00:00","dateModified":"2024-03-28T14:45:08+00:00","description":"Ein wahrer Genuss f\u00fcr Liebhaber des ber\u00fchmten schwarzen Diamanten als Aperitif oder in der K\u00fcche.","breadcrumb":{"@id":"https:\/\/www.lesdelicesdeprovence.ch\/de\/produits\/rote-sauce-mit-trueffel\/#breadcrumb"},"inLanguage":"de","potentialAction":[{"@type":"ReadAction","target":["https:\/\/www.lesdelicesdeprovence.ch\/de\/produits\/rote-sauce-mit-trueffel\/"]}]},{"@type":"ImageObject","inLanguage":"de","@id":"https:\/\/www.lesdelicesdeprovence.ch\/de\/produits\/rote-sauce-mit-trueffel\/#primaryimage","url":"https:\/\/www.lesdelicesdeprovence.ch\/wp-content\/uploads\/2022\/06\/IMG_6232.jpg","contentUrl":"https:\/\/www.lesdelicesdeprovence.ch\/wp-content\/uploads\/2022\/06\/IMG_6232.jpg","width":2044,"height":2328},{"@type":"BreadcrumbList","@id":"https:\/\/www.lesdelicesdeprovence.ch\/de\/produits\/rote-sauce-mit-trueffel\/#breadcrumb","itemListElement":[{"@type":"ListItem","position":1,"name":"Accoglienza","item":"http:\/\/www.lesdelicesdeprovence.ch\/de\/"},{"@type":"ListItem","position":2,"name":"Shop","item":"http:\/\/www.lesdelicesdeprovence.ch\/de\/geschaeft\/"},{"@type":"ListItem","position":3,"name":"Rote Sauce mit Tr\u00fcffel"}]},{"@type":"WebSite","@id":"https:\/\/www.lesdelicesdeprovence.ch\/de\/#website","url":"https:\/\/www.lesdelicesdeprovence.ch\/de\/","name":"Les D\u00e9lices de Provence","description":"Epicerie fine en ligne","potentialAction":[{"@type":"SearchAction","target":{"@type":"EntryPoint","urlTemplate":"https:\/\/www.lesdelicesdeprovence.ch\/de\/?s={search_term_string}"},"query-input":{"@type":"PropertyValueSpecification","valueRequired":true,"valueName":"search_term_string"}}],"inLanguage":"de"}]}},"_links":{"self":[{"href":"https:\/\/www.lesdelicesdeprovence.ch\/de\/wp-json\/wp\/v2\/product\/7209","targetHints":{"allow":["GET"]}}],"collection":[{"href":"https:\/\/www.lesdelicesdeprovence.ch\/de\/wp-json\/wp\/v2\/product"}],"about":[{"href":"https:\/\/www.lesdelicesdeprovence.ch\/de\/wp-json\/wp\/v2\/types\/product"}],"version-history":[{"count":3,"href":"https:\/\/www.lesdelicesdeprovence.ch\/de\/wp-json\/wp\/v2\/product\/7209\/revisions"}],"predecessor-version":[{"id":13001,"href":"https:\/\/www.lesdelicesdeprovence.ch\/de\/wp-json\/wp\/v2\/product\/7209\/revisions\/13001"}],"wp:featuredmedia":[{"embeddable":true,"href":"https:\/\/www.lesdelicesdeprovence.ch\/de\/wp-json\/wp\/v2\/media\/7210"}],"wp:attachment":[{"href":"https:\/\/www.lesdelicesdeprovence.ch\/de\/wp-json\/wp\/v2\/media?parent=7209"}],"wp:term":[{"taxonomy":"product_cat","embeddable":true,"href":"https:\/\/www.lesdelicesdeprovence.ch\/de\/wp-json\/wp\/v2\/product_cat?post=7209"},{"taxonomy":"product_tag","embeddable":true,"href":"https:\/\/www.lesdelicesdeprovence.ch\/de\/wp-json\/wp\/v2\/product_tag?post=7209"}],"curies":[{"name":"wp","href":"https:\/\/api.w.org\/{rel}","templated":true}]}}