{"id":7241,"date":"2022-06-16T16:12:22","date_gmt":"2022-07-01T11:27:35","guid":{"rendered":"https:\/\/www.aromeprod2.com\/?post_type=product&#038;p=7241"},"modified":"2024-03-28T14:45:16","modified_gmt":"2024-03-28T14:45:16","slug":"barolo-delikatesse-mit-rueffel","status":"publish","type":"product","link":"https:\/\/www.lesdelicesdeprovence.ch\/de\/produits\/barolo-delikatesse-mit-rueffel\/","title":{"rendered":"Barolo-Delikatesse mit Tr\u00fcffel"},"content":{"rendered":"<p>Risottos, Pasta, R\u00fchrei, Polenta, K\u00e4se, wei\u00dfe Pizza, Tomaten-Mozzarella-Salat usw. Mit diesem Produkt ist alles in Ordnung! Man verleiht jedem Gericht leicht einen k\u00f6stlichen Tr\u00fcffelgeschmack.<\/p>\n<p>Ein paar Tropfen, ein kleines Netz und hopp! Es kommt lila, es riecht nach Tr\u00fcffel, es ist himmlisch! Es schmeckt nicht nur gut, sondern sieht mit dieser sch\u00f6nen dunkelvioletten Farbe auch noch gut aus. Man muss nicht viel auftragen, es ist sehr konzentriert. Das verspricht viele G\u00e4nge, bevor es fertig ist!<\/p>\n<p>Ein weiterer Vorteil ist, dass dieses Produkt nach dem \u00d6ffnen nicht verf\u00e4llt. Sie k\u00f6nnen es mehrere Jahre im K\u00fchlschrank aufbewahren, ohne dass der Geschmack oder die Textur beeintr\u00e4chtigt werden.<\/p>\n<p>Kurzum, ein echtes Produkt, das jeder Gourmet, der Tr\u00fcffel liebt, in seinem K\u00fchlschrank haben sollte!<\/p>\n<p><strong>Zutaten: Traubenmost, Zucker, Barolo D.O.C.G.-Wein (3%), Sommertr\u00fcffel, nat\u00fcrliche Aromen.<\/strong><\/p>\n<p><strong>Inhalt: 100ml<\/strong><\/p>\n<p>&nbsp;<\/p>\n","protected":false},"excerpt":{"rendered":"<p>Ein wahrer Genuss f\u00fcr Tr\u00fcffelfans und Liebhaber von s\u00fc\u00dfem und salzigem Geschmack!<\/p>\n<p>Diese Mischung aus Barolo-Traubenmost, hochwertigem Balsamico und Sommertr\u00fcffel verwandelt mit ein wenig Fantasie beliebige Gerichte in raffinierte Delikatessen.<\/p>\n","protected":false},"featured_media":8404,"template":"","meta":[],"product_cat":[246],"product_tag":[],"class_list":{"0":"post-7241","1":"product","2":"type-product","3":"status-publish","4":"has-post-thumbnail","6":"product_cat-aperitif-saucen","8":"first","9":"instock","10":"taxable","11":"shipping-taxable","12":"purchasable","13":"product-type-simple"},"yoast_head":"<!-- This site is optimized with the Yoast SEO plugin v27.2 - https:\/\/yoast.com\/product\/yoast-seo-wordpress\/ -->\n<title>Barolo-Delikatesse mit Tr\u00fcffel<\/title>\n<meta name=\"description\" content=\"Diese Mischung aus Barolo-Traubenmost, hochwertigem Balsamico und Sommertr\u00fcffel verwandelt mit ein wenig Fantasie beliebige Gerichte in raffinierte Delikatessen.\" \/>\n<meta name=\"robots\" content=\"index, follow, max-snippet:-1, max-image-preview:large, max-video-preview:-1\" \/>\n<link rel=\"canonical\" href=\"https:\/\/www.lesdelicesdeprovence.ch\/de\/produits\/barolo-delikatesse-mit-rueffel\/\" \/>\n<meta property=\"og:locale\" content=\"de_DE\" \/>\n<meta property=\"og:type\" content=\"article\" \/>\n<meta property=\"og:title\" content=\"Barolo-Delikatesse mit Tr\u00fcffel\" \/>\n<meta property=\"og:description\" content=\"Diese Mischung aus Barolo-Traubenmost, hochwertigem Balsamico und Sommertr\u00fcffel verwandelt mit ein wenig Fantasie beliebige Gerichte in raffinierte Delikatessen.\" \/>\n<meta property=\"og:url\" content=\"https:\/\/www.lesdelicesdeprovence.ch\/de\/produits\/barolo-delikatesse-mit-rueffel\/\" \/>\n<meta property=\"og:site_name\" content=\"Les D\u00e9lices de Provence\" \/>\n<meta property=\"article:modified_time\" content=\"2024-03-28T14:45:16+00:00\" \/>\n<meta property=\"og:image\" content=\"https:\/\/www.lesdelicesdeprovence.ch\/wp-content\/uploads\/2022\/06\/Barolo-truffe-v2.jpg\" \/>\n\t<meta property=\"og:image:width\" content=\"1000\" \/>\n\t<meta property=\"og:image:height\" content=\"1000\" \/>\n\t<meta property=\"og:image:type\" content=\"image\/jpeg\" \/>\n<meta name=\"twitter:card\" content=\"summary_large_image\" \/>\n<meta name=\"twitter:label1\" content=\"Gesch\u00e4tzte Lesezeit\" \/>\n\t<meta name=\"twitter:data1\" content=\"1\u00a0Minute\" \/>\n<script type=\"application\/ld+json\" class=\"yoast-schema-graph\">{\"@context\":\"https:\/\/schema.org\",\"@graph\":[{\"@type\":\"WebPage\",\"@id\":\"https:\/\/www.lesdelicesdeprovence.ch\/de\/produits\/barolo-delikatesse-mit-rueffel\/\",\"url\":\"https:\/\/www.lesdelicesdeprovence.ch\/de\/produits\/barolo-delikatesse-mit-rueffel\/\",\"name\":\"Barolo-Delikatesse mit Tr\u00fcffel\",\"isPartOf\":{\"@id\":\"https:\/\/www.lesdelicesdeprovence.ch\/de\/#website\"},\"primaryImageOfPage\":{\"@id\":\"https:\/\/www.lesdelicesdeprovence.ch\/de\/produits\/barolo-delikatesse-mit-rueffel\/#primaryimage\"},\"image\":{\"@id\":\"https:\/\/www.lesdelicesdeprovence.ch\/de\/produits\/barolo-delikatesse-mit-rueffel\/#primaryimage\"},\"thumbnailUrl\":\"https:\/\/www.lesdelicesdeprovence.ch\/wp-content\/uploads\/2022\/06\/Barolo-truffe-v2.jpg\",\"datePublished\":\"2022-07-01T11:27:35+00:00\",\"dateModified\":\"2024-03-28T14:45:16+00:00\",\"description\":\"Diese Mischung aus Barolo-Traubenmost, hochwertigem Balsamico und Sommertr\u00fcffel verwandelt mit ein wenig Fantasie beliebige Gerichte in raffinierte Delikatessen.\",\"breadcrumb\":{\"@id\":\"https:\/\/www.lesdelicesdeprovence.ch\/de\/produits\/barolo-delikatesse-mit-rueffel\/#breadcrumb\"},\"inLanguage\":\"de\",\"potentialAction\":[{\"@type\":\"ReadAction\",\"target\":[\"https:\/\/www.lesdelicesdeprovence.ch\/de\/produits\/barolo-delikatesse-mit-rueffel\/\"]}]},{\"@type\":\"ImageObject\",\"inLanguage\":\"de\",\"@id\":\"https:\/\/www.lesdelicesdeprovence.ch\/de\/produits\/barolo-delikatesse-mit-rueffel\/#primaryimage\",\"url\":\"https:\/\/www.lesdelicesdeprovence.ch\/wp-content\/uploads\/2022\/06\/Barolo-truffe-v2.jpg\",\"contentUrl\":\"https:\/\/www.lesdelicesdeprovence.ch\/wp-content\/uploads\/2022\/06\/Barolo-truffe-v2.jpg\",\"width\":1000,\"height\":1000},{\"@type\":\"BreadcrumbList\",\"@id\":\"https:\/\/www.lesdelicesdeprovence.ch\/de\/produits\/barolo-delikatesse-mit-rueffel\/#breadcrumb\",\"itemListElement\":[{\"@type\":\"ListItem\",\"position\":1,\"name\":\"Accoglienza\",\"item\":\"https:\/\/www.lesdelicesdeprovence.ch\/de\/\"},{\"@type\":\"ListItem\",\"position\":2,\"name\":\"Shop\",\"item\":\"https:\/\/www.lesdelicesdeprovence.ch\/de\/geschaeft\/\"},{\"@type\":\"ListItem\",\"position\":3,\"name\":\"Barolo-Delikatesse mit Tr\u00fcffel\"}]},{\"@type\":\"WebSite\",\"@id\":\"https:\/\/www.lesdelicesdeprovence.ch\/de\/#website\",\"url\":\"https:\/\/www.lesdelicesdeprovence.ch\/de\/\",\"name\":\"Les D\u00e9lices de Provence\",\"description\":\"Epicerie fine en ligne\",\"potentialAction\":[{\"@type\":\"SearchAction\",\"target\":{\"@type\":\"EntryPoint\",\"urlTemplate\":\"https:\/\/www.lesdelicesdeprovence.ch\/de\/?s={search_term_string}\"},\"query-input\":{\"@type\":\"PropertyValueSpecification\",\"valueRequired\":true,\"valueName\":\"search_term_string\"}}],\"inLanguage\":\"de\"}]}<\/script>\n<!-- \/ Yoast SEO plugin. -->","yoast_head_json":{"title":"Barolo-Delikatesse mit Tr\u00fcffel","description":"Diese Mischung aus Barolo-Traubenmost, hochwertigem Balsamico und Sommertr\u00fcffel verwandelt mit ein wenig Fantasie beliebige Gerichte in raffinierte Delikatessen.","robots":{"index":"index","follow":"follow","max-snippet":"max-snippet:-1","max-image-preview":"max-image-preview:large","max-video-preview":"max-video-preview:-1"},"canonical":"https:\/\/www.lesdelicesdeprovence.ch\/de\/produits\/barolo-delikatesse-mit-rueffel\/","og_locale":"de_DE","og_type":"article","og_title":"Barolo-Delikatesse mit Tr\u00fcffel","og_description":"Diese Mischung aus Barolo-Traubenmost, hochwertigem Balsamico und Sommertr\u00fcffel verwandelt mit ein wenig Fantasie beliebige Gerichte in raffinierte Delikatessen.","og_url":"https:\/\/www.lesdelicesdeprovence.ch\/de\/produits\/barolo-delikatesse-mit-rueffel\/","og_site_name":"Les D\u00e9lices de Provence","article_modified_time":"2024-03-28T14:45:16+00:00","og_image":[{"width":1000,"height":1000,"url":"https:\/\/www.lesdelicesdeprovence.ch\/wp-content\/uploads\/2022\/06\/Barolo-truffe-v2.jpg","type":"image\/jpeg"}],"twitter_card":"summary_large_image","twitter_misc":{"Gesch\u00e4tzte Lesezeit":"1\u00a0Minute"},"schema":{"@context":"https:\/\/schema.org","@graph":[{"@type":"WebPage","@id":"https:\/\/www.lesdelicesdeprovence.ch\/de\/produits\/barolo-delikatesse-mit-rueffel\/","url":"https:\/\/www.lesdelicesdeprovence.ch\/de\/produits\/barolo-delikatesse-mit-rueffel\/","name":"Barolo-Delikatesse mit Tr\u00fcffel","isPartOf":{"@id":"https:\/\/www.lesdelicesdeprovence.ch\/de\/#website"},"primaryImageOfPage":{"@id":"https:\/\/www.lesdelicesdeprovence.ch\/de\/produits\/barolo-delikatesse-mit-rueffel\/#primaryimage"},"image":{"@id":"https:\/\/www.lesdelicesdeprovence.ch\/de\/produits\/barolo-delikatesse-mit-rueffel\/#primaryimage"},"thumbnailUrl":"https:\/\/www.lesdelicesdeprovence.ch\/wp-content\/uploads\/2022\/06\/Barolo-truffe-v2.jpg","datePublished":"2022-07-01T11:27:35+00:00","dateModified":"2024-03-28T14:45:16+00:00","description":"Diese Mischung aus Barolo-Traubenmost, hochwertigem Balsamico und Sommertr\u00fcffel verwandelt mit ein wenig Fantasie beliebige Gerichte in raffinierte Delikatessen.","breadcrumb":{"@id":"https:\/\/www.lesdelicesdeprovence.ch\/de\/produits\/barolo-delikatesse-mit-rueffel\/#breadcrumb"},"inLanguage":"de","potentialAction":[{"@type":"ReadAction","target":["https:\/\/www.lesdelicesdeprovence.ch\/de\/produits\/barolo-delikatesse-mit-rueffel\/"]}]},{"@type":"ImageObject","inLanguage":"de","@id":"https:\/\/www.lesdelicesdeprovence.ch\/de\/produits\/barolo-delikatesse-mit-rueffel\/#primaryimage","url":"https:\/\/www.lesdelicesdeprovence.ch\/wp-content\/uploads\/2022\/06\/Barolo-truffe-v2.jpg","contentUrl":"https:\/\/www.lesdelicesdeprovence.ch\/wp-content\/uploads\/2022\/06\/Barolo-truffe-v2.jpg","width":1000,"height":1000},{"@type":"BreadcrumbList","@id":"https:\/\/www.lesdelicesdeprovence.ch\/de\/produits\/barolo-delikatesse-mit-rueffel\/#breadcrumb","itemListElement":[{"@type":"ListItem","position":1,"name":"Accoglienza","item":"https:\/\/www.lesdelicesdeprovence.ch\/de\/"},{"@type":"ListItem","position":2,"name":"Shop","item":"https:\/\/www.lesdelicesdeprovence.ch\/de\/geschaeft\/"},{"@type":"ListItem","position":3,"name":"Barolo-Delikatesse mit Tr\u00fcffel"}]},{"@type":"WebSite","@id":"https:\/\/www.lesdelicesdeprovence.ch\/de\/#website","url":"https:\/\/www.lesdelicesdeprovence.ch\/de\/","name":"Les D\u00e9lices de Provence","description":"Epicerie fine en ligne","potentialAction":[{"@type":"SearchAction","target":{"@type":"EntryPoint","urlTemplate":"https:\/\/www.lesdelicesdeprovence.ch\/de\/?s={search_term_string}"},"query-input":{"@type":"PropertyValueSpecification","valueRequired":true,"valueName":"search_term_string"}}],"inLanguage":"de"}]}},"_links":{"self":[{"href":"https:\/\/www.lesdelicesdeprovence.ch\/de\/wp-json\/wp\/v2\/product\/7241","targetHints":{"allow":["GET"]}}],"collection":[{"href":"https:\/\/www.lesdelicesdeprovence.ch\/de\/wp-json\/wp\/v2\/product"}],"about":[{"href":"https:\/\/www.lesdelicesdeprovence.ch\/de\/wp-json\/wp\/v2\/types\/product"}],"version-history":[{"count":4,"href":"https:\/\/www.lesdelicesdeprovence.ch\/de\/wp-json\/wp\/v2\/product\/7241\/revisions"}],"predecessor-version":[{"id":13028,"href":"https:\/\/www.lesdelicesdeprovence.ch\/de\/wp-json\/wp\/v2\/product\/7241\/revisions\/13028"}],"wp:featuredmedia":[{"embeddable":true,"href":"https:\/\/www.lesdelicesdeprovence.ch\/de\/wp-json\/wp\/v2\/media\/8404"}],"wp:attachment":[{"href":"https:\/\/www.lesdelicesdeprovence.ch\/de\/wp-json\/wp\/v2\/media?parent=7241"}],"wp:term":[{"taxonomy":"product_cat","embeddable":true,"href":"https:\/\/www.lesdelicesdeprovence.ch\/de\/wp-json\/wp\/v2\/product_cat?post=7241"},{"taxonomy":"product_tag","embeddable":true,"href":"https:\/\/www.lesdelicesdeprovence.ch\/de\/wp-json\/wp\/v2\/product_tag?post=7241"}],"curies":[{"name":"wp","href":"https:\/\/api.w.org\/{rel}","templated":true}]}}