{"id":7251,"date":"2022-06-16T15:05:36","date_gmt":"2022-06-16T15:05:36","guid":{"rendered":"https:\/\/www.aromeprod2.com\/?post_type=product&#038;p=7251"},"modified":"2024-03-28T14:45:14","modified_gmt":"2024-03-28T14:45:14","slug":"getrueffelte-landpastete","status":"publish","type":"product","link":"https:\/\/www.lesdelicesdeprovence.ch\/de\/produits\/getrueffelte-landpastete\/","title":{"rendered":"Getr\u00fcffelte Landpastete"},"content":{"rendered":"<p>Zur provenzalischen Lebensart geh\u00f6ren auch die Jagd, die Liebe zur Region und die Wurstwaren. Diese handgemachte Pastete, die von unserem Tr\u00fcffelz\u00fcchter am Fu\u00dfe des kleinen Dorfes Gordes im Luberon zusammengestellt wurde, ist ein gutes Beispiel daf\u00fcr!<\/p>\n<p>Er sammelte und w\u00e4hlte die Sommertr\u00fcffel, die in das Rezept aufgenommen werden sollten, selbst und hatte mit nicht weniger als 15 % Tr\u00fcffeln, die zu einer h\u00fcbschen Pastete aus heimischem Schweinefleisch gereicht werden, eine sehr schwere Hand.<\/p>\n<p>Eine charaktervolle K\u00f6stlichkeit, die man am besten mit einem guten Brot entdeckt!<\/p>\n<p><strong>Zutaten: Schweinefleisch, -leber und -fett, Tr\u00fcffel tuber aestivum (15%), Salz, Pfeffer<\/strong><\/p>\n<p><strong>Inhalt: 130g<\/strong><\/p>\n<p>&nbsp;<\/p>\n","protected":false},"excerpt":{"rendered":"<p>Ein echtes provenzalisches Feinschmeckerprodukt und rustikal, wie man es liebt, mit 15% hochwertigen Sommertr\u00fcffeln in einer Pastete von einem Schwein aus der Region.<\/p>\n","protected":false},"featured_media":7034,"template":"","meta":[],"product_cat":[246],"product_tag":[],"class_list":{"0":"post-7251","1":"product","2":"type-product","3":"status-publish","4":"has-post-thumbnail","6":"product_cat-aperitif-saucen","8":"first","9":"instock","10":"sale","11":"taxable","12":"shipping-taxable","13":"purchasable","14":"product-type-simple"},"yoast_head":"<!-- This site is optimized with the Yoast SEO plugin v27.2 - https:\/\/yoast.com\/product\/yoast-seo-wordpress\/ -->\n<title>Getr\u00fcffelte Landpastete<\/title>\n<meta name=\"description\" content=\"Ein echtes provenzalisches Feinschmeckerprodukt und rustikal, wie man es liebt, mit 15% hochwertigen Sommertr\u00fcffeln in einer Pastete von einem Schwein aus der Region.\" \/>\n<meta name=\"robots\" content=\"index, follow, max-snippet:-1, max-image-preview:large, max-video-preview:-1\" \/>\n<link rel=\"canonical\" href=\"https:\/\/www.lesdelicesdeprovence.ch\/de\/produits\/getrueffelte-landpastete\/\" \/>\n<meta property=\"og:locale\" content=\"de_DE\" \/>\n<meta property=\"og:type\" content=\"article\" \/>\n<meta property=\"og:title\" content=\"Getr\u00fcffelte Landpastete\" \/>\n<meta property=\"og:description\" content=\"Ein echtes provenzalisches Feinschmeckerprodukt und rustikal, wie man es liebt, mit 15% hochwertigen Sommertr\u00fcffeln in einer Pastete von einem Schwein aus der Region.\" \/>\n<meta property=\"og:url\" content=\"https:\/\/www.lesdelicesdeprovence.ch\/de\/produits\/getrueffelte-landpastete\/\" \/>\n<meta property=\"og:site_name\" content=\"Les D\u00e9lices de Provence\" \/>\n<meta property=\"article:modified_time\" content=\"2024-03-28T14:45:14+00:00\" \/>\n<meta property=\"og:image\" content=\"https:\/\/www.lesdelicesdeprovence.ch\/wp-content\/uploads\/2022\/06\/98CFF227-4D5B-413A-B4CB-0CBF172A9071-scaled.jpeg\" \/>\n\t<meta property=\"og:image:width\" content=\"2468\" \/>\n\t<meta property=\"og:image:height\" content=\"2560\" \/>\n\t<meta property=\"og:image:type\" content=\"image\/jpeg\" \/>\n<meta name=\"twitter:card\" content=\"summary_large_image\" \/>\n<meta name=\"twitter:label1\" content=\"Gesch\u00e4tzte Lesezeit\" \/>\n\t<meta name=\"twitter:data1\" content=\"1\u00a0Minute\" \/>\n<script type=\"application\/ld+json\" class=\"yoast-schema-graph\">{\"@context\":\"https:\/\/schema.org\",\"@graph\":[{\"@type\":\"WebPage\",\"@id\":\"https:\/\/www.lesdelicesdeprovence.ch\/de\/produits\/getrueffelte-landpastete\/\",\"url\":\"https:\/\/www.lesdelicesdeprovence.ch\/de\/produits\/getrueffelte-landpastete\/\",\"name\":\"Getr\u00fcffelte Landpastete\",\"isPartOf\":{\"@id\":\"http:\/\/www.lesdelicesdeprovence.ch\/de\/#website\"},\"primaryImageOfPage\":{\"@id\":\"https:\/\/www.lesdelicesdeprovence.ch\/de\/produits\/getrueffelte-landpastete\/#primaryimage\"},\"image\":{\"@id\":\"https:\/\/www.lesdelicesdeprovence.ch\/de\/produits\/getrueffelte-landpastete\/#primaryimage\"},\"thumbnailUrl\":\"https:\/\/www.lesdelicesdeprovence.ch\/wp-content\/uploads\/2022\/06\/98CFF227-4D5B-413A-B4CB-0CBF172A9071-scaled.jpeg\",\"datePublished\":\"2022-06-16T15:05:36+00:00\",\"dateModified\":\"2024-03-28T14:45:14+00:00\",\"description\":\"Ein echtes provenzalisches Feinschmeckerprodukt und rustikal, wie man es liebt, mit 15% hochwertigen Sommertr\u00fcffeln in einer Pastete von einem Schwein aus der Region.\",\"breadcrumb\":{\"@id\":\"https:\/\/www.lesdelicesdeprovence.ch\/de\/produits\/getrueffelte-landpastete\/#breadcrumb\"},\"inLanguage\":\"de\",\"potentialAction\":[{\"@type\":\"ReadAction\",\"target\":[\"https:\/\/www.lesdelicesdeprovence.ch\/de\/produits\/getrueffelte-landpastete\/\"]}]},{\"@type\":\"ImageObject\",\"inLanguage\":\"de\",\"@id\":\"https:\/\/www.lesdelicesdeprovence.ch\/de\/produits\/getrueffelte-landpastete\/#primaryimage\",\"url\":\"https:\/\/www.lesdelicesdeprovence.ch\/wp-content\/uploads\/2022\/06\/98CFF227-4D5B-413A-B4CB-0CBF172A9071-scaled.jpeg\",\"contentUrl\":\"https:\/\/www.lesdelicesdeprovence.ch\/wp-content\/uploads\/2022\/06\/98CFF227-4D5B-413A-B4CB-0CBF172A9071-scaled.jpeg\",\"width\":2468,\"height\":2560},{\"@type\":\"BreadcrumbList\",\"@id\":\"https:\/\/www.lesdelicesdeprovence.ch\/de\/produits\/getrueffelte-landpastete\/#breadcrumb\",\"itemListElement\":[{\"@type\":\"ListItem\",\"position\":1,\"name\":\"Accoglienza\",\"item\":\"https:\/\/www.lesdelicesdeprovence.ch\/de\/\"},{\"@type\":\"ListItem\",\"position\":2,\"name\":\"Shop\",\"item\":\"https:\/\/www.lesdelicesdeprovence.ch\/de\/geschaeft\/\"},{\"@type\":\"ListItem\",\"position\":3,\"name\":\"Getr\u00fcffelte Landpastete\"}]},{\"@type\":\"WebSite\",\"@id\":\"http:\/\/www.lesdelicesdeprovence.ch\/de\/#website\",\"url\":\"http:\/\/www.lesdelicesdeprovence.ch\/de\/\",\"name\":\"Les D\u00e9lices de Provence\",\"description\":\"Epicerie fine en ligne\",\"potentialAction\":[{\"@type\":\"SearchAction\",\"target\":{\"@type\":\"EntryPoint\",\"urlTemplate\":\"http:\/\/www.lesdelicesdeprovence.ch\/de\/?s={search_term_string}\"},\"query-input\":{\"@type\":\"PropertyValueSpecification\",\"valueRequired\":true,\"valueName\":\"search_term_string\"}}],\"inLanguage\":\"de\"}]}<\/script>\n<!-- \/ Yoast SEO plugin. -->","yoast_head_json":{"title":"Getr\u00fcffelte Landpastete","description":"Ein echtes provenzalisches Feinschmeckerprodukt und rustikal, wie man es liebt, mit 15% hochwertigen Sommertr\u00fcffeln in einer Pastete von einem Schwein aus der Region.","robots":{"index":"index","follow":"follow","max-snippet":"max-snippet:-1","max-image-preview":"max-image-preview:large","max-video-preview":"max-video-preview:-1"},"canonical":"https:\/\/www.lesdelicesdeprovence.ch\/de\/produits\/getrueffelte-landpastete\/","og_locale":"de_DE","og_type":"article","og_title":"Getr\u00fcffelte Landpastete","og_description":"Ein echtes provenzalisches Feinschmeckerprodukt und rustikal, wie man es liebt, mit 15% hochwertigen Sommertr\u00fcffeln in einer Pastete von einem Schwein aus der Region.","og_url":"https:\/\/www.lesdelicesdeprovence.ch\/de\/produits\/getrueffelte-landpastete\/","og_site_name":"Les D\u00e9lices de Provence","article_modified_time":"2024-03-28T14:45:14+00:00","og_image":[{"width":2468,"height":2560,"url":"https:\/\/www.lesdelicesdeprovence.ch\/wp-content\/uploads\/2022\/06\/98CFF227-4D5B-413A-B4CB-0CBF172A9071-scaled.jpeg","type":"image\/jpeg"}],"twitter_card":"summary_large_image","twitter_misc":{"Gesch\u00e4tzte Lesezeit":"1\u00a0Minute"},"schema":{"@context":"https:\/\/schema.org","@graph":[{"@type":"WebPage","@id":"https:\/\/www.lesdelicesdeprovence.ch\/de\/produits\/getrueffelte-landpastete\/","url":"https:\/\/www.lesdelicesdeprovence.ch\/de\/produits\/getrueffelte-landpastete\/","name":"Getr\u00fcffelte Landpastete","isPartOf":{"@id":"http:\/\/www.lesdelicesdeprovence.ch\/de\/#website"},"primaryImageOfPage":{"@id":"https:\/\/www.lesdelicesdeprovence.ch\/de\/produits\/getrueffelte-landpastete\/#primaryimage"},"image":{"@id":"https:\/\/www.lesdelicesdeprovence.ch\/de\/produits\/getrueffelte-landpastete\/#primaryimage"},"thumbnailUrl":"https:\/\/www.lesdelicesdeprovence.ch\/wp-content\/uploads\/2022\/06\/98CFF227-4D5B-413A-B4CB-0CBF172A9071-scaled.jpeg","datePublished":"2022-06-16T15:05:36+00:00","dateModified":"2024-03-28T14:45:14+00:00","description":"Ein echtes provenzalisches Feinschmeckerprodukt und rustikal, wie man es liebt, mit 15% hochwertigen Sommertr\u00fcffeln in einer Pastete von einem Schwein aus der Region.","breadcrumb":{"@id":"https:\/\/www.lesdelicesdeprovence.ch\/de\/produits\/getrueffelte-landpastete\/#breadcrumb"},"inLanguage":"de","potentialAction":[{"@type":"ReadAction","target":["https:\/\/www.lesdelicesdeprovence.ch\/de\/produits\/getrueffelte-landpastete\/"]}]},{"@type":"ImageObject","inLanguage":"de","@id":"https:\/\/www.lesdelicesdeprovence.ch\/de\/produits\/getrueffelte-landpastete\/#primaryimage","url":"https:\/\/www.lesdelicesdeprovence.ch\/wp-content\/uploads\/2022\/06\/98CFF227-4D5B-413A-B4CB-0CBF172A9071-scaled.jpeg","contentUrl":"https:\/\/www.lesdelicesdeprovence.ch\/wp-content\/uploads\/2022\/06\/98CFF227-4D5B-413A-B4CB-0CBF172A9071-scaled.jpeg","width":2468,"height":2560},{"@type":"BreadcrumbList","@id":"https:\/\/www.lesdelicesdeprovence.ch\/de\/produits\/getrueffelte-landpastete\/#breadcrumb","itemListElement":[{"@type":"ListItem","position":1,"name":"Accoglienza","item":"https:\/\/www.lesdelicesdeprovence.ch\/de\/"},{"@type":"ListItem","position":2,"name":"Shop","item":"https:\/\/www.lesdelicesdeprovence.ch\/de\/geschaeft\/"},{"@type":"ListItem","position":3,"name":"Getr\u00fcffelte Landpastete"}]},{"@type":"WebSite","@id":"http:\/\/www.lesdelicesdeprovence.ch\/de\/#website","url":"http:\/\/www.lesdelicesdeprovence.ch\/de\/","name":"Les D\u00e9lices de Provence","description":"Epicerie fine en ligne","potentialAction":[{"@type":"SearchAction","target":{"@type":"EntryPoint","urlTemplate":"http:\/\/www.lesdelicesdeprovence.ch\/de\/?s={search_term_string}"},"query-input":{"@type":"PropertyValueSpecification","valueRequired":true,"valueName":"search_term_string"}}],"inLanguage":"de"}]}},"_links":{"self":[{"href":"https:\/\/www.lesdelicesdeprovence.ch\/de\/wp-json\/wp\/v2\/product\/7251","targetHints":{"allow":["GET"]}}],"collection":[{"href":"https:\/\/www.lesdelicesdeprovence.ch\/de\/wp-json\/wp\/v2\/product"}],"about":[{"href":"https:\/\/www.lesdelicesdeprovence.ch\/de\/wp-json\/wp\/v2\/types\/product"}],"version-history":[{"count":3,"href":"https:\/\/www.lesdelicesdeprovence.ch\/de\/wp-json\/wp\/v2\/product\/7251\/revisions"}],"predecessor-version":[{"id":13026,"href":"https:\/\/www.lesdelicesdeprovence.ch\/de\/wp-json\/wp\/v2\/product\/7251\/revisions\/13026"}],"wp:featuredmedia":[{"embeddable":true,"href":"https:\/\/www.lesdelicesdeprovence.ch\/de\/wp-json\/wp\/v2\/media\/7034"}],"wp:attachment":[{"href":"https:\/\/www.lesdelicesdeprovence.ch\/de\/wp-json\/wp\/v2\/media?parent=7251"}],"wp:term":[{"taxonomy":"product_cat","embeddable":true,"href":"https:\/\/www.lesdelicesdeprovence.ch\/de\/wp-json\/wp\/v2\/product_cat?post=7251"},{"taxonomy":"product_tag","embeddable":true,"href":"https:\/\/www.lesdelicesdeprovence.ch\/de\/wp-json\/wp\/v2\/product_tag?post=7251"}],"curies":[{"name":"wp","href":"https:\/\/api.w.org\/{rel}","templated":true}]}}