{"id":7257,"date":"2022-06-16T14:59:04","date_gmt":"2022-06-16T14:59:04","guid":{"rendered":"https:\/\/www.aromeprod2.com\/?post_type=product&#038;p=7257"},"modified":"2025-06-28T17:16:13","modified_gmt":"2025-06-28T17:16:13","slug":"paprikacreme-mit-trueffel","status":"publish","type":"product","link":"https:\/\/www.lesdelicesdeprovence.ch\/de\/produits\/paprikacreme-mit-trueffel\/","title":{"rendered":"Paprikacreme mit Tr\u00fcffel"},"content":{"rendered":"<p>Ein originelles Rezept voller Tr\u00fcffelgeschmack, das von einem Handwerker aus dem Luberon entwickelt wurde, der Perfektionist ist, was die Ausgewogenheit des Rezepts und die Herkunft der Zutaten angeht. Ein hochwertiges Produkt zu entwerfen bedeutet vor allem, diese Gem\u00fcse- und Tr\u00fcffelbauern sorgf\u00e4ltig auszuw\u00e4hlen, und dieser Produzent hat das sehr gut verstanden.<\/p>\n<p>Sie passt hervorragend zu Gefl\u00fcgel, Pasta, Ravioli, Risotto oder einfach zum Aperitif und ist ein wahrer Gaumenschmaus!<\/p>\n<p><strong>Zutaten: Paprika (83%), Oliven\u00f6l, Cashewn\u00fcsse, Sommertr\u00fcffel (2%), Meersalz, Zitronens\u00e4ure.<\/strong><\/p>\n<p><strong>Inhalt: 130g<\/strong><\/p>\n<p>&nbsp;<\/p>\n","protected":false},"excerpt":{"rendered":"<p>Eine Aperitifsauce, die durch ihr Rezept einzigartig ist. Das Gleichgewicht zwischen der K\u00f6stlichkeit der Paprika und der Subtilit\u00e4t des Tr\u00fcffels verleiht diesem Produkt einen besonders raffinierten Geschmack, den man ohne M\u00e4\u00dfigung genie\u00dfen kann, in der K\u00fcche oder als Aperitif.<\/p>\n","protected":false},"featured_media":7027,"template":"","meta":[],"product_cat":[246],"product_tag":[],"class_list":{"0":"post-7257","1":"product","2":"type-product","3":"status-publish","4":"has-post-thumbnail","6":"product_cat-aperitif-saucen","8":"first","9":"instock","10":"taxable","11":"shipping-taxable","12":"purchasable","13":"product-type-simple"},"yoast_head":"<!-- This site is optimized with the Yoast SEO plugin v27.2 - https:\/\/yoast.com\/product\/yoast-seo-wordpress\/ -->\n<title>Paprikacreme mit Tr\u00fcffel<\/title>\n<meta name=\"description\" content=\"Das Gleichgewicht zwischen der K\u00f6stlichkeit der Paprika und der Subtilit\u00e4t des Tr\u00fcffels verleiht diesem Produkt einen besonders raffinierten Geschmack, den man ohne M\u00e4\u00dfigung genie\u00dfen kann.\" \/>\n<meta name=\"robots\" content=\"index, follow, max-snippet:-1, max-image-preview:large, max-video-preview:-1\" \/>\n<link rel=\"canonical\" href=\"https:\/\/www.lesdelicesdeprovence.ch\/de\/produits\/paprikacreme-mit-trueffel\/\" \/>\n<meta property=\"og:locale\" content=\"de_DE\" \/>\n<meta property=\"og:type\" content=\"article\" \/>\n<meta property=\"og:title\" content=\"Paprikacreme mit Tr\u00fcffel\" \/>\n<meta property=\"og:description\" content=\"Das Gleichgewicht zwischen der K\u00f6stlichkeit der Paprika und der Subtilit\u00e4t des Tr\u00fcffels verleiht diesem Produkt einen besonders raffinierten Geschmack, den man ohne M\u00e4\u00dfigung genie\u00dfen kann.\" \/>\n<meta property=\"og:url\" content=\"https:\/\/www.lesdelicesdeprovence.ch\/de\/produits\/paprikacreme-mit-trueffel\/\" \/>\n<meta property=\"og:site_name\" content=\"Les D\u00e9lices de Provence\" \/>\n<meta property=\"article:modified_time\" content=\"2025-06-28T17:16:13+00:00\" \/>\n<meta property=\"og:image\" content=\"https:\/\/www.lesdelicesdeprovence.ch\/wp-content\/uploads\/2022\/06\/IMG_6344.jpg\" \/>\n\t<meta property=\"og:image:width\" content=\"1911\" \/>\n\t<meta property=\"og:image:height\" content=\"2465\" \/>\n\t<meta property=\"og:image:type\" content=\"image\/jpeg\" \/>\n<meta name=\"twitter:card\" content=\"summary_large_image\" \/>\n<meta name=\"twitter:label1\" content=\"Gesch\u00e4tzte Lesezeit\" \/>\n\t<meta name=\"twitter:data1\" content=\"1\u00a0Minute\" \/>\n<script type=\"application\/ld+json\" class=\"yoast-schema-graph\">{\"@context\":\"https:\/\/schema.org\",\"@graph\":[{\"@type\":\"WebPage\",\"@id\":\"https:\/\/www.lesdelicesdeprovence.ch\/de\/produits\/paprikacreme-mit-trueffel\/\",\"url\":\"https:\/\/www.lesdelicesdeprovence.ch\/de\/produits\/paprikacreme-mit-trueffel\/\",\"name\":\"Paprikacreme mit Tr\u00fcffel\",\"isPartOf\":{\"@id\":\"https:\/\/www.lesdelicesdeprovence.ch\/de\/#website\"},\"primaryImageOfPage\":{\"@id\":\"https:\/\/www.lesdelicesdeprovence.ch\/de\/produits\/paprikacreme-mit-trueffel\/#primaryimage\"},\"image\":{\"@id\":\"https:\/\/www.lesdelicesdeprovence.ch\/de\/produits\/paprikacreme-mit-trueffel\/#primaryimage\"},\"thumbnailUrl\":\"https:\/\/www.lesdelicesdeprovence.ch\/wp-content\/uploads\/2022\/06\/IMG_6344.jpg\",\"datePublished\":\"2022-06-16T14:59:04+00:00\",\"dateModified\":\"2025-06-28T17:16:13+00:00\",\"description\":\"Das Gleichgewicht zwischen der K\u00f6stlichkeit der Paprika und der Subtilit\u00e4t des Tr\u00fcffels verleiht diesem Produkt einen besonders raffinierten Geschmack, den man ohne M\u00e4\u00dfigung genie\u00dfen kann.\",\"breadcrumb\":{\"@id\":\"https:\/\/www.lesdelicesdeprovence.ch\/de\/produits\/paprikacreme-mit-trueffel\/#breadcrumb\"},\"inLanguage\":\"de\",\"potentialAction\":[{\"@type\":\"ReadAction\",\"target\":[\"https:\/\/www.lesdelicesdeprovence.ch\/de\/produits\/paprikacreme-mit-trueffel\/\"]}]},{\"@type\":\"ImageObject\",\"inLanguage\":\"de\",\"@id\":\"https:\/\/www.lesdelicesdeprovence.ch\/de\/produits\/paprikacreme-mit-trueffel\/#primaryimage\",\"url\":\"https:\/\/www.lesdelicesdeprovence.ch\/wp-content\/uploads\/2022\/06\/IMG_6344.jpg\",\"contentUrl\":\"https:\/\/www.lesdelicesdeprovence.ch\/wp-content\/uploads\/2022\/06\/IMG_6344.jpg\",\"width\":1911,\"height\":2465},{\"@type\":\"BreadcrumbList\",\"@id\":\"https:\/\/www.lesdelicesdeprovence.ch\/de\/produits\/paprikacreme-mit-trueffel\/#breadcrumb\",\"itemListElement\":[{\"@type\":\"ListItem\",\"position\":1,\"name\":\"Accoglienza\",\"item\":\"http:\/\/www.lesdelicesdeprovence.ch\/de\/\"},{\"@type\":\"ListItem\",\"position\":2,\"name\":\"Shop\",\"item\":\"http:\/\/www.lesdelicesdeprovence.ch\/de\/geschaeft\/\"},{\"@type\":\"ListItem\",\"position\":3,\"name\":\"Paprikacreme mit Tr\u00fcffel\"}]},{\"@type\":\"WebSite\",\"@id\":\"https:\/\/www.lesdelicesdeprovence.ch\/de\/#website\",\"url\":\"https:\/\/www.lesdelicesdeprovence.ch\/de\/\",\"name\":\"Les D\u00e9lices de Provence\",\"description\":\"Epicerie fine en ligne\",\"potentialAction\":[{\"@type\":\"SearchAction\",\"target\":{\"@type\":\"EntryPoint\",\"urlTemplate\":\"https:\/\/www.lesdelicesdeprovence.ch\/de\/?s={search_term_string}\"},\"query-input\":{\"@type\":\"PropertyValueSpecification\",\"valueRequired\":true,\"valueName\":\"search_term_string\"}}],\"inLanguage\":\"de\"}]}<\/script>\n<!-- \/ Yoast SEO plugin. -->","yoast_head_json":{"title":"Paprikacreme mit Tr\u00fcffel","description":"Das Gleichgewicht zwischen der K\u00f6stlichkeit der Paprika und der Subtilit\u00e4t des Tr\u00fcffels verleiht diesem Produkt einen besonders raffinierten Geschmack, den man ohne M\u00e4\u00dfigung genie\u00dfen kann.","robots":{"index":"index","follow":"follow","max-snippet":"max-snippet:-1","max-image-preview":"max-image-preview:large","max-video-preview":"max-video-preview:-1"},"canonical":"https:\/\/www.lesdelicesdeprovence.ch\/de\/produits\/paprikacreme-mit-trueffel\/","og_locale":"de_DE","og_type":"article","og_title":"Paprikacreme mit Tr\u00fcffel","og_description":"Das Gleichgewicht zwischen der K\u00f6stlichkeit der Paprika und der Subtilit\u00e4t des Tr\u00fcffels verleiht diesem Produkt einen besonders raffinierten Geschmack, den man ohne M\u00e4\u00dfigung genie\u00dfen kann.","og_url":"https:\/\/www.lesdelicesdeprovence.ch\/de\/produits\/paprikacreme-mit-trueffel\/","og_site_name":"Les D\u00e9lices de Provence","article_modified_time":"2025-06-28T17:16:13+00:00","og_image":[{"width":1911,"height":2465,"url":"https:\/\/www.lesdelicesdeprovence.ch\/wp-content\/uploads\/2022\/06\/IMG_6344.jpg","type":"image\/jpeg"}],"twitter_card":"summary_large_image","twitter_misc":{"Gesch\u00e4tzte Lesezeit":"1\u00a0Minute"},"schema":{"@context":"https:\/\/schema.org","@graph":[{"@type":"WebPage","@id":"https:\/\/www.lesdelicesdeprovence.ch\/de\/produits\/paprikacreme-mit-trueffel\/","url":"https:\/\/www.lesdelicesdeprovence.ch\/de\/produits\/paprikacreme-mit-trueffel\/","name":"Paprikacreme mit Tr\u00fcffel","isPartOf":{"@id":"https:\/\/www.lesdelicesdeprovence.ch\/de\/#website"},"primaryImageOfPage":{"@id":"https:\/\/www.lesdelicesdeprovence.ch\/de\/produits\/paprikacreme-mit-trueffel\/#primaryimage"},"image":{"@id":"https:\/\/www.lesdelicesdeprovence.ch\/de\/produits\/paprikacreme-mit-trueffel\/#primaryimage"},"thumbnailUrl":"https:\/\/www.lesdelicesdeprovence.ch\/wp-content\/uploads\/2022\/06\/IMG_6344.jpg","datePublished":"2022-06-16T14:59:04+00:00","dateModified":"2025-06-28T17:16:13+00:00","description":"Das Gleichgewicht zwischen der K\u00f6stlichkeit der Paprika und der Subtilit\u00e4t des Tr\u00fcffels verleiht diesem Produkt einen besonders raffinierten Geschmack, den man ohne M\u00e4\u00dfigung genie\u00dfen kann.","breadcrumb":{"@id":"https:\/\/www.lesdelicesdeprovence.ch\/de\/produits\/paprikacreme-mit-trueffel\/#breadcrumb"},"inLanguage":"de","potentialAction":[{"@type":"ReadAction","target":["https:\/\/www.lesdelicesdeprovence.ch\/de\/produits\/paprikacreme-mit-trueffel\/"]}]},{"@type":"ImageObject","inLanguage":"de","@id":"https:\/\/www.lesdelicesdeprovence.ch\/de\/produits\/paprikacreme-mit-trueffel\/#primaryimage","url":"https:\/\/www.lesdelicesdeprovence.ch\/wp-content\/uploads\/2022\/06\/IMG_6344.jpg","contentUrl":"https:\/\/www.lesdelicesdeprovence.ch\/wp-content\/uploads\/2022\/06\/IMG_6344.jpg","width":1911,"height":2465},{"@type":"BreadcrumbList","@id":"https:\/\/www.lesdelicesdeprovence.ch\/de\/produits\/paprikacreme-mit-trueffel\/#breadcrumb","itemListElement":[{"@type":"ListItem","position":1,"name":"Accoglienza","item":"http:\/\/www.lesdelicesdeprovence.ch\/de\/"},{"@type":"ListItem","position":2,"name":"Shop","item":"http:\/\/www.lesdelicesdeprovence.ch\/de\/geschaeft\/"},{"@type":"ListItem","position":3,"name":"Paprikacreme mit Tr\u00fcffel"}]},{"@type":"WebSite","@id":"https:\/\/www.lesdelicesdeprovence.ch\/de\/#website","url":"https:\/\/www.lesdelicesdeprovence.ch\/de\/","name":"Les D\u00e9lices de Provence","description":"Epicerie fine en ligne","potentialAction":[{"@type":"SearchAction","target":{"@type":"EntryPoint","urlTemplate":"https:\/\/www.lesdelicesdeprovence.ch\/de\/?s={search_term_string}"},"query-input":{"@type":"PropertyValueSpecification","valueRequired":true,"valueName":"search_term_string"}}],"inLanguage":"de"}]}},"_links":{"self":[{"href":"https:\/\/www.lesdelicesdeprovence.ch\/de\/wp-json\/wp\/v2\/product\/7257","targetHints":{"allow":["GET"]}}],"collection":[{"href":"https:\/\/www.lesdelicesdeprovence.ch\/de\/wp-json\/wp\/v2\/product"}],"about":[{"href":"https:\/\/www.lesdelicesdeprovence.ch\/de\/wp-json\/wp\/v2\/types\/product"}],"version-history":[{"count":3,"href":"https:\/\/www.lesdelicesdeprovence.ch\/de\/wp-json\/wp\/v2\/product\/7257\/revisions"}],"predecessor-version":[{"id":13005,"href":"https:\/\/www.lesdelicesdeprovence.ch\/de\/wp-json\/wp\/v2\/product\/7257\/revisions\/13005"}],"wp:featuredmedia":[{"embeddable":true,"href":"https:\/\/www.lesdelicesdeprovence.ch\/de\/wp-json\/wp\/v2\/media\/7027"}],"wp:attachment":[{"href":"https:\/\/www.lesdelicesdeprovence.ch\/de\/wp-json\/wp\/v2\/media?parent=7257"}],"wp:term":[{"taxonomy":"product_cat","embeddable":true,"href":"https:\/\/www.lesdelicesdeprovence.ch\/de\/wp-json\/wp\/v2\/product_cat?post=7257"},{"taxonomy":"product_tag","embeddable":true,"href":"https:\/\/www.lesdelicesdeprovence.ch\/de\/wp-json\/wp\/v2\/product_tag?post=7257"}],"curies":[{"name":"wp","href":"https:\/\/api.w.org\/{rel}","templated":true}]}}