{"id":7259,"date":"2022-06-16T14:52:09","date_gmt":"2022-06-16T14:52:09","guid":{"rendered":"https:\/\/www.aromeprod2.com\/?post_type=product&#038;p=7259"},"modified":"2024-03-28T14:45:16","modified_gmt":"2024-03-28T14:45:16","slug":"poichichade-mit-sommertrueffeln","status":"publish","type":"product","link":"https:\/\/www.lesdelicesdeprovence.ch\/de\/produits\/poichichade-mit-sommertrueffeln\/","title":{"rendered":"Poichichade mit Sommertr\u00fcffeln"},"content":{"rendered":"<p>Ein sch\u00f6nes Duo ist diese cremige Kichererbsencreme, die das feine Aroma der 10% Sommertr\u00fcffel aufnimmt. All dies wird mit einigen Gew\u00fcrzen und Kr\u00e4utern aus der Region verfeinert. Eine sehenswerte Hochzeit, die es wert ist, entdeckt zu werden.<\/p>\n<p>Da der Handwerker auch Tr\u00fcffelz\u00fcchter ist, hat er dieses Originalrezept aus Tuber aestivum-Tr\u00fcffeln zubereitet, die er selbst auf seinem Grundst\u00fcck im Luberon gesammelt hat.<\/p>\n<p><strong>Zutaten: Kichererbsen (38%), Tr\u00fcffel tuber aestivum (10%), Salz, Pfeffer, Zwiebeln, Oliven\u00f6l, Kreuzk\u00fcmmel, Koriander, Petersilie, Thymian, Wasser.<\/strong><\/p>\n<p><strong>Inhalt: 90g<\/strong><\/p>\n<p>&nbsp;<\/p>\n","protected":false},"excerpt":{"rendered":"<p>Eine schmackhafte Kombination aus provenzalischer Kichererbsencreme und Sommertr\u00fcffeln aus dem Vaucluse f\u00fcr ein originelles Rezept, das zwischen fein und rustikal angesiedelt ist.<\/p>\n<p>Erfolgreiche Aperitifs sind garantiert!<\/p>\n","protected":false},"featured_media":7021,"template":"","meta":[],"product_cat":[246],"product_tag":[],"class_list":{"0":"post-7259","1":"product","2":"type-product","3":"status-publish","4":"has-post-thumbnail","6":"product_cat-aperitif-saucen","8":"first","9":"outofstock","10":"taxable","11":"shipping-taxable","12":"purchasable","13":"product-type-simple"},"yoast_head":"<!-- This site is optimized with the Yoast SEO plugin v27.2 - https:\/\/yoast.com\/product\/yoast-seo-wordpress\/ -->\n<title>Poichichade mit Sommertr\u00fcffeln<\/title>\n<meta name=\"description\" content=\"Eine schmackhafte Kombination aus provenzalischer Kichererbsencreme und Sommertr\u00fcffeln aus dem Vaucluse f\u00fcr ein originelles Rezept, das zwischen fein und rustikal angesiedelt ist.\" \/>\n<meta name=\"robots\" content=\"index, follow, max-snippet:-1, max-image-preview:large, max-video-preview:-1\" \/>\n<link rel=\"canonical\" href=\"https:\/\/www.lesdelicesdeprovence.ch\/de\/produits\/poichichade-mit-sommertrueffeln\/\" \/>\n<meta property=\"og:locale\" content=\"de_DE\" \/>\n<meta property=\"og:type\" content=\"article\" \/>\n<meta property=\"og:title\" content=\"Poichichade mit Sommertr\u00fcffeln\" \/>\n<meta property=\"og:description\" content=\"Eine schmackhafte Kombination aus provenzalischer Kichererbsencreme und Sommertr\u00fcffeln aus dem Vaucluse f\u00fcr ein originelles Rezept, das zwischen fein und rustikal angesiedelt ist.\" \/>\n<meta property=\"og:url\" content=\"https:\/\/www.lesdelicesdeprovence.ch\/de\/produits\/poichichade-mit-sommertrueffeln\/\" \/>\n<meta property=\"og:site_name\" content=\"Les D\u00e9lices de Provence\" \/>\n<meta property=\"article:modified_time\" content=\"2024-03-28T14:45:16+00:00\" \/>\n<meta property=\"og:image\" content=\"http:\/\/www.lesdelicesdeprovence.ch\/wp-content\/uploads\/2022\/06\/IMG_6345.jpg\" \/>\n\t<meta property=\"og:image:width\" content=\"1834\" \/>\n\t<meta property=\"og:image:height\" content=\"1851\" \/>\n\t<meta property=\"og:image:type\" content=\"image\/jpeg\" \/>\n<meta name=\"twitter:card\" content=\"summary_large_image\" \/>\n<meta name=\"twitter:label1\" content=\"Gesch\u00e4tzte Lesezeit\" \/>\n\t<meta name=\"twitter:data1\" content=\"1\u00a0Minute\" \/>\n<script type=\"application\/ld+json\" class=\"yoast-schema-graph\">{\"@context\":\"https:\/\/schema.org\",\"@graph\":[{\"@type\":\"WebPage\",\"@id\":\"https:\/\/www.lesdelicesdeprovence.ch\/de\/produits\/poichichade-mit-sommertrueffeln\/\",\"url\":\"https:\/\/www.lesdelicesdeprovence.ch\/de\/produits\/poichichade-mit-sommertrueffeln\/\",\"name\":\"Poichichade mit Sommertr\u00fcffeln\",\"isPartOf\":{\"@id\":\"https:\/\/www.lesdelicesdeprovence.ch\/de\/#website\"},\"primaryImageOfPage\":{\"@id\":\"https:\/\/www.lesdelicesdeprovence.ch\/de\/produits\/poichichade-mit-sommertrueffeln\/#primaryimage\"},\"image\":{\"@id\":\"https:\/\/www.lesdelicesdeprovence.ch\/de\/produits\/poichichade-mit-sommertrueffeln\/#primaryimage\"},\"thumbnailUrl\":\"https:\/\/www.lesdelicesdeprovence.ch\/wp-content\/uploads\/2022\/06\/IMG_6345.jpg\",\"datePublished\":\"2022-06-16T14:52:09+00:00\",\"dateModified\":\"2024-03-28T14:45:16+00:00\",\"description\":\"Eine schmackhafte Kombination aus provenzalischer Kichererbsencreme und Sommertr\u00fcffeln aus dem Vaucluse f\u00fcr ein originelles Rezept, das zwischen fein und rustikal angesiedelt ist.\",\"breadcrumb\":{\"@id\":\"https:\/\/www.lesdelicesdeprovence.ch\/de\/produits\/poichichade-mit-sommertrueffeln\/#breadcrumb\"},\"inLanguage\":\"de\",\"potentialAction\":[{\"@type\":\"ReadAction\",\"target\":[\"https:\/\/www.lesdelicesdeprovence.ch\/de\/produits\/poichichade-mit-sommertrueffeln\/\"]}]},{\"@type\":\"ImageObject\",\"inLanguage\":\"de\",\"@id\":\"https:\/\/www.lesdelicesdeprovence.ch\/de\/produits\/poichichade-mit-sommertrueffeln\/#primaryimage\",\"url\":\"https:\/\/www.lesdelicesdeprovence.ch\/wp-content\/uploads\/2022\/06\/IMG_6345.jpg\",\"contentUrl\":\"https:\/\/www.lesdelicesdeprovence.ch\/wp-content\/uploads\/2022\/06\/IMG_6345.jpg\",\"width\":1834,\"height\":1851},{\"@type\":\"BreadcrumbList\",\"@id\":\"https:\/\/www.lesdelicesdeprovence.ch\/de\/produits\/poichichade-mit-sommertrueffeln\/#breadcrumb\",\"itemListElement\":[{\"@type\":\"ListItem\",\"position\":1,\"name\":\"Accoglienza\",\"item\":\"http:\/\/www.lesdelicesdeprovence.ch\/de\/\"},{\"@type\":\"ListItem\",\"position\":2,\"name\":\"Shop\",\"item\":\"http:\/\/www.lesdelicesdeprovence.ch\/de\/geschaeft\/\"},{\"@type\":\"ListItem\",\"position\":3,\"name\":\"Poichichade mit Sommertr\u00fcffeln\"}]},{\"@type\":\"WebSite\",\"@id\":\"https:\/\/www.lesdelicesdeprovence.ch\/de\/#website\",\"url\":\"https:\/\/www.lesdelicesdeprovence.ch\/de\/\",\"name\":\"Les D\u00e9lices de Provence\",\"description\":\"Epicerie fine en ligne\",\"potentialAction\":[{\"@type\":\"SearchAction\",\"target\":{\"@type\":\"EntryPoint\",\"urlTemplate\":\"https:\/\/www.lesdelicesdeprovence.ch\/de\/?s={search_term_string}\"},\"query-input\":{\"@type\":\"PropertyValueSpecification\",\"valueRequired\":true,\"valueName\":\"search_term_string\"}}],\"inLanguage\":\"de\"}]}<\/script>\n<!-- \/ Yoast SEO plugin. -->","yoast_head_json":{"title":"Poichichade mit Sommertr\u00fcffeln","description":"Eine schmackhafte Kombination aus provenzalischer Kichererbsencreme und Sommertr\u00fcffeln aus dem Vaucluse f\u00fcr ein originelles Rezept, das zwischen fein und rustikal angesiedelt ist.","robots":{"index":"index","follow":"follow","max-snippet":"max-snippet:-1","max-image-preview":"max-image-preview:large","max-video-preview":"max-video-preview:-1"},"canonical":"https:\/\/www.lesdelicesdeprovence.ch\/de\/produits\/poichichade-mit-sommertrueffeln\/","og_locale":"de_DE","og_type":"article","og_title":"Poichichade mit Sommertr\u00fcffeln","og_description":"Eine schmackhafte Kombination aus provenzalischer Kichererbsencreme und Sommertr\u00fcffeln aus dem Vaucluse f\u00fcr ein originelles Rezept, das zwischen fein und rustikal angesiedelt ist.","og_url":"https:\/\/www.lesdelicesdeprovence.ch\/de\/produits\/poichichade-mit-sommertrueffeln\/","og_site_name":"Les D\u00e9lices de Provence","article_modified_time":"2024-03-28T14:45:16+00:00","og_image":[{"width":1834,"height":1851,"url":"http:\/\/www.lesdelicesdeprovence.ch\/wp-content\/uploads\/2022\/06\/IMG_6345.jpg","type":"image\/jpeg"}],"twitter_card":"summary_large_image","twitter_misc":{"Gesch\u00e4tzte Lesezeit":"1\u00a0Minute"},"schema":{"@context":"https:\/\/schema.org","@graph":[{"@type":"WebPage","@id":"https:\/\/www.lesdelicesdeprovence.ch\/de\/produits\/poichichade-mit-sommertrueffeln\/","url":"https:\/\/www.lesdelicesdeprovence.ch\/de\/produits\/poichichade-mit-sommertrueffeln\/","name":"Poichichade mit Sommertr\u00fcffeln","isPartOf":{"@id":"https:\/\/www.lesdelicesdeprovence.ch\/de\/#website"},"primaryImageOfPage":{"@id":"https:\/\/www.lesdelicesdeprovence.ch\/de\/produits\/poichichade-mit-sommertrueffeln\/#primaryimage"},"image":{"@id":"https:\/\/www.lesdelicesdeprovence.ch\/de\/produits\/poichichade-mit-sommertrueffeln\/#primaryimage"},"thumbnailUrl":"https:\/\/www.lesdelicesdeprovence.ch\/wp-content\/uploads\/2022\/06\/IMG_6345.jpg","datePublished":"2022-06-16T14:52:09+00:00","dateModified":"2024-03-28T14:45:16+00:00","description":"Eine schmackhafte Kombination aus provenzalischer Kichererbsencreme und Sommertr\u00fcffeln aus dem Vaucluse f\u00fcr ein originelles Rezept, das zwischen fein und rustikal angesiedelt ist.","breadcrumb":{"@id":"https:\/\/www.lesdelicesdeprovence.ch\/de\/produits\/poichichade-mit-sommertrueffeln\/#breadcrumb"},"inLanguage":"de","potentialAction":[{"@type":"ReadAction","target":["https:\/\/www.lesdelicesdeprovence.ch\/de\/produits\/poichichade-mit-sommertrueffeln\/"]}]},{"@type":"ImageObject","inLanguage":"de","@id":"https:\/\/www.lesdelicesdeprovence.ch\/de\/produits\/poichichade-mit-sommertrueffeln\/#primaryimage","url":"https:\/\/www.lesdelicesdeprovence.ch\/wp-content\/uploads\/2022\/06\/IMG_6345.jpg","contentUrl":"https:\/\/www.lesdelicesdeprovence.ch\/wp-content\/uploads\/2022\/06\/IMG_6345.jpg","width":1834,"height":1851},{"@type":"BreadcrumbList","@id":"https:\/\/www.lesdelicesdeprovence.ch\/de\/produits\/poichichade-mit-sommertrueffeln\/#breadcrumb","itemListElement":[{"@type":"ListItem","position":1,"name":"Accoglienza","item":"http:\/\/www.lesdelicesdeprovence.ch\/de\/"},{"@type":"ListItem","position":2,"name":"Shop","item":"http:\/\/www.lesdelicesdeprovence.ch\/de\/geschaeft\/"},{"@type":"ListItem","position":3,"name":"Poichichade mit Sommertr\u00fcffeln"}]},{"@type":"WebSite","@id":"https:\/\/www.lesdelicesdeprovence.ch\/de\/#website","url":"https:\/\/www.lesdelicesdeprovence.ch\/de\/","name":"Les D\u00e9lices de Provence","description":"Epicerie fine en ligne","potentialAction":[{"@type":"SearchAction","target":{"@type":"EntryPoint","urlTemplate":"https:\/\/www.lesdelicesdeprovence.ch\/de\/?s={search_term_string}"},"query-input":{"@type":"PropertyValueSpecification","valueRequired":true,"valueName":"search_term_string"}}],"inLanguage":"de"}]}},"_links":{"self":[{"href":"https:\/\/www.lesdelicesdeprovence.ch\/de\/wp-json\/wp\/v2\/product\/7259","targetHints":{"allow":["GET"]}}],"collection":[{"href":"https:\/\/www.lesdelicesdeprovence.ch\/de\/wp-json\/wp\/v2\/product"}],"about":[{"href":"https:\/\/www.lesdelicesdeprovence.ch\/de\/wp-json\/wp\/v2\/types\/product"}],"version-history":[{"count":4,"href":"https:\/\/www.lesdelicesdeprovence.ch\/de\/wp-json\/wp\/v2\/product\/7259\/revisions"}],"predecessor-version":[{"id":13033,"href":"https:\/\/www.lesdelicesdeprovence.ch\/de\/wp-json\/wp\/v2\/product\/7259\/revisions\/13033"}],"wp:featuredmedia":[{"embeddable":true,"href":"https:\/\/www.lesdelicesdeprovence.ch\/de\/wp-json\/wp\/v2\/media\/7021"}],"wp:attachment":[{"href":"https:\/\/www.lesdelicesdeprovence.ch\/de\/wp-json\/wp\/v2\/media?parent=7259"}],"wp:term":[{"taxonomy":"product_cat","embeddable":true,"href":"https:\/\/www.lesdelicesdeprovence.ch\/de\/wp-json\/wp\/v2\/product_cat?post=7259"},{"taxonomy":"product_tag","embeddable":true,"href":"https:\/\/www.lesdelicesdeprovence.ch\/de\/wp-json\/wp\/v2\/product_tag?post=7259"}],"curies":[{"name":"wp","href":"https:\/\/api.w.org\/{rel}","templated":true}]}}