{"id":7317,"date":"2022-07-11T10:25:32","date_gmt":"2022-07-11T10:25:32","guid":{"rendered":"https:\/\/www.aromeprod2.com\/?post_type=product&#038;p=7317"},"modified":"2024-03-28T14:45:17","modified_gmt":"2024-03-28T14:45:17","slug":"blaue-pflaumenkonfituere-mit-zimt","status":"publish","type":"product","link":"https:\/\/www.lesdelicesdeprovence.ch\/de\/produits\/blaue-pflaumenkonfituere-mit-zimt\/","title":{"rendered":"Blaue Pflaumenkonfit\u00fcre mit Zimt"},"content":{"rendered":"<p>Eine der beliebtesten Konfit\u00fcren, die unsere Kunden auf den M\u00e4rkten kaufen. Eine originelle Geschmacksrichtung f\u00fcr Feinschmecker, die auf der Suche nach einem Geschmack abseits der \u00fcblichen Pfade sind.<\/p>\n<p>Auch hervorragend als K\u00e4sebeilage f\u00fcr Liebhaber von s\u00fc\u00df-salzigen Speisen.<\/p>\n<p><strong>Zutaten: Blaue Pflaume (63%), Zucker, Pektin, Zitronensaft, Zimt (0.04%)<\/strong><\/p>\n<p><strong>Inhalt: 345g<\/strong><\/p>\n<p>&nbsp;<\/p>\n","protected":false},"excerpt":{"rendered":"<p>Eine k\u00f6stliche und leckere Kombination aus sch\u00f6nen, s\u00fc\u00dfen Pflaumen aus dem Vaucluse und Zimt f\u00fcr ein garantiert gelungenes Fr\u00fchst\u00fcck.<\/p>\n<p>Besteht zu 63% aus Fr\u00fcchten, um sich gesund zu verw\u00f6hnen, mit einem sehr geringen Anteil an zugesetztem Zucker.<\/p>\n","protected":false},"featured_media":8412,"template":"","meta":[],"product_cat":[687],"product_tag":[],"class_list":{"0":"post-7317","1":"product","2":"type-product","3":"status-publish","4":"has-post-thumbnail","6":"product_cat-konfituren-und-brotaufstriche","8":"first","9":"instock","10":"taxable","11":"shipping-taxable","12":"purchasable","13":"product-type-simple"},"yoast_head":"<!-- This site is optimized with the Yoast SEO plugin v27.2 - https:\/\/yoast.com\/product\/yoast-seo-wordpress\/ -->\n<title>Blaue Pflaumenkonfit\u00fcre mit Zimt<\/title>\n<meta name=\"description\" content=\"Eine k\u00f6stliche und leckere Kombination aus sch\u00f6nen, nat\u00fcrlich s\u00fc\u00dfen blauen Pflaumen aus dem Vaucluse und Zimt .\" \/>\n<meta name=\"robots\" content=\"index, follow, max-snippet:-1, max-image-preview:large, max-video-preview:-1\" \/>\n<link rel=\"canonical\" href=\"https:\/\/www.lesdelicesdeprovence.ch\/de\/produits\/blaue-pflaumenkonfituere-mit-zimt\/\" \/>\n<meta property=\"og:locale\" content=\"de_DE\" \/>\n<meta property=\"og:type\" content=\"article\" \/>\n<meta property=\"og:title\" content=\"Blaue Pflaumenkonfit\u00fcre mit Zimt\" \/>\n<meta property=\"og:description\" content=\"Eine k\u00f6stliche und leckere Kombination aus sch\u00f6nen, nat\u00fcrlich s\u00fc\u00dfen blauen Pflaumen aus dem Vaucluse und Zimt .\" \/>\n<meta property=\"og:url\" content=\"https:\/\/www.lesdelicesdeprovence.ch\/de\/produits\/blaue-pflaumenkonfituere-mit-zimt\/\" \/>\n<meta property=\"og:site_name\" content=\"Les D\u00e9lices de Provence\" \/>\n<meta property=\"article:modified_time\" content=\"2024-03-28T14:45:17+00:00\" \/>\n<meta property=\"og:image\" content=\"https:\/\/www.lesdelicesdeprovence.ch\/wp-content\/uploads\/2022\/07\/IMG_6339.jpg\" \/>\n\t<meta property=\"og:image:width\" content=\"2229\" \/>\n\t<meta property=\"og:image:height\" content=\"2510\" \/>\n\t<meta property=\"og:image:type\" content=\"image\/jpeg\" \/>\n<meta name=\"twitter:card\" content=\"summary_large_image\" \/>\n<meta name=\"twitter:label1\" content=\"Gesch\u00e4tzte Lesezeit\" \/>\n\t<meta name=\"twitter:data1\" content=\"1\u00a0Minute\" \/>\n<script type=\"application\/ld+json\" class=\"yoast-schema-graph\">{\"@context\":\"https:\/\/schema.org\",\"@graph\":[{\"@type\":\"WebPage\",\"@id\":\"https:\/\/www.lesdelicesdeprovence.ch\/de\/produits\/blaue-pflaumenkonfituere-mit-zimt\/\",\"url\":\"https:\/\/www.lesdelicesdeprovence.ch\/de\/produits\/blaue-pflaumenkonfituere-mit-zimt\/\",\"name\":\"Blaue Pflaumenkonfit\u00fcre mit Zimt\",\"isPartOf\":{\"@id\":\"https:\/\/www.lesdelicesdeprovence.ch\/de\/#website\"},\"primaryImageOfPage\":{\"@id\":\"https:\/\/www.lesdelicesdeprovence.ch\/de\/produits\/blaue-pflaumenkonfituere-mit-zimt\/#primaryimage\"},\"image\":{\"@id\":\"https:\/\/www.lesdelicesdeprovence.ch\/de\/produits\/blaue-pflaumenkonfituere-mit-zimt\/#primaryimage\"},\"thumbnailUrl\":\"https:\/\/www.lesdelicesdeprovence.ch\/wp-content\/uploads\/2022\/07\/IMG_6339.jpg\",\"datePublished\":\"2022-07-11T10:25:32+00:00\",\"dateModified\":\"2024-03-28T14:45:17+00:00\",\"description\":\"Eine k\u00f6stliche und leckere Kombination aus sch\u00f6nen, nat\u00fcrlich s\u00fc\u00dfen blauen Pflaumen aus dem Vaucluse und Zimt .\",\"breadcrumb\":{\"@id\":\"https:\/\/www.lesdelicesdeprovence.ch\/de\/produits\/blaue-pflaumenkonfituere-mit-zimt\/#breadcrumb\"},\"inLanguage\":\"de\",\"potentialAction\":[{\"@type\":\"ReadAction\",\"target\":[\"https:\/\/www.lesdelicesdeprovence.ch\/de\/produits\/blaue-pflaumenkonfituere-mit-zimt\/\"]}]},{\"@type\":\"ImageObject\",\"inLanguage\":\"de\",\"@id\":\"https:\/\/www.lesdelicesdeprovence.ch\/de\/produits\/blaue-pflaumenkonfituere-mit-zimt\/#primaryimage\",\"url\":\"https:\/\/www.lesdelicesdeprovence.ch\/wp-content\/uploads\/2022\/07\/IMG_6339.jpg\",\"contentUrl\":\"https:\/\/www.lesdelicesdeprovence.ch\/wp-content\/uploads\/2022\/07\/IMG_6339.jpg\",\"width\":2229,\"height\":2510},{\"@type\":\"BreadcrumbList\",\"@id\":\"https:\/\/www.lesdelicesdeprovence.ch\/de\/produits\/blaue-pflaumenkonfituere-mit-zimt\/#breadcrumb\",\"itemListElement\":[{\"@type\":\"ListItem\",\"position\":1,\"name\":\"Accoglienza\",\"item\":\"http:\/\/www.lesdelicesdeprovence.ch\/de\/\"},{\"@type\":\"ListItem\",\"position\":2,\"name\":\"Shop\",\"item\":\"http:\/\/www.lesdelicesdeprovence.ch\/de\/geschaeft\/\"},{\"@type\":\"ListItem\",\"position\":3,\"name\":\"Blaue Pflaumenkonfit\u00fcre mit Zimt\"}]},{\"@type\":\"WebSite\",\"@id\":\"https:\/\/www.lesdelicesdeprovence.ch\/de\/#website\",\"url\":\"https:\/\/www.lesdelicesdeprovence.ch\/de\/\",\"name\":\"Les D\u00e9lices de Provence\",\"description\":\"Epicerie fine en ligne\",\"potentialAction\":[{\"@type\":\"SearchAction\",\"target\":{\"@type\":\"EntryPoint\",\"urlTemplate\":\"https:\/\/www.lesdelicesdeprovence.ch\/de\/?s={search_term_string}\"},\"query-input\":{\"@type\":\"PropertyValueSpecification\",\"valueRequired\":true,\"valueName\":\"search_term_string\"}}],\"inLanguage\":\"de\"}]}<\/script>\n<!-- \/ Yoast SEO plugin. -->","yoast_head_json":{"title":"Blaue Pflaumenkonfit\u00fcre mit Zimt","description":"Eine k\u00f6stliche und leckere Kombination aus sch\u00f6nen, nat\u00fcrlich s\u00fc\u00dfen blauen Pflaumen aus dem Vaucluse und Zimt .","robots":{"index":"index","follow":"follow","max-snippet":"max-snippet:-1","max-image-preview":"max-image-preview:large","max-video-preview":"max-video-preview:-1"},"canonical":"https:\/\/www.lesdelicesdeprovence.ch\/de\/produits\/blaue-pflaumenkonfituere-mit-zimt\/","og_locale":"de_DE","og_type":"article","og_title":"Blaue Pflaumenkonfit\u00fcre mit Zimt","og_description":"Eine k\u00f6stliche und leckere Kombination aus sch\u00f6nen, nat\u00fcrlich s\u00fc\u00dfen blauen Pflaumen aus dem Vaucluse und Zimt .","og_url":"https:\/\/www.lesdelicesdeprovence.ch\/de\/produits\/blaue-pflaumenkonfituere-mit-zimt\/","og_site_name":"Les D\u00e9lices de Provence","article_modified_time":"2024-03-28T14:45:17+00:00","og_image":[{"width":2229,"height":2510,"url":"https:\/\/www.lesdelicesdeprovence.ch\/wp-content\/uploads\/2022\/07\/IMG_6339.jpg","type":"image\/jpeg"}],"twitter_card":"summary_large_image","twitter_misc":{"Gesch\u00e4tzte Lesezeit":"1\u00a0Minute"},"schema":{"@context":"https:\/\/schema.org","@graph":[{"@type":"WebPage","@id":"https:\/\/www.lesdelicesdeprovence.ch\/de\/produits\/blaue-pflaumenkonfituere-mit-zimt\/","url":"https:\/\/www.lesdelicesdeprovence.ch\/de\/produits\/blaue-pflaumenkonfituere-mit-zimt\/","name":"Blaue Pflaumenkonfit\u00fcre mit Zimt","isPartOf":{"@id":"https:\/\/www.lesdelicesdeprovence.ch\/de\/#website"},"primaryImageOfPage":{"@id":"https:\/\/www.lesdelicesdeprovence.ch\/de\/produits\/blaue-pflaumenkonfituere-mit-zimt\/#primaryimage"},"image":{"@id":"https:\/\/www.lesdelicesdeprovence.ch\/de\/produits\/blaue-pflaumenkonfituere-mit-zimt\/#primaryimage"},"thumbnailUrl":"https:\/\/www.lesdelicesdeprovence.ch\/wp-content\/uploads\/2022\/07\/IMG_6339.jpg","datePublished":"2022-07-11T10:25:32+00:00","dateModified":"2024-03-28T14:45:17+00:00","description":"Eine k\u00f6stliche und leckere Kombination aus sch\u00f6nen, nat\u00fcrlich s\u00fc\u00dfen blauen Pflaumen aus dem Vaucluse und Zimt .","breadcrumb":{"@id":"https:\/\/www.lesdelicesdeprovence.ch\/de\/produits\/blaue-pflaumenkonfituere-mit-zimt\/#breadcrumb"},"inLanguage":"de","potentialAction":[{"@type":"ReadAction","target":["https:\/\/www.lesdelicesdeprovence.ch\/de\/produits\/blaue-pflaumenkonfituere-mit-zimt\/"]}]},{"@type":"ImageObject","inLanguage":"de","@id":"https:\/\/www.lesdelicesdeprovence.ch\/de\/produits\/blaue-pflaumenkonfituere-mit-zimt\/#primaryimage","url":"https:\/\/www.lesdelicesdeprovence.ch\/wp-content\/uploads\/2022\/07\/IMG_6339.jpg","contentUrl":"https:\/\/www.lesdelicesdeprovence.ch\/wp-content\/uploads\/2022\/07\/IMG_6339.jpg","width":2229,"height":2510},{"@type":"BreadcrumbList","@id":"https:\/\/www.lesdelicesdeprovence.ch\/de\/produits\/blaue-pflaumenkonfituere-mit-zimt\/#breadcrumb","itemListElement":[{"@type":"ListItem","position":1,"name":"Accoglienza","item":"http:\/\/www.lesdelicesdeprovence.ch\/de\/"},{"@type":"ListItem","position":2,"name":"Shop","item":"http:\/\/www.lesdelicesdeprovence.ch\/de\/geschaeft\/"},{"@type":"ListItem","position":3,"name":"Blaue Pflaumenkonfit\u00fcre mit Zimt"}]},{"@type":"WebSite","@id":"https:\/\/www.lesdelicesdeprovence.ch\/de\/#website","url":"https:\/\/www.lesdelicesdeprovence.ch\/de\/","name":"Les D\u00e9lices de Provence","description":"Epicerie fine en ligne","potentialAction":[{"@type":"SearchAction","target":{"@type":"EntryPoint","urlTemplate":"https:\/\/www.lesdelicesdeprovence.ch\/de\/?s={search_term_string}"},"query-input":{"@type":"PropertyValueSpecification","valueRequired":true,"valueName":"search_term_string"}}],"inLanguage":"de"}]}},"_links":{"self":[{"href":"https:\/\/www.lesdelicesdeprovence.ch\/de\/wp-json\/wp\/v2\/product\/7317","targetHints":{"allow":["GET"]}}],"collection":[{"href":"https:\/\/www.lesdelicesdeprovence.ch\/de\/wp-json\/wp\/v2\/product"}],"about":[{"href":"https:\/\/www.lesdelicesdeprovence.ch\/de\/wp-json\/wp\/v2\/types\/product"}],"version-history":[{"count":4,"href":"https:\/\/www.lesdelicesdeprovence.ch\/de\/wp-json\/wp\/v2\/product\/7317\/revisions"}],"predecessor-version":[{"id":13037,"href":"https:\/\/www.lesdelicesdeprovence.ch\/de\/wp-json\/wp\/v2\/product\/7317\/revisions\/13037"}],"wp:featuredmedia":[{"embeddable":true,"href":"https:\/\/www.lesdelicesdeprovence.ch\/de\/wp-json\/wp\/v2\/media\/8412"}],"wp:attachment":[{"href":"https:\/\/www.lesdelicesdeprovence.ch\/de\/wp-json\/wp\/v2\/media?parent=7317"}],"wp:term":[{"taxonomy":"product_cat","embeddable":true,"href":"https:\/\/www.lesdelicesdeprovence.ch\/de\/wp-json\/wp\/v2\/product_cat?post=7317"},{"taxonomy":"product_tag","embeddable":true,"href":"https:\/\/www.lesdelicesdeprovence.ch\/de\/wp-json\/wp\/v2\/product_tag?post=7317"}],"curies":[{"name":"wp","href":"https:\/\/api.w.org\/{rel}","templated":true}]}}