{"id":7347,"date":"2022-07-11T12:08:26","date_gmt":"2022-07-11T12:08:26","guid":{"rendered":"https:\/\/www.aromeprod2.com\/?post_type=product&#038;p=7347"},"modified":"2024-03-28T14:45:14","modified_gmt":"2024-03-28T14:45:14","slug":"schwarze-feigenkonfituere","status":"publish","type":"product","link":"https:\/\/www.lesdelicesdeprovence.ch\/de\/produits\/schwarze-feigenkonfituere\/","title":{"rendered":"Schwarze Feigenkonfit\u00fcre"},"content":{"rendered":"<p>Die Feigenb\u00e4ume der Provence sind daf\u00fcr bekannt, dass sie hochwertige, schmackhafte und sehr s\u00fc\u00dfe Fr\u00fcchte hervorbringen, und die ber\u00fchmte schwarze Feige aus Caromb, einem kleinen Dorf im Departement Vaucluse, ist das Symbol daf\u00fcr.<\/p>\n<p>Die Feige ist eine gro\u00dfe Frucht mit einer sehr d\u00fcnnen Haut und einem hohen Zuckergehalt.<\/p>\n<p>Diese Konfit\u00fcre ist nicht nur gut, sondern auch gesund. Sie wird von unserem Konfit\u00fcrenhersteller in L&#8217;Isle-sur-Sorgue mit viel Geschick hergestellt und ist ein wahrer Genuss zum Fr\u00fchst\u00fcck oder als Beilage zu K\u00e4se!<\/p>\n<p><strong>Zutaten: Feige aus Caromb A.O.P (65%), Zucker, Zitronensaft.<\/strong><\/p>\n<p><strong>Inhalt: 345g<\/strong><\/p>\n<p>&nbsp;<\/p>\n","protected":false},"excerpt":{"rendered":"<p>Eine echte provenzalische Spezialit\u00e4t, die mit der ber\u00fchmten schwarzen Feige von Caromb zusammengestellt wird, die f\u00fcr ihren ganz besonderen Geschmack bekannt ist.<\/p>\n<p>Eine Konfit\u00fcre, wie man sie liebt, mit mehr Frucht als Zucker!<\/p>\n","protected":false},"featured_media":8419,"template":"","meta":[],"product_cat":[687],"product_tag":[],"class_list":{"0":"post-7347","1":"product","2":"type-product","3":"status-publish","4":"has-post-thumbnail","6":"product_cat-konfituren-und-brotaufstriche","8":"first","9":"instock","10":"taxable","11":"shipping-taxable","12":"purchasable","13":"product-type-simple"},"yoast_head":"<!-- This site is optimized with the Yoast SEO plugin v27.2 - https:\/\/yoast.com\/product\/yoast-seo-wordpress\/ -->\n<title>Schwarze Feigenkonfit\u00fcre<\/title>\n<meta name=\"description\" content=\"Eine echte provenzalische Spezialit\u00e4t, die mit der ber\u00fchmten schwarzen Feige von Caromb zusammengestellt wird, die f\u00fcr ihren ganz besonderen Geschmack bekannt ist.\" \/>\n<meta name=\"robots\" content=\"index, follow, max-snippet:-1, max-image-preview:large, max-video-preview:-1\" \/>\n<link rel=\"canonical\" href=\"https:\/\/www.lesdelicesdeprovence.ch\/de\/produits\/schwarze-feigenkonfituere\/\" \/>\n<meta property=\"og:locale\" content=\"de_DE\" \/>\n<meta property=\"og:type\" content=\"article\" \/>\n<meta property=\"og:title\" content=\"Schwarze Feigenkonfit\u00fcre\" \/>\n<meta property=\"og:description\" content=\"Eine echte provenzalische Spezialit\u00e4t, die mit der ber\u00fchmten schwarzen Feige von Caromb zusammengestellt wird, die f\u00fcr ihren ganz besonderen Geschmack bekannt ist.\" \/>\n<meta property=\"og:url\" content=\"https:\/\/www.lesdelicesdeprovence.ch\/de\/produits\/schwarze-feigenkonfituere\/\" \/>\n<meta property=\"og:site_name\" content=\"Les D\u00e9lices de Provence\" \/>\n<meta property=\"article:modified_time\" content=\"2024-03-28T14:45:14+00:00\" \/>\n<meta property=\"og:image\" content=\"https:\/\/www.lesdelicesdeprovence.ch\/wp-content\/uploads\/2022\/07\/IMG_6338.jpg\" \/>\n\t<meta property=\"og:image:width\" content=\"2249\" \/>\n\t<meta property=\"og:image:height\" content=\"2530\" \/>\n\t<meta property=\"og:image:type\" content=\"image\/jpeg\" \/>\n<meta name=\"twitter:card\" content=\"summary_large_image\" \/>\n<meta name=\"twitter:label1\" content=\"Gesch\u00e4tzte Lesezeit\" \/>\n\t<meta name=\"twitter:data1\" content=\"1\u00a0Minute\" \/>\n<script type=\"application\/ld+json\" class=\"yoast-schema-graph\">{\"@context\":\"https:\/\/schema.org\",\"@graph\":[{\"@type\":\"WebPage\",\"@id\":\"https:\/\/www.lesdelicesdeprovence.ch\/de\/produits\/schwarze-feigenkonfituere\/\",\"url\":\"https:\/\/www.lesdelicesdeprovence.ch\/de\/produits\/schwarze-feigenkonfituere\/\",\"name\":\"Schwarze Feigenkonfit\u00fcre\",\"isPartOf\":{\"@id\":\"https:\/\/www.lesdelicesdeprovence.ch\/de\/#website\"},\"primaryImageOfPage\":{\"@id\":\"https:\/\/www.lesdelicesdeprovence.ch\/de\/produits\/schwarze-feigenkonfituere\/#primaryimage\"},\"image\":{\"@id\":\"https:\/\/www.lesdelicesdeprovence.ch\/de\/produits\/schwarze-feigenkonfituere\/#primaryimage\"},\"thumbnailUrl\":\"https:\/\/www.lesdelicesdeprovence.ch\/wp-content\/uploads\/2022\/07\/IMG_6338.jpg\",\"datePublished\":\"2022-07-11T12:08:26+00:00\",\"dateModified\":\"2024-03-28T14:45:14+00:00\",\"description\":\"Eine echte provenzalische Spezialit\u00e4t, die mit der ber\u00fchmten schwarzen Feige von Caromb zusammengestellt wird, die f\u00fcr ihren ganz besonderen Geschmack bekannt ist.\",\"breadcrumb\":{\"@id\":\"https:\/\/www.lesdelicesdeprovence.ch\/de\/produits\/schwarze-feigenkonfituere\/#breadcrumb\"},\"inLanguage\":\"de\",\"potentialAction\":[{\"@type\":\"ReadAction\",\"target\":[\"https:\/\/www.lesdelicesdeprovence.ch\/de\/produits\/schwarze-feigenkonfituere\/\"]}]},{\"@type\":\"ImageObject\",\"inLanguage\":\"de\",\"@id\":\"https:\/\/www.lesdelicesdeprovence.ch\/de\/produits\/schwarze-feigenkonfituere\/#primaryimage\",\"url\":\"https:\/\/www.lesdelicesdeprovence.ch\/wp-content\/uploads\/2022\/07\/IMG_6338.jpg\",\"contentUrl\":\"https:\/\/www.lesdelicesdeprovence.ch\/wp-content\/uploads\/2022\/07\/IMG_6338.jpg\",\"width\":2249,\"height\":2530},{\"@type\":\"BreadcrumbList\",\"@id\":\"https:\/\/www.lesdelicesdeprovence.ch\/de\/produits\/schwarze-feigenkonfituere\/#breadcrumb\",\"itemListElement\":[{\"@type\":\"ListItem\",\"position\":1,\"name\":\"Accoglienza\",\"item\":\"https:\/\/www.lesdelicesdeprovence.ch\/de\/\"},{\"@type\":\"ListItem\",\"position\":2,\"name\":\"Shop\",\"item\":\"https:\/\/www.lesdelicesdeprovence.ch\/de\/geschaeft\/\"},{\"@type\":\"ListItem\",\"position\":3,\"name\":\"Schwarze Feigenkonfit\u00fcre\"}]},{\"@type\":\"WebSite\",\"@id\":\"https:\/\/www.lesdelicesdeprovence.ch\/de\/#website\",\"url\":\"https:\/\/www.lesdelicesdeprovence.ch\/de\/\",\"name\":\"Les D\u00e9lices de Provence\",\"description\":\"Epicerie fine en ligne\",\"potentialAction\":[{\"@type\":\"SearchAction\",\"target\":{\"@type\":\"EntryPoint\",\"urlTemplate\":\"https:\/\/www.lesdelicesdeprovence.ch\/de\/?s={search_term_string}\"},\"query-input\":{\"@type\":\"PropertyValueSpecification\",\"valueRequired\":true,\"valueName\":\"search_term_string\"}}],\"inLanguage\":\"de\"}]}<\/script>\n<!-- \/ Yoast SEO plugin. -->","yoast_head_json":{"title":"Schwarze Feigenkonfit\u00fcre","description":"Eine echte provenzalische Spezialit\u00e4t, die mit der ber\u00fchmten schwarzen Feige von Caromb zusammengestellt wird, die f\u00fcr ihren ganz besonderen Geschmack bekannt ist.","robots":{"index":"index","follow":"follow","max-snippet":"max-snippet:-1","max-image-preview":"max-image-preview:large","max-video-preview":"max-video-preview:-1"},"canonical":"https:\/\/www.lesdelicesdeprovence.ch\/de\/produits\/schwarze-feigenkonfituere\/","og_locale":"de_DE","og_type":"article","og_title":"Schwarze Feigenkonfit\u00fcre","og_description":"Eine echte provenzalische Spezialit\u00e4t, die mit der ber\u00fchmten schwarzen Feige von Caromb zusammengestellt wird, die f\u00fcr ihren ganz besonderen Geschmack bekannt ist.","og_url":"https:\/\/www.lesdelicesdeprovence.ch\/de\/produits\/schwarze-feigenkonfituere\/","og_site_name":"Les D\u00e9lices de Provence","article_modified_time":"2024-03-28T14:45:14+00:00","og_image":[{"width":2249,"height":2530,"url":"https:\/\/www.lesdelicesdeprovence.ch\/wp-content\/uploads\/2022\/07\/IMG_6338.jpg","type":"image\/jpeg"}],"twitter_card":"summary_large_image","twitter_misc":{"Gesch\u00e4tzte Lesezeit":"1\u00a0Minute"},"schema":{"@context":"https:\/\/schema.org","@graph":[{"@type":"WebPage","@id":"https:\/\/www.lesdelicesdeprovence.ch\/de\/produits\/schwarze-feigenkonfituere\/","url":"https:\/\/www.lesdelicesdeprovence.ch\/de\/produits\/schwarze-feigenkonfituere\/","name":"Schwarze Feigenkonfit\u00fcre","isPartOf":{"@id":"https:\/\/www.lesdelicesdeprovence.ch\/de\/#website"},"primaryImageOfPage":{"@id":"https:\/\/www.lesdelicesdeprovence.ch\/de\/produits\/schwarze-feigenkonfituere\/#primaryimage"},"image":{"@id":"https:\/\/www.lesdelicesdeprovence.ch\/de\/produits\/schwarze-feigenkonfituere\/#primaryimage"},"thumbnailUrl":"https:\/\/www.lesdelicesdeprovence.ch\/wp-content\/uploads\/2022\/07\/IMG_6338.jpg","datePublished":"2022-07-11T12:08:26+00:00","dateModified":"2024-03-28T14:45:14+00:00","description":"Eine echte provenzalische Spezialit\u00e4t, die mit der ber\u00fchmten schwarzen Feige von Caromb zusammengestellt wird, die f\u00fcr ihren ganz besonderen Geschmack bekannt ist.","breadcrumb":{"@id":"https:\/\/www.lesdelicesdeprovence.ch\/de\/produits\/schwarze-feigenkonfituere\/#breadcrumb"},"inLanguage":"de","potentialAction":[{"@type":"ReadAction","target":["https:\/\/www.lesdelicesdeprovence.ch\/de\/produits\/schwarze-feigenkonfituere\/"]}]},{"@type":"ImageObject","inLanguage":"de","@id":"https:\/\/www.lesdelicesdeprovence.ch\/de\/produits\/schwarze-feigenkonfituere\/#primaryimage","url":"https:\/\/www.lesdelicesdeprovence.ch\/wp-content\/uploads\/2022\/07\/IMG_6338.jpg","contentUrl":"https:\/\/www.lesdelicesdeprovence.ch\/wp-content\/uploads\/2022\/07\/IMG_6338.jpg","width":2249,"height":2530},{"@type":"BreadcrumbList","@id":"https:\/\/www.lesdelicesdeprovence.ch\/de\/produits\/schwarze-feigenkonfituere\/#breadcrumb","itemListElement":[{"@type":"ListItem","position":1,"name":"Accoglienza","item":"https:\/\/www.lesdelicesdeprovence.ch\/de\/"},{"@type":"ListItem","position":2,"name":"Shop","item":"https:\/\/www.lesdelicesdeprovence.ch\/de\/geschaeft\/"},{"@type":"ListItem","position":3,"name":"Schwarze Feigenkonfit\u00fcre"}]},{"@type":"WebSite","@id":"https:\/\/www.lesdelicesdeprovence.ch\/de\/#website","url":"https:\/\/www.lesdelicesdeprovence.ch\/de\/","name":"Les D\u00e9lices de Provence","description":"Epicerie fine en ligne","potentialAction":[{"@type":"SearchAction","target":{"@type":"EntryPoint","urlTemplate":"https:\/\/www.lesdelicesdeprovence.ch\/de\/?s={search_term_string}"},"query-input":{"@type":"PropertyValueSpecification","valueRequired":true,"valueName":"search_term_string"}}],"inLanguage":"de"}]}},"_links":{"self":[{"href":"https:\/\/www.lesdelicesdeprovence.ch\/de\/wp-json\/wp\/v2\/product\/7347","targetHints":{"allow":["GET"]}}],"collection":[{"href":"https:\/\/www.lesdelicesdeprovence.ch\/de\/wp-json\/wp\/v2\/product"}],"about":[{"href":"https:\/\/www.lesdelicesdeprovence.ch\/de\/wp-json\/wp\/v2\/types\/product"}],"version-history":[{"count":3,"href":"https:\/\/www.lesdelicesdeprovence.ch\/de\/wp-json\/wp\/v2\/product\/7347\/revisions"}],"predecessor-version":[{"id":13023,"href":"https:\/\/www.lesdelicesdeprovence.ch\/de\/wp-json\/wp\/v2\/product\/7347\/revisions\/13023"}],"wp:featuredmedia":[{"embeddable":true,"href":"https:\/\/www.lesdelicesdeprovence.ch\/de\/wp-json\/wp\/v2\/media\/8419"}],"wp:attachment":[{"href":"https:\/\/www.lesdelicesdeprovence.ch\/de\/wp-json\/wp\/v2\/media?parent=7347"}],"wp:term":[{"taxonomy":"product_cat","embeddable":true,"href":"https:\/\/www.lesdelicesdeprovence.ch\/de\/wp-json\/wp\/v2\/product_cat?post=7347"},{"taxonomy":"product_tag","embeddable":true,"href":"https:\/\/www.lesdelicesdeprovence.ch\/de\/wp-json\/wp\/v2\/product_tag?post=7347"}],"curies":[{"name":"wp","href":"https:\/\/api.w.org\/{rel}","templated":true}]}}