{"id":7379,"date":"2022-07-12T09:01:02","date_gmt":"2022-07-12T09:01:02","guid":{"rendered":"https:\/\/www.aromeprod2.com\/?post_type=product&#038;p=7379"},"modified":"2025-07-21T11:35:01","modified_gmt":"2025-07-21T11:35:01","slug":"orangenkonfituere-mit-kandierten-orangenschalen","status":"publish","type":"product","link":"https:\/\/www.lesdelicesdeprovence.ch\/de\/produits\/orangenkonfituere-mit-kandierten-orangenschalen\/","title":{"rendered":"Orangenkonfit\u00fcre mit kandierten Orangenschalen"},"content":{"rendered":"<p>Diese Konfit\u00fcre wird in einer Familienproduktion in L&#8217;Isle-sur-Sorgue im Departement Vaucluse handwerklich zubereitet und ist ein wahrer Genuss f\u00fcr alle, die es zum Fr\u00fchst\u00fcck gerne herb m\u00f6gen.<\/p>\n<p>Die harmonische Kombination aus s\u00fc\u00dfen Orangen und Orangenschalen aus der Gegend von Apt, die weltweit f\u00fcr die Qualit\u00e4t ihrer kandierten Fr\u00fcchte bekannt ist, macht diese Konfit\u00fcre zu einem der beliebtesten Produkte unseres Feinkostladens, das zwischen s\u00fc\u00df und herb pendelt.<\/p>\n<p>Sie ist reich an Vitamin E und verleiht Spannkraft und Energie. Sie wird nat\u00fcrlich zum Fr\u00fchst\u00fcck genossen, kann aber auch bei der Gestaltung von Desserts verwendet werden.<\/p>\n<p><strong>Zutaten: Orangen (60%), Zucker, Pektin, kandierte Orangenschalen (6.78%), Zitronensaft.<\/strong><\/p>\n<p><strong>Inhalt: 345g<\/strong><\/p>\n<p>&nbsp;<\/p>\n","protected":false},"excerpt":{"rendered":"<p>Wenn Sie es gerne bitter m\u00f6gen, ist diese handgemachte Orangenkonfit\u00fcre mit Zesten genau das Richtige f\u00fcr Sie!<\/p>\n","protected":false},"featured_media":8427,"template":"","meta":[],"product_cat":[687],"product_tag":[],"class_list":{"0":"post-7379","1":"product","2":"type-product","3":"status-publish","4":"has-post-thumbnail","6":"product_cat-konfituren-und-brotaufstriche","8":"first","9":"instock","10":"taxable","11":"shipping-taxable","12":"purchasable","13":"product-type-simple"},"yoast_head":"<!-- This site is optimized with the Yoast SEO plugin v27.2 - https:\/\/yoast.com\/product\/yoast-seo-wordpress\/ -->\n<title>Orangenkonfit\u00fcre mit kandierten Orangenschalen<\/title>\n<meta name=\"description\" content=\"Wenn Sie es gerne bitter m\u00f6gen, ist diese handgemachte Orangenkonfit\u00fcre mit Zesten genau das Richtige f\u00fcr Sie!\" \/>\n<meta name=\"robots\" content=\"index, follow, max-snippet:-1, max-image-preview:large, max-video-preview:-1\" \/>\n<link rel=\"canonical\" href=\"https:\/\/www.lesdelicesdeprovence.ch\/de\/produits\/orangenkonfituere-mit-kandierten-orangenschalen\/\" \/>\n<meta property=\"og:locale\" content=\"de_DE\" \/>\n<meta property=\"og:type\" content=\"article\" \/>\n<meta property=\"og:title\" content=\"Orangenkonfit\u00fcre mit kandierten Orangenschalen\" \/>\n<meta property=\"og:description\" content=\"Wenn Sie es gerne bitter m\u00f6gen, ist diese handgemachte Orangenkonfit\u00fcre mit Zesten genau das Richtige f\u00fcr Sie!\" \/>\n<meta property=\"og:url\" content=\"https:\/\/www.lesdelicesdeprovence.ch\/de\/produits\/orangenkonfituere-mit-kandierten-orangenschalen\/\" \/>\n<meta property=\"og:site_name\" content=\"Les D\u00e9lices de Provence\" \/>\n<meta property=\"article:modified_time\" content=\"2025-07-21T11:35:01+00:00\" \/>\n<meta property=\"og:image\" content=\"https:\/\/www.lesdelicesdeprovence.ch\/wp-content\/uploads\/2022\/07\/IMG_6331.jpg\" \/>\n\t<meta property=\"og:image:width\" content=\"2082\" \/>\n\t<meta property=\"og:image:height\" content=\"2479\" \/>\n\t<meta property=\"og:image:type\" content=\"image\/jpeg\" \/>\n<meta name=\"twitter:card\" content=\"summary_large_image\" \/>\n<meta name=\"twitter:label1\" content=\"Gesch\u00e4tzte Lesezeit\" \/>\n\t<meta name=\"twitter:data1\" content=\"1\u00a0Minute\" \/>\n<script type=\"application\/ld+json\" class=\"yoast-schema-graph\">{\"@context\":\"https:\/\/schema.org\",\"@graph\":[{\"@type\":\"WebPage\",\"@id\":\"https:\/\/www.lesdelicesdeprovence.ch\/de\/produits\/orangenkonfituere-mit-kandierten-orangenschalen\/\",\"url\":\"https:\/\/www.lesdelicesdeprovence.ch\/de\/produits\/orangenkonfituere-mit-kandierten-orangenschalen\/\",\"name\":\"Orangenkonfit\u00fcre mit kandierten Orangenschalen\",\"isPartOf\":{\"@id\":\"http:\/\/www.lesdelicesdeprovence.ch\/de\/#website\"},\"primaryImageOfPage\":{\"@id\":\"https:\/\/www.lesdelicesdeprovence.ch\/de\/produits\/orangenkonfituere-mit-kandierten-orangenschalen\/#primaryimage\"},\"image\":{\"@id\":\"https:\/\/www.lesdelicesdeprovence.ch\/de\/produits\/orangenkonfituere-mit-kandierten-orangenschalen\/#primaryimage\"},\"thumbnailUrl\":\"https:\/\/www.lesdelicesdeprovence.ch\/wp-content\/uploads\/2022\/07\/IMG_6331.jpg\",\"datePublished\":\"2022-07-12T09:01:02+00:00\",\"dateModified\":\"2025-07-21T11:35:01+00:00\",\"description\":\"Wenn Sie es gerne bitter m\u00f6gen, ist diese handgemachte Orangenkonfit\u00fcre mit Zesten genau das Richtige f\u00fcr Sie!\",\"breadcrumb\":{\"@id\":\"https:\/\/www.lesdelicesdeprovence.ch\/de\/produits\/orangenkonfituere-mit-kandierten-orangenschalen\/#breadcrumb\"},\"inLanguage\":\"de\",\"potentialAction\":[{\"@type\":\"ReadAction\",\"target\":[\"https:\/\/www.lesdelicesdeprovence.ch\/de\/produits\/orangenkonfituere-mit-kandierten-orangenschalen\/\"]}]},{\"@type\":\"ImageObject\",\"inLanguage\":\"de\",\"@id\":\"https:\/\/www.lesdelicesdeprovence.ch\/de\/produits\/orangenkonfituere-mit-kandierten-orangenschalen\/#primaryimage\",\"url\":\"https:\/\/www.lesdelicesdeprovence.ch\/wp-content\/uploads\/2022\/07\/IMG_6331.jpg\",\"contentUrl\":\"https:\/\/www.lesdelicesdeprovence.ch\/wp-content\/uploads\/2022\/07\/IMG_6331.jpg\",\"width\":2082,\"height\":2479},{\"@type\":\"BreadcrumbList\",\"@id\":\"https:\/\/www.lesdelicesdeprovence.ch\/de\/produits\/orangenkonfituere-mit-kandierten-orangenschalen\/#breadcrumb\",\"itemListElement\":[{\"@type\":\"ListItem\",\"position\":1,\"name\":\"Accoglienza\",\"item\":\"http:\/\/www.lesdelicesdeprovence.ch\/de\/\"},{\"@type\":\"ListItem\",\"position\":2,\"name\":\"Shop\",\"item\":\"https:\/\/www.lesdelicesdeprovence.ch\/de\/geschaeft\/\"},{\"@type\":\"ListItem\",\"position\":3,\"name\":\"Orangenkonfit\u00fcre mit kandierten Orangenschalen\"}]},{\"@type\":\"WebSite\",\"@id\":\"http:\/\/www.lesdelicesdeprovence.ch\/de\/#website\",\"url\":\"http:\/\/www.lesdelicesdeprovence.ch\/de\/\",\"name\":\"Les D\u00e9lices de Provence\",\"description\":\"Epicerie fine en ligne\",\"potentialAction\":[{\"@type\":\"SearchAction\",\"target\":{\"@type\":\"EntryPoint\",\"urlTemplate\":\"http:\/\/www.lesdelicesdeprovence.ch\/de\/?s={search_term_string}\"},\"query-input\":{\"@type\":\"PropertyValueSpecification\",\"valueRequired\":true,\"valueName\":\"search_term_string\"}}],\"inLanguage\":\"de\"}]}<\/script>\n<!-- \/ Yoast SEO plugin. -->","yoast_head_json":{"title":"Orangenkonfit\u00fcre mit kandierten Orangenschalen","description":"Wenn Sie es gerne bitter m\u00f6gen, ist diese handgemachte Orangenkonfit\u00fcre mit Zesten genau das Richtige f\u00fcr Sie!","robots":{"index":"index","follow":"follow","max-snippet":"max-snippet:-1","max-image-preview":"max-image-preview:large","max-video-preview":"max-video-preview:-1"},"canonical":"https:\/\/www.lesdelicesdeprovence.ch\/de\/produits\/orangenkonfituere-mit-kandierten-orangenschalen\/","og_locale":"de_DE","og_type":"article","og_title":"Orangenkonfit\u00fcre mit kandierten Orangenschalen","og_description":"Wenn Sie es gerne bitter m\u00f6gen, ist diese handgemachte Orangenkonfit\u00fcre mit Zesten genau das Richtige f\u00fcr Sie!","og_url":"https:\/\/www.lesdelicesdeprovence.ch\/de\/produits\/orangenkonfituere-mit-kandierten-orangenschalen\/","og_site_name":"Les D\u00e9lices de Provence","article_modified_time":"2025-07-21T11:35:01+00:00","og_image":[{"width":2082,"height":2479,"url":"https:\/\/www.lesdelicesdeprovence.ch\/wp-content\/uploads\/2022\/07\/IMG_6331.jpg","type":"image\/jpeg"}],"twitter_card":"summary_large_image","twitter_misc":{"Gesch\u00e4tzte Lesezeit":"1\u00a0Minute"},"schema":{"@context":"https:\/\/schema.org","@graph":[{"@type":"WebPage","@id":"https:\/\/www.lesdelicesdeprovence.ch\/de\/produits\/orangenkonfituere-mit-kandierten-orangenschalen\/","url":"https:\/\/www.lesdelicesdeprovence.ch\/de\/produits\/orangenkonfituere-mit-kandierten-orangenschalen\/","name":"Orangenkonfit\u00fcre mit kandierten Orangenschalen","isPartOf":{"@id":"http:\/\/www.lesdelicesdeprovence.ch\/de\/#website"},"primaryImageOfPage":{"@id":"https:\/\/www.lesdelicesdeprovence.ch\/de\/produits\/orangenkonfituere-mit-kandierten-orangenschalen\/#primaryimage"},"image":{"@id":"https:\/\/www.lesdelicesdeprovence.ch\/de\/produits\/orangenkonfituere-mit-kandierten-orangenschalen\/#primaryimage"},"thumbnailUrl":"https:\/\/www.lesdelicesdeprovence.ch\/wp-content\/uploads\/2022\/07\/IMG_6331.jpg","datePublished":"2022-07-12T09:01:02+00:00","dateModified":"2025-07-21T11:35:01+00:00","description":"Wenn Sie es gerne bitter m\u00f6gen, ist diese handgemachte Orangenkonfit\u00fcre mit Zesten genau das Richtige f\u00fcr Sie!","breadcrumb":{"@id":"https:\/\/www.lesdelicesdeprovence.ch\/de\/produits\/orangenkonfituere-mit-kandierten-orangenschalen\/#breadcrumb"},"inLanguage":"de","potentialAction":[{"@type":"ReadAction","target":["https:\/\/www.lesdelicesdeprovence.ch\/de\/produits\/orangenkonfituere-mit-kandierten-orangenschalen\/"]}]},{"@type":"ImageObject","inLanguage":"de","@id":"https:\/\/www.lesdelicesdeprovence.ch\/de\/produits\/orangenkonfituere-mit-kandierten-orangenschalen\/#primaryimage","url":"https:\/\/www.lesdelicesdeprovence.ch\/wp-content\/uploads\/2022\/07\/IMG_6331.jpg","contentUrl":"https:\/\/www.lesdelicesdeprovence.ch\/wp-content\/uploads\/2022\/07\/IMG_6331.jpg","width":2082,"height":2479},{"@type":"BreadcrumbList","@id":"https:\/\/www.lesdelicesdeprovence.ch\/de\/produits\/orangenkonfituere-mit-kandierten-orangenschalen\/#breadcrumb","itemListElement":[{"@type":"ListItem","position":1,"name":"Accoglienza","item":"http:\/\/www.lesdelicesdeprovence.ch\/de\/"},{"@type":"ListItem","position":2,"name":"Shop","item":"https:\/\/www.lesdelicesdeprovence.ch\/de\/geschaeft\/"},{"@type":"ListItem","position":3,"name":"Orangenkonfit\u00fcre mit kandierten Orangenschalen"}]},{"@type":"WebSite","@id":"http:\/\/www.lesdelicesdeprovence.ch\/de\/#website","url":"http:\/\/www.lesdelicesdeprovence.ch\/de\/","name":"Les D\u00e9lices de Provence","description":"Epicerie fine en ligne","potentialAction":[{"@type":"SearchAction","target":{"@type":"EntryPoint","urlTemplate":"http:\/\/www.lesdelicesdeprovence.ch\/de\/?s={search_term_string}"},"query-input":{"@type":"PropertyValueSpecification","valueRequired":true,"valueName":"search_term_string"}}],"inLanguage":"de"}]}},"_links":{"self":[{"href":"https:\/\/www.lesdelicesdeprovence.ch\/de\/wp-json\/wp\/v2\/product\/7379","targetHints":{"allow":["GET"]}}],"collection":[{"href":"https:\/\/www.lesdelicesdeprovence.ch\/de\/wp-json\/wp\/v2\/product"}],"about":[{"href":"https:\/\/www.lesdelicesdeprovence.ch\/de\/wp-json\/wp\/v2\/types\/product"}],"version-history":[{"count":4,"href":"https:\/\/www.lesdelicesdeprovence.ch\/de\/wp-json\/wp\/v2\/product\/7379\/revisions"}],"predecessor-version":[{"id":13048,"href":"https:\/\/www.lesdelicesdeprovence.ch\/de\/wp-json\/wp\/v2\/product\/7379\/revisions\/13048"}],"wp:featuredmedia":[{"embeddable":true,"href":"https:\/\/www.lesdelicesdeprovence.ch\/de\/wp-json\/wp\/v2\/media\/8427"}],"wp:attachment":[{"href":"https:\/\/www.lesdelicesdeprovence.ch\/de\/wp-json\/wp\/v2\/media?parent=7379"}],"wp:term":[{"taxonomy":"product_cat","embeddable":true,"href":"https:\/\/www.lesdelicesdeprovence.ch\/de\/wp-json\/wp\/v2\/product_cat?post=7379"},{"taxonomy":"product_tag","embeddable":true,"href":"https:\/\/www.lesdelicesdeprovence.ch\/de\/wp-json\/wp\/v2\/product_tag?post=7379"}],"curies":[{"name":"wp","href":"https:\/\/api.w.org\/{rel}","templated":true}]}}