{"id":7399,"date":"2022-08-29T11:28:25","date_gmt":"2022-08-29T11:28:25","guid":{"rendered":"https:\/\/www.aromeprod2.com\/?post_type=product&#038;p=7399"},"modified":"2024-03-28T14:45:30","modified_gmt":"2024-03-28T14:45:30","slug":"akazienhonig","status":"publish","type":"product","link":"https:\/\/www.lesdelicesdeprovence.ch\/de\/produits\/akazienhonig\/","title":{"rendered":"Akazienhonig"},"content":{"rendered":"<p>Der s\u00fc\u00dfeste aller Honigsorten, der nie kristallisiert. Die Akazie ist ein Baum, der vor allem im Norden der Provence und dort nur in geringen Mengen vorkommt. Grund, warum es schwierig ist, provenzalischen Akazienhonig zu finden. Im Fr\u00fchling sammeln die Bienen sehns\u00fcchtig die wei\u00dfen Akazienbl\u00fcten, um einen Honig von h\u00f6chster Qualit\u00e4t zu produzieren.<\/p>\n<p>Der Imker, den wir ausgew\u00e4hlt haben, baut seit mehreren Generationen diesen Akazienhonig mit seiner beruhigenden und aufbauenden Wirkung an.<\/p>\n<p>Sie werden ihn wegen seiner Qualit\u00e4t und Feinheit sch\u00e4tzen.<\/p>\n<p><strong>Inhalt: 250g<\/strong><\/p>\n<p><strong>Vom Imker geerntet und in Gl\u00e4ser abgef\u00fcllt.<\/strong><\/p>\n","protected":false},"excerpt":{"rendered":"<p>Der seltenste aller Honigsorten! Nur in g\u00fcnstigen Jahreszeiten erh\u00e4ltlich, ist er unvergleichlich fein und weich.<\/p>\n<p>\u00dcbrigens der einzige Honig, der niemals kristallisiert.<\/p>\n","protected":false},"featured_media":8391,"template":"","meta":[],"product_cat":[219],"product_tag":[],"class_list":{"0":"post-7399","1":"product","2":"type-product","3":"status-publish","4":"has-post-thumbnail","6":"product_cat-rund-um-den-bienenstock","8":"first","9":"instock","10":"taxable","11":"shipping-taxable","12":"purchasable","13":"product-type-simple"},"yoast_head":"<!-- This site is optimized with the Yoast SEO plugin v27.2 - https:\/\/yoast.com\/product\/yoast-seo-wordpress\/ -->\n<title>Akazienhonig<\/title>\n<meta name=\"description\" content=\"Der seltenste aller Honigsorten! Nur in g\u00fcnstigen Jahreszeiten erh\u00e4ltlich, ist er unvergleichlich fein und weich.\" \/>\n<meta name=\"robots\" content=\"index, follow, max-snippet:-1, max-image-preview:large, max-video-preview:-1\" \/>\n<link rel=\"canonical\" href=\"https:\/\/www.lesdelicesdeprovence.ch\/de\/produits\/akazienhonig\/\" \/>\n<meta property=\"og:locale\" content=\"de_DE\" \/>\n<meta property=\"og:type\" content=\"article\" \/>\n<meta property=\"og:title\" content=\"Akazienhonig\" \/>\n<meta property=\"og:description\" content=\"Der seltenste aller Honigsorten! Nur in g\u00fcnstigen Jahreszeiten erh\u00e4ltlich, ist er unvergleichlich fein und weich.\" \/>\n<meta property=\"og:url\" content=\"https:\/\/www.lesdelicesdeprovence.ch\/de\/produits\/akazienhonig\/\" \/>\n<meta property=\"og:site_name\" content=\"Les D\u00e9lices de Provence\" \/>\n<meta property=\"article:modified_time\" content=\"2024-03-28T14:45:30+00:00\" \/>\n<meta property=\"og:image\" content=\"https:\/\/www.lesdelicesdeprovence.ch\/wp-content\/uploads\/2022\/08\/IMG_8413-scaled.jpg\" \/>\n\t<meta property=\"og:image:width\" content=\"2560\" \/>\n\t<meta property=\"og:image:height\" content=\"2401\" \/>\n\t<meta property=\"og:image:type\" content=\"image\/jpeg\" \/>\n<meta name=\"twitter:card\" content=\"summary_large_image\" \/>\n<meta name=\"twitter:label1\" content=\"Gesch\u00e4tzte Lesezeit\" \/>\n\t<meta name=\"twitter:data1\" content=\"1\u00a0Minute\" \/>\n<script type=\"application\/ld+json\" class=\"yoast-schema-graph\">{\"@context\":\"https:\/\/schema.org\",\"@graph\":[{\"@type\":\"WebPage\",\"@id\":\"https:\/\/www.lesdelicesdeprovence.ch\/de\/produits\/akazienhonig\/\",\"url\":\"https:\/\/www.lesdelicesdeprovence.ch\/de\/produits\/akazienhonig\/\",\"name\":\"Akazienhonig\",\"isPartOf\":{\"@id\":\"https:\/\/www.lesdelicesdeprovence.ch\/de\/#website\"},\"primaryImageOfPage\":{\"@id\":\"https:\/\/www.lesdelicesdeprovence.ch\/de\/produits\/akazienhonig\/#primaryimage\"},\"image\":{\"@id\":\"https:\/\/www.lesdelicesdeprovence.ch\/de\/produits\/akazienhonig\/#primaryimage\"},\"thumbnailUrl\":\"https:\/\/www.lesdelicesdeprovence.ch\/wp-content\/uploads\/2022\/08\/IMG_8413-scaled.jpg\",\"datePublished\":\"2022-08-29T11:28:25+00:00\",\"dateModified\":\"2024-03-28T14:45:30+00:00\",\"description\":\"Der seltenste aller Honigsorten! Nur in g\u00fcnstigen Jahreszeiten erh\u00e4ltlich, ist er unvergleichlich fein und weich.\",\"breadcrumb\":{\"@id\":\"https:\/\/www.lesdelicesdeprovence.ch\/de\/produits\/akazienhonig\/#breadcrumb\"},\"inLanguage\":\"de\",\"potentialAction\":[{\"@type\":\"ReadAction\",\"target\":[\"https:\/\/www.lesdelicesdeprovence.ch\/de\/produits\/akazienhonig\/\"]}]},{\"@type\":\"ImageObject\",\"inLanguage\":\"de\",\"@id\":\"https:\/\/www.lesdelicesdeprovence.ch\/de\/produits\/akazienhonig\/#primaryimage\",\"url\":\"https:\/\/www.lesdelicesdeprovence.ch\/wp-content\/uploads\/2022\/08\/IMG_8413-scaled.jpg\",\"contentUrl\":\"https:\/\/www.lesdelicesdeprovence.ch\/wp-content\/uploads\/2022\/08\/IMG_8413-scaled.jpg\",\"width\":2560,\"height\":2401},{\"@type\":\"BreadcrumbList\",\"@id\":\"https:\/\/www.lesdelicesdeprovence.ch\/de\/produits\/akazienhonig\/#breadcrumb\",\"itemListElement\":[{\"@type\":\"ListItem\",\"position\":1,\"name\":\"Accoglienza\",\"item\":\"http:\/\/www.lesdelicesdeprovence.ch\/de\/\"},{\"@type\":\"ListItem\",\"position\":2,\"name\":\"Shop\",\"item\":\"http:\/\/www.lesdelicesdeprovence.ch\/de\/geschaeft\/\"},{\"@type\":\"ListItem\",\"position\":3,\"name\":\"Akazienhonig\"}]},{\"@type\":\"WebSite\",\"@id\":\"https:\/\/www.lesdelicesdeprovence.ch\/de\/#website\",\"url\":\"https:\/\/www.lesdelicesdeprovence.ch\/de\/\",\"name\":\"Les D\u00e9lices de Provence\",\"description\":\"Epicerie fine en ligne\",\"potentialAction\":[{\"@type\":\"SearchAction\",\"target\":{\"@type\":\"EntryPoint\",\"urlTemplate\":\"https:\/\/www.lesdelicesdeprovence.ch\/de\/?s={search_term_string}\"},\"query-input\":{\"@type\":\"PropertyValueSpecification\",\"valueRequired\":true,\"valueName\":\"search_term_string\"}}],\"inLanguage\":\"de\"}]}<\/script>\n<!-- \/ Yoast SEO plugin. -->","yoast_head_json":{"title":"Akazienhonig","description":"Der seltenste aller Honigsorten! Nur in g\u00fcnstigen Jahreszeiten erh\u00e4ltlich, ist er unvergleichlich fein und weich.","robots":{"index":"index","follow":"follow","max-snippet":"max-snippet:-1","max-image-preview":"max-image-preview:large","max-video-preview":"max-video-preview:-1"},"canonical":"https:\/\/www.lesdelicesdeprovence.ch\/de\/produits\/akazienhonig\/","og_locale":"de_DE","og_type":"article","og_title":"Akazienhonig","og_description":"Der seltenste aller Honigsorten! Nur in g\u00fcnstigen Jahreszeiten erh\u00e4ltlich, ist er unvergleichlich fein und weich.","og_url":"https:\/\/www.lesdelicesdeprovence.ch\/de\/produits\/akazienhonig\/","og_site_name":"Les D\u00e9lices de Provence","article_modified_time":"2024-03-28T14:45:30+00:00","og_image":[{"width":2560,"height":2401,"url":"https:\/\/www.lesdelicesdeprovence.ch\/wp-content\/uploads\/2022\/08\/IMG_8413-scaled.jpg","type":"image\/jpeg"}],"twitter_card":"summary_large_image","twitter_misc":{"Gesch\u00e4tzte Lesezeit":"1\u00a0Minute"},"schema":{"@context":"https:\/\/schema.org","@graph":[{"@type":"WebPage","@id":"https:\/\/www.lesdelicesdeprovence.ch\/de\/produits\/akazienhonig\/","url":"https:\/\/www.lesdelicesdeprovence.ch\/de\/produits\/akazienhonig\/","name":"Akazienhonig","isPartOf":{"@id":"https:\/\/www.lesdelicesdeprovence.ch\/de\/#website"},"primaryImageOfPage":{"@id":"https:\/\/www.lesdelicesdeprovence.ch\/de\/produits\/akazienhonig\/#primaryimage"},"image":{"@id":"https:\/\/www.lesdelicesdeprovence.ch\/de\/produits\/akazienhonig\/#primaryimage"},"thumbnailUrl":"https:\/\/www.lesdelicesdeprovence.ch\/wp-content\/uploads\/2022\/08\/IMG_8413-scaled.jpg","datePublished":"2022-08-29T11:28:25+00:00","dateModified":"2024-03-28T14:45:30+00:00","description":"Der seltenste aller Honigsorten! Nur in g\u00fcnstigen Jahreszeiten erh\u00e4ltlich, ist er unvergleichlich fein und weich.","breadcrumb":{"@id":"https:\/\/www.lesdelicesdeprovence.ch\/de\/produits\/akazienhonig\/#breadcrumb"},"inLanguage":"de","potentialAction":[{"@type":"ReadAction","target":["https:\/\/www.lesdelicesdeprovence.ch\/de\/produits\/akazienhonig\/"]}]},{"@type":"ImageObject","inLanguage":"de","@id":"https:\/\/www.lesdelicesdeprovence.ch\/de\/produits\/akazienhonig\/#primaryimage","url":"https:\/\/www.lesdelicesdeprovence.ch\/wp-content\/uploads\/2022\/08\/IMG_8413-scaled.jpg","contentUrl":"https:\/\/www.lesdelicesdeprovence.ch\/wp-content\/uploads\/2022\/08\/IMG_8413-scaled.jpg","width":2560,"height":2401},{"@type":"BreadcrumbList","@id":"https:\/\/www.lesdelicesdeprovence.ch\/de\/produits\/akazienhonig\/#breadcrumb","itemListElement":[{"@type":"ListItem","position":1,"name":"Accoglienza","item":"http:\/\/www.lesdelicesdeprovence.ch\/de\/"},{"@type":"ListItem","position":2,"name":"Shop","item":"http:\/\/www.lesdelicesdeprovence.ch\/de\/geschaeft\/"},{"@type":"ListItem","position":3,"name":"Akazienhonig"}]},{"@type":"WebSite","@id":"https:\/\/www.lesdelicesdeprovence.ch\/de\/#website","url":"https:\/\/www.lesdelicesdeprovence.ch\/de\/","name":"Les D\u00e9lices de Provence","description":"Epicerie fine en ligne","potentialAction":[{"@type":"SearchAction","target":{"@type":"EntryPoint","urlTemplate":"https:\/\/www.lesdelicesdeprovence.ch\/de\/?s={search_term_string}"},"query-input":{"@type":"PropertyValueSpecification","valueRequired":true,"valueName":"search_term_string"}}],"inLanguage":"de"}]}},"_links":{"self":[{"href":"https:\/\/www.lesdelicesdeprovence.ch\/de\/wp-json\/wp\/v2\/product\/7399","targetHints":{"allow":["GET"]}}],"collection":[{"href":"https:\/\/www.lesdelicesdeprovence.ch\/de\/wp-json\/wp\/v2\/product"}],"about":[{"href":"https:\/\/www.lesdelicesdeprovence.ch\/de\/wp-json\/wp\/v2\/types\/product"}],"version-history":[{"count":3,"href":"https:\/\/www.lesdelicesdeprovence.ch\/de\/wp-json\/wp\/v2\/product\/7399\/revisions"}],"predecessor-version":[{"id":13051,"href":"https:\/\/www.lesdelicesdeprovence.ch\/de\/wp-json\/wp\/v2\/product\/7399\/revisions\/13051"}],"wp:featuredmedia":[{"embeddable":true,"href":"https:\/\/www.lesdelicesdeprovence.ch\/de\/wp-json\/wp\/v2\/media\/8391"}],"wp:attachment":[{"href":"https:\/\/www.lesdelicesdeprovence.ch\/de\/wp-json\/wp\/v2\/media?parent=7399"}],"wp:term":[{"taxonomy":"product_cat","embeddable":true,"href":"https:\/\/www.lesdelicesdeprovence.ch\/de\/wp-json\/wp\/v2\/product_cat?post=7399"},{"taxonomy":"product_tag","embeddable":true,"href":"https:\/\/www.lesdelicesdeprovence.ch\/de\/wp-json\/wp\/v2\/product_tag?post=7399"}],"curies":[{"name":"wp","href":"https:\/\/api.w.org\/{rel}","templated":true}]}}