{"id":7419,"date":"2022-08-29T15:37:49","date_gmt":"2022-08-29T15:37:49","guid":{"rendered":"https:\/\/www.aromeprod2.com\/?post_type=product&#038;p=7419"},"modified":"2026-04-26T11:06:27","modified_gmt":"2026-04-26T11:06:27","slug":"honig-aus-der-garrigue","status":"publish","type":"product","link":"https:\/\/www.lesdelicesdeprovence.ch\/de\/produits\/honig-aus-der-garrigue\/","title":{"rendered":"Honig aus der Garrigue"},"content":{"rendered":"<p>Kr\u00e4ftiger und pflanzlicher als Lavendel- oder Akazienhonig, aber feiner als Kastanien- oder Waldhonig.<\/p>\n<p>Ein guter Kompromiss zwischen St\u00e4rke und S\u00fc\u00dfe aufgrund der Mischung verschiedener Pollen, die die Bienen in der unber\u00fchrten Natur der Provence sammeln werden, haupts\u00e4chlich Thymian, Rosmarin und Eiche, gr\u00fcn und wei\u00df.<\/p>\n<p>Diese ganz besondere Vegetation verleiht diesem 100% naturbelassenen Garrigue-Honig einen einzigartigen, charaktervollen Geschmack.<\/p>\n<p>Die Textur ist in den Monaten nach der Ernte (Juli) eher flie\u00dfend, bevor sie sich nach und nach verfestigt.<\/p>\n<p>Zusammenfassend l\u00e4sst sich sagen, dass es sich hier um eine echte provenzalische Spezialit\u00e4t handelt, die aus dem Handwerk entstanden ist und zu jeder Jahreszeit zum Fr\u00fchst\u00fcck, als Beilage zu K\u00e4se oder zum ges\u00fcnderen S\u00fc\u00dfen von Gerichten genossen werden kann.<\/p>\n<p><strong>Inhalt: 250g<\/strong><\/p>\n<p><strong>Vom Imker geerntet und in T\u00f6pfe abgef\u00fcllt.<\/strong><\/p>\n","protected":false},"excerpt":{"rendered":"<p>Der typisch provenzalische Honig par excellence.<\/p>\n<p>Er ist weder zu s\u00fc\u00df noch zu kr\u00e4ftig und hat einen einzigartigen Geschmack, den man sonst nirgends findet.<\/p>\n","protected":false},"featured_media":8390,"template":"","meta":[],"product_cat":[219],"product_tag":[],"class_list":{"0":"post-7419","1":"product","2":"type-product","3":"status-publish","4":"has-post-thumbnail","6":"product_cat-rund-um-den-bienenstock","8":"first","9":"instock","10":"taxable","11":"shipping-taxable","12":"purchasable","13":"product-type-simple"},"yoast_head":"<!-- This site is optimized with the Yoast SEO plugin v27.2 - https:\/\/yoast.com\/product\/yoast-seo-wordpress\/ -->\n<title>Honig aus der Garrigue<\/title>\n<meta name=\"description\" content=\"Der typisch provenzalische Honig par excellence. Er ist weder zu s\u00fc\u00df noch zu kr\u00e4ftig und hat einen einzigartigen Geschmack, den man sonst nirgends findet.\" \/>\n<meta name=\"robots\" content=\"index, follow, max-snippet:-1, max-image-preview:large, max-video-preview:-1\" \/>\n<link rel=\"canonical\" href=\"https:\/\/www.lesdelicesdeprovence.ch\/de\/produits\/honig-aus-der-garrigue\/\" \/>\n<meta property=\"og:locale\" content=\"de_DE\" \/>\n<meta property=\"og:type\" content=\"article\" \/>\n<meta property=\"og:title\" content=\"Honig aus der Garrigue\" \/>\n<meta property=\"og:description\" content=\"Der typisch provenzalische Honig par excellence. Er ist weder zu s\u00fc\u00df noch zu kr\u00e4ftig und hat einen einzigartigen Geschmack, den man sonst nirgends findet.\" \/>\n<meta property=\"og:url\" content=\"https:\/\/www.lesdelicesdeprovence.ch\/de\/produits\/honig-aus-der-garrigue\/\" \/>\n<meta property=\"og:site_name\" content=\"Les D\u00e9lices de Provence\" \/>\n<meta property=\"article:modified_time\" content=\"2026-04-26T11:06:27+00:00\" \/>\n<meta property=\"og:image\" content=\"https:\/\/www.lesdelicesdeprovence.ch\/wp-content\/uploads\/2022\/08\/IMG_6293.jpg\" \/>\n\t<meta property=\"og:image:width\" content=\"1930\" \/>\n\t<meta property=\"og:image:height\" content=\"2056\" \/>\n\t<meta property=\"og:image:type\" content=\"image\/jpeg\" \/>\n<meta name=\"twitter:card\" content=\"summary_large_image\" \/>\n<meta name=\"twitter:label1\" content=\"Gesch\u00e4tzte Lesezeit\" \/>\n\t<meta name=\"twitter:data1\" content=\"1\u00a0Minute\" \/>\n<script type=\"application\/ld+json\" class=\"yoast-schema-graph\">{\"@context\":\"https:\/\/schema.org\",\"@graph\":[{\"@type\":\"WebPage\",\"@id\":\"https:\/\/www.lesdelicesdeprovence.ch\/de\/produits\/honig-aus-der-garrigue\/\",\"url\":\"https:\/\/www.lesdelicesdeprovence.ch\/de\/produits\/honig-aus-der-garrigue\/\",\"name\":\"Honig aus der Garrigue\",\"isPartOf\":{\"@id\":\"https:\/\/www.lesdelicesdeprovence.ch\/de\/#website\"},\"primaryImageOfPage\":{\"@id\":\"https:\/\/www.lesdelicesdeprovence.ch\/de\/produits\/honig-aus-der-garrigue\/#primaryimage\"},\"image\":{\"@id\":\"https:\/\/www.lesdelicesdeprovence.ch\/de\/produits\/honig-aus-der-garrigue\/#primaryimage\"},\"thumbnailUrl\":\"https:\/\/www.lesdelicesdeprovence.ch\/wp-content\/uploads\/2022\/08\/IMG_6293.jpg\",\"datePublished\":\"2022-08-29T15:37:49+00:00\",\"dateModified\":\"2026-04-26T11:06:27+00:00\",\"description\":\"Der typisch provenzalische Honig par excellence. Er ist weder zu s\u00fc\u00df noch zu kr\u00e4ftig und hat einen einzigartigen Geschmack, den man sonst nirgends findet.\",\"breadcrumb\":{\"@id\":\"https:\/\/www.lesdelicesdeprovence.ch\/de\/produits\/honig-aus-der-garrigue\/#breadcrumb\"},\"inLanguage\":\"de\",\"potentialAction\":[{\"@type\":\"ReadAction\",\"target\":[\"https:\/\/www.lesdelicesdeprovence.ch\/de\/produits\/honig-aus-der-garrigue\/\"]}]},{\"@type\":\"ImageObject\",\"inLanguage\":\"de\",\"@id\":\"https:\/\/www.lesdelicesdeprovence.ch\/de\/produits\/honig-aus-der-garrigue\/#primaryimage\",\"url\":\"https:\/\/www.lesdelicesdeprovence.ch\/wp-content\/uploads\/2022\/08\/IMG_6293.jpg\",\"contentUrl\":\"https:\/\/www.lesdelicesdeprovence.ch\/wp-content\/uploads\/2022\/08\/IMG_6293.jpg\",\"width\":1930,\"height\":2056},{\"@type\":\"BreadcrumbList\",\"@id\":\"https:\/\/www.lesdelicesdeprovence.ch\/de\/produits\/honig-aus-der-garrigue\/#breadcrumb\",\"itemListElement\":[{\"@type\":\"ListItem\",\"position\":1,\"name\":\"Accoglienza\",\"item\":\"https:\/\/www.lesdelicesdeprovence.ch\/de\/\"},{\"@type\":\"ListItem\",\"position\":2,\"name\":\"Shop\",\"item\":\"https:\/\/www.lesdelicesdeprovence.ch\/de\/geschaeft\/\"},{\"@type\":\"ListItem\",\"position\":3,\"name\":\"Honig aus der Garrigue\"}]},{\"@type\":\"WebSite\",\"@id\":\"https:\/\/www.lesdelicesdeprovence.ch\/de\/#website\",\"url\":\"https:\/\/www.lesdelicesdeprovence.ch\/de\/\",\"name\":\"Les D\u00e9lices de Provence\",\"description\":\"Epicerie fine en ligne\",\"potentialAction\":[{\"@type\":\"SearchAction\",\"target\":{\"@type\":\"EntryPoint\",\"urlTemplate\":\"https:\/\/www.lesdelicesdeprovence.ch\/de\/?s={search_term_string}\"},\"query-input\":{\"@type\":\"PropertyValueSpecification\",\"valueRequired\":true,\"valueName\":\"search_term_string\"}}],\"inLanguage\":\"de\"}]}<\/script>\n<!-- \/ Yoast SEO plugin. -->","yoast_head_json":{"title":"Honig aus der Garrigue","description":"Der typisch provenzalische Honig par excellence. Er ist weder zu s\u00fc\u00df noch zu kr\u00e4ftig und hat einen einzigartigen Geschmack, den man sonst nirgends findet.","robots":{"index":"index","follow":"follow","max-snippet":"max-snippet:-1","max-image-preview":"max-image-preview:large","max-video-preview":"max-video-preview:-1"},"canonical":"https:\/\/www.lesdelicesdeprovence.ch\/de\/produits\/honig-aus-der-garrigue\/","og_locale":"de_DE","og_type":"article","og_title":"Honig aus der Garrigue","og_description":"Der typisch provenzalische Honig par excellence. Er ist weder zu s\u00fc\u00df noch zu kr\u00e4ftig und hat einen einzigartigen Geschmack, den man sonst nirgends findet.","og_url":"https:\/\/www.lesdelicesdeprovence.ch\/de\/produits\/honig-aus-der-garrigue\/","og_site_name":"Les D\u00e9lices de Provence","article_modified_time":"2026-04-26T11:06:27+00:00","og_image":[{"width":1930,"height":2056,"url":"https:\/\/www.lesdelicesdeprovence.ch\/wp-content\/uploads\/2022\/08\/IMG_6293.jpg","type":"image\/jpeg"}],"twitter_card":"summary_large_image","twitter_misc":{"Gesch\u00e4tzte Lesezeit":"1\u00a0Minute"},"schema":{"@context":"https:\/\/schema.org","@graph":[{"@type":"WebPage","@id":"https:\/\/www.lesdelicesdeprovence.ch\/de\/produits\/honig-aus-der-garrigue\/","url":"https:\/\/www.lesdelicesdeprovence.ch\/de\/produits\/honig-aus-der-garrigue\/","name":"Honig aus der Garrigue","isPartOf":{"@id":"https:\/\/www.lesdelicesdeprovence.ch\/de\/#website"},"primaryImageOfPage":{"@id":"https:\/\/www.lesdelicesdeprovence.ch\/de\/produits\/honig-aus-der-garrigue\/#primaryimage"},"image":{"@id":"https:\/\/www.lesdelicesdeprovence.ch\/de\/produits\/honig-aus-der-garrigue\/#primaryimage"},"thumbnailUrl":"https:\/\/www.lesdelicesdeprovence.ch\/wp-content\/uploads\/2022\/08\/IMG_6293.jpg","datePublished":"2022-08-29T15:37:49+00:00","dateModified":"2026-04-26T11:06:27+00:00","description":"Der typisch provenzalische Honig par excellence. Er ist weder zu s\u00fc\u00df noch zu kr\u00e4ftig und hat einen einzigartigen Geschmack, den man sonst nirgends findet.","breadcrumb":{"@id":"https:\/\/www.lesdelicesdeprovence.ch\/de\/produits\/honig-aus-der-garrigue\/#breadcrumb"},"inLanguage":"de","potentialAction":[{"@type":"ReadAction","target":["https:\/\/www.lesdelicesdeprovence.ch\/de\/produits\/honig-aus-der-garrigue\/"]}]},{"@type":"ImageObject","inLanguage":"de","@id":"https:\/\/www.lesdelicesdeprovence.ch\/de\/produits\/honig-aus-der-garrigue\/#primaryimage","url":"https:\/\/www.lesdelicesdeprovence.ch\/wp-content\/uploads\/2022\/08\/IMG_6293.jpg","contentUrl":"https:\/\/www.lesdelicesdeprovence.ch\/wp-content\/uploads\/2022\/08\/IMG_6293.jpg","width":1930,"height":2056},{"@type":"BreadcrumbList","@id":"https:\/\/www.lesdelicesdeprovence.ch\/de\/produits\/honig-aus-der-garrigue\/#breadcrumb","itemListElement":[{"@type":"ListItem","position":1,"name":"Accoglienza","item":"https:\/\/www.lesdelicesdeprovence.ch\/de\/"},{"@type":"ListItem","position":2,"name":"Shop","item":"https:\/\/www.lesdelicesdeprovence.ch\/de\/geschaeft\/"},{"@type":"ListItem","position":3,"name":"Honig aus der Garrigue"}]},{"@type":"WebSite","@id":"https:\/\/www.lesdelicesdeprovence.ch\/de\/#website","url":"https:\/\/www.lesdelicesdeprovence.ch\/de\/","name":"Les D\u00e9lices de Provence","description":"Epicerie fine en ligne","potentialAction":[{"@type":"SearchAction","target":{"@type":"EntryPoint","urlTemplate":"https:\/\/www.lesdelicesdeprovence.ch\/de\/?s={search_term_string}"},"query-input":{"@type":"PropertyValueSpecification","valueRequired":true,"valueName":"search_term_string"}}],"inLanguage":"de"}]}},"_links":{"self":[{"href":"https:\/\/www.lesdelicesdeprovence.ch\/de\/wp-json\/wp\/v2\/product\/7419","targetHints":{"allow":["GET"]}}],"collection":[{"href":"https:\/\/www.lesdelicesdeprovence.ch\/de\/wp-json\/wp\/v2\/product"}],"about":[{"href":"https:\/\/www.lesdelicesdeprovence.ch\/de\/wp-json\/wp\/v2\/types\/product"}],"version-history":[{"count":3,"href":"https:\/\/www.lesdelicesdeprovence.ch\/de\/wp-json\/wp\/v2\/product\/7419\/revisions"}],"predecessor-version":[{"id":13060,"href":"https:\/\/www.lesdelicesdeprovence.ch\/de\/wp-json\/wp\/v2\/product\/7419\/revisions\/13060"}],"wp:featuredmedia":[{"embeddable":true,"href":"https:\/\/www.lesdelicesdeprovence.ch\/de\/wp-json\/wp\/v2\/media\/8390"}],"wp:attachment":[{"href":"https:\/\/www.lesdelicesdeprovence.ch\/de\/wp-json\/wp\/v2\/media?parent=7419"}],"wp:term":[{"taxonomy":"product_cat","embeddable":true,"href":"https:\/\/www.lesdelicesdeprovence.ch\/de\/wp-json\/wp\/v2\/product_cat?post=7419"},{"taxonomy":"product_tag","embeddable":true,"href":"https:\/\/www.lesdelicesdeprovence.ch\/de\/wp-json\/wp\/v2\/product_tag?post=7419"}],"curies":[{"name":"wp","href":"https:\/\/api.w.org\/{rel}","templated":true}]}}