{"id":7424,"date":"2022-08-29T16:02:12","date_gmt":"2022-08-29T16:02:12","guid":{"rendered":"https:\/\/www.aromeprod2.com\/?post_type=product&#038;p=7424"},"modified":"2024-03-28T14:45:50","modified_gmt":"2024-03-28T14:45:50","slug":"waldhonig","status":"publish","type":"product","link":"https:\/\/www.lesdelicesdeprovence.ch\/de\/produits\/waldhonig\/","title":{"rendered":"Bio-Waldhonig"},"content":{"rendered":"<p>Provenzalischer Waldhonig wird haupts\u00e4chlich im n\u00f6rdlichen Vaucluse und in der Dr\u00f4me geerntet. Er besteht \u00fcberwiegend aus Pollen von Kastanien, Eichen, Linden und Brombeeren. Dies verleiht ihm einen anderen Geschmack als der weiter n\u00f6rdlich geerntete Waldhonig, der haupts\u00e4chlich aus Pollen von Tannen und anderen Nadelb\u00e4umen besteht.<\/p>\n<p>Bei der Verkostung eine sch\u00f6ne Textur sowie eine besondere Bitterkeit, die jedoch gut ges\u00fc\u00dft ist.<\/p>\n<p>Dieser Honig besteht aus Pollen, die von Bienen in einer gesch\u00fctzten, wilden Umgebung gesammelt werden, weit weg von Kulturen, die Pestizide erhalten k\u00f6nnten.<\/p>\n<p><strong>Vom Imker geerntet und in T\u00f6pfe abgef\u00fcllt.<\/strong><\/p>\n<p><strong>Inhalt: 250g<\/strong><\/p>\n<p>&nbsp;<\/p>\n","protected":false},"excerpt":{"rendered":"<p>Ein echter Waldhonig ohne jegliche Zus\u00e4tze.<\/p>\n<p>Vom Imker in den Bergen des Vaucluse in einer gesch\u00fctzten Umgebung in T\u00f6pfe abgef\u00fcllt.<\/p>\n","protected":false},"featured_media":8387,"template":"","meta":[],"product_cat":[219],"product_tag":[],"class_list":{"0":"post-7424","1":"product","2":"type-product","3":"status-publish","4":"has-post-thumbnail","6":"product_cat-rund-um-den-bienenstock","8":"first","9":"outofstock","10":"taxable","11":"shipping-taxable","12":"purchasable","13":"product-type-simple"},"yoast_head":"<!-- This site is optimized with the Yoast SEO plugin v27.2 - https:\/\/yoast.com\/product\/yoast-seo-wordpress\/ -->\n<title>Bio-Waldhonig<\/title>\n<meta name=\"description\" content=\"Ein echter Waldhonig ohne jegliche Zus\u00e4tze. Vom Imker in den Bergen des Vaucluse in einer gesch\u00fctzten Umgebung in T\u00f6pfe abgef\u00fcllt.\" \/>\n<meta name=\"robots\" content=\"index, follow, max-snippet:-1, max-image-preview:large, max-video-preview:-1\" \/>\n<link rel=\"canonical\" href=\"https:\/\/www.lesdelicesdeprovence.ch\/de\/produits\/waldhonig\/\" \/>\n<meta property=\"og:locale\" content=\"de_DE\" \/>\n<meta property=\"og:type\" content=\"article\" \/>\n<meta property=\"og:title\" content=\"Bio-Waldhonig\" \/>\n<meta property=\"og:description\" content=\"Ein echter Waldhonig ohne jegliche Zus\u00e4tze. Vom Imker in den Bergen des Vaucluse in einer gesch\u00fctzten Umgebung in T\u00f6pfe abgef\u00fcllt.\" \/>\n<meta property=\"og:url\" content=\"https:\/\/www.lesdelicesdeprovence.ch\/de\/produits\/waldhonig\/\" \/>\n<meta property=\"og:site_name\" content=\"Les D\u00e9lices de Provence\" \/>\n<meta property=\"article:modified_time\" content=\"2024-03-28T14:45:50+00:00\" \/>\n<meta property=\"og:image\" content=\"https:\/\/www.lesdelicesdeprovence.ch\/wp-content\/uploads\/2022\/08\/miel-foret-scaled.jpg\" \/>\n\t<meta property=\"og:image:width\" content=\"2560\" \/>\n\t<meta property=\"og:image:height\" content=\"2512\" \/>\n\t<meta property=\"og:image:type\" content=\"image\/jpeg\" \/>\n<meta name=\"twitter:card\" content=\"summary_large_image\" \/>\n<meta name=\"twitter:label1\" content=\"Gesch\u00e4tzte Lesezeit\" \/>\n\t<meta name=\"twitter:data1\" content=\"1\u00a0Minute\" \/>\n<script type=\"application\/ld+json\" class=\"yoast-schema-graph\">{\"@context\":\"https:\/\/schema.org\",\"@graph\":[{\"@type\":\"WebPage\",\"@id\":\"https:\/\/www.lesdelicesdeprovence.ch\/de\/produits\/waldhonig\/\",\"url\":\"https:\/\/www.lesdelicesdeprovence.ch\/de\/produits\/waldhonig\/\",\"name\":\"Bio-Waldhonig\",\"isPartOf\":{\"@id\":\"https:\/\/www.lesdelicesdeprovence.ch\/de\/#website\"},\"primaryImageOfPage\":{\"@id\":\"https:\/\/www.lesdelicesdeprovence.ch\/de\/produits\/waldhonig\/#primaryimage\"},\"image\":{\"@id\":\"https:\/\/www.lesdelicesdeprovence.ch\/de\/produits\/waldhonig\/#primaryimage\"},\"thumbnailUrl\":\"https:\/\/www.lesdelicesdeprovence.ch\/wp-content\/uploads\/2022\/08\/miel-foret-scaled.jpg\",\"datePublished\":\"2022-08-29T16:02:12+00:00\",\"dateModified\":\"2024-03-28T14:45:50+00:00\",\"description\":\"Ein echter Waldhonig ohne jegliche Zus\u00e4tze. Vom Imker in den Bergen des Vaucluse in einer gesch\u00fctzten Umgebung in T\u00f6pfe abgef\u00fcllt.\",\"breadcrumb\":{\"@id\":\"https:\/\/www.lesdelicesdeprovence.ch\/de\/produits\/waldhonig\/#breadcrumb\"},\"inLanguage\":\"de\",\"potentialAction\":[{\"@type\":\"ReadAction\",\"target\":[\"https:\/\/www.lesdelicesdeprovence.ch\/de\/produits\/waldhonig\/\"]}]},{\"@type\":\"ImageObject\",\"inLanguage\":\"de\",\"@id\":\"https:\/\/www.lesdelicesdeprovence.ch\/de\/produits\/waldhonig\/#primaryimage\",\"url\":\"https:\/\/www.lesdelicesdeprovence.ch\/wp-content\/uploads\/2022\/08\/miel-foret-scaled.jpg\",\"contentUrl\":\"https:\/\/www.lesdelicesdeprovence.ch\/wp-content\/uploads\/2022\/08\/miel-foret-scaled.jpg\",\"width\":2560,\"height\":2512},{\"@type\":\"BreadcrumbList\",\"@id\":\"https:\/\/www.lesdelicesdeprovence.ch\/de\/produits\/waldhonig\/#breadcrumb\",\"itemListElement\":[{\"@type\":\"ListItem\",\"position\":1,\"name\":\"Accoglienza\",\"item\":\"http:\/\/www.lesdelicesdeprovence.ch\/de\/\"},{\"@type\":\"ListItem\",\"position\":2,\"name\":\"Shop\",\"item\":\"http:\/\/www.lesdelicesdeprovence.ch\/de\/geschaeft\/\"},{\"@type\":\"ListItem\",\"position\":3,\"name\":\"Bio-Waldhonig\"}]},{\"@type\":\"WebSite\",\"@id\":\"https:\/\/www.lesdelicesdeprovence.ch\/de\/#website\",\"url\":\"https:\/\/www.lesdelicesdeprovence.ch\/de\/\",\"name\":\"Les D\u00e9lices de Provence\",\"description\":\"Epicerie fine en ligne\",\"potentialAction\":[{\"@type\":\"SearchAction\",\"target\":{\"@type\":\"EntryPoint\",\"urlTemplate\":\"https:\/\/www.lesdelicesdeprovence.ch\/de\/?s={search_term_string}\"},\"query-input\":{\"@type\":\"PropertyValueSpecification\",\"valueRequired\":true,\"valueName\":\"search_term_string\"}}],\"inLanguage\":\"de\"}]}<\/script>\n<!-- \/ Yoast SEO plugin. -->","yoast_head_json":{"title":"Bio-Waldhonig","description":"Ein echter Waldhonig ohne jegliche Zus\u00e4tze. Vom Imker in den Bergen des Vaucluse in einer gesch\u00fctzten Umgebung in T\u00f6pfe abgef\u00fcllt.","robots":{"index":"index","follow":"follow","max-snippet":"max-snippet:-1","max-image-preview":"max-image-preview:large","max-video-preview":"max-video-preview:-1"},"canonical":"https:\/\/www.lesdelicesdeprovence.ch\/de\/produits\/waldhonig\/","og_locale":"de_DE","og_type":"article","og_title":"Bio-Waldhonig","og_description":"Ein echter Waldhonig ohne jegliche Zus\u00e4tze. Vom Imker in den Bergen des Vaucluse in einer gesch\u00fctzten Umgebung in T\u00f6pfe abgef\u00fcllt.","og_url":"https:\/\/www.lesdelicesdeprovence.ch\/de\/produits\/waldhonig\/","og_site_name":"Les D\u00e9lices de Provence","article_modified_time":"2024-03-28T14:45:50+00:00","og_image":[{"width":2560,"height":2512,"url":"https:\/\/www.lesdelicesdeprovence.ch\/wp-content\/uploads\/2022\/08\/miel-foret-scaled.jpg","type":"image\/jpeg"}],"twitter_card":"summary_large_image","twitter_misc":{"Gesch\u00e4tzte Lesezeit":"1\u00a0Minute"},"schema":{"@context":"https:\/\/schema.org","@graph":[{"@type":"WebPage","@id":"https:\/\/www.lesdelicesdeprovence.ch\/de\/produits\/waldhonig\/","url":"https:\/\/www.lesdelicesdeprovence.ch\/de\/produits\/waldhonig\/","name":"Bio-Waldhonig","isPartOf":{"@id":"https:\/\/www.lesdelicesdeprovence.ch\/de\/#website"},"primaryImageOfPage":{"@id":"https:\/\/www.lesdelicesdeprovence.ch\/de\/produits\/waldhonig\/#primaryimage"},"image":{"@id":"https:\/\/www.lesdelicesdeprovence.ch\/de\/produits\/waldhonig\/#primaryimage"},"thumbnailUrl":"https:\/\/www.lesdelicesdeprovence.ch\/wp-content\/uploads\/2022\/08\/miel-foret-scaled.jpg","datePublished":"2022-08-29T16:02:12+00:00","dateModified":"2024-03-28T14:45:50+00:00","description":"Ein echter Waldhonig ohne jegliche Zus\u00e4tze. Vom Imker in den Bergen des Vaucluse in einer gesch\u00fctzten Umgebung in T\u00f6pfe abgef\u00fcllt.","breadcrumb":{"@id":"https:\/\/www.lesdelicesdeprovence.ch\/de\/produits\/waldhonig\/#breadcrumb"},"inLanguage":"de","potentialAction":[{"@type":"ReadAction","target":["https:\/\/www.lesdelicesdeprovence.ch\/de\/produits\/waldhonig\/"]}]},{"@type":"ImageObject","inLanguage":"de","@id":"https:\/\/www.lesdelicesdeprovence.ch\/de\/produits\/waldhonig\/#primaryimage","url":"https:\/\/www.lesdelicesdeprovence.ch\/wp-content\/uploads\/2022\/08\/miel-foret-scaled.jpg","contentUrl":"https:\/\/www.lesdelicesdeprovence.ch\/wp-content\/uploads\/2022\/08\/miel-foret-scaled.jpg","width":2560,"height":2512},{"@type":"BreadcrumbList","@id":"https:\/\/www.lesdelicesdeprovence.ch\/de\/produits\/waldhonig\/#breadcrumb","itemListElement":[{"@type":"ListItem","position":1,"name":"Accoglienza","item":"http:\/\/www.lesdelicesdeprovence.ch\/de\/"},{"@type":"ListItem","position":2,"name":"Shop","item":"http:\/\/www.lesdelicesdeprovence.ch\/de\/geschaeft\/"},{"@type":"ListItem","position":3,"name":"Bio-Waldhonig"}]},{"@type":"WebSite","@id":"https:\/\/www.lesdelicesdeprovence.ch\/de\/#website","url":"https:\/\/www.lesdelicesdeprovence.ch\/de\/","name":"Les D\u00e9lices de Provence","description":"Epicerie fine en ligne","potentialAction":[{"@type":"SearchAction","target":{"@type":"EntryPoint","urlTemplate":"https:\/\/www.lesdelicesdeprovence.ch\/de\/?s={search_term_string}"},"query-input":{"@type":"PropertyValueSpecification","valueRequired":true,"valueName":"search_term_string"}}],"inLanguage":"de"}]}},"_links":{"self":[{"href":"https:\/\/www.lesdelicesdeprovence.ch\/de\/wp-json\/wp\/v2\/product\/7424","targetHints":{"allow":["GET"]}}],"collection":[{"href":"https:\/\/www.lesdelicesdeprovence.ch\/de\/wp-json\/wp\/v2\/product"}],"about":[{"href":"https:\/\/www.lesdelicesdeprovence.ch\/de\/wp-json\/wp\/v2\/types\/product"}],"version-history":[{"count":4,"href":"https:\/\/www.lesdelicesdeprovence.ch\/de\/wp-json\/wp\/v2\/product\/7424\/revisions"}],"predecessor-version":[{"id":13064,"href":"https:\/\/www.lesdelicesdeprovence.ch\/de\/wp-json\/wp\/v2\/product\/7424\/revisions\/13064"}],"wp:featuredmedia":[{"embeddable":true,"href":"https:\/\/www.lesdelicesdeprovence.ch\/de\/wp-json\/wp\/v2\/media\/8387"}],"wp:attachment":[{"href":"https:\/\/www.lesdelicesdeprovence.ch\/de\/wp-json\/wp\/v2\/media?parent=7424"}],"wp:term":[{"taxonomy":"product_cat","embeddable":true,"href":"https:\/\/www.lesdelicesdeprovence.ch\/de\/wp-json\/wp\/v2\/product_cat?post=7424"},{"taxonomy":"product_tag","embeddable":true,"href":"https:\/\/www.lesdelicesdeprovence.ch\/de\/wp-json\/wp\/v2\/product_tag?post=7424"}],"curies":[{"name":"wp","href":"https:\/\/api.w.org\/{rel}","templated":true}]}}