{"id":7518,"date":"2022-09-02T14:07:52","date_gmt":"2022-09-02T14:07:52","guid":{"rendered":"https:\/\/www.aromeprod2.com\/?post_type=product&#038;p=7518"},"modified":"2025-05-11T17:22:55","modified_gmt":"2025-05-11T17:22:55","slug":"echter-handgemachter-nougat","status":"publish","type":"product","link":"https:\/\/www.lesdelicesdeprovence.ch\/de\/produits\/echter-handgemachter-nougat\/","title":{"rendered":"Echter handgemachter Nougat"},"content":{"rendered":"<p>Wie alle gro\u00dfen Klassiker unseres Feinkostladens haben wir auch diesen Nougat nach zahlreichen Verkostungen aus der gro\u00dfen Auswahl, die die Provence bietet, sorgf\u00e4ltig nach Kriterien ausgew\u00e4hlt, die uns am Herzen liegen: kleine Produktion, geschmackliche Qualit\u00e4t, 100 % nat\u00fcrliche Zutaten.<\/p>\n<p>Er wird nach dem von Generation zu Generation \u00fcberlieferten Originalrezept hergestellt (im Marienbad in einem alten Kupferkessel gekocht), in dem Honig und Mandeln miteinander harmonieren, um diesem Konfekt den knusprigen Geschmack der Provence zu verleihen.<\/p>\n<p><strong>Zutaten: Mandeln, Zucker, Glukosesirup, Honig, Pistazien, Eiwei\u00dfpulver, Oblaten, nat\u00fcrliches Vanillearoma.<\/strong><\/p>\n<p><strong>Gewicht: 100 g.<\/strong><\/p>\n<p>&nbsp;<\/p>\n","protected":false},"excerpt":{"rendered":"<p>100 g reines Gourmetvergn\u00fcgen, handwerklich hergestellt aus der Frucht des provenzalischen Mandelbaums. Der Hersteller wurde aus einem Dutzend anderer Nougats ausgew\u00e4hlt, die wir probiert haben!<\/p>\n","protected":false},"featured_media":10803,"template":"","meta":[],"product_cat":[221],"product_tag":[],"class_list":{"0":"post-7518","1":"product","2":"type-product","3":"status-publish","4":"has-post-thumbnail","6":"product_cat-provenzalische-suessigkeiten","8":"first","9":"instock","10":"taxable","11":"shipping-taxable","12":"purchasable","13":"product-type-simple"},"yoast_head":"<!-- This site is optimized with the Yoast SEO plugin v27.2 - https:\/\/yoast.com\/product\/yoast-seo-wordpress\/ -->\n<title>Echter handgemachter Nougat<\/title>\n<meta name=\"description\" content=\"100g pures Gourmetvergn\u00fcgen, handwerklich hergestellt aus den Fr\u00fcchten der provenzalischen Mandelb\u00e4ume. Echter Nougat!\" \/>\n<meta name=\"robots\" content=\"index, follow, max-snippet:-1, max-image-preview:large, max-video-preview:-1\" \/>\n<link rel=\"canonical\" href=\"https:\/\/www.lesdelicesdeprovence.ch\/de\/produits\/echter-handgemachter-nougat\/\" \/>\n<meta property=\"og:locale\" content=\"de_DE\" \/>\n<meta property=\"og:type\" content=\"article\" \/>\n<meta property=\"og:title\" content=\"Echter handgemachter Nougat\" \/>\n<meta property=\"og:description\" content=\"100g pures Gourmetvergn\u00fcgen, handwerklich hergestellt aus den Fr\u00fcchten der provenzalischen Mandelb\u00e4ume. Echter Nougat!\" \/>\n<meta property=\"og:url\" content=\"https:\/\/www.lesdelicesdeprovence.ch\/de\/produits\/echter-handgemachter-nougat\/\" \/>\n<meta property=\"og:site_name\" content=\"Les D\u00e9lices de Provence\" \/>\n<meta property=\"article:modified_time\" content=\"2025-05-11T17:22:55+00:00\" \/>\n<meta property=\"og:image\" content=\"https:\/\/www.lesdelicesdeprovence.ch\/wp-content\/uploads\/2022\/09\/IMG_5755-scaled.jpg\" \/>\n\t<meta property=\"og:image:width\" content=\"2560\" \/>\n\t<meta property=\"og:image:height\" content=\"2502\" \/>\n\t<meta property=\"og:image:type\" content=\"image\/jpeg\" \/>\n<meta name=\"twitter:card\" content=\"summary_large_image\" \/>\n<meta name=\"twitter:label1\" content=\"Gesch\u00e4tzte Lesezeit\" \/>\n\t<meta name=\"twitter:data1\" content=\"1\u00a0Minute\" \/>\n<script type=\"application\/ld+json\" class=\"yoast-schema-graph\">{\"@context\":\"https:\/\/schema.org\",\"@graph\":[{\"@type\":\"WebPage\",\"@id\":\"https:\/\/www.lesdelicesdeprovence.ch\/de\/produits\/echter-handgemachter-nougat\/\",\"url\":\"https:\/\/www.lesdelicesdeprovence.ch\/de\/produits\/echter-handgemachter-nougat\/\",\"name\":\"Echter handgemachter Nougat\",\"isPartOf\":{\"@id\":\"https:\/\/www.lesdelicesdeprovence.ch\/de\/#website\"},\"primaryImageOfPage\":{\"@id\":\"https:\/\/www.lesdelicesdeprovence.ch\/de\/produits\/echter-handgemachter-nougat\/#primaryimage\"},\"image\":{\"@id\":\"https:\/\/www.lesdelicesdeprovence.ch\/de\/produits\/echter-handgemachter-nougat\/#primaryimage\"},\"thumbnailUrl\":\"https:\/\/www.lesdelicesdeprovence.ch\/wp-content\/uploads\/2022\/09\/IMG_5755-scaled.jpg\",\"datePublished\":\"2022-09-02T14:07:52+00:00\",\"dateModified\":\"2025-05-11T17:22:55+00:00\",\"description\":\"100g pures Gourmetvergn\u00fcgen, handwerklich hergestellt aus den Fr\u00fcchten der provenzalischen Mandelb\u00e4ume. Echter Nougat!\",\"breadcrumb\":{\"@id\":\"https:\/\/www.lesdelicesdeprovence.ch\/de\/produits\/echter-handgemachter-nougat\/#breadcrumb\"},\"inLanguage\":\"de\",\"potentialAction\":[{\"@type\":\"ReadAction\",\"target\":[\"https:\/\/www.lesdelicesdeprovence.ch\/de\/produits\/echter-handgemachter-nougat\/\"]}]},{\"@type\":\"ImageObject\",\"inLanguage\":\"de\",\"@id\":\"https:\/\/www.lesdelicesdeprovence.ch\/de\/produits\/echter-handgemachter-nougat\/#primaryimage\",\"url\":\"https:\/\/www.lesdelicesdeprovence.ch\/wp-content\/uploads\/2022\/09\/IMG_5755-scaled.jpg\",\"contentUrl\":\"https:\/\/www.lesdelicesdeprovence.ch\/wp-content\/uploads\/2022\/09\/IMG_5755-scaled.jpg\",\"width\":2560,\"height\":2502},{\"@type\":\"BreadcrumbList\",\"@id\":\"https:\/\/www.lesdelicesdeprovence.ch\/de\/produits\/echter-handgemachter-nougat\/#breadcrumb\",\"itemListElement\":[{\"@type\":\"ListItem\",\"position\":1,\"name\":\"Accoglienza\",\"item\":\"https:\/\/www.lesdelicesdeprovence.ch\/de\/\"},{\"@type\":\"ListItem\",\"position\":2,\"name\":\"Shop\",\"item\":\"https:\/\/www.lesdelicesdeprovence.ch\/de\/geschaeft\/\"},{\"@type\":\"ListItem\",\"position\":3,\"name\":\"Echter handgemachter Nougat\"}]},{\"@type\":\"WebSite\",\"@id\":\"https:\/\/www.lesdelicesdeprovence.ch\/de\/#website\",\"url\":\"https:\/\/www.lesdelicesdeprovence.ch\/de\/\",\"name\":\"Les D\u00e9lices de Provence\",\"description\":\"Epicerie fine en ligne\",\"potentialAction\":[{\"@type\":\"SearchAction\",\"target\":{\"@type\":\"EntryPoint\",\"urlTemplate\":\"https:\/\/www.lesdelicesdeprovence.ch\/de\/?s={search_term_string}\"},\"query-input\":{\"@type\":\"PropertyValueSpecification\",\"valueRequired\":true,\"valueName\":\"search_term_string\"}}],\"inLanguage\":\"de\"}]}<\/script>\n<!-- \/ Yoast SEO plugin. -->","yoast_head_json":{"title":"Echter handgemachter Nougat","description":"100g pures Gourmetvergn\u00fcgen, handwerklich hergestellt aus den Fr\u00fcchten der provenzalischen Mandelb\u00e4ume. Echter Nougat!","robots":{"index":"index","follow":"follow","max-snippet":"max-snippet:-1","max-image-preview":"max-image-preview:large","max-video-preview":"max-video-preview:-1"},"canonical":"https:\/\/www.lesdelicesdeprovence.ch\/de\/produits\/echter-handgemachter-nougat\/","og_locale":"de_DE","og_type":"article","og_title":"Echter handgemachter Nougat","og_description":"100g pures Gourmetvergn\u00fcgen, handwerklich hergestellt aus den Fr\u00fcchten der provenzalischen Mandelb\u00e4ume. Echter Nougat!","og_url":"https:\/\/www.lesdelicesdeprovence.ch\/de\/produits\/echter-handgemachter-nougat\/","og_site_name":"Les D\u00e9lices de Provence","article_modified_time":"2025-05-11T17:22:55+00:00","og_image":[{"width":2560,"height":2502,"url":"https:\/\/www.lesdelicesdeprovence.ch\/wp-content\/uploads\/2022\/09\/IMG_5755-scaled.jpg","type":"image\/jpeg"}],"twitter_card":"summary_large_image","twitter_misc":{"Gesch\u00e4tzte Lesezeit":"1\u00a0Minute"},"schema":{"@context":"https:\/\/schema.org","@graph":[{"@type":"WebPage","@id":"https:\/\/www.lesdelicesdeprovence.ch\/de\/produits\/echter-handgemachter-nougat\/","url":"https:\/\/www.lesdelicesdeprovence.ch\/de\/produits\/echter-handgemachter-nougat\/","name":"Echter handgemachter Nougat","isPartOf":{"@id":"https:\/\/www.lesdelicesdeprovence.ch\/de\/#website"},"primaryImageOfPage":{"@id":"https:\/\/www.lesdelicesdeprovence.ch\/de\/produits\/echter-handgemachter-nougat\/#primaryimage"},"image":{"@id":"https:\/\/www.lesdelicesdeprovence.ch\/de\/produits\/echter-handgemachter-nougat\/#primaryimage"},"thumbnailUrl":"https:\/\/www.lesdelicesdeprovence.ch\/wp-content\/uploads\/2022\/09\/IMG_5755-scaled.jpg","datePublished":"2022-09-02T14:07:52+00:00","dateModified":"2025-05-11T17:22:55+00:00","description":"100g pures Gourmetvergn\u00fcgen, handwerklich hergestellt aus den Fr\u00fcchten der provenzalischen Mandelb\u00e4ume. Echter Nougat!","breadcrumb":{"@id":"https:\/\/www.lesdelicesdeprovence.ch\/de\/produits\/echter-handgemachter-nougat\/#breadcrumb"},"inLanguage":"de","potentialAction":[{"@type":"ReadAction","target":["https:\/\/www.lesdelicesdeprovence.ch\/de\/produits\/echter-handgemachter-nougat\/"]}]},{"@type":"ImageObject","inLanguage":"de","@id":"https:\/\/www.lesdelicesdeprovence.ch\/de\/produits\/echter-handgemachter-nougat\/#primaryimage","url":"https:\/\/www.lesdelicesdeprovence.ch\/wp-content\/uploads\/2022\/09\/IMG_5755-scaled.jpg","contentUrl":"https:\/\/www.lesdelicesdeprovence.ch\/wp-content\/uploads\/2022\/09\/IMG_5755-scaled.jpg","width":2560,"height":2502},{"@type":"BreadcrumbList","@id":"https:\/\/www.lesdelicesdeprovence.ch\/de\/produits\/echter-handgemachter-nougat\/#breadcrumb","itemListElement":[{"@type":"ListItem","position":1,"name":"Accoglienza","item":"https:\/\/www.lesdelicesdeprovence.ch\/de\/"},{"@type":"ListItem","position":2,"name":"Shop","item":"https:\/\/www.lesdelicesdeprovence.ch\/de\/geschaeft\/"},{"@type":"ListItem","position":3,"name":"Echter handgemachter Nougat"}]},{"@type":"WebSite","@id":"https:\/\/www.lesdelicesdeprovence.ch\/de\/#website","url":"https:\/\/www.lesdelicesdeprovence.ch\/de\/","name":"Les D\u00e9lices de Provence","description":"Epicerie fine en ligne","potentialAction":[{"@type":"SearchAction","target":{"@type":"EntryPoint","urlTemplate":"https:\/\/www.lesdelicesdeprovence.ch\/de\/?s={search_term_string}"},"query-input":{"@type":"PropertyValueSpecification","valueRequired":true,"valueName":"search_term_string"}}],"inLanguage":"de"}]}},"_links":{"self":[{"href":"https:\/\/www.lesdelicesdeprovence.ch\/de\/wp-json\/wp\/v2\/product\/7518","targetHints":{"allow":["GET"]}}],"collection":[{"href":"https:\/\/www.lesdelicesdeprovence.ch\/de\/wp-json\/wp\/v2\/product"}],"about":[{"href":"https:\/\/www.lesdelicesdeprovence.ch\/de\/wp-json\/wp\/v2\/types\/product"}],"version-history":[{"count":2,"href":"https:\/\/www.lesdelicesdeprovence.ch\/de\/wp-json\/wp\/v2\/product\/7518\/revisions"}],"predecessor-version":[{"id":8101,"href":"https:\/\/www.lesdelicesdeprovence.ch\/de\/wp-json\/wp\/v2\/product\/7518\/revisions\/8101"}],"wp:featuredmedia":[{"embeddable":true,"href":"https:\/\/www.lesdelicesdeprovence.ch\/de\/wp-json\/wp\/v2\/media\/10803"}],"wp:attachment":[{"href":"https:\/\/www.lesdelicesdeprovence.ch\/de\/wp-json\/wp\/v2\/media?parent=7518"}],"wp:term":[{"taxonomy":"product_cat","embeddable":true,"href":"https:\/\/www.lesdelicesdeprovence.ch\/de\/wp-json\/wp\/v2\/product_cat?post=7518"},{"taxonomy":"product_tag","embeddable":true,"href":"https:\/\/www.lesdelicesdeprovence.ch\/de\/wp-json\/wp\/v2\/product_tag?post=7518"}],"curies":[{"name":"wp","href":"https:\/\/api.w.org\/{rel}","templated":true}]}}