{"id":7532,"date":"2022-09-02T14:26:10","date_gmt":"2022-09-02T14:26:10","guid":{"rendered":"https:\/\/www.aromeprod2.com\/?post_type=product&#038;p=7532"},"modified":"2025-11-27T08:05:07","modified_gmt":"2025-11-27T08:05:07","slug":"navetten-mit-orangenblueten","status":"publish","type":"product","link":"https:\/\/www.lesdelicesdeprovence.ch\/de\/produits\/navetten-mit-orangenblueten\/","title":{"rendered":"Navetten mit Orangenbl\u00fcten"},"content":{"rendered":"<p>Seit 1920 gew\u00e4hrleistet die Biscuiterie-Chocolaterie Aujoras eine handwerkliche Produktion, die f\u00fcr Qualit\u00e4t b\u00fcrgt, dieser ber\u00fchmten Navettes, die das Gl\u00fcck der Provenzalen bedeuten. Die bekannteste und oftmals beliebteste ist die R\u00fcbe mit Orangenbl\u00fcten.<\/p>\n<p>Diese aus Marseille stammenden, kleinen, sandigen Kekse in Form eines Bootes sind zart parf\u00fcmiert. Sie schmecken k\u00f6stlich in Kaffee oder Tee getaucht, zum Fr\u00fchst\u00fcck oder als Snack.<\/p>\n<p>Ein wahrer Genuss f\u00fcr Gro\u00df und Klein!<\/p>\n<p><strong>Zutaten: Mehl, Zucker, ungeh\u00e4rtetes Fett, Eier, Wasser, past\u00f6se Aurancial und Orangenbl\u00fctenwasser (0,35 %).<\/strong><\/p>\n<p><strong>Inhalt: 200 g<\/strong><\/p>\n<p>&nbsp;<\/p>\n","protected":false},"excerpt":{"rendered":"<p>Die ber\u00fchmten Navettes de Provence, ein s\u00fc\u00dfes Geb\u00e4ck aus der Keksfabrik Aujoras, das nach den seit drei Generationen \u00fcberlieferten Rezepten hergestellt wird.<\/p>\n","protected":false},"featured_media":10052,"template":"","meta":[],"product_cat":[221],"product_tag":[],"class_list":{"0":"post-7532","1":"product","2":"type-product","3":"status-publish","4":"has-post-thumbnail","6":"product_cat-provenzalische-suessigkeiten","8":"first","9":"outofstock","10":"purchasable","11":"product-type-simple"},"yoast_head":"<!-- This site is optimized with the Yoast SEO plugin v27.2 - https:\/\/yoast.com\/product\/yoast-seo-wordpress\/ -->\n<title>Navetten mit Orangenbl\u00fcten<\/title>\n<meta name=\"description\" content=\"Die ber\u00fchmten Navettes de Provence, ein s\u00fc\u00dfes Geb\u00e4ck aus der Keksfabrik Aujoras, das nach den seit drei Generationen \u00fcberlieferten Rezepten hergestellt wird.\" \/>\n<meta name=\"robots\" content=\"index, follow, max-snippet:-1, max-image-preview:large, max-video-preview:-1\" \/>\n<link rel=\"canonical\" href=\"https:\/\/www.lesdelicesdeprovence.ch\/de\/produits\/navetten-mit-orangenblueten\/\" \/>\n<meta property=\"og:locale\" content=\"de_DE\" \/>\n<meta property=\"og:type\" content=\"article\" \/>\n<meta property=\"og:title\" content=\"Navetten mit Orangenbl\u00fcten\" \/>\n<meta property=\"og:description\" content=\"Die ber\u00fchmten Navettes de Provence, ein s\u00fc\u00dfes Geb\u00e4ck aus der Keksfabrik Aujoras, das nach den seit drei Generationen \u00fcberlieferten Rezepten hergestellt wird.\" \/>\n<meta property=\"og:url\" content=\"https:\/\/www.lesdelicesdeprovence.ch\/de\/produits\/navetten-mit-orangenblueten\/\" \/>\n<meta property=\"og:site_name\" content=\"Les D\u00e9lices de Provence\" \/>\n<meta property=\"article:modified_time\" content=\"2025-11-27T08:05:07+00:00\" \/>\n<meta property=\"og:image\" content=\"https:\/\/www.lesdelicesdeprovence.ch\/wp-content\/uploads\/2022\/09\/IMG_5771-scaled.jpg\" \/>\n\t<meta property=\"og:image:width\" content=\"1920\" \/>\n\t<meta property=\"og:image:height\" content=\"2560\" \/>\n\t<meta property=\"og:image:type\" content=\"image\/jpeg\" \/>\n<meta name=\"twitter:card\" content=\"summary_large_image\" \/>\n<meta name=\"twitter:label1\" content=\"Gesch\u00e4tzte Lesezeit\" \/>\n\t<meta name=\"twitter:data1\" content=\"1\u00a0Minute\" \/>\n<script type=\"application\/ld+json\" class=\"yoast-schema-graph\">{\"@context\":\"https:\/\/schema.org\",\"@graph\":[{\"@type\":\"WebPage\",\"@id\":\"https:\/\/www.lesdelicesdeprovence.ch\/de\/produits\/navetten-mit-orangenblueten\/\",\"url\":\"https:\/\/www.lesdelicesdeprovence.ch\/de\/produits\/navetten-mit-orangenblueten\/\",\"name\":\"Navetten mit Orangenbl\u00fcten\",\"isPartOf\":{\"@id\":\"https:\/\/www.lesdelicesdeprovence.ch\/de\/#website\"},\"primaryImageOfPage\":{\"@id\":\"https:\/\/www.lesdelicesdeprovence.ch\/de\/produits\/navetten-mit-orangenblueten\/#primaryimage\"},\"image\":{\"@id\":\"https:\/\/www.lesdelicesdeprovence.ch\/de\/produits\/navetten-mit-orangenblueten\/#primaryimage\"},\"thumbnailUrl\":\"https:\/\/www.lesdelicesdeprovence.ch\/wp-content\/uploads\/2022\/09\/IMG_5771-scaled.jpg\",\"datePublished\":\"2022-09-02T14:26:10+00:00\",\"dateModified\":\"2025-11-27T08:05:07+00:00\",\"description\":\"Die ber\u00fchmten Navettes de Provence, ein s\u00fc\u00dfes Geb\u00e4ck aus der Keksfabrik Aujoras, das nach den seit drei Generationen \u00fcberlieferten Rezepten hergestellt wird.\",\"breadcrumb\":{\"@id\":\"https:\/\/www.lesdelicesdeprovence.ch\/de\/produits\/navetten-mit-orangenblueten\/#breadcrumb\"},\"inLanguage\":\"de\",\"potentialAction\":[{\"@type\":\"ReadAction\",\"target\":[\"https:\/\/www.lesdelicesdeprovence.ch\/de\/produits\/navetten-mit-orangenblueten\/\"]}]},{\"@type\":\"ImageObject\",\"inLanguage\":\"de\",\"@id\":\"https:\/\/www.lesdelicesdeprovence.ch\/de\/produits\/navetten-mit-orangenblueten\/#primaryimage\",\"url\":\"https:\/\/www.lesdelicesdeprovence.ch\/wp-content\/uploads\/2022\/09\/IMG_5771-scaled.jpg\",\"contentUrl\":\"https:\/\/www.lesdelicesdeprovence.ch\/wp-content\/uploads\/2022\/09\/IMG_5771-scaled.jpg\",\"width\":1920,\"height\":2560},{\"@type\":\"BreadcrumbList\",\"@id\":\"https:\/\/www.lesdelicesdeprovence.ch\/de\/produits\/navetten-mit-orangenblueten\/#breadcrumb\",\"itemListElement\":[{\"@type\":\"ListItem\",\"position\":1,\"name\":\"Accoglienza\",\"item\":\"http:\/\/www.lesdelicesdeprovence.ch\/de\/\"},{\"@type\":\"ListItem\",\"position\":2,\"name\":\"Shop\",\"item\":\"http:\/\/www.lesdelicesdeprovence.ch\/de\/geschaeft\/\"},{\"@type\":\"ListItem\",\"position\":3,\"name\":\"Navetten mit Orangenbl\u00fcten\"}]},{\"@type\":\"WebSite\",\"@id\":\"https:\/\/www.lesdelicesdeprovence.ch\/de\/#website\",\"url\":\"https:\/\/www.lesdelicesdeprovence.ch\/de\/\",\"name\":\"Les D\u00e9lices de Provence\",\"description\":\"Epicerie fine en ligne\",\"potentialAction\":[{\"@type\":\"SearchAction\",\"target\":{\"@type\":\"EntryPoint\",\"urlTemplate\":\"https:\/\/www.lesdelicesdeprovence.ch\/de\/?s={search_term_string}\"},\"query-input\":{\"@type\":\"PropertyValueSpecification\",\"valueRequired\":true,\"valueName\":\"search_term_string\"}}],\"inLanguage\":\"de\"}]}<\/script>\n<!-- \/ Yoast SEO plugin. -->","yoast_head_json":{"title":"Navetten mit Orangenbl\u00fcten","description":"Die ber\u00fchmten Navettes de Provence, ein s\u00fc\u00dfes Geb\u00e4ck aus der Keksfabrik Aujoras, das nach den seit drei Generationen \u00fcberlieferten Rezepten hergestellt wird.","robots":{"index":"index","follow":"follow","max-snippet":"max-snippet:-1","max-image-preview":"max-image-preview:large","max-video-preview":"max-video-preview:-1"},"canonical":"https:\/\/www.lesdelicesdeprovence.ch\/de\/produits\/navetten-mit-orangenblueten\/","og_locale":"de_DE","og_type":"article","og_title":"Navetten mit Orangenbl\u00fcten","og_description":"Die ber\u00fchmten Navettes de Provence, ein s\u00fc\u00dfes Geb\u00e4ck aus der Keksfabrik Aujoras, das nach den seit drei Generationen \u00fcberlieferten Rezepten hergestellt wird.","og_url":"https:\/\/www.lesdelicesdeprovence.ch\/de\/produits\/navetten-mit-orangenblueten\/","og_site_name":"Les D\u00e9lices de Provence","article_modified_time":"2025-11-27T08:05:07+00:00","og_image":[{"width":1920,"height":2560,"url":"https:\/\/www.lesdelicesdeprovence.ch\/wp-content\/uploads\/2022\/09\/IMG_5771-scaled.jpg","type":"image\/jpeg"}],"twitter_card":"summary_large_image","twitter_misc":{"Gesch\u00e4tzte Lesezeit":"1\u00a0Minute"},"schema":{"@context":"https:\/\/schema.org","@graph":[{"@type":"WebPage","@id":"https:\/\/www.lesdelicesdeprovence.ch\/de\/produits\/navetten-mit-orangenblueten\/","url":"https:\/\/www.lesdelicesdeprovence.ch\/de\/produits\/navetten-mit-orangenblueten\/","name":"Navetten mit Orangenbl\u00fcten","isPartOf":{"@id":"https:\/\/www.lesdelicesdeprovence.ch\/de\/#website"},"primaryImageOfPage":{"@id":"https:\/\/www.lesdelicesdeprovence.ch\/de\/produits\/navetten-mit-orangenblueten\/#primaryimage"},"image":{"@id":"https:\/\/www.lesdelicesdeprovence.ch\/de\/produits\/navetten-mit-orangenblueten\/#primaryimage"},"thumbnailUrl":"https:\/\/www.lesdelicesdeprovence.ch\/wp-content\/uploads\/2022\/09\/IMG_5771-scaled.jpg","datePublished":"2022-09-02T14:26:10+00:00","dateModified":"2025-11-27T08:05:07+00:00","description":"Die ber\u00fchmten Navettes de Provence, ein s\u00fc\u00dfes Geb\u00e4ck aus der Keksfabrik Aujoras, das nach den seit drei Generationen \u00fcberlieferten Rezepten hergestellt wird.","breadcrumb":{"@id":"https:\/\/www.lesdelicesdeprovence.ch\/de\/produits\/navetten-mit-orangenblueten\/#breadcrumb"},"inLanguage":"de","potentialAction":[{"@type":"ReadAction","target":["https:\/\/www.lesdelicesdeprovence.ch\/de\/produits\/navetten-mit-orangenblueten\/"]}]},{"@type":"ImageObject","inLanguage":"de","@id":"https:\/\/www.lesdelicesdeprovence.ch\/de\/produits\/navetten-mit-orangenblueten\/#primaryimage","url":"https:\/\/www.lesdelicesdeprovence.ch\/wp-content\/uploads\/2022\/09\/IMG_5771-scaled.jpg","contentUrl":"https:\/\/www.lesdelicesdeprovence.ch\/wp-content\/uploads\/2022\/09\/IMG_5771-scaled.jpg","width":1920,"height":2560},{"@type":"BreadcrumbList","@id":"https:\/\/www.lesdelicesdeprovence.ch\/de\/produits\/navetten-mit-orangenblueten\/#breadcrumb","itemListElement":[{"@type":"ListItem","position":1,"name":"Accoglienza","item":"http:\/\/www.lesdelicesdeprovence.ch\/de\/"},{"@type":"ListItem","position":2,"name":"Shop","item":"http:\/\/www.lesdelicesdeprovence.ch\/de\/geschaeft\/"},{"@type":"ListItem","position":3,"name":"Navetten mit Orangenbl\u00fcten"}]},{"@type":"WebSite","@id":"https:\/\/www.lesdelicesdeprovence.ch\/de\/#website","url":"https:\/\/www.lesdelicesdeprovence.ch\/de\/","name":"Les D\u00e9lices de Provence","description":"Epicerie fine en ligne","potentialAction":[{"@type":"SearchAction","target":{"@type":"EntryPoint","urlTemplate":"https:\/\/www.lesdelicesdeprovence.ch\/de\/?s={search_term_string}"},"query-input":{"@type":"PropertyValueSpecification","valueRequired":true,"valueName":"search_term_string"}}],"inLanguage":"de"}]}},"_links":{"self":[{"href":"https:\/\/www.lesdelicesdeprovence.ch\/de\/wp-json\/wp\/v2\/product\/7532","targetHints":{"allow":["GET"]}}],"collection":[{"href":"https:\/\/www.lesdelicesdeprovence.ch\/de\/wp-json\/wp\/v2\/product"}],"about":[{"href":"https:\/\/www.lesdelicesdeprovence.ch\/de\/wp-json\/wp\/v2\/types\/product"}],"version-history":[{"count":2,"href":"https:\/\/www.lesdelicesdeprovence.ch\/de\/wp-json\/wp\/v2\/product\/7532\/revisions"}],"predecessor-version":[{"id":8104,"href":"https:\/\/www.lesdelicesdeprovence.ch\/de\/wp-json\/wp\/v2\/product\/7532\/revisions\/8104"}],"wp:featuredmedia":[{"embeddable":true,"href":"https:\/\/www.lesdelicesdeprovence.ch\/de\/wp-json\/wp\/v2\/media\/10052"}],"wp:attachment":[{"href":"https:\/\/www.lesdelicesdeprovence.ch\/de\/wp-json\/wp\/v2\/media?parent=7532"}],"wp:term":[{"taxonomy":"product_cat","embeddable":true,"href":"https:\/\/www.lesdelicesdeprovence.ch\/de\/wp-json\/wp\/v2\/product_cat?post=7532"},{"taxonomy":"product_tag","embeddable":true,"href":"https:\/\/www.lesdelicesdeprovence.ch\/de\/wp-json\/wp\/v2\/product_tag?post=7532"}],"curies":[{"name":"wp","href":"https:\/\/api.w.org\/{rel}","templated":true}]}}