{"id":7588,"date":"2022-09-05T12:51:27","date_gmt":"2022-09-05T12:51:27","guid":{"rendered":"https:\/\/www.aromeprod2.com\/?post_type=product&#038;p=7588"},"modified":"2023-07-02T18:09:47","modified_gmt":"2023-07-02T18:09:47","slug":"saft-aus-heidelbeeren-und-wildem-heidekraut-bio","status":"publish","type":"product","link":"https:\/\/www.lesdelicesdeprovence.ch\/de\/produits\/saft-aus-heidelbeeren-und-wildem-heidekraut-bio\/","title":{"rendered":"Saft aus Heidelbeeren und wildem Heidekraut Bio"},"content":{"rendered":"<p>Dieser leidenschaftliche Handwerker am Fu\u00dfe des Mont Ventoux ist eine echte Entdeckung! Er strebt nach kulinarischer Perfektion, die nur von seiner Liebe zur Natur \u00fcbertroffen wird. Und das zeigt sich auch in seinen wunderbaren S\u00e4ften &#8222;Plus que Bio&#8220; von La Table des Lutins.<\/p>\n<p>Warum mehr als Bio? Weil er die Wildkr\u00e4uter, die er f\u00fcr die Herstellung dieser S\u00e4fte ben\u00f6tigt, selbst in Gebieten sammelt, die mindestens 5 km von jeder landwirtschaftlichen Fl\u00e4che entfernt sind, auf der Pestizide eingesetzt werden k\u00f6nnten! Seine Arbeit beruht auf einigen grundlegenden Prinzipien:<\/p>\n<p>&#8211; Die Verwendung des Mondkalenders sowohl f\u00fcr das Sammeln von Wildpflanzen als auch f\u00fcr die Herstellung und Abf\u00fcllung der S\u00e4fte.<\/p>\n<p>&#8211; Suche nach Fr\u00fcchten in der N\u00e4he, die biodynamisch angebaut werden oder unbehandelt sind und die er selbst pfl\u00fcckt.<\/p>\n<p>Seine Absicht ist es nicht, opportunistisch auf den Hype um Naturprodukte zu reagieren, sein Vorgehen ist ethisch, das Ziel ist ein au\u00dfergew\u00f6hnliches Endprodukt, und die Kombinationen von Fr\u00fcchten und Pflanzen sind das Ergebnis echter \u00dcberlegungen.<\/p>\n<p><strong>Zutaten: Heidelbeere, gefiltertes und dynamisiertes Quellwasser, Bio-Rohrzucker, wildes Heidekraut.<\/strong><\/p>\n<p><strong>Inhalt: 33cl<\/strong><\/p>\n<p>&nbsp;<\/p>\n","protected":false},"excerpt":{"rendered":"<p>Reiner Bio-Saft aus handgepfl\u00fcckten wilden Heidelbeeren und Quellwasser, das von einem passionierten und engagierten Handwerker gefiltert und dynamisiert wurde.<\/p>\n<p>Es ist schwer, etwas Handwerklicheres, Nat\u00fcrlicheres und Ges\u00fcnderes zu finden!<\/p>\n","protected":false},"featured_media":10365,"template":"","meta":[],"product_cat":[236],"product_tag":[],"class_list":{"0":"post-7588","1":"product","2":"type-product","3":"status-publish","4":"has-post-thumbnail","6":"product_cat-bio-fruchtsaft","8":"first","9":"instock","10":"taxable","11":"shipping-taxable","12":"purchasable","13":"product-type-simple"},"yoast_head":"<!-- This site is optimized with the Yoast SEO plugin v27.2 - https:\/\/yoast.com\/product\/yoast-seo-wordpress\/ -->\n<title>Saft aus Heidelbeeren und wildem Heidekraut Bio<\/title>\n<meta name=\"description\" content=\"Reiner Bio-Saft aus handgepfl\u00fcckten wilden Heidelbeeren und Quellwasser, das von einem passionierten und engagierten Handwerker gefiltert und dynamisiert wurde.\" \/>\n<meta name=\"robots\" content=\"index, follow, max-snippet:-1, max-image-preview:large, max-video-preview:-1\" \/>\n<link rel=\"canonical\" href=\"https:\/\/www.lesdelicesdeprovence.ch\/de\/produits\/saft-aus-heidelbeeren-und-wildem-heidekraut-bio\/\" \/>\n<meta property=\"og:locale\" content=\"de_DE\" \/>\n<meta property=\"og:type\" content=\"article\" \/>\n<meta property=\"og:title\" content=\"Saft aus Heidelbeeren und wildem Heidekraut Bio\" \/>\n<meta property=\"og:description\" content=\"Reiner Bio-Saft aus handgepfl\u00fcckten wilden Heidelbeeren und Quellwasser, das von einem passionierten und engagierten Handwerker gefiltert und dynamisiert wurde.\" \/>\n<meta property=\"og:url\" content=\"https:\/\/www.lesdelicesdeprovence.ch\/de\/produits\/saft-aus-heidelbeeren-und-wildem-heidekraut-bio\/\" \/>\n<meta property=\"og:site_name\" content=\"Les D\u00e9lices de Provence\" \/>\n<meta property=\"article:modified_time\" content=\"2023-07-02T18:09:47+00:00\" \/>\n<meta property=\"og:image\" content=\"http:\/\/www.lesdelicesdeprovence.ch\/wp-content\/uploads\/2022\/09\/IMG_0862-scaled.jpg\" \/>\n\t<meta property=\"og:image:width\" content=\"2351\" \/>\n\t<meta property=\"og:image:height\" content=\"2560\" \/>\n\t<meta property=\"og:image:type\" content=\"image\/jpeg\" \/>\n<meta name=\"twitter:card\" content=\"summary_large_image\" \/>\n<meta name=\"twitter:label1\" content=\"Gesch\u00e4tzte Lesezeit\" \/>\n\t<meta name=\"twitter:data1\" content=\"1\u00a0Minute\" \/>\n<script type=\"application\/ld+json\" class=\"yoast-schema-graph\">{\"@context\":\"https:\/\/schema.org\",\"@graph\":[{\"@type\":\"WebPage\",\"@id\":\"https:\/\/www.lesdelicesdeprovence.ch\/de\/produits\/saft-aus-heidelbeeren-und-wildem-heidekraut-bio\/\",\"url\":\"https:\/\/www.lesdelicesdeprovence.ch\/de\/produits\/saft-aus-heidelbeeren-und-wildem-heidekraut-bio\/\",\"name\":\"Saft aus Heidelbeeren und wildem Heidekraut Bio\",\"isPartOf\":{\"@id\":\"https:\/\/www.lesdelicesdeprovence.ch\/de\/#website\"},\"primaryImageOfPage\":{\"@id\":\"https:\/\/www.lesdelicesdeprovence.ch\/de\/produits\/saft-aus-heidelbeeren-und-wildem-heidekraut-bio\/#primaryimage\"},\"image\":{\"@id\":\"https:\/\/www.lesdelicesdeprovence.ch\/de\/produits\/saft-aus-heidelbeeren-und-wildem-heidekraut-bio\/#primaryimage\"},\"thumbnailUrl\":\"https:\/\/www.lesdelicesdeprovence.ch\/wp-content\/uploads\/2022\/09\/IMG_0862-scaled.jpg\",\"datePublished\":\"2022-09-05T12:51:27+00:00\",\"dateModified\":\"2023-07-02T18:09:47+00:00\",\"description\":\"Reiner Bio-Saft aus handgepfl\u00fcckten wilden Heidelbeeren und Quellwasser, das von einem passionierten und engagierten Handwerker gefiltert und dynamisiert wurde.\",\"breadcrumb\":{\"@id\":\"https:\/\/www.lesdelicesdeprovence.ch\/de\/produits\/saft-aus-heidelbeeren-und-wildem-heidekraut-bio\/#breadcrumb\"},\"inLanguage\":\"de\",\"potentialAction\":[{\"@type\":\"ReadAction\",\"target\":[\"https:\/\/www.lesdelicesdeprovence.ch\/de\/produits\/saft-aus-heidelbeeren-und-wildem-heidekraut-bio\/\"]}]},{\"@type\":\"ImageObject\",\"inLanguage\":\"de\",\"@id\":\"https:\/\/www.lesdelicesdeprovence.ch\/de\/produits\/saft-aus-heidelbeeren-und-wildem-heidekraut-bio\/#primaryimage\",\"url\":\"https:\/\/www.lesdelicesdeprovence.ch\/wp-content\/uploads\/2022\/09\/IMG_0862-scaled.jpg\",\"contentUrl\":\"https:\/\/www.lesdelicesdeprovence.ch\/wp-content\/uploads\/2022\/09\/IMG_0862-scaled.jpg\",\"width\":2351,\"height\":2560},{\"@type\":\"BreadcrumbList\",\"@id\":\"https:\/\/www.lesdelicesdeprovence.ch\/de\/produits\/saft-aus-heidelbeeren-und-wildem-heidekraut-bio\/#breadcrumb\",\"itemListElement\":[{\"@type\":\"ListItem\",\"position\":1,\"name\":\"Accoglienza\",\"item\":\"http:\/\/www.lesdelicesdeprovence.ch\/de\/\"},{\"@type\":\"ListItem\",\"position\":2,\"name\":\"Shop\",\"item\":\"http:\/\/www.lesdelicesdeprovence.ch\/de\/geschaeft\/\"},{\"@type\":\"ListItem\",\"position\":3,\"name\":\"Saft aus Heidelbeeren und wildem Heidekraut Bio\"}]},{\"@type\":\"WebSite\",\"@id\":\"https:\/\/www.lesdelicesdeprovence.ch\/de\/#website\",\"url\":\"https:\/\/www.lesdelicesdeprovence.ch\/de\/\",\"name\":\"Les D\u00e9lices de Provence\",\"description\":\"Epicerie fine en ligne\",\"potentialAction\":[{\"@type\":\"SearchAction\",\"target\":{\"@type\":\"EntryPoint\",\"urlTemplate\":\"https:\/\/www.lesdelicesdeprovence.ch\/de\/?s={search_term_string}\"},\"query-input\":{\"@type\":\"PropertyValueSpecification\",\"valueRequired\":true,\"valueName\":\"search_term_string\"}}],\"inLanguage\":\"de\"}]}<\/script>\n<!-- \/ Yoast SEO plugin. -->","yoast_head_json":{"title":"Saft aus Heidelbeeren und wildem Heidekraut Bio","description":"Reiner Bio-Saft aus handgepfl\u00fcckten wilden Heidelbeeren und Quellwasser, das von einem passionierten und engagierten Handwerker gefiltert und dynamisiert wurde.","robots":{"index":"index","follow":"follow","max-snippet":"max-snippet:-1","max-image-preview":"max-image-preview:large","max-video-preview":"max-video-preview:-1"},"canonical":"https:\/\/www.lesdelicesdeprovence.ch\/de\/produits\/saft-aus-heidelbeeren-und-wildem-heidekraut-bio\/","og_locale":"de_DE","og_type":"article","og_title":"Saft aus Heidelbeeren und wildem Heidekraut Bio","og_description":"Reiner Bio-Saft aus handgepfl\u00fcckten wilden Heidelbeeren und Quellwasser, das von einem passionierten und engagierten Handwerker gefiltert und dynamisiert wurde.","og_url":"https:\/\/www.lesdelicesdeprovence.ch\/de\/produits\/saft-aus-heidelbeeren-und-wildem-heidekraut-bio\/","og_site_name":"Les D\u00e9lices de Provence","article_modified_time":"2023-07-02T18:09:47+00:00","og_image":[{"width":2351,"height":2560,"url":"http:\/\/www.lesdelicesdeprovence.ch\/wp-content\/uploads\/2022\/09\/IMG_0862-scaled.jpg","type":"image\/jpeg"}],"twitter_card":"summary_large_image","twitter_misc":{"Gesch\u00e4tzte Lesezeit":"1\u00a0Minute"},"schema":{"@context":"https:\/\/schema.org","@graph":[{"@type":"WebPage","@id":"https:\/\/www.lesdelicesdeprovence.ch\/de\/produits\/saft-aus-heidelbeeren-und-wildem-heidekraut-bio\/","url":"https:\/\/www.lesdelicesdeprovence.ch\/de\/produits\/saft-aus-heidelbeeren-und-wildem-heidekraut-bio\/","name":"Saft aus Heidelbeeren und wildem Heidekraut Bio","isPartOf":{"@id":"https:\/\/www.lesdelicesdeprovence.ch\/de\/#website"},"primaryImageOfPage":{"@id":"https:\/\/www.lesdelicesdeprovence.ch\/de\/produits\/saft-aus-heidelbeeren-und-wildem-heidekraut-bio\/#primaryimage"},"image":{"@id":"https:\/\/www.lesdelicesdeprovence.ch\/de\/produits\/saft-aus-heidelbeeren-und-wildem-heidekraut-bio\/#primaryimage"},"thumbnailUrl":"https:\/\/www.lesdelicesdeprovence.ch\/wp-content\/uploads\/2022\/09\/IMG_0862-scaled.jpg","datePublished":"2022-09-05T12:51:27+00:00","dateModified":"2023-07-02T18:09:47+00:00","description":"Reiner Bio-Saft aus handgepfl\u00fcckten wilden Heidelbeeren und Quellwasser, das von einem passionierten und engagierten Handwerker gefiltert und dynamisiert wurde.","breadcrumb":{"@id":"https:\/\/www.lesdelicesdeprovence.ch\/de\/produits\/saft-aus-heidelbeeren-und-wildem-heidekraut-bio\/#breadcrumb"},"inLanguage":"de","potentialAction":[{"@type":"ReadAction","target":["https:\/\/www.lesdelicesdeprovence.ch\/de\/produits\/saft-aus-heidelbeeren-und-wildem-heidekraut-bio\/"]}]},{"@type":"ImageObject","inLanguage":"de","@id":"https:\/\/www.lesdelicesdeprovence.ch\/de\/produits\/saft-aus-heidelbeeren-und-wildem-heidekraut-bio\/#primaryimage","url":"https:\/\/www.lesdelicesdeprovence.ch\/wp-content\/uploads\/2022\/09\/IMG_0862-scaled.jpg","contentUrl":"https:\/\/www.lesdelicesdeprovence.ch\/wp-content\/uploads\/2022\/09\/IMG_0862-scaled.jpg","width":2351,"height":2560},{"@type":"BreadcrumbList","@id":"https:\/\/www.lesdelicesdeprovence.ch\/de\/produits\/saft-aus-heidelbeeren-und-wildem-heidekraut-bio\/#breadcrumb","itemListElement":[{"@type":"ListItem","position":1,"name":"Accoglienza","item":"http:\/\/www.lesdelicesdeprovence.ch\/de\/"},{"@type":"ListItem","position":2,"name":"Shop","item":"http:\/\/www.lesdelicesdeprovence.ch\/de\/geschaeft\/"},{"@type":"ListItem","position":3,"name":"Saft aus Heidelbeeren und wildem Heidekraut Bio"}]},{"@type":"WebSite","@id":"https:\/\/www.lesdelicesdeprovence.ch\/de\/#website","url":"https:\/\/www.lesdelicesdeprovence.ch\/de\/","name":"Les D\u00e9lices de Provence","description":"Epicerie fine en ligne","potentialAction":[{"@type":"SearchAction","target":{"@type":"EntryPoint","urlTemplate":"https:\/\/www.lesdelicesdeprovence.ch\/de\/?s={search_term_string}"},"query-input":{"@type":"PropertyValueSpecification","valueRequired":true,"valueName":"search_term_string"}}],"inLanguage":"de"}]}},"_links":{"self":[{"href":"https:\/\/www.lesdelicesdeprovence.ch\/de\/wp-json\/wp\/v2\/product\/7588","targetHints":{"allow":["GET"]}}],"collection":[{"href":"https:\/\/www.lesdelicesdeprovence.ch\/de\/wp-json\/wp\/v2\/product"}],"about":[{"href":"https:\/\/www.lesdelicesdeprovence.ch\/de\/wp-json\/wp\/v2\/types\/product"}],"version-history":[{"count":2,"href":"https:\/\/www.lesdelicesdeprovence.ch\/de\/wp-json\/wp\/v2\/product\/7588\/revisions"}],"predecessor-version":[{"id":8124,"href":"https:\/\/www.lesdelicesdeprovence.ch\/de\/wp-json\/wp\/v2\/product\/7588\/revisions\/8124"}],"wp:featuredmedia":[{"embeddable":true,"href":"https:\/\/www.lesdelicesdeprovence.ch\/de\/wp-json\/wp\/v2\/media\/10365"}],"wp:attachment":[{"href":"https:\/\/www.lesdelicesdeprovence.ch\/de\/wp-json\/wp\/v2\/media?parent=7588"}],"wp:term":[{"taxonomy":"product_cat","embeddable":true,"href":"https:\/\/www.lesdelicesdeprovence.ch\/de\/wp-json\/wp\/v2\/product_cat?post=7588"},{"taxonomy":"product_tag","embeddable":true,"href":"https:\/\/www.lesdelicesdeprovence.ch\/de\/wp-json\/wp\/v2\/product_tag?post=7588"}],"curies":[{"name":"wp","href":"https:\/\/api.w.org\/{rel}","templated":true}]}}