{"id":7632,"date":"2022-09-09T12:52:40","date_gmt":"2022-09-09T12:52:40","guid":{"rendered":"https:\/\/www.aromeprod2.com\/?post_type=product&#038;p=7632"},"modified":"2022-10-11T11:23:01","modified_gmt":"2022-10-11T11:23:01","slug":"sirup-aus-wildem-majoran","status":"publish","type":"product","link":"https:\/\/www.lesdelicesdeprovence.ch\/de\/produits\/sirup-aus-wildem-majoran\/","title":{"rendered":"Sirup aus wildem Majoran"},"content":{"rendered":"<p>Dieser Sirup wird von einem jungen Paar in der N\u00e4he des kleinen Dorfes Lourmarin hergestellt, das von einer Leidenschaft f\u00fcr die Natur und dem Wunsch, diese zu entdecken, gepackt wurde.<\/p>\n<p>Ihre Sirupe sind zu 100 % rein und nat\u00fcrlich, stammen gr\u00f6\u00dftenteils aus wilden Zutaten und werden nach pharmazeutischen Standards von Hand verarbeitet.<\/p>\n<p><strong>Majoran, auch Oregano genannt, ist wegen seiner aromatischen Eigenschaften in der Kochkunst sehr beliebt und wird auch in der traditionellen Medizin zur Behandlung verschiedener Beschwerden eingesetzt:<\/strong><\/p>\n<p><em>&#8211; Appetitlosigkeit<\/em><\/p>\n<p><em>&#8211; Atemwegsprobleme<\/em><\/p>\n<p><em>&#8211; Verdauungsbeschwerden<\/em><\/p>\n<p><em>&#8211; Schmerzen in den Gelenken.<\/em><\/p>\n<p><em>&#8211; Zahnschmerzen.<\/em><\/p>\n<p><em>&#8211; Schlaflosigkeit.<\/em><\/p>\n<p><em>&#8211; Beschwerden durch Herzrhythmusst\u00f6rungen.<\/em><\/p>\n<p><em>&#8211; Studien haben gezeigt, dass Majoran eine positive Wirkung bei der Behandlung der Alzheimer-Krankheit haben soll.<\/em><\/p>\n<p>Sehr erfrischend und schmackhaft Einfach in Wasser mit Eisw\u00fcrfeln verd\u00fcnnt k\u00f6nnen Sie sie auch als Topping f\u00fcr Desserts, Pfannkuchen, Joghurt oder Quark verwenden.<\/p>\n<p><strong>Zutaten: Majoran, Bio-Rohrzucker, Zitronensaft, Quellwasser.<\/strong><\/p>\n<p><strong>Inhalt: 25cl<\/strong><\/p>\n<p>&nbsp;<\/p>\n","protected":false},"excerpt":{"rendered":"<p>Ein nat\u00fcrlicher Sirup mit vielen belebenden Eigenschaften, der aus wildem Majoran hergestellt wird, der in gesch\u00fctzten Gebieten gepfl\u00fcckt wird.<\/p>\n","protected":false},"featured_media":7623,"template":"","meta":[],"product_cat":[238],"product_tag":[],"class_list":{"0":"post-7632","1":"product","2":"type-product","3":"status-publish","4":"has-post-thumbnail","6":"product_cat-natuerliche-sirupe","8":"first","9":"instock","10":"taxable","11":"shipping-taxable","12":"purchasable","13":"product-type-simple"},"yoast_head":"<!-- This site is optimized with the Yoast SEO plugin v27.2 - https:\/\/yoast.com\/product\/yoast-seo-wordpress\/ -->\n<title>Sirup aus wildem Majoran<\/title>\n<meta name=\"description\" content=\"Ein nat\u00fcrlicher Sirup mit vielen belebenden Eigenschaften, der aus wildem Majoran hergestellt wird, der in gesch\u00fctzten Gebieten gepfl\u00fcckt wird.\" \/>\n<meta name=\"robots\" content=\"index, follow, max-snippet:-1, max-image-preview:large, max-video-preview:-1\" \/>\n<link rel=\"canonical\" href=\"https:\/\/www.lesdelicesdeprovence.ch\/de\/produits\/sirup-aus-wildem-majoran\/\" \/>\n<meta property=\"og:locale\" content=\"de_DE\" \/>\n<meta property=\"og:type\" content=\"article\" \/>\n<meta property=\"og:title\" content=\"Sirup aus wildem Majoran\" \/>\n<meta property=\"og:description\" content=\"Ein nat\u00fcrlicher Sirup mit vielen belebenden Eigenschaften, der aus wildem Majoran hergestellt wird, der in gesch\u00fctzten Gebieten gepfl\u00fcckt wird.\" \/>\n<meta property=\"og:url\" content=\"https:\/\/www.lesdelicesdeprovence.ch\/de\/produits\/sirup-aus-wildem-majoran\/\" \/>\n<meta property=\"og:site_name\" content=\"Les D\u00e9lices de Provence\" \/>\n<meta property=\"article:modified_time\" content=\"2022-10-11T11:23:01+00:00\" \/>\n<meta property=\"og:image\" content=\"https:\/\/www.lesdelicesdeprovence.ch\/wp-content\/uploads\/2022\/09\/IMG_0882-scaled.jpg\" \/>\n\t<meta property=\"og:image:width\" content=\"2463\" \/>\n\t<meta property=\"og:image:height\" content=\"2560\" \/>\n\t<meta property=\"og:image:type\" content=\"image\/jpeg\" \/>\n<meta name=\"twitter:card\" content=\"summary_large_image\" \/>\n<meta name=\"twitter:label1\" content=\"Gesch\u00e4tzte Lesezeit\" \/>\n\t<meta name=\"twitter:data1\" content=\"1\u00a0Minute\" \/>\n<script type=\"application\/ld+json\" class=\"yoast-schema-graph\">{\"@context\":\"https:\/\/schema.org\",\"@graph\":[{\"@type\":\"WebPage\",\"@id\":\"https:\/\/www.lesdelicesdeprovence.ch\/de\/produits\/sirup-aus-wildem-majoran\/\",\"url\":\"https:\/\/www.lesdelicesdeprovence.ch\/de\/produits\/sirup-aus-wildem-majoran\/\",\"name\":\"Sirup aus wildem Majoran\",\"isPartOf\":{\"@id\":\"https:\/\/www.lesdelicesdeprovence.ch\/de\/#website\"},\"primaryImageOfPage\":{\"@id\":\"https:\/\/www.lesdelicesdeprovence.ch\/de\/produits\/sirup-aus-wildem-majoran\/#primaryimage\"},\"image\":{\"@id\":\"https:\/\/www.lesdelicesdeprovence.ch\/de\/produits\/sirup-aus-wildem-majoran\/#primaryimage\"},\"thumbnailUrl\":\"https:\/\/www.lesdelicesdeprovence.ch\/wp-content\/uploads\/2022\/09\/IMG_0882-scaled.jpg\",\"datePublished\":\"2022-09-09T12:52:40+00:00\",\"dateModified\":\"2022-10-11T11:23:01+00:00\",\"description\":\"Ein nat\u00fcrlicher Sirup mit vielen belebenden Eigenschaften, der aus wildem Majoran hergestellt wird, der in gesch\u00fctzten Gebieten gepfl\u00fcckt wird.\",\"breadcrumb\":{\"@id\":\"https:\/\/www.lesdelicesdeprovence.ch\/de\/produits\/sirup-aus-wildem-majoran\/#breadcrumb\"},\"inLanguage\":\"de\",\"potentialAction\":[{\"@type\":\"ReadAction\",\"target\":[\"https:\/\/www.lesdelicesdeprovence.ch\/de\/produits\/sirup-aus-wildem-majoran\/\"]}]},{\"@type\":\"ImageObject\",\"inLanguage\":\"de\",\"@id\":\"https:\/\/www.lesdelicesdeprovence.ch\/de\/produits\/sirup-aus-wildem-majoran\/#primaryimage\",\"url\":\"https:\/\/www.lesdelicesdeprovence.ch\/wp-content\/uploads\/2022\/09\/IMG_0882-scaled.jpg\",\"contentUrl\":\"https:\/\/www.lesdelicesdeprovence.ch\/wp-content\/uploads\/2022\/09\/IMG_0882-scaled.jpg\",\"width\":2463,\"height\":2560},{\"@type\":\"BreadcrumbList\",\"@id\":\"https:\/\/www.lesdelicesdeprovence.ch\/de\/produits\/sirup-aus-wildem-majoran\/#breadcrumb\",\"itemListElement\":[{\"@type\":\"ListItem\",\"position\":1,\"name\":\"Accoglienza\",\"item\":\"http:\/\/www.lesdelicesdeprovence.ch\/de\/\"},{\"@type\":\"ListItem\",\"position\":2,\"name\":\"Shop\",\"item\":\"http:\/\/www.lesdelicesdeprovence.ch\/de\/geschaeft\/\"},{\"@type\":\"ListItem\",\"position\":3,\"name\":\"Sirup aus wildem Majoran\"}]},{\"@type\":\"WebSite\",\"@id\":\"https:\/\/www.lesdelicesdeprovence.ch\/de\/#website\",\"url\":\"https:\/\/www.lesdelicesdeprovence.ch\/de\/\",\"name\":\"Les D\u00e9lices de Provence\",\"description\":\"Epicerie fine en ligne\",\"potentialAction\":[{\"@type\":\"SearchAction\",\"target\":{\"@type\":\"EntryPoint\",\"urlTemplate\":\"https:\/\/www.lesdelicesdeprovence.ch\/de\/?s={search_term_string}\"},\"query-input\":{\"@type\":\"PropertyValueSpecification\",\"valueRequired\":true,\"valueName\":\"search_term_string\"}}],\"inLanguage\":\"de\"}]}<\/script>\n<!-- \/ Yoast SEO plugin. -->","yoast_head_json":{"title":"Sirup aus wildem Majoran","description":"Ein nat\u00fcrlicher Sirup mit vielen belebenden Eigenschaften, der aus wildem Majoran hergestellt wird, der in gesch\u00fctzten Gebieten gepfl\u00fcckt wird.","robots":{"index":"index","follow":"follow","max-snippet":"max-snippet:-1","max-image-preview":"max-image-preview:large","max-video-preview":"max-video-preview:-1"},"canonical":"https:\/\/www.lesdelicesdeprovence.ch\/de\/produits\/sirup-aus-wildem-majoran\/","og_locale":"de_DE","og_type":"article","og_title":"Sirup aus wildem Majoran","og_description":"Ein nat\u00fcrlicher Sirup mit vielen belebenden Eigenschaften, der aus wildem Majoran hergestellt wird, der in gesch\u00fctzten Gebieten gepfl\u00fcckt wird.","og_url":"https:\/\/www.lesdelicesdeprovence.ch\/de\/produits\/sirup-aus-wildem-majoran\/","og_site_name":"Les D\u00e9lices de Provence","article_modified_time":"2022-10-11T11:23:01+00:00","og_image":[{"width":2463,"height":2560,"url":"https:\/\/www.lesdelicesdeprovence.ch\/wp-content\/uploads\/2022\/09\/IMG_0882-scaled.jpg","type":"image\/jpeg"}],"twitter_card":"summary_large_image","twitter_misc":{"Gesch\u00e4tzte Lesezeit":"1\u00a0Minute"},"schema":{"@context":"https:\/\/schema.org","@graph":[{"@type":"WebPage","@id":"https:\/\/www.lesdelicesdeprovence.ch\/de\/produits\/sirup-aus-wildem-majoran\/","url":"https:\/\/www.lesdelicesdeprovence.ch\/de\/produits\/sirup-aus-wildem-majoran\/","name":"Sirup aus wildem Majoran","isPartOf":{"@id":"https:\/\/www.lesdelicesdeprovence.ch\/de\/#website"},"primaryImageOfPage":{"@id":"https:\/\/www.lesdelicesdeprovence.ch\/de\/produits\/sirup-aus-wildem-majoran\/#primaryimage"},"image":{"@id":"https:\/\/www.lesdelicesdeprovence.ch\/de\/produits\/sirup-aus-wildem-majoran\/#primaryimage"},"thumbnailUrl":"https:\/\/www.lesdelicesdeprovence.ch\/wp-content\/uploads\/2022\/09\/IMG_0882-scaled.jpg","datePublished":"2022-09-09T12:52:40+00:00","dateModified":"2022-10-11T11:23:01+00:00","description":"Ein nat\u00fcrlicher Sirup mit vielen belebenden Eigenschaften, der aus wildem Majoran hergestellt wird, der in gesch\u00fctzten Gebieten gepfl\u00fcckt wird.","breadcrumb":{"@id":"https:\/\/www.lesdelicesdeprovence.ch\/de\/produits\/sirup-aus-wildem-majoran\/#breadcrumb"},"inLanguage":"de","potentialAction":[{"@type":"ReadAction","target":["https:\/\/www.lesdelicesdeprovence.ch\/de\/produits\/sirup-aus-wildem-majoran\/"]}]},{"@type":"ImageObject","inLanguage":"de","@id":"https:\/\/www.lesdelicesdeprovence.ch\/de\/produits\/sirup-aus-wildem-majoran\/#primaryimage","url":"https:\/\/www.lesdelicesdeprovence.ch\/wp-content\/uploads\/2022\/09\/IMG_0882-scaled.jpg","contentUrl":"https:\/\/www.lesdelicesdeprovence.ch\/wp-content\/uploads\/2022\/09\/IMG_0882-scaled.jpg","width":2463,"height":2560},{"@type":"BreadcrumbList","@id":"https:\/\/www.lesdelicesdeprovence.ch\/de\/produits\/sirup-aus-wildem-majoran\/#breadcrumb","itemListElement":[{"@type":"ListItem","position":1,"name":"Accoglienza","item":"http:\/\/www.lesdelicesdeprovence.ch\/de\/"},{"@type":"ListItem","position":2,"name":"Shop","item":"http:\/\/www.lesdelicesdeprovence.ch\/de\/geschaeft\/"},{"@type":"ListItem","position":3,"name":"Sirup aus wildem Majoran"}]},{"@type":"WebSite","@id":"https:\/\/www.lesdelicesdeprovence.ch\/de\/#website","url":"https:\/\/www.lesdelicesdeprovence.ch\/de\/","name":"Les D\u00e9lices de Provence","description":"Epicerie fine en ligne","potentialAction":[{"@type":"SearchAction","target":{"@type":"EntryPoint","urlTemplate":"https:\/\/www.lesdelicesdeprovence.ch\/de\/?s={search_term_string}"},"query-input":{"@type":"PropertyValueSpecification","valueRequired":true,"valueName":"search_term_string"}}],"inLanguage":"de"}]}},"_links":{"self":[{"href":"https:\/\/www.lesdelicesdeprovence.ch\/de\/wp-json\/wp\/v2\/product\/7632","targetHints":{"allow":["GET"]}}],"collection":[{"href":"https:\/\/www.lesdelicesdeprovence.ch\/de\/wp-json\/wp\/v2\/product"}],"about":[{"href":"https:\/\/www.lesdelicesdeprovence.ch\/de\/wp-json\/wp\/v2\/types\/product"}],"version-history":[{"count":3,"href":"https:\/\/www.lesdelicesdeprovence.ch\/de\/wp-json\/wp\/v2\/product\/7632\/revisions"}],"predecessor-version":[{"id":8153,"href":"https:\/\/www.lesdelicesdeprovence.ch\/de\/wp-json\/wp\/v2\/product\/7632\/revisions\/8153"}],"wp:featuredmedia":[{"embeddable":true,"href":"https:\/\/www.lesdelicesdeprovence.ch\/de\/wp-json\/wp\/v2\/media\/7623"}],"wp:attachment":[{"href":"https:\/\/www.lesdelicesdeprovence.ch\/de\/wp-json\/wp\/v2\/media?parent=7632"}],"wp:term":[{"taxonomy":"product_cat","embeddable":true,"href":"https:\/\/www.lesdelicesdeprovence.ch\/de\/wp-json\/wp\/v2\/product_cat?post=7632"},{"taxonomy":"product_tag","embeddable":true,"href":"https:\/\/www.lesdelicesdeprovence.ch\/de\/wp-json\/wp\/v2\/product_tag?post=7632"}],"curies":[{"name":"wp","href":"https:\/\/api.w.org\/{rel}","templated":true}]}}