{"id":7646,"date":"2022-09-09T16:11:33","date_gmt":"2022-09-09T16:11:33","guid":{"rendered":"https:\/\/www.aromeprod2.com\/?post_type=product&#038;p=7646"},"modified":"2024-02-16T11:27:28","modified_gmt":"2024-02-16T11:27:28","slug":"sirup-aus-echtem-lavendel","status":"publish","type":"product","link":"https:\/\/www.lesdelicesdeprovence.ch\/de\/produits\/sirup-aus-echtem-lavendel\/","title":{"rendered":"Sirup aus echtem Lavendel"},"content":{"rendered":"<p>Dieser Sirup wird von einem jungen Paar in der N\u00e4he des kleinen Dorfes Lourmarin hergestellt, das von einer Leidenschaft f\u00fcr die Natur und dem Wunsch, diese zu entdecken, gepackt wurde. Ihre Sirupe sind zu 100 % rein und nat\u00fcrlich, stammen gr\u00f6\u00dftenteils aus wilden Zutaten und werden nach pharmazeutischen Standards handgefertigt.<\/p>\n<p><strong>Lavendel wurde schon von den R\u00f6mern wegen seines zarten Duftes verwendet und war schon im Mittelalter f\u00fcr seine desinfizierenden Eigenschaften bekannt:<\/strong><\/p>\n<p><em>&#8211; Beruhigende Eigenschaften (Angstzust\u00e4nde, f\u00f6rdert das Einschlafen).<\/em><\/p>\n<p><em>&#8211; Krampfl\u00f6send (Husten, Grippe, Atemwege).<\/em><\/p>\n<p><em>&#8211; Lindert Kopfschmerzen und Schwindel.<\/em><\/p>\n<p><em>&#8211; F\u00f6rdert die Verdauung.<\/em><\/p>\n<p>Sehr erfrischend und wohlschmeckend Einfach in Wasser mit Eisw\u00fcrfeln verd\u00fcnnt k\u00f6nnen Sie sie auch als Topping f\u00fcr Desserts, Pfannkuchen, Joghurt oder Quark verwenden.<\/p>\n<p><strong>Zutaten: Wilder Lavendel, Bio-Rohrzucker, Zitronensaft, Quellwasser.<\/strong><\/p>\n<p><strong>Inhalt: 25cl<\/strong><\/p>\n<p>&nbsp;<\/p>\n","protected":false},"excerpt":{"rendered":"<p>Hier ist ein Sirup mit einem unvergleichlichen Duft, der aus den Bl\u00fcten des wilden Lavendels zubereitet wird, der im Luberon geerntet wurde.<\/p>\n","protected":false},"featured_media":10884,"template":"","meta":[],"product_cat":[238],"product_tag":[],"class_list":{"0":"post-7646","1":"product","2":"type-product","3":"status-publish","4":"has-post-thumbnail","6":"product_cat-natuerliche-sirupe","8":"first","9":"instock","10":"taxable","11":"shipping-taxable","12":"purchasable","13":"product-type-simple"},"yoast_head":"<!-- This site is optimized with the Yoast SEO plugin v27.2 - https:\/\/yoast.com\/product\/yoast-seo-wordpress\/ -->\n<title>Sirup aus echtem Lavendel<\/title>\n<meta name=\"description\" content=\"Hier ist ein Sirup mit einem unvergleichlichen Duft, der aus den Bl\u00fcten des wilden Lavendels zubereitet wird, der im Luberon geerntet wurde.\" \/>\n<meta name=\"robots\" content=\"index, follow, max-snippet:-1, max-image-preview:large, max-video-preview:-1\" \/>\n<link rel=\"canonical\" href=\"https:\/\/www.lesdelicesdeprovence.ch\/de\/produits\/sirup-aus-echtem-lavendel\/\" \/>\n<meta property=\"og:locale\" content=\"de_DE\" \/>\n<meta property=\"og:type\" content=\"article\" \/>\n<meta property=\"og:title\" content=\"Sirup aus echtem Lavendel\" \/>\n<meta property=\"og:description\" content=\"Hier ist ein Sirup mit einem unvergleichlichen Duft, der aus den Bl\u00fcten des wilden Lavendels zubereitet wird, der im Luberon geerntet wurde.\" \/>\n<meta property=\"og:url\" content=\"https:\/\/www.lesdelicesdeprovence.ch\/de\/produits\/sirup-aus-echtem-lavendel\/\" \/>\n<meta property=\"og:site_name\" content=\"Les D\u00e9lices de Provence\" \/>\n<meta property=\"article:modified_time\" content=\"2024-02-16T11:27:28+00:00\" \/>\n<meta property=\"og:image\" content=\"https:\/\/www.lesdelicesdeprovence.ch\/wp-content\/uploads\/2022\/09\/IMG_0877-scaled.jpg\" \/>\n\t<meta property=\"og:image:width\" content=\"2350\" \/>\n\t<meta property=\"og:image:height\" content=\"2560\" \/>\n\t<meta property=\"og:image:type\" content=\"image\/jpeg\" \/>\n<meta name=\"twitter:card\" content=\"summary_large_image\" \/>\n<meta name=\"twitter:label1\" content=\"Gesch\u00e4tzte Lesezeit\" \/>\n\t<meta name=\"twitter:data1\" content=\"1\u00a0Minute\" \/>\n<script type=\"application\/ld+json\" class=\"yoast-schema-graph\">{\"@context\":\"https:\/\/schema.org\",\"@graph\":[{\"@type\":\"WebPage\",\"@id\":\"https:\/\/www.lesdelicesdeprovence.ch\/de\/produits\/sirup-aus-echtem-lavendel\/\",\"url\":\"https:\/\/www.lesdelicesdeprovence.ch\/de\/produits\/sirup-aus-echtem-lavendel\/\",\"name\":\"Sirup aus echtem Lavendel\",\"isPartOf\":{\"@id\":\"https:\/\/www.lesdelicesdeprovence.ch\/de\/#website\"},\"primaryImageOfPage\":{\"@id\":\"https:\/\/www.lesdelicesdeprovence.ch\/de\/produits\/sirup-aus-echtem-lavendel\/#primaryimage\"},\"image\":{\"@id\":\"https:\/\/www.lesdelicesdeprovence.ch\/de\/produits\/sirup-aus-echtem-lavendel\/#primaryimage\"},\"thumbnailUrl\":\"https:\/\/www.lesdelicesdeprovence.ch\/wp-content\/uploads\/2022\/09\/IMG_0877-scaled.jpg\",\"datePublished\":\"2022-09-09T16:11:33+00:00\",\"dateModified\":\"2024-02-16T11:27:28+00:00\",\"description\":\"Hier ist ein Sirup mit einem unvergleichlichen Duft, der aus den Bl\u00fcten des wilden Lavendels zubereitet wird, der im Luberon geerntet wurde.\",\"breadcrumb\":{\"@id\":\"https:\/\/www.lesdelicesdeprovence.ch\/de\/produits\/sirup-aus-echtem-lavendel\/#breadcrumb\"},\"inLanguage\":\"de\",\"potentialAction\":[{\"@type\":\"ReadAction\",\"target\":[\"https:\/\/www.lesdelicesdeprovence.ch\/de\/produits\/sirup-aus-echtem-lavendel\/\"]}]},{\"@type\":\"ImageObject\",\"inLanguage\":\"de\",\"@id\":\"https:\/\/www.lesdelicesdeprovence.ch\/de\/produits\/sirup-aus-echtem-lavendel\/#primaryimage\",\"url\":\"https:\/\/www.lesdelicesdeprovence.ch\/wp-content\/uploads\/2022\/09\/IMG_0877-scaled.jpg\",\"contentUrl\":\"https:\/\/www.lesdelicesdeprovence.ch\/wp-content\/uploads\/2022\/09\/IMG_0877-scaled.jpg\",\"width\":2350,\"height\":2560},{\"@type\":\"BreadcrumbList\",\"@id\":\"https:\/\/www.lesdelicesdeprovence.ch\/de\/produits\/sirup-aus-echtem-lavendel\/#breadcrumb\",\"itemListElement\":[{\"@type\":\"ListItem\",\"position\":1,\"name\":\"Accoglienza\",\"item\":\"https:\/\/www.lesdelicesdeprovence.ch\/de\/\"},{\"@type\":\"ListItem\",\"position\":2,\"name\":\"Shop\",\"item\":\"https:\/\/www.lesdelicesdeprovence.ch\/de\/geschaeft\/\"},{\"@type\":\"ListItem\",\"position\":3,\"name\":\"Sirup aus echtem Lavendel\"}]},{\"@type\":\"WebSite\",\"@id\":\"https:\/\/www.lesdelicesdeprovence.ch\/de\/#website\",\"url\":\"https:\/\/www.lesdelicesdeprovence.ch\/de\/\",\"name\":\"Les D\u00e9lices de Provence\",\"description\":\"Epicerie fine en ligne\",\"potentialAction\":[{\"@type\":\"SearchAction\",\"target\":{\"@type\":\"EntryPoint\",\"urlTemplate\":\"https:\/\/www.lesdelicesdeprovence.ch\/de\/?s={search_term_string}\"},\"query-input\":{\"@type\":\"PropertyValueSpecification\",\"valueRequired\":true,\"valueName\":\"search_term_string\"}}],\"inLanguage\":\"de\"}]}<\/script>\n<!-- \/ Yoast SEO plugin. -->","yoast_head_json":{"title":"Sirup aus echtem Lavendel","description":"Hier ist ein Sirup mit einem unvergleichlichen Duft, der aus den Bl\u00fcten des wilden Lavendels zubereitet wird, der im Luberon geerntet wurde.","robots":{"index":"index","follow":"follow","max-snippet":"max-snippet:-1","max-image-preview":"max-image-preview:large","max-video-preview":"max-video-preview:-1"},"canonical":"https:\/\/www.lesdelicesdeprovence.ch\/de\/produits\/sirup-aus-echtem-lavendel\/","og_locale":"de_DE","og_type":"article","og_title":"Sirup aus echtem Lavendel","og_description":"Hier ist ein Sirup mit einem unvergleichlichen Duft, der aus den Bl\u00fcten des wilden Lavendels zubereitet wird, der im Luberon geerntet wurde.","og_url":"https:\/\/www.lesdelicesdeprovence.ch\/de\/produits\/sirup-aus-echtem-lavendel\/","og_site_name":"Les D\u00e9lices de Provence","article_modified_time":"2024-02-16T11:27:28+00:00","og_image":[{"width":2350,"height":2560,"url":"https:\/\/www.lesdelicesdeprovence.ch\/wp-content\/uploads\/2022\/09\/IMG_0877-scaled.jpg","type":"image\/jpeg"}],"twitter_card":"summary_large_image","twitter_misc":{"Gesch\u00e4tzte Lesezeit":"1\u00a0Minute"},"schema":{"@context":"https:\/\/schema.org","@graph":[{"@type":"WebPage","@id":"https:\/\/www.lesdelicesdeprovence.ch\/de\/produits\/sirup-aus-echtem-lavendel\/","url":"https:\/\/www.lesdelicesdeprovence.ch\/de\/produits\/sirup-aus-echtem-lavendel\/","name":"Sirup aus echtem Lavendel","isPartOf":{"@id":"https:\/\/www.lesdelicesdeprovence.ch\/de\/#website"},"primaryImageOfPage":{"@id":"https:\/\/www.lesdelicesdeprovence.ch\/de\/produits\/sirup-aus-echtem-lavendel\/#primaryimage"},"image":{"@id":"https:\/\/www.lesdelicesdeprovence.ch\/de\/produits\/sirup-aus-echtem-lavendel\/#primaryimage"},"thumbnailUrl":"https:\/\/www.lesdelicesdeprovence.ch\/wp-content\/uploads\/2022\/09\/IMG_0877-scaled.jpg","datePublished":"2022-09-09T16:11:33+00:00","dateModified":"2024-02-16T11:27:28+00:00","description":"Hier ist ein Sirup mit einem unvergleichlichen Duft, der aus den Bl\u00fcten des wilden Lavendels zubereitet wird, der im Luberon geerntet wurde.","breadcrumb":{"@id":"https:\/\/www.lesdelicesdeprovence.ch\/de\/produits\/sirup-aus-echtem-lavendel\/#breadcrumb"},"inLanguage":"de","potentialAction":[{"@type":"ReadAction","target":["https:\/\/www.lesdelicesdeprovence.ch\/de\/produits\/sirup-aus-echtem-lavendel\/"]}]},{"@type":"ImageObject","inLanguage":"de","@id":"https:\/\/www.lesdelicesdeprovence.ch\/de\/produits\/sirup-aus-echtem-lavendel\/#primaryimage","url":"https:\/\/www.lesdelicesdeprovence.ch\/wp-content\/uploads\/2022\/09\/IMG_0877-scaled.jpg","contentUrl":"https:\/\/www.lesdelicesdeprovence.ch\/wp-content\/uploads\/2022\/09\/IMG_0877-scaled.jpg","width":2350,"height":2560},{"@type":"BreadcrumbList","@id":"https:\/\/www.lesdelicesdeprovence.ch\/de\/produits\/sirup-aus-echtem-lavendel\/#breadcrumb","itemListElement":[{"@type":"ListItem","position":1,"name":"Accoglienza","item":"https:\/\/www.lesdelicesdeprovence.ch\/de\/"},{"@type":"ListItem","position":2,"name":"Shop","item":"https:\/\/www.lesdelicesdeprovence.ch\/de\/geschaeft\/"},{"@type":"ListItem","position":3,"name":"Sirup aus echtem Lavendel"}]},{"@type":"WebSite","@id":"https:\/\/www.lesdelicesdeprovence.ch\/de\/#website","url":"https:\/\/www.lesdelicesdeprovence.ch\/de\/","name":"Les D\u00e9lices de Provence","description":"Epicerie fine en ligne","potentialAction":[{"@type":"SearchAction","target":{"@type":"EntryPoint","urlTemplate":"https:\/\/www.lesdelicesdeprovence.ch\/de\/?s={search_term_string}"},"query-input":{"@type":"PropertyValueSpecification","valueRequired":true,"valueName":"search_term_string"}}],"inLanguage":"de"}]}},"_links":{"self":[{"href":"https:\/\/www.lesdelicesdeprovence.ch\/de\/wp-json\/wp\/v2\/product\/7646","targetHints":{"allow":["GET"]}}],"collection":[{"href":"https:\/\/www.lesdelicesdeprovence.ch\/de\/wp-json\/wp\/v2\/product"}],"about":[{"href":"https:\/\/www.lesdelicesdeprovence.ch\/de\/wp-json\/wp\/v2\/types\/product"}],"version-history":[{"count":3,"href":"https:\/\/www.lesdelicesdeprovence.ch\/de\/wp-json\/wp\/v2\/product\/7646\/revisions"}],"predecessor-version":[{"id":8165,"href":"https:\/\/www.lesdelicesdeprovence.ch\/de\/wp-json\/wp\/v2\/product\/7646\/revisions\/8165"}],"wp:featuredmedia":[{"embeddable":true,"href":"https:\/\/www.lesdelicesdeprovence.ch\/de\/wp-json\/wp\/v2\/media\/10884"}],"wp:attachment":[{"href":"https:\/\/www.lesdelicesdeprovence.ch\/de\/wp-json\/wp\/v2\/media?parent=7646"}],"wp:term":[{"taxonomy":"product_cat","embeddable":true,"href":"https:\/\/www.lesdelicesdeprovence.ch\/de\/wp-json\/wp\/v2\/product_cat?post=7646"},{"taxonomy":"product_tag","embeddable":true,"href":"https:\/\/www.lesdelicesdeprovence.ch\/de\/wp-json\/wp\/v2\/product_tag?post=7646"}],"curies":[{"name":"wp","href":"https:\/\/api.w.org\/{rel}","templated":true}]}}