{"id":7681,"date":"2022-09-12T15:33:53","date_gmt":"2022-09-12T15:33:53","guid":{"rendered":"https:\/\/www.aromeprod2.com\/?post_type=product&#038;p=7681"},"modified":"2023-11-06T15:27:46","modified_gmt":"2023-11-06T15:27:46","slug":"salz-aus-der-camargue-mit-frischem-basilikum","status":"publish","type":"product","link":"https:\/\/www.lesdelicesdeprovence.ch\/de\/produits\/salz-aus-der-camargue-mit-frischem-basilikum\/","title":{"rendered":"Salz aus der Camargue mit frischem Basilikum"},"content":{"rendered":"<p>Dieses Salz stammt aus einer Saline in der Camargue, die f\u00fcr die optimale Qualit\u00e4t ihrer Produktion bekannt ist. Es wird dann von dem Handwerker selbst mit frischem Basilikum aus seinen Obstg\u00e4rten in Lourmarin am Fu\u00dfe des Luberon verfeinert.<\/p>\n<p>Ein typisch provenzalisches Produkt, mit dem Sie Ihre mediterranen oder anderen Gerichte wunderbar verfeinern k\u00f6nnen! Verwenden Sie es sparsam!<\/p>\n<p><strong>Zutaten: Salz aus der Camargue AOP, Ocimum basilicum.<\/strong><\/p>\n<p><strong>Inhalt: 80g<\/strong><\/p>\n<p>&nbsp;<\/p>\n","protected":false},"excerpt":{"rendered":"<p>Ein Salz, das direkt aus den sch\u00f6nen Salinen der Camargue stammt, mit frischem Basilikum, das vom Erzeuger geerntet wird.<\/p>\n<p>Zum Verfeinern von Pasta, Kochwasser, Salaten, Suppen und anderen Ratatouilles.<\/p>\n","protected":false},"featured_media":8383,"template":"","meta":[],"product_cat":[230],"product_tag":[],"class_list":{"0":"post-7681","1":"product","2":"type-product","3":"status-publish","4":"has-post-thumbnail","6":"product_cat-aromatische-kraeuter-und-gewuerze","8":"first","9":"outofstock","10":"taxable","11":"shipping-taxable","12":"purchasable","13":"product-type-simple"},"yoast_head":"<!-- This site is optimized with the Yoast SEO plugin v27.2 - https:\/\/yoast.com\/product\/yoast-seo-wordpress\/ -->\n<title>Salz aus der Camargue mit frischem Basilikum<\/title>\n<meta name=\"description\" content=\"Ein Salz, das direkt aus den sch\u00f6nen Salinen der Camargue stammt, mit frischem Basilikum, das vom Erzeuger geerntet wird.\" \/>\n<meta name=\"robots\" content=\"index, follow, max-snippet:-1, max-image-preview:large, max-video-preview:-1\" \/>\n<link rel=\"canonical\" href=\"https:\/\/www.lesdelicesdeprovence.ch\/de\/produits\/salz-aus-der-camargue-mit-frischem-basilikum\/\" \/>\n<meta property=\"og:locale\" content=\"de_DE\" \/>\n<meta property=\"og:type\" content=\"article\" \/>\n<meta property=\"og:title\" content=\"Salz aus der Camargue mit frischem Basilikum\" \/>\n<meta property=\"og:description\" content=\"Ein Salz, das direkt aus den sch\u00f6nen Salinen der Camargue stammt, mit frischem Basilikum, das vom Erzeuger geerntet wird.\" \/>\n<meta property=\"og:url\" content=\"https:\/\/www.lesdelicesdeprovence.ch\/de\/produits\/salz-aus-der-camargue-mit-frischem-basilikum\/\" \/>\n<meta property=\"og:site_name\" content=\"Les D\u00e9lices de Provence\" \/>\n<meta property=\"article:modified_time\" content=\"2023-11-06T15:27:46+00:00\" \/>\n<meta property=\"og:image\" content=\"http:\/\/www.lesdelicesdeprovence.ch\/wp-content\/uploads\/2022\/09\/See-au-basilic.jpg\" \/>\n\t<meta property=\"og:image:width\" content=\"2238\" \/>\n\t<meta property=\"og:image:height\" content=\"1842\" \/>\n\t<meta property=\"og:image:type\" content=\"image\/jpeg\" \/>\n<meta name=\"twitter:card\" content=\"summary_large_image\" \/>\n<meta name=\"twitter:label1\" content=\"Gesch\u00e4tzte Lesezeit\" \/>\n\t<meta name=\"twitter:data1\" content=\"1\u00a0Minute\" \/>\n<script type=\"application\/ld+json\" class=\"yoast-schema-graph\">{\"@context\":\"https:\/\/schema.org\",\"@graph\":[{\"@type\":\"WebPage\",\"@id\":\"https:\/\/www.lesdelicesdeprovence.ch\/de\/produits\/salz-aus-der-camargue-mit-frischem-basilikum\/\",\"url\":\"https:\/\/www.lesdelicesdeprovence.ch\/de\/produits\/salz-aus-der-camargue-mit-frischem-basilikum\/\",\"name\":\"Salz aus der Camargue mit frischem Basilikum\",\"isPartOf\":{\"@id\":\"https:\/\/www.lesdelicesdeprovence.ch\/de\/#website\"},\"primaryImageOfPage\":{\"@id\":\"https:\/\/www.lesdelicesdeprovence.ch\/de\/produits\/salz-aus-der-camargue-mit-frischem-basilikum\/#primaryimage\"},\"image\":{\"@id\":\"https:\/\/www.lesdelicesdeprovence.ch\/de\/produits\/salz-aus-der-camargue-mit-frischem-basilikum\/#primaryimage\"},\"thumbnailUrl\":\"https:\/\/www.lesdelicesdeprovence.ch\/wp-content\/uploads\/2022\/09\/See-au-basilic.jpg\",\"datePublished\":\"2022-09-12T15:33:53+00:00\",\"dateModified\":\"2023-11-06T15:27:46+00:00\",\"description\":\"Ein Salz, das direkt aus den sch\u00f6nen Salinen der Camargue stammt, mit frischem Basilikum, das vom Erzeuger geerntet wird.\",\"breadcrumb\":{\"@id\":\"https:\/\/www.lesdelicesdeprovence.ch\/de\/produits\/salz-aus-der-camargue-mit-frischem-basilikum\/#breadcrumb\"},\"inLanguage\":\"de\",\"potentialAction\":[{\"@type\":\"ReadAction\",\"target\":[\"https:\/\/www.lesdelicesdeprovence.ch\/de\/produits\/salz-aus-der-camargue-mit-frischem-basilikum\/\"]}]},{\"@type\":\"ImageObject\",\"inLanguage\":\"de\",\"@id\":\"https:\/\/www.lesdelicesdeprovence.ch\/de\/produits\/salz-aus-der-camargue-mit-frischem-basilikum\/#primaryimage\",\"url\":\"https:\/\/www.lesdelicesdeprovence.ch\/wp-content\/uploads\/2022\/09\/See-au-basilic.jpg\",\"contentUrl\":\"https:\/\/www.lesdelicesdeprovence.ch\/wp-content\/uploads\/2022\/09\/See-au-basilic.jpg\",\"width\":2238,\"height\":1842},{\"@type\":\"BreadcrumbList\",\"@id\":\"https:\/\/www.lesdelicesdeprovence.ch\/de\/produits\/salz-aus-der-camargue-mit-frischem-basilikum\/#breadcrumb\",\"itemListElement\":[{\"@type\":\"ListItem\",\"position\":1,\"name\":\"Accoglienza\",\"item\":\"https:\/\/www.lesdelicesdeprovence.ch\/de\/\"},{\"@type\":\"ListItem\",\"position\":2,\"name\":\"Shop\",\"item\":\"https:\/\/www.lesdelicesdeprovence.ch\/de\/geschaeft\/\"},{\"@type\":\"ListItem\",\"position\":3,\"name\":\"Salz aus der Camargue mit frischem Basilikum\"}]},{\"@type\":\"WebSite\",\"@id\":\"https:\/\/www.lesdelicesdeprovence.ch\/de\/#website\",\"url\":\"https:\/\/www.lesdelicesdeprovence.ch\/de\/\",\"name\":\"Les D\u00e9lices de Provence\",\"description\":\"Epicerie fine en ligne\",\"potentialAction\":[{\"@type\":\"SearchAction\",\"target\":{\"@type\":\"EntryPoint\",\"urlTemplate\":\"https:\/\/www.lesdelicesdeprovence.ch\/de\/?s={search_term_string}\"},\"query-input\":{\"@type\":\"PropertyValueSpecification\",\"valueRequired\":true,\"valueName\":\"search_term_string\"}}],\"inLanguage\":\"de\"}]}<\/script>\n<!-- \/ Yoast SEO plugin. -->","yoast_head_json":{"title":"Salz aus der Camargue mit frischem Basilikum","description":"Ein Salz, das direkt aus den sch\u00f6nen Salinen der Camargue stammt, mit frischem Basilikum, das vom Erzeuger geerntet wird.","robots":{"index":"index","follow":"follow","max-snippet":"max-snippet:-1","max-image-preview":"max-image-preview:large","max-video-preview":"max-video-preview:-1"},"canonical":"https:\/\/www.lesdelicesdeprovence.ch\/de\/produits\/salz-aus-der-camargue-mit-frischem-basilikum\/","og_locale":"de_DE","og_type":"article","og_title":"Salz aus der Camargue mit frischem Basilikum","og_description":"Ein Salz, das direkt aus den sch\u00f6nen Salinen der Camargue stammt, mit frischem Basilikum, das vom Erzeuger geerntet wird.","og_url":"https:\/\/www.lesdelicesdeprovence.ch\/de\/produits\/salz-aus-der-camargue-mit-frischem-basilikum\/","og_site_name":"Les D\u00e9lices de Provence","article_modified_time":"2023-11-06T15:27:46+00:00","og_image":[{"width":2238,"height":1842,"url":"http:\/\/www.lesdelicesdeprovence.ch\/wp-content\/uploads\/2022\/09\/See-au-basilic.jpg","type":"image\/jpeg"}],"twitter_card":"summary_large_image","twitter_misc":{"Gesch\u00e4tzte Lesezeit":"1\u00a0Minute"},"schema":{"@context":"https:\/\/schema.org","@graph":[{"@type":"WebPage","@id":"https:\/\/www.lesdelicesdeprovence.ch\/de\/produits\/salz-aus-der-camargue-mit-frischem-basilikum\/","url":"https:\/\/www.lesdelicesdeprovence.ch\/de\/produits\/salz-aus-der-camargue-mit-frischem-basilikum\/","name":"Salz aus der Camargue mit frischem Basilikum","isPartOf":{"@id":"https:\/\/www.lesdelicesdeprovence.ch\/de\/#website"},"primaryImageOfPage":{"@id":"https:\/\/www.lesdelicesdeprovence.ch\/de\/produits\/salz-aus-der-camargue-mit-frischem-basilikum\/#primaryimage"},"image":{"@id":"https:\/\/www.lesdelicesdeprovence.ch\/de\/produits\/salz-aus-der-camargue-mit-frischem-basilikum\/#primaryimage"},"thumbnailUrl":"https:\/\/www.lesdelicesdeprovence.ch\/wp-content\/uploads\/2022\/09\/See-au-basilic.jpg","datePublished":"2022-09-12T15:33:53+00:00","dateModified":"2023-11-06T15:27:46+00:00","description":"Ein Salz, das direkt aus den sch\u00f6nen Salinen der Camargue stammt, mit frischem Basilikum, das vom Erzeuger geerntet wird.","breadcrumb":{"@id":"https:\/\/www.lesdelicesdeprovence.ch\/de\/produits\/salz-aus-der-camargue-mit-frischem-basilikum\/#breadcrumb"},"inLanguage":"de","potentialAction":[{"@type":"ReadAction","target":["https:\/\/www.lesdelicesdeprovence.ch\/de\/produits\/salz-aus-der-camargue-mit-frischem-basilikum\/"]}]},{"@type":"ImageObject","inLanguage":"de","@id":"https:\/\/www.lesdelicesdeprovence.ch\/de\/produits\/salz-aus-der-camargue-mit-frischem-basilikum\/#primaryimage","url":"https:\/\/www.lesdelicesdeprovence.ch\/wp-content\/uploads\/2022\/09\/See-au-basilic.jpg","contentUrl":"https:\/\/www.lesdelicesdeprovence.ch\/wp-content\/uploads\/2022\/09\/See-au-basilic.jpg","width":2238,"height":1842},{"@type":"BreadcrumbList","@id":"https:\/\/www.lesdelicesdeprovence.ch\/de\/produits\/salz-aus-der-camargue-mit-frischem-basilikum\/#breadcrumb","itemListElement":[{"@type":"ListItem","position":1,"name":"Accoglienza","item":"https:\/\/www.lesdelicesdeprovence.ch\/de\/"},{"@type":"ListItem","position":2,"name":"Shop","item":"https:\/\/www.lesdelicesdeprovence.ch\/de\/geschaeft\/"},{"@type":"ListItem","position":3,"name":"Salz aus der Camargue mit frischem Basilikum"}]},{"@type":"WebSite","@id":"https:\/\/www.lesdelicesdeprovence.ch\/de\/#website","url":"https:\/\/www.lesdelicesdeprovence.ch\/de\/","name":"Les D\u00e9lices de Provence","description":"Epicerie fine en ligne","potentialAction":[{"@type":"SearchAction","target":{"@type":"EntryPoint","urlTemplate":"https:\/\/www.lesdelicesdeprovence.ch\/de\/?s={search_term_string}"},"query-input":{"@type":"PropertyValueSpecification","valueRequired":true,"valueName":"search_term_string"}}],"inLanguage":"de"}]}},"_links":{"self":[{"href":"https:\/\/www.lesdelicesdeprovence.ch\/de\/wp-json\/wp\/v2\/product\/7681","targetHints":{"allow":["GET"]}}],"collection":[{"href":"https:\/\/www.lesdelicesdeprovence.ch\/de\/wp-json\/wp\/v2\/product"}],"about":[{"href":"https:\/\/www.lesdelicesdeprovence.ch\/de\/wp-json\/wp\/v2\/types\/product"}],"version-history":[{"count":2,"href":"https:\/\/www.lesdelicesdeprovence.ch\/de\/wp-json\/wp\/v2\/product\/7681\/revisions"}],"predecessor-version":[{"id":8186,"href":"https:\/\/www.lesdelicesdeprovence.ch\/de\/wp-json\/wp\/v2\/product\/7681\/revisions\/8186"}],"wp:featuredmedia":[{"embeddable":true,"href":"https:\/\/www.lesdelicesdeprovence.ch\/de\/wp-json\/wp\/v2\/media\/8383"}],"wp:attachment":[{"href":"https:\/\/www.lesdelicesdeprovence.ch\/de\/wp-json\/wp\/v2\/media?parent=7681"}],"wp:term":[{"taxonomy":"product_cat","embeddable":true,"href":"https:\/\/www.lesdelicesdeprovence.ch\/de\/wp-json\/wp\/v2\/product_cat?post=7681"},{"taxonomy":"product_tag","embeddable":true,"href":"https:\/\/www.lesdelicesdeprovence.ch\/de\/wp-json\/wp\/v2\/product_tag?post=7681"}],"curies":[{"name":"wp","href":"https:\/\/api.w.org\/{rel}","templated":true}]}}