{"id":7695,"date":"2022-09-13T15:41:31","date_gmt":"2022-09-13T15:41:31","guid":{"rendered":"https:\/\/www.aromeprod2.com\/?post_type=product&#038;p=7695"},"modified":"2023-11-06T15:26:48","modified_gmt":"2023-11-06T15:26:48","slug":"salz-aus-der-provence","status":"publish","type":"product","link":"https:\/\/www.lesdelicesdeprovence.ch\/de\/produits\/salz-aus-der-provence\/","title":{"rendered":"Salz aus der Provence"},"content":{"rendered":"<p>Da wir stets auf die Qualit\u00e4t der Zutaten achten, aus denen jedes unserer Produkte besteht, haben wir uns f\u00fcr die Zusammenarbeit mit diesem kleinen Produzenten aus dem Vaucluse entschieden, der sein Salz direkt aus den ber\u00fchmten Salzg\u00e4rten der Camargue bezieht.<\/p>\n<p>Anschlie\u00dfend f\u00fcgt er Thymian, Rosmarin, Bohnenkraut und Oregano hinzu, die er alle selbst inmitten der provenzalischen Natur gepfl\u00fcckt hat. Da diese Kr\u00e4uter nicht bew\u00e4ssert werden, erhalten sie kr\u00e4ftige Tannine, die man in industriell hergestellten Produkten nicht findet.<\/p>\n<p>Dieses altmodische Herstellungsverfahren garantiert einen authentischen und nat\u00fcrlichen Geschmack dieses Salzes aus der Provence, das Sie einer Vielzahl von Gerichten beif\u00fcgen k\u00f6nnen. Insbesondere Fleisch, Nudeln, Tomatensaucen oder auch Kochwasser. Zweifellos ein Produkt, das Sie in Ihrem Regal haben sollten!<\/p>\n<p><strong>Zutaten: Salz aus der Camargue, Thymian, Rosmarin, Bohnenkraut, Oregano.<\/strong><\/p>\n<p><strong>Inhalt: 80 g<\/strong><\/p>\n<p>&nbsp;<\/p>\n","protected":false},"excerpt":{"rendered":"<p>Ideal, um Ihren Rezepten und Grillgerichten eine Prise provenzalischen Geschmack zu verleihen.<\/p>\n<p>Hochwertiges Salz aus der Camargue AOP in Kombination mit einer Mischung aus wilden Kr\u00e4utern der Provence.<\/p>\n<p>Einfach und wirksam!<\/p>\n","protected":false},"featured_media":8382,"template":"","meta":[],"product_cat":[230],"product_tag":[],"class_list":{"0":"post-7695","1":"product","2":"type-product","3":"status-publish","4":"has-post-thumbnail","6":"product_cat-aromatische-kraeuter-und-gewuerze","8":"first","9":"outofstock","10":"taxable","11":"shipping-taxable","12":"purchasable","13":"product-type-simple"},"yoast_head":"<!-- This site is optimized with the Yoast SEO plugin v27.2 - https:\/\/yoast.com\/product\/yoast-seo-wordpress\/ -->\n<title>Salz aus der Provence<\/title>\n<meta name=\"description\" content=\"Hochwertiges Salz aus der Camargue AOP in Verbindung mit einer Mischung aus wilden Kr\u00e4utern der Provence.\" \/>\n<meta name=\"robots\" content=\"index, follow, max-snippet:-1, max-image-preview:large, max-video-preview:-1\" \/>\n<link rel=\"canonical\" href=\"https:\/\/www.lesdelicesdeprovence.ch\/de\/produits\/salz-aus-der-provence\/\" \/>\n<meta property=\"og:locale\" content=\"de_DE\" \/>\n<meta property=\"og:type\" content=\"article\" \/>\n<meta property=\"og:title\" content=\"Salz aus der Provence\" \/>\n<meta property=\"og:description\" content=\"Hochwertiges Salz aus der Camargue AOP in Verbindung mit einer Mischung aus wilden Kr\u00e4utern der Provence.\" \/>\n<meta property=\"og:url\" content=\"https:\/\/www.lesdelicesdeprovence.ch\/de\/produits\/salz-aus-der-provence\/\" \/>\n<meta property=\"og:site_name\" content=\"Les D\u00e9lices de Provence\" \/>\n<meta property=\"article:modified_time\" content=\"2023-11-06T15:26:48+00:00\" \/>\n<meta property=\"og:image\" content=\"https:\/\/www.lesdelicesdeprovence.ch\/wp-content\/uploads\/2022\/09\/Sel-de-Provence2-1.jpg\" \/>\n\t<meta property=\"og:image:width\" content=\"1752\" \/>\n\t<meta property=\"og:image:height\" content=\"1417\" \/>\n\t<meta property=\"og:image:type\" content=\"image\/jpeg\" \/>\n<meta name=\"twitter:card\" content=\"summary_large_image\" \/>\n<meta name=\"twitter:label1\" content=\"Gesch\u00e4tzte Lesezeit\" \/>\n\t<meta name=\"twitter:data1\" content=\"1\u00a0Minute\" \/>\n<script type=\"application\/ld+json\" class=\"yoast-schema-graph\">{\"@context\":\"https:\/\/schema.org\",\"@graph\":[{\"@type\":\"WebPage\",\"@id\":\"https:\/\/www.lesdelicesdeprovence.ch\/de\/produits\/salz-aus-der-provence\/\",\"url\":\"https:\/\/www.lesdelicesdeprovence.ch\/de\/produits\/salz-aus-der-provence\/\",\"name\":\"Salz aus der Provence\",\"isPartOf\":{\"@id\":\"https:\/\/www.lesdelicesdeprovence.ch\/de\/#website\"},\"primaryImageOfPage\":{\"@id\":\"https:\/\/www.lesdelicesdeprovence.ch\/de\/produits\/salz-aus-der-provence\/#primaryimage\"},\"image\":{\"@id\":\"https:\/\/www.lesdelicesdeprovence.ch\/de\/produits\/salz-aus-der-provence\/#primaryimage\"},\"thumbnailUrl\":\"https:\/\/www.lesdelicesdeprovence.ch\/wp-content\/uploads\/2022\/09\/Sel-de-Provence2-1.jpg\",\"datePublished\":\"2022-09-13T15:41:31+00:00\",\"dateModified\":\"2023-11-06T15:26:48+00:00\",\"description\":\"Hochwertiges Salz aus der Camargue AOP in Verbindung mit einer Mischung aus wilden Kr\u00e4utern der Provence.\",\"breadcrumb\":{\"@id\":\"https:\/\/www.lesdelicesdeprovence.ch\/de\/produits\/salz-aus-der-provence\/#breadcrumb\"},\"inLanguage\":\"de\",\"potentialAction\":[{\"@type\":\"ReadAction\",\"target\":[\"https:\/\/www.lesdelicesdeprovence.ch\/de\/produits\/salz-aus-der-provence\/\"]}]},{\"@type\":\"ImageObject\",\"inLanguage\":\"de\",\"@id\":\"https:\/\/www.lesdelicesdeprovence.ch\/de\/produits\/salz-aus-der-provence\/#primaryimage\",\"url\":\"https:\/\/www.lesdelicesdeprovence.ch\/wp-content\/uploads\/2022\/09\/Sel-de-Provence2-1.jpg\",\"contentUrl\":\"https:\/\/www.lesdelicesdeprovence.ch\/wp-content\/uploads\/2022\/09\/Sel-de-Provence2-1.jpg\",\"width\":1752,\"height\":1417},{\"@type\":\"BreadcrumbList\",\"@id\":\"https:\/\/www.lesdelicesdeprovence.ch\/de\/produits\/salz-aus-der-provence\/#breadcrumb\",\"itemListElement\":[{\"@type\":\"ListItem\",\"position\":1,\"name\":\"Accoglienza\",\"item\":\"https:\/\/www.lesdelicesdeprovence.ch\/de\/\"},{\"@type\":\"ListItem\",\"position\":2,\"name\":\"Shop\",\"item\":\"https:\/\/www.lesdelicesdeprovence.ch\/de\/geschaeft\/\"},{\"@type\":\"ListItem\",\"position\":3,\"name\":\"Salz aus der Provence\"}]},{\"@type\":\"WebSite\",\"@id\":\"https:\/\/www.lesdelicesdeprovence.ch\/de\/#website\",\"url\":\"https:\/\/www.lesdelicesdeprovence.ch\/de\/\",\"name\":\"Les D\u00e9lices de Provence\",\"description\":\"Epicerie fine en ligne\",\"potentialAction\":[{\"@type\":\"SearchAction\",\"target\":{\"@type\":\"EntryPoint\",\"urlTemplate\":\"https:\/\/www.lesdelicesdeprovence.ch\/de\/?s={search_term_string}\"},\"query-input\":{\"@type\":\"PropertyValueSpecification\",\"valueRequired\":true,\"valueName\":\"search_term_string\"}}],\"inLanguage\":\"de\"}]}<\/script>\n<!-- \/ Yoast SEO plugin. -->","yoast_head_json":{"title":"Salz aus der Provence","description":"Hochwertiges Salz aus der Camargue AOP in Verbindung mit einer Mischung aus wilden Kr\u00e4utern der Provence.","robots":{"index":"index","follow":"follow","max-snippet":"max-snippet:-1","max-image-preview":"max-image-preview:large","max-video-preview":"max-video-preview:-1"},"canonical":"https:\/\/www.lesdelicesdeprovence.ch\/de\/produits\/salz-aus-der-provence\/","og_locale":"de_DE","og_type":"article","og_title":"Salz aus der Provence","og_description":"Hochwertiges Salz aus der Camargue AOP in Verbindung mit einer Mischung aus wilden Kr\u00e4utern der Provence.","og_url":"https:\/\/www.lesdelicesdeprovence.ch\/de\/produits\/salz-aus-der-provence\/","og_site_name":"Les D\u00e9lices de Provence","article_modified_time":"2023-11-06T15:26:48+00:00","og_image":[{"width":1752,"height":1417,"url":"https:\/\/www.lesdelicesdeprovence.ch\/wp-content\/uploads\/2022\/09\/Sel-de-Provence2-1.jpg","type":"image\/jpeg"}],"twitter_card":"summary_large_image","twitter_misc":{"Gesch\u00e4tzte Lesezeit":"1\u00a0Minute"},"schema":{"@context":"https:\/\/schema.org","@graph":[{"@type":"WebPage","@id":"https:\/\/www.lesdelicesdeprovence.ch\/de\/produits\/salz-aus-der-provence\/","url":"https:\/\/www.lesdelicesdeprovence.ch\/de\/produits\/salz-aus-der-provence\/","name":"Salz aus der Provence","isPartOf":{"@id":"https:\/\/www.lesdelicesdeprovence.ch\/de\/#website"},"primaryImageOfPage":{"@id":"https:\/\/www.lesdelicesdeprovence.ch\/de\/produits\/salz-aus-der-provence\/#primaryimage"},"image":{"@id":"https:\/\/www.lesdelicesdeprovence.ch\/de\/produits\/salz-aus-der-provence\/#primaryimage"},"thumbnailUrl":"https:\/\/www.lesdelicesdeprovence.ch\/wp-content\/uploads\/2022\/09\/Sel-de-Provence2-1.jpg","datePublished":"2022-09-13T15:41:31+00:00","dateModified":"2023-11-06T15:26:48+00:00","description":"Hochwertiges Salz aus der Camargue AOP in Verbindung mit einer Mischung aus wilden Kr\u00e4utern der Provence.","breadcrumb":{"@id":"https:\/\/www.lesdelicesdeprovence.ch\/de\/produits\/salz-aus-der-provence\/#breadcrumb"},"inLanguage":"de","potentialAction":[{"@type":"ReadAction","target":["https:\/\/www.lesdelicesdeprovence.ch\/de\/produits\/salz-aus-der-provence\/"]}]},{"@type":"ImageObject","inLanguage":"de","@id":"https:\/\/www.lesdelicesdeprovence.ch\/de\/produits\/salz-aus-der-provence\/#primaryimage","url":"https:\/\/www.lesdelicesdeprovence.ch\/wp-content\/uploads\/2022\/09\/Sel-de-Provence2-1.jpg","contentUrl":"https:\/\/www.lesdelicesdeprovence.ch\/wp-content\/uploads\/2022\/09\/Sel-de-Provence2-1.jpg","width":1752,"height":1417},{"@type":"BreadcrumbList","@id":"https:\/\/www.lesdelicesdeprovence.ch\/de\/produits\/salz-aus-der-provence\/#breadcrumb","itemListElement":[{"@type":"ListItem","position":1,"name":"Accoglienza","item":"https:\/\/www.lesdelicesdeprovence.ch\/de\/"},{"@type":"ListItem","position":2,"name":"Shop","item":"https:\/\/www.lesdelicesdeprovence.ch\/de\/geschaeft\/"},{"@type":"ListItem","position":3,"name":"Salz aus der Provence"}]},{"@type":"WebSite","@id":"https:\/\/www.lesdelicesdeprovence.ch\/de\/#website","url":"https:\/\/www.lesdelicesdeprovence.ch\/de\/","name":"Les D\u00e9lices de Provence","description":"Epicerie fine en ligne","potentialAction":[{"@type":"SearchAction","target":{"@type":"EntryPoint","urlTemplate":"https:\/\/www.lesdelicesdeprovence.ch\/de\/?s={search_term_string}"},"query-input":{"@type":"PropertyValueSpecification","valueRequired":true,"valueName":"search_term_string"}}],"inLanguage":"de"}]}},"_links":{"self":[{"href":"https:\/\/www.lesdelicesdeprovence.ch\/de\/wp-json\/wp\/v2\/product\/7695","targetHints":{"allow":["GET"]}}],"collection":[{"href":"https:\/\/www.lesdelicesdeprovence.ch\/de\/wp-json\/wp\/v2\/product"}],"about":[{"href":"https:\/\/www.lesdelicesdeprovence.ch\/de\/wp-json\/wp\/v2\/types\/product"}],"version-history":[{"count":2,"href":"https:\/\/www.lesdelicesdeprovence.ch\/de\/wp-json\/wp\/v2\/product\/7695\/revisions"}],"predecessor-version":[{"id":8189,"href":"https:\/\/www.lesdelicesdeprovence.ch\/de\/wp-json\/wp\/v2\/product\/7695\/revisions\/8189"}],"wp:featuredmedia":[{"embeddable":true,"href":"https:\/\/www.lesdelicesdeprovence.ch\/de\/wp-json\/wp\/v2\/media\/8382"}],"wp:attachment":[{"href":"https:\/\/www.lesdelicesdeprovence.ch\/de\/wp-json\/wp\/v2\/media?parent=7695"}],"wp:term":[{"taxonomy":"product_cat","embeddable":true,"href":"https:\/\/www.lesdelicesdeprovence.ch\/de\/wp-json\/wp\/v2\/product_cat?post=7695"},{"taxonomy":"product_tag","embeddable":true,"href":"https:\/\/www.lesdelicesdeprovence.ch\/de\/wp-json\/wp\/v2\/product_tag?post=7695"}],"curies":[{"name":"wp","href":"https:\/\/api.w.org\/{rel}","templated":true}]}}