{"id":7752,"date":"2022-09-19T15:19:46","date_gmt":"2022-09-19T15:19:46","guid":{"rendered":"https:\/\/www.aromeprod2.com\/?post_type=product&#038;p=7752"},"modified":"2022-10-11T12:21:20","modified_gmt":"2022-10-11T12:21:20","slug":"korb-aus-der-region","status":"publish","type":"product","link":"https:\/\/www.lesdelicesdeprovence.ch\/de\/produits\/korb-aus-der-region\/","title":{"rendered":"Korb aus der Region"},"content":{"rendered":"<p>Ziel dieses Warenkorbs ist es, alles, was den kulinarischen Reichtum der Provence ausmacht, in einem Sortiment zusammenzufassen. 10 sichere Werte, sorgf\u00e4ltig ausgew\u00e4hlt bei den besten Handwerkern, die mit Respekt f\u00fcr Traditionen und Zutaten arbeiten, um eine optimale geschmackliche Qualit\u00e4t zu gew\u00e4hrleisten.<\/p>\n<p>Wilde Kr\u00e4uter der Provence, Brombeeren, Tr\u00fcffel, Auberginen, Spargel, Fenchel, Oliven, Feigen, echter Honig&#8230; Kurz gesagt, das Beste, was die Sonne der Provence zu bieten hat!<\/p>\n<p>In diesem Korb ist das Beste aus der Provence vereint. Er wird alle Freuden von Feinschmeckern befriedigen, die Wert auf authentische und nat\u00fcrliche Produkte legen.<\/p>\n<p><strong>Im Einzelnen besteht dieses Sortiment aus :<\/strong><\/p>\n<ul>\n<li><strong>Provenzalische Kr\u00e4utermischung 50g<\/strong><\/li>\n<li><strong>Konfit\u00fcre aus wilden Brombeeren 345g<\/strong><\/li>\n<li><strong>Feigen-Chutney 220g<\/strong><\/li>\n<li><strong>Creme aus schwarzen Oliven 180g<\/strong><\/li>\n<li><strong>Fenchelcreme mit Erdn\u00fcssen 90g<\/strong><\/li>\n<li><strong>Kaviar von der Aubergine 90g<\/strong><\/li>\n<li><strong>Spargelcremesuppe mit Knoblauch<\/strong><\/li>\n<li><strong>Gr\u00fcne Tapenade 180g<\/strong><\/li>\n<li><strong>Rote So\u00dfe mit Tr\u00fcffel 180g<\/strong><\/li>\n<li><strong>Honig aus der Garrigue 250g<\/strong><\/li>\n<\/ul>\n","protected":false},"excerpt":{"rendered":"<p>Dieser Korb &#8222;Terroir&#8220; ist ein Sortiment, das einige der besten &#8222;gro\u00dfen Klassiker&#8220; aus der Provence umfasst.<\/p>\n<p>Hier finden Sie also ein Dutzend dieser handwerklich hergestellten Spezialit\u00e4ten, die durch eine vielf\u00e4ltige und anspruchsvolle Auswahl dieses wunderbaren gastronomischen Terroirs repr\u00e4sentiert werden.<\/p>\n","protected":false},"featured_media":8553,"template":"","meta":[],"product_cat":[510],"product_tag":[],"class_list":{"0":"post-7752","1":"product","2":"type-product","3":"status-publish","4":"has-post-thumbnail","6":"product_cat-die-gourmetkoerbe","8":"first","9":"instock","10":"sale","11":"taxable","12":"shipping-taxable","13":"purchasable","14":"product-type-simple"},"yoast_head":"<!-- This site is optimized with the Yoast SEO plugin v27.2 - https:\/\/yoast.com\/product\/yoast-seo-wordpress\/ -->\n<title>Korb aus der Region<\/title>\n<meta name=\"description\" content=\"Dieser Korb &quot;Terroir&quot; ist ein Sortiment, das einige der besten &quot;gro\u00dfen Klassiker&quot; aus der Provence enth\u00e4lt.\" \/>\n<meta name=\"robots\" content=\"index, follow, max-snippet:-1, max-image-preview:large, max-video-preview:-1\" \/>\n<link rel=\"canonical\" href=\"https:\/\/www.lesdelicesdeprovence.ch\/de\/produits\/korb-aus-der-region\/\" \/>\n<meta property=\"og:locale\" content=\"de_DE\" \/>\n<meta property=\"og:type\" content=\"article\" \/>\n<meta property=\"og:title\" content=\"Korb aus der Region\" \/>\n<meta property=\"og:description\" content=\"Dieser Korb &quot;Terroir&quot; ist ein Sortiment, das einige der besten &quot;gro\u00dfen Klassiker&quot; aus der Provence enth\u00e4lt.\" \/>\n<meta property=\"og:url\" content=\"https:\/\/www.lesdelicesdeprovence.ch\/de\/produits\/korb-aus-der-region\/\" \/>\n<meta property=\"og:site_name\" content=\"Les D\u00e9lices de Provence\" \/>\n<meta property=\"article:modified_time\" content=\"2022-10-11T12:21:20+00:00\" \/>\n<meta property=\"og:image\" content=\"https:\/\/www.lesdelicesdeprovence.ch\/wp-content\/uploads\/2022\/09\/IMG_10212.jpg\" \/>\n\t<meta property=\"og:image:width\" content=\"1076\" \/>\n\t<meta property=\"og:image:height\" content=\"945\" \/>\n\t<meta property=\"og:image:type\" content=\"image\/jpeg\" \/>\n<meta name=\"twitter:card\" content=\"summary_large_image\" \/>\n<meta name=\"twitter:label1\" content=\"Gesch\u00e4tzte Lesezeit\" \/>\n\t<meta name=\"twitter:data1\" content=\"1\u00a0Minute\" \/>\n<script type=\"application\/ld+json\" class=\"yoast-schema-graph\">{\"@context\":\"https:\/\/schema.org\",\"@graph\":[{\"@type\":\"WebPage\",\"@id\":\"https:\/\/www.lesdelicesdeprovence.ch\/de\/produits\/korb-aus-der-region\/\",\"url\":\"https:\/\/www.lesdelicesdeprovence.ch\/de\/produits\/korb-aus-der-region\/\",\"name\":\"Korb aus der Region\",\"isPartOf\":{\"@id\":\"https:\/\/www.lesdelicesdeprovence.ch\/de\/#website\"},\"primaryImageOfPage\":{\"@id\":\"https:\/\/www.lesdelicesdeprovence.ch\/de\/produits\/korb-aus-der-region\/#primaryimage\"},\"image\":{\"@id\":\"https:\/\/www.lesdelicesdeprovence.ch\/de\/produits\/korb-aus-der-region\/#primaryimage\"},\"thumbnailUrl\":\"https:\/\/www.lesdelicesdeprovence.ch\/wp-content\/uploads\/2022\/09\/IMG_10212.jpg\",\"datePublished\":\"2022-09-19T15:19:46+00:00\",\"dateModified\":\"2022-10-11T12:21:20+00:00\",\"description\":\"Dieser Korb \\\"Terroir\\\" ist ein Sortiment, das einige der besten \\\"gro\u00dfen Klassiker\\\" aus der Provence enth\u00e4lt.\",\"breadcrumb\":{\"@id\":\"https:\/\/www.lesdelicesdeprovence.ch\/de\/produits\/korb-aus-der-region\/#breadcrumb\"},\"inLanguage\":\"de\",\"potentialAction\":[{\"@type\":\"ReadAction\",\"target\":[\"https:\/\/www.lesdelicesdeprovence.ch\/de\/produits\/korb-aus-der-region\/\"]}]},{\"@type\":\"ImageObject\",\"inLanguage\":\"de\",\"@id\":\"https:\/\/www.lesdelicesdeprovence.ch\/de\/produits\/korb-aus-der-region\/#primaryimage\",\"url\":\"https:\/\/www.lesdelicesdeprovence.ch\/wp-content\/uploads\/2022\/09\/IMG_10212.jpg\",\"contentUrl\":\"https:\/\/www.lesdelicesdeprovence.ch\/wp-content\/uploads\/2022\/09\/IMG_10212.jpg\",\"width\":1076,\"height\":945},{\"@type\":\"BreadcrumbList\",\"@id\":\"https:\/\/www.lesdelicesdeprovence.ch\/de\/produits\/korb-aus-der-region\/#breadcrumb\",\"itemListElement\":[{\"@type\":\"ListItem\",\"position\":1,\"name\":\"Accoglienza\",\"item\":\"https:\/\/www.lesdelicesdeprovence.ch\/de\/\"},{\"@type\":\"ListItem\",\"position\":2,\"name\":\"Shop\",\"item\":\"https:\/\/www.lesdelicesdeprovence.ch\/de\/geschaeft\/\"},{\"@type\":\"ListItem\",\"position\":3,\"name\":\"Korb aus der Region\"}]},{\"@type\":\"WebSite\",\"@id\":\"https:\/\/www.lesdelicesdeprovence.ch\/de\/#website\",\"url\":\"https:\/\/www.lesdelicesdeprovence.ch\/de\/\",\"name\":\"Les D\u00e9lices de Provence\",\"description\":\"Epicerie fine en ligne\",\"potentialAction\":[{\"@type\":\"SearchAction\",\"target\":{\"@type\":\"EntryPoint\",\"urlTemplate\":\"https:\/\/www.lesdelicesdeprovence.ch\/de\/?s={search_term_string}\"},\"query-input\":{\"@type\":\"PropertyValueSpecification\",\"valueRequired\":true,\"valueName\":\"search_term_string\"}}],\"inLanguage\":\"de\"}]}<\/script>\n<!-- \/ Yoast SEO plugin. -->","yoast_head_json":{"title":"Korb aus der Region","description":"Dieser Korb \"Terroir\" ist ein Sortiment, das einige der besten \"gro\u00dfen Klassiker\" aus der Provence enth\u00e4lt.","robots":{"index":"index","follow":"follow","max-snippet":"max-snippet:-1","max-image-preview":"max-image-preview:large","max-video-preview":"max-video-preview:-1"},"canonical":"https:\/\/www.lesdelicesdeprovence.ch\/de\/produits\/korb-aus-der-region\/","og_locale":"de_DE","og_type":"article","og_title":"Korb aus der Region","og_description":"Dieser Korb \"Terroir\" ist ein Sortiment, das einige der besten \"gro\u00dfen Klassiker\" aus der Provence enth\u00e4lt.","og_url":"https:\/\/www.lesdelicesdeprovence.ch\/de\/produits\/korb-aus-der-region\/","og_site_name":"Les D\u00e9lices de Provence","article_modified_time":"2022-10-11T12:21:20+00:00","og_image":[{"width":1076,"height":945,"url":"https:\/\/www.lesdelicesdeprovence.ch\/wp-content\/uploads\/2022\/09\/IMG_10212.jpg","type":"image\/jpeg"}],"twitter_card":"summary_large_image","twitter_misc":{"Gesch\u00e4tzte Lesezeit":"1\u00a0Minute"},"schema":{"@context":"https:\/\/schema.org","@graph":[{"@type":"WebPage","@id":"https:\/\/www.lesdelicesdeprovence.ch\/de\/produits\/korb-aus-der-region\/","url":"https:\/\/www.lesdelicesdeprovence.ch\/de\/produits\/korb-aus-der-region\/","name":"Korb aus der Region","isPartOf":{"@id":"https:\/\/www.lesdelicesdeprovence.ch\/de\/#website"},"primaryImageOfPage":{"@id":"https:\/\/www.lesdelicesdeprovence.ch\/de\/produits\/korb-aus-der-region\/#primaryimage"},"image":{"@id":"https:\/\/www.lesdelicesdeprovence.ch\/de\/produits\/korb-aus-der-region\/#primaryimage"},"thumbnailUrl":"https:\/\/www.lesdelicesdeprovence.ch\/wp-content\/uploads\/2022\/09\/IMG_10212.jpg","datePublished":"2022-09-19T15:19:46+00:00","dateModified":"2022-10-11T12:21:20+00:00","description":"Dieser Korb \"Terroir\" ist ein Sortiment, das einige der besten \"gro\u00dfen Klassiker\" aus der Provence enth\u00e4lt.","breadcrumb":{"@id":"https:\/\/www.lesdelicesdeprovence.ch\/de\/produits\/korb-aus-der-region\/#breadcrumb"},"inLanguage":"de","potentialAction":[{"@type":"ReadAction","target":["https:\/\/www.lesdelicesdeprovence.ch\/de\/produits\/korb-aus-der-region\/"]}]},{"@type":"ImageObject","inLanguage":"de","@id":"https:\/\/www.lesdelicesdeprovence.ch\/de\/produits\/korb-aus-der-region\/#primaryimage","url":"https:\/\/www.lesdelicesdeprovence.ch\/wp-content\/uploads\/2022\/09\/IMG_10212.jpg","contentUrl":"https:\/\/www.lesdelicesdeprovence.ch\/wp-content\/uploads\/2022\/09\/IMG_10212.jpg","width":1076,"height":945},{"@type":"BreadcrumbList","@id":"https:\/\/www.lesdelicesdeprovence.ch\/de\/produits\/korb-aus-der-region\/#breadcrumb","itemListElement":[{"@type":"ListItem","position":1,"name":"Accoglienza","item":"https:\/\/www.lesdelicesdeprovence.ch\/de\/"},{"@type":"ListItem","position":2,"name":"Shop","item":"https:\/\/www.lesdelicesdeprovence.ch\/de\/geschaeft\/"},{"@type":"ListItem","position":3,"name":"Korb aus der Region"}]},{"@type":"WebSite","@id":"https:\/\/www.lesdelicesdeprovence.ch\/de\/#website","url":"https:\/\/www.lesdelicesdeprovence.ch\/de\/","name":"Les D\u00e9lices de Provence","description":"Epicerie fine en ligne","potentialAction":[{"@type":"SearchAction","target":{"@type":"EntryPoint","urlTemplate":"https:\/\/www.lesdelicesdeprovence.ch\/de\/?s={search_term_string}"},"query-input":{"@type":"PropertyValueSpecification","valueRequired":true,"valueName":"search_term_string"}}],"inLanguage":"de"}]}},"_links":{"self":[{"href":"https:\/\/www.lesdelicesdeprovence.ch\/de\/wp-json\/wp\/v2\/product\/7752","targetHints":{"allow":["GET"]}}],"collection":[{"href":"https:\/\/www.lesdelicesdeprovence.ch\/de\/wp-json\/wp\/v2\/product"}],"about":[{"href":"https:\/\/www.lesdelicesdeprovence.ch\/de\/wp-json\/wp\/v2\/types\/product"}],"version-history":[{"count":2,"href":"https:\/\/www.lesdelicesdeprovence.ch\/de\/wp-json\/wp\/v2\/product\/7752\/revisions"}],"predecessor-version":[{"id":8202,"href":"https:\/\/www.lesdelicesdeprovence.ch\/de\/wp-json\/wp\/v2\/product\/7752\/revisions\/8202"}],"wp:featuredmedia":[{"embeddable":true,"href":"https:\/\/www.lesdelicesdeprovence.ch\/de\/wp-json\/wp\/v2\/media\/8553"}],"wp:attachment":[{"href":"https:\/\/www.lesdelicesdeprovence.ch\/de\/wp-json\/wp\/v2\/media?parent=7752"}],"wp:term":[{"taxonomy":"product_cat","embeddable":true,"href":"https:\/\/www.lesdelicesdeprovence.ch\/de\/wp-json\/wp\/v2\/product_cat?post=7752"},{"taxonomy":"product_tag","embeddable":true,"href":"https:\/\/www.lesdelicesdeprovence.ch\/de\/wp-json\/wp\/v2\/product_tag?post=7752"}],"curies":[{"name":"wp","href":"https:\/\/api.w.org\/{rel}","templated":true}]}}