{"id":7785,"date":"2022-05-03T12:19:44","date_gmt":"2022-05-03T12:19:44","guid":{"rendered":"https:\/\/www.aromeprod2.com\/?post_type=product&#038;p=7785"},"modified":"2025-06-28T17:16:13","modified_gmt":"2025-06-28T17:16:13","slug":"artischockencreme-mit-knoblauch","status":"publish","type":"product","link":"https:\/\/www.lesdelicesdeprovence.ch\/de\/produits\/artischockencreme-mit-knoblauch\/","title":{"rendered":"Artischockencreme mit Knoblauch"},"content":{"rendered":"<p>Sie wird aus hochwertigen Artischocken zubereitet, die ged\u00fcnstet und dann mit nativem Oliven\u00f6l extra und einem Hauch Knoblauch, der den Geschmack dezent unterstreicht, cremig ger\u00fchrt werden. Aber verlassen Sie sich nicht darauf, dass der Produzent alle Geheimnisse seines Rezepts mit der unnachahmlichen Textur preisgibt!<\/p>\n<p>Sie schmeckt als Aperitif auf Toast, aber auch als Sauce zu Gegrilltem, Fleisch, Fisch, gegrilltem Gem\u00fcse, Gefl\u00fcgel sowie in Nudelgerichten. Ein au\u00dfergew\u00f6hnliches Produkt, nicht nur wegen seines Geschmacks, sondern auch wegen seiner Multifunktionalit\u00e4t.<\/p>\n<p><em>Die Artischockencreme mit Knoblauch aus unserem Feinkostladen wurde bei der N.Y fancy food show mit einer Goldmedaille ausgezeichnet.<\/em><\/p>\n<p><strong>Zutaten: Artischocken 60%, Oliven\u00f6l, Meersalz, Knoblauch 4%.<\/strong><\/p>\n<p><strong>Inhalt: 180g<\/strong><\/p>\n<p>&nbsp;<\/p>\n<p>&nbsp;<\/p>\n","protected":false},"excerpt":{"rendered":"<p>Finesse, un\u00fcbertroffene cremige Textur, perfekte Ausgewogenheit, geschmackliche Qualit\u00e4t.<\/p>\n<p>All diese Vorz\u00fcge machen diese Artischockencreme mit Knoblauch seit mehreren Jahren zum Bestseller in unserem Feinkostladen.<\/p>\n","protected":false},"featured_media":10972,"template":"","meta":[],"product_cat":[246],"product_tag":[],"class_list":{"0":"post-7785","1":"product","2":"type-product","3":"status-publish","4":"has-post-thumbnail","6":"product_cat-aperitif-saucen","8":"first","9":"instock","10":"taxable","11":"shipping-taxable","12":"purchasable","13":"product-type-simple"},"yoast_head":"<!-- This site is optimized with the Yoast SEO plugin v27.2 - https:\/\/yoast.com\/product\/yoast-seo-wordpress\/ -->\n<title>Artischockencreme mit Knoblauch<\/title>\n<meta name=\"description\" content=\"Feinheit, Cremigkeit, Ausgewogenheit - all diese Vorz\u00fcge machen diese Artischockencreme mit Knoblauch seit mehreren Jahren zum Bestseller in unserem Feinkostladen.\" \/>\n<meta name=\"robots\" content=\"index, follow, max-snippet:-1, max-image-preview:large, max-video-preview:-1\" \/>\n<link rel=\"canonical\" href=\"https:\/\/www.lesdelicesdeprovence.ch\/de\/produits\/artischockencreme-mit-knoblauch\/\" \/>\n<meta property=\"og:locale\" content=\"de_DE\" \/>\n<meta property=\"og:type\" content=\"article\" \/>\n<meta property=\"og:title\" content=\"Artischockencreme mit Knoblauch\" \/>\n<meta property=\"og:description\" content=\"Feinheit, Cremigkeit, Ausgewogenheit - all diese Vorz\u00fcge machen diese Artischockencreme mit Knoblauch seit mehreren Jahren zum Bestseller in unserem Feinkostladen.\" \/>\n<meta property=\"og:url\" content=\"https:\/\/www.lesdelicesdeprovence.ch\/de\/produits\/artischockencreme-mit-knoblauch\/\" \/>\n<meta property=\"og:site_name\" content=\"Les D\u00e9lices de Provence\" \/>\n<meta property=\"article:modified_time\" content=\"2025-06-28T17:16:13+00:00\" \/>\n<meta property=\"og:image\" content=\"http:\/\/www.lesdelicesdeprovence.ch\/wp-content\/uploads\/2022\/05\/IMG_6228.jpg\" \/>\n\t<meta property=\"og:image:width\" content=\"2101\" \/>\n\t<meta property=\"og:image:height\" content=\"2428\" \/>\n\t<meta property=\"og:image:type\" content=\"image\/jpeg\" \/>\n<meta name=\"twitter:card\" content=\"summary_large_image\" \/>\n<meta name=\"twitter:label1\" content=\"Gesch\u00e4tzte Lesezeit\" \/>\n\t<meta name=\"twitter:data1\" content=\"1\u00a0Minute\" \/>\n<script type=\"application\/ld+json\" class=\"yoast-schema-graph\">{\"@context\":\"https:\/\/schema.org\",\"@graph\":[{\"@type\":\"WebPage\",\"@id\":\"https:\/\/www.lesdelicesdeprovence.ch\/de\/produits\/artischockencreme-mit-knoblauch\/\",\"url\":\"https:\/\/www.lesdelicesdeprovence.ch\/de\/produits\/artischockencreme-mit-knoblauch\/\",\"name\":\"Artischockencreme mit Knoblauch\",\"isPartOf\":{\"@id\":\"https:\/\/www.lesdelicesdeprovence.ch\/de\/#website\"},\"primaryImageOfPage\":{\"@id\":\"https:\/\/www.lesdelicesdeprovence.ch\/de\/produits\/artischockencreme-mit-knoblauch\/#primaryimage\"},\"image\":{\"@id\":\"https:\/\/www.lesdelicesdeprovence.ch\/de\/produits\/artischockencreme-mit-knoblauch\/#primaryimage\"},\"thumbnailUrl\":\"https:\/\/www.lesdelicesdeprovence.ch\/wp-content\/uploads\/2022\/05\/IMG_6228.jpg\",\"datePublished\":\"2022-05-03T12:19:44+00:00\",\"dateModified\":\"2025-06-28T17:16:13+00:00\",\"description\":\"Feinheit, Cremigkeit, Ausgewogenheit - all diese Vorz\u00fcge machen diese Artischockencreme mit Knoblauch seit mehreren Jahren zum Bestseller in unserem Feinkostladen.\",\"breadcrumb\":{\"@id\":\"https:\/\/www.lesdelicesdeprovence.ch\/de\/produits\/artischockencreme-mit-knoblauch\/#breadcrumb\"},\"inLanguage\":\"de\",\"potentialAction\":[{\"@type\":\"ReadAction\",\"target\":[\"https:\/\/www.lesdelicesdeprovence.ch\/de\/produits\/artischockencreme-mit-knoblauch\/\"]}]},{\"@type\":\"ImageObject\",\"inLanguage\":\"de\",\"@id\":\"https:\/\/www.lesdelicesdeprovence.ch\/de\/produits\/artischockencreme-mit-knoblauch\/#primaryimage\",\"url\":\"https:\/\/www.lesdelicesdeprovence.ch\/wp-content\/uploads\/2022\/05\/IMG_6228.jpg\",\"contentUrl\":\"https:\/\/www.lesdelicesdeprovence.ch\/wp-content\/uploads\/2022\/05\/IMG_6228.jpg\",\"width\":2101,\"height\":2428},{\"@type\":\"BreadcrumbList\",\"@id\":\"https:\/\/www.lesdelicesdeprovence.ch\/de\/produits\/artischockencreme-mit-knoblauch\/#breadcrumb\",\"itemListElement\":[{\"@type\":\"ListItem\",\"position\":1,\"name\":\"Accoglienza\",\"item\":\"http:\/\/www.lesdelicesdeprovence.ch\/de\/\"},{\"@type\":\"ListItem\",\"position\":2,\"name\":\"Shop\",\"item\":\"http:\/\/www.lesdelicesdeprovence.ch\/de\/geschaeft\/\"},{\"@type\":\"ListItem\",\"position\":3,\"name\":\"Artischockencreme mit Knoblauch\"}]},{\"@type\":\"WebSite\",\"@id\":\"https:\/\/www.lesdelicesdeprovence.ch\/de\/#website\",\"url\":\"https:\/\/www.lesdelicesdeprovence.ch\/de\/\",\"name\":\"Les D\u00e9lices de Provence\",\"description\":\"Epicerie fine en ligne\",\"potentialAction\":[{\"@type\":\"SearchAction\",\"target\":{\"@type\":\"EntryPoint\",\"urlTemplate\":\"https:\/\/www.lesdelicesdeprovence.ch\/de\/?s={search_term_string}\"},\"query-input\":{\"@type\":\"PropertyValueSpecification\",\"valueRequired\":true,\"valueName\":\"search_term_string\"}}],\"inLanguage\":\"de\"}]}<\/script>\n<!-- \/ Yoast SEO plugin. -->","yoast_head_json":{"title":"Artischockencreme mit Knoblauch","description":"Feinheit, Cremigkeit, Ausgewogenheit - all diese Vorz\u00fcge machen diese Artischockencreme mit Knoblauch seit mehreren Jahren zum Bestseller in unserem Feinkostladen.","robots":{"index":"index","follow":"follow","max-snippet":"max-snippet:-1","max-image-preview":"max-image-preview:large","max-video-preview":"max-video-preview:-1"},"canonical":"https:\/\/www.lesdelicesdeprovence.ch\/de\/produits\/artischockencreme-mit-knoblauch\/","og_locale":"de_DE","og_type":"article","og_title":"Artischockencreme mit Knoblauch","og_description":"Feinheit, Cremigkeit, Ausgewogenheit - all diese Vorz\u00fcge machen diese Artischockencreme mit Knoblauch seit mehreren Jahren zum Bestseller in unserem Feinkostladen.","og_url":"https:\/\/www.lesdelicesdeprovence.ch\/de\/produits\/artischockencreme-mit-knoblauch\/","og_site_name":"Les D\u00e9lices de Provence","article_modified_time":"2025-06-28T17:16:13+00:00","og_image":[{"width":2101,"height":2428,"url":"http:\/\/www.lesdelicesdeprovence.ch\/wp-content\/uploads\/2022\/05\/IMG_6228.jpg","type":"image\/jpeg"}],"twitter_card":"summary_large_image","twitter_misc":{"Gesch\u00e4tzte Lesezeit":"1\u00a0Minute"},"schema":{"@context":"https:\/\/schema.org","@graph":[{"@type":"WebPage","@id":"https:\/\/www.lesdelicesdeprovence.ch\/de\/produits\/artischockencreme-mit-knoblauch\/","url":"https:\/\/www.lesdelicesdeprovence.ch\/de\/produits\/artischockencreme-mit-knoblauch\/","name":"Artischockencreme mit Knoblauch","isPartOf":{"@id":"https:\/\/www.lesdelicesdeprovence.ch\/de\/#website"},"primaryImageOfPage":{"@id":"https:\/\/www.lesdelicesdeprovence.ch\/de\/produits\/artischockencreme-mit-knoblauch\/#primaryimage"},"image":{"@id":"https:\/\/www.lesdelicesdeprovence.ch\/de\/produits\/artischockencreme-mit-knoblauch\/#primaryimage"},"thumbnailUrl":"https:\/\/www.lesdelicesdeprovence.ch\/wp-content\/uploads\/2022\/05\/IMG_6228.jpg","datePublished":"2022-05-03T12:19:44+00:00","dateModified":"2025-06-28T17:16:13+00:00","description":"Feinheit, Cremigkeit, Ausgewogenheit - all diese Vorz\u00fcge machen diese Artischockencreme mit Knoblauch seit mehreren Jahren zum Bestseller in unserem Feinkostladen.","breadcrumb":{"@id":"https:\/\/www.lesdelicesdeprovence.ch\/de\/produits\/artischockencreme-mit-knoblauch\/#breadcrumb"},"inLanguage":"de","potentialAction":[{"@type":"ReadAction","target":["https:\/\/www.lesdelicesdeprovence.ch\/de\/produits\/artischockencreme-mit-knoblauch\/"]}]},{"@type":"ImageObject","inLanguage":"de","@id":"https:\/\/www.lesdelicesdeprovence.ch\/de\/produits\/artischockencreme-mit-knoblauch\/#primaryimage","url":"https:\/\/www.lesdelicesdeprovence.ch\/wp-content\/uploads\/2022\/05\/IMG_6228.jpg","contentUrl":"https:\/\/www.lesdelicesdeprovence.ch\/wp-content\/uploads\/2022\/05\/IMG_6228.jpg","width":2101,"height":2428},{"@type":"BreadcrumbList","@id":"https:\/\/www.lesdelicesdeprovence.ch\/de\/produits\/artischockencreme-mit-knoblauch\/#breadcrumb","itemListElement":[{"@type":"ListItem","position":1,"name":"Accoglienza","item":"http:\/\/www.lesdelicesdeprovence.ch\/de\/"},{"@type":"ListItem","position":2,"name":"Shop","item":"http:\/\/www.lesdelicesdeprovence.ch\/de\/geschaeft\/"},{"@type":"ListItem","position":3,"name":"Artischockencreme mit Knoblauch"}]},{"@type":"WebSite","@id":"https:\/\/www.lesdelicesdeprovence.ch\/de\/#website","url":"https:\/\/www.lesdelicesdeprovence.ch\/de\/","name":"Les D\u00e9lices de Provence","description":"Epicerie fine en ligne","potentialAction":[{"@type":"SearchAction","target":{"@type":"EntryPoint","urlTemplate":"https:\/\/www.lesdelicesdeprovence.ch\/de\/?s={search_term_string}"},"query-input":{"@type":"PropertyValueSpecification","valueRequired":true,"valueName":"search_term_string"}}],"inLanguage":"de"}]}},"_links":{"self":[{"href":"https:\/\/www.lesdelicesdeprovence.ch\/de\/wp-json\/wp\/v2\/product\/7785","targetHints":{"allow":["GET"]}}],"collection":[{"href":"https:\/\/www.lesdelicesdeprovence.ch\/de\/wp-json\/wp\/v2\/product"}],"about":[{"href":"https:\/\/www.lesdelicesdeprovence.ch\/de\/wp-json\/wp\/v2\/types\/product"}],"version-history":[{"count":3,"href":"https:\/\/www.lesdelicesdeprovence.ch\/de\/wp-json\/wp\/v2\/product\/7785\/revisions"}],"predecessor-version":[{"id":12943,"href":"https:\/\/www.lesdelicesdeprovence.ch\/de\/wp-json\/wp\/v2\/product\/7785\/revisions\/12943"}],"wp:featuredmedia":[{"embeddable":true,"href":"https:\/\/www.lesdelicesdeprovence.ch\/de\/wp-json\/wp\/v2\/media\/10972"}],"wp:attachment":[{"href":"https:\/\/www.lesdelicesdeprovence.ch\/de\/wp-json\/wp\/v2\/media?parent=7785"}],"wp:term":[{"taxonomy":"product_cat","embeddable":true,"href":"https:\/\/www.lesdelicesdeprovence.ch\/de\/wp-json\/wp\/v2\/product_cat?post=7785"},{"taxonomy":"product_tag","embeddable":true,"href":"https:\/\/www.lesdelicesdeprovence.ch\/de\/wp-json\/wp\/v2\/product_tag?post=7785"}],"curies":[{"name":"wp","href":"https:\/\/api.w.org\/{rel}","templated":true}]}}