{"id":7790,"date":"2022-06-10T13:26:32","date_gmt":"2022-06-10T13:26:32","guid":{"rendered":"https:\/\/www.aromeprod2.com\/?post_type=product&#038;p=7790"},"modified":"2024-03-28T14:03:28","modified_gmt":"2024-03-28T14:03:28","slug":"spargel-supreme-auf-mediterrane-art","status":"publish","type":"product","link":"https:\/\/www.lesdelicesdeprovence.ch\/de\/produits\/spargel-supreme-auf-mediterrane-art\/","title":{"rendered":"Spargel-Supreme auf mediterrane Art"},"content":{"rendered":"<p>Ein Produkt, das ich dringend ausprobieren muss! Wer mediterrane Aromen liebt, wird hier auf seine Kosten kommen.<\/p>\n<p>Der Handwerker, der in einem kleinen Dorf im Departement Vaucluse auf dieses Wunderwerk gesto\u00dfen ist, wollte eine provenzalische Spezialit\u00e4t, den Spargel, der f\u00fcr seine besonderen Aromen bekannt ist, und eine italienische Spezialit\u00e4t, die neapolitanische &#8222;Roma&#8220;-Tomate, die als eine der schmackhaftesten Tomaten der Welt gilt, in einer einzigen Sauce vereinen.<\/p>\n<p>Diese subtile Mischung aus Bitterkeit und S\u00fc\u00dfe, gemischt mit einer kleinen Prise Parmesan, erm\u00f6glicht es Ihnen, mit etwas Fantasie eine Vielzahl von sonnigen Rezepten zuzubereiten.<\/p>\n<p>Les D\u00e9lices de Provence empfiehlt ihn besonders zum F\u00fcllen von Ravioles. Ein wahrer Genuss!<\/p>\n<p><strong>Zutaten: Spargel, Tomate, Zwiebeln, Parmesan, Sonnenblumen\u00f6l, Maisst\u00e4rke, nat\u00fcrliches Verdickungsmittel, Milch, Salz.<\/strong><\/p>\n<p><strong>Inhalt: 190g<\/strong><\/p>\n<p>&nbsp;<\/p>\n<p>&nbsp;<\/p>\n<p>&nbsp;<\/p>\n","protected":false},"excerpt":{"rendered":"<p>Eine subtile Mischung aus gr\u00fcnem Spargel, neapolitanischen Tomaten und Parmesan, die Ihren Gaumen erfreut!<\/p>\n<p>Diese typisch provenzalische Sauce schmeckt einfach k\u00f6stlich als Aperitif oder zum Garnieren von Canap\u00e9s. Sie wird auch gerne zum W\u00fcrzen von Nudeln, Salaten und Gem\u00fcse verwendet.<\/p>\n","protected":false},"featured_media":8437,"template":"","meta":[],"product_cat":[246],"product_tag":[],"class_list":{"0":"post-7790","1":"product","2":"type-product","3":"status-publish","4":"has-post-thumbnail","6":"product_cat-aperitif-saucen","8":"first","9":"outofstock","10":"taxable","11":"shipping-taxable","12":"purchasable","13":"product-type-simple"},"yoast_head":"<!-- This site is optimized with the Yoast SEO plugin v27.2 - https:\/\/yoast.com\/product\/yoast-seo-wordpress\/ -->\n<title>Spargel-Supreme auf mediterrane Art<\/title>\n<meta name=\"description\" content=\"Ein subtiles Sortiment aus gr\u00fcnem Spargel aus der Region, neapolitanischen Tomaten und Parmesan, das Ihren Gaumen erfreut.\" \/>\n<meta name=\"robots\" content=\"index, follow, max-snippet:-1, max-image-preview:large, max-video-preview:-1\" \/>\n<link rel=\"canonical\" href=\"https:\/\/www.lesdelicesdeprovence.ch\/de\/produits\/spargel-supreme-auf-mediterrane-art\/\" \/>\n<meta property=\"og:locale\" content=\"de_DE\" \/>\n<meta property=\"og:type\" content=\"article\" \/>\n<meta property=\"og:title\" content=\"Spargel-Supreme auf mediterrane Art\" \/>\n<meta property=\"og:description\" content=\"Ein subtiles Sortiment aus gr\u00fcnem Spargel aus der Region, neapolitanischen Tomaten und Parmesan, das Ihren Gaumen erfreut.\" \/>\n<meta property=\"og:url\" content=\"https:\/\/www.lesdelicesdeprovence.ch\/de\/produits\/spargel-supreme-auf-mediterrane-art\/\" \/>\n<meta property=\"og:site_name\" content=\"Les D\u00e9lices de Provence\" \/>\n<meta property=\"article:modified_time\" content=\"2024-03-28T14:03:28+00:00\" \/>\n<meta property=\"og:image\" content=\"https:\/\/www.lesdelicesdeprovence.ch\/wp-content\/uploads\/2022\/05\/IMG_6235.jpg\" \/>\n\t<meta property=\"og:image:width\" content=\"2041\" \/>\n\t<meta property=\"og:image:height\" content=\"2331\" \/>\n\t<meta property=\"og:image:type\" content=\"image\/jpeg\" \/>\n<meta name=\"twitter:card\" content=\"summary_large_image\" \/>\n<meta name=\"twitter:label1\" content=\"Gesch\u00e4tzte Lesezeit\" \/>\n\t<meta name=\"twitter:data1\" content=\"1\u00a0Minute\" \/>\n<script type=\"application\/ld+json\" class=\"yoast-schema-graph\">{\"@context\":\"https:\/\/schema.org\",\"@graph\":[{\"@type\":\"WebPage\",\"@id\":\"https:\/\/www.lesdelicesdeprovence.ch\/de\/produits\/spargel-supreme-auf-mediterrane-art\/\",\"url\":\"https:\/\/www.lesdelicesdeprovence.ch\/de\/produits\/spargel-supreme-auf-mediterrane-art\/\",\"name\":\"Spargel-Supreme auf mediterrane Art\",\"isPartOf\":{\"@id\":\"https:\/\/www.lesdelicesdeprovence.ch\/de\/#website\"},\"primaryImageOfPage\":{\"@id\":\"https:\/\/www.lesdelicesdeprovence.ch\/de\/produits\/spargel-supreme-auf-mediterrane-art\/#primaryimage\"},\"image\":{\"@id\":\"https:\/\/www.lesdelicesdeprovence.ch\/de\/produits\/spargel-supreme-auf-mediterrane-art\/#primaryimage\"},\"thumbnailUrl\":\"https:\/\/www.lesdelicesdeprovence.ch\/wp-content\/uploads\/2022\/05\/IMG_6235.jpg\",\"datePublished\":\"2022-06-10T13:26:32+00:00\",\"dateModified\":\"2024-03-28T14:03:28+00:00\",\"description\":\"Ein subtiles Sortiment aus gr\u00fcnem Spargel aus der Region, neapolitanischen Tomaten und Parmesan, das Ihren Gaumen erfreut.\",\"breadcrumb\":{\"@id\":\"https:\/\/www.lesdelicesdeprovence.ch\/de\/produits\/spargel-supreme-auf-mediterrane-art\/#breadcrumb\"},\"inLanguage\":\"de\",\"potentialAction\":[{\"@type\":\"ReadAction\",\"target\":[\"https:\/\/www.lesdelicesdeprovence.ch\/de\/produits\/spargel-supreme-auf-mediterrane-art\/\"]}]},{\"@type\":\"ImageObject\",\"inLanguage\":\"de\",\"@id\":\"https:\/\/www.lesdelicesdeprovence.ch\/de\/produits\/spargel-supreme-auf-mediterrane-art\/#primaryimage\",\"url\":\"https:\/\/www.lesdelicesdeprovence.ch\/wp-content\/uploads\/2022\/05\/IMG_6235.jpg\",\"contentUrl\":\"https:\/\/www.lesdelicesdeprovence.ch\/wp-content\/uploads\/2022\/05\/IMG_6235.jpg\",\"width\":2041,\"height\":2331},{\"@type\":\"BreadcrumbList\",\"@id\":\"https:\/\/www.lesdelicesdeprovence.ch\/de\/produits\/spargel-supreme-auf-mediterrane-art\/#breadcrumb\",\"itemListElement\":[{\"@type\":\"ListItem\",\"position\":1,\"name\":\"Accoglienza\",\"item\":\"https:\/\/www.lesdelicesdeprovence.ch\/de\/\"},{\"@type\":\"ListItem\",\"position\":2,\"name\":\"Shop\",\"item\":\"https:\/\/www.lesdelicesdeprovence.ch\/de\/geschaeft\/\"},{\"@type\":\"ListItem\",\"position\":3,\"name\":\"Spargel-Supreme auf mediterrane Art\"}]},{\"@type\":\"WebSite\",\"@id\":\"https:\/\/www.lesdelicesdeprovence.ch\/de\/#website\",\"url\":\"https:\/\/www.lesdelicesdeprovence.ch\/de\/\",\"name\":\"Les D\u00e9lices de Provence\",\"description\":\"Epicerie fine en ligne\",\"potentialAction\":[{\"@type\":\"SearchAction\",\"target\":{\"@type\":\"EntryPoint\",\"urlTemplate\":\"https:\/\/www.lesdelicesdeprovence.ch\/de\/?s={search_term_string}\"},\"query-input\":{\"@type\":\"PropertyValueSpecification\",\"valueRequired\":true,\"valueName\":\"search_term_string\"}}],\"inLanguage\":\"de\"}]}<\/script>\n<!-- \/ Yoast SEO plugin. -->","yoast_head_json":{"title":"Spargel-Supreme auf mediterrane Art","description":"Ein subtiles Sortiment aus gr\u00fcnem Spargel aus der Region, neapolitanischen Tomaten und Parmesan, das Ihren Gaumen erfreut.","robots":{"index":"index","follow":"follow","max-snippet":"max-snippet:-1","max-image-preview":"max-image-preview:large","max-video-preview":"max-video-preview:-1"},"canonical":"https:\/\/www.lesdelicesdeprovence.ch\/de\/produits\/spargel-supreme-auf-mediterrane-art\/","og_locale":"de_DE","og_type":"article","og_title":"Spargel-Supreme auf mediterrane Art","og_description":"Ein subtiles Sortiment aus gr\u00fcnem Spargel aus der Region, neapolitanischen Tomaten und Parmesan, das Ihren Gaumen erfreut.","og_url":"https:\/\/www.lesdelicesdeprovence.ch\/de\/produits\/spargel-supreme-auf-mediterrane-art\/","og_site_name":"Les D\u00e9lices de Provence","article_modified_time":"2024-03-28T14:03:28+00:00","og_image":[{"width":2041,"height":2331,"url":"https:\/\/www.lesdelicesdeprovence.ch\/wp-content\/uploads\/2022\/05\/IMG_6235.jpg","type":"image\/jpeg"}],"twitter_card":"summary_large_image","twitter_misc":{"Gesch\u00e4tzte Lesezeit":"1\u00a0Minute"},"schema":{"@context":"https:\/\/schema.org","@graph":[{"@type":"WebPage","@id":"https:\/\/www.lesdelicesdeprovence.ch\/de\/produits\/spargel-supreme-auf-mediterrane-art\/","url":"https:\/\/www.lesdelicesdeprovence.ch\/de\/produits\/spargel-supreme-auf-mediterrane-art\/","name":"Spargel-Supreme auf mediterrane Art","isPartOf":{"@id":"https:\/\/www.lesdelicesdeprovence.ch\/de\/#website"},"primaryImageOfPage":{"@id":"https:\/\/www.lesdelicesdeprovence.ch\/de\/produits\/spargel-supreme-auf-mediterrane-art\/#primaryimage"},"image":{"@id":"https:\/\/www.lesdelicesdeprovence.ch\/de\/produits\/spargel-supreme-auf-mediterrane-art\/#primaryimage"},"thumbnailUrl":"https:\/\/www.lesdelicesdeprovence.ch\/wp-content\/uploads\/2022\/05\/IMG_6235.jpg","datePublished":"2022-06-10T13:26:32+00:00","dateModified":"2024-03-28T14:03:28+00:00","description":"Ein subtiles Sortiment aus gr\u00fcnem Spargel aus der Region, neapolitanischen Tomaten und Parmesan, das Ihren Gaumen erfreut.","breadcrumb":{"@id":"https:\/\/www.lesdelicesdeprovence.ch\/de\/produits\/spargel-supreme-auf-mediterrane-art\/#breadcrumb"},"inLanguage":"de","potentialAction":[{"@type":"ReadAction","target":["https:\/\/www.lesdelicesdeprovence.ch\/de\/produits\/spargel-supreme-auf-mediterrane-art\/"]}]},{"@type":"ImageObject","inLanguage":"de","@id":"https:\/\/www.lesdelicesdeprovence.ch\/de\/produits\/spargel-supreme-auf-mediterrane-art\/#primaryimage","url":"https:\/\/www.lesdelicesdeprovence.ch\/wp-content\/uploads\/2022\/05\/IMG_6235.jpg","contentUrl":"https:\/\/www.lesdelicesdeprovence.ch\/wp-content\/uploads\/2022\/05\/IMG_6235.jpg","width":2041,"height":2331},{"@type":"BreadcrumbList","@id":"https:\/\/www.lesdelicesdeprovence.ch\/de\/produits\/spargel-supreme-auf-mediterrane-art\/#breadcrumb","itemListElement":[{"@type":"ListItem","position":1,"name":"Accoglienza","item":"https:\/\/www.lesdelicesdeprovence.ch\/de\/"},{"@type":"ListItem","position":2,"name":"Shop","item":"https:\/\/www.lesdelicesdeprovence.ch\/de\/geschaeft\/"},{"@type":"ListItem","position":3,"name":"Spargel-Supreme auf mediterrane Art"}]},{"@type":"WebSite","@id":"https:\/\/www.lesdelicesdeprovence.ch\/de\/#website","url":"https:\/\/www.lesdelicesdeprovence.ch\/de\/","name":"Les D\u00e9lices de Provence","description":"Epicerie fine en ligne","potentialAction":[{"@type":"SearchAction","target":{"@type":"EntryPoint","urlTemplate":"https:\/\/www.lesdelicesdeprovence.ch\/de\/?s={search_term_string}"},"query-input":{"@type":"PropertyValueSpecification","valueRequired":true,"valueName":"search_term_string"}}],"inLanguage":"de"}]}},"_links":{"self":[{"href":"https:\/\/www.lesdelicesdeprovence.ch\/de\/wp-json\/wp\/v2\/product\/7790","targetHints":{"allow":["GET"]}}],"collection":[{"href":"https:\/\/www.lesdelicesdeprovence.ch\/de\/wp-json\/wp\/v2\/product"}],"about":[{"href":"https:\/\/www.lesdelicesdeprovence.ch\/de\/wp-json\/wp\/v2\/types\/product"}],"version-history":[{"count":3,"href":"https:\/\/www.lesdelicesdeprovence.ch\/de\/wp-json\/wp\/v2\/product\/7790\/revisions"}],"predecessor-version":[{"id":12959,"href":"https:\/\/www.lesdelicesdeprovence.ch\/de\/wp-json\/wp\/v2\/product\/7790\/revisions\/12959"}],"wp:featuredmedia":[{"embeddable":true,"href":"https:\/\/www.lesdelicesdeprovence.ch\/de\/wp-json\/wp\/v2\/media\/8437"}],"wp:attachment":[{"href":"https:\/\/www.lesdelicesdeprovence.ch\/de\/wp-json\/wp\/v2\/media?parent=7790"}],"wp:term":[{"taxonomy":"product_cat","embeddable":true,"href":"https:\/\/www.lesdelicesdeprovence.ch\/de\/wp-json\/wp\/v2\/product_cat?post=7790"},{"taxonomy":"product_tag","embeddable":true,"href":"https:\/\/www.lesdelicesdeprovence.ch\/de\/wp-json\/wp\/v2\/product_tag?post=7790"}],"curies":[{"name":"wp","href":"https:\/\/api.w.org\/{rel}","templated":true}]}}