{"id":7797,"date":"2022-05-10T13:27:38","date_gmt":"2022-05-10T13:27:38","guid":{"rendered":"https:\/\/www.aromeprod2.com\/?post_type=product&#038;p=7797"},"modified":"2025-12-17T08:44:01","modified_gmt":"2025-12-17T08:44:01","slug":"mediterrane-olivade","status":"publish","type":"product","link":"https:\/\/www.lesdelicesdeprovence.ch\/de\/produits\/mediterrane-olivade\/","title":{"rendered":"Mediterrane Olivade"},"content":{"rendered":"<p>Es wird oft gesagt, dass aus der Einfachheit die Perfektion entsteht. Diese Sauce veranschaulicht dies auf wunderbare Weise. Nur vier Zutaten, die jedoch mit gro\u00dfer Sorgfalt ausgew\u00e4hlt wurden, verleihen dieser Sauce einen authentischen und k\u00f6stlichen Geschmack: Tomatenmark aus Roma-Tomaten, 12% zerkleinerte Taggiasche-Olive, die im Hinterland von Nizza geerntet wird, etwas Oliven\u00f6l und eine Prise Meersalz.<\/p>\n<p>Warum kompliziert, wenn es auch mit hochwertigen Zutaten einfach geht? Das ist es, was wir an diesem kleinen Produzenten vor allem lieben.<\/p>\n<p>Bei der Verkostung entdeckt man ein sch\u00f6nes Gleichgewicht zwischen der K\u00f6stlichkeit der Tomate und der Intensit\u00e4t der Olive. Ein echtes Spitzenprodukt, das Sie unbedingt als Aperitif auf kleinen Toasts, in einem Nudelgericht (Sie k\u00f6nnen es mit Sahne, Butter oder Oliven\u00f6l verl\u00e4ngern) oder als Basis f\u00fcr Tomatensauce f\u00fcr Pizza oder Auberginen \u00e0 la Parmigiana probieren sollten.<\/p>\n<p><strong>Zutaten: Tomatenpulpe, Taggiaschi-Oliven 12%, Oliven\u00f6l, Salz.<\/strong><\/p>\n<p><strong>Inhalt: 180g<\/strong><\/p>\n<p>&nbsp;<\/p>\n","protected":false},"excerpt":{"rendered":"<p>Lassen Sie sich nicht von der Farbe t\u00e4uschen, es ist vor allem der einzigartige Geschmack der zerkleinerten gr\u00fcnen Taggiasche-Olive, der im Mund explodiert!<\/p>\n<p>Ein Genuss f\u00fcr Olivenliebhaber als Aperitif, in Pasta oder als Basis f\u00fcr Saucen.<\/p>\n","protected":false},"featured_media":6893,"template":"","meta":[],"product_cat":[246],"product_tag":[],"class_list":{"0":"post-7797","1":"product","2":"type-product","3":"status-publish","4":"has-post-thumbnail","6":"product_cat-aperitif-saucen","8":"first","9":"instock","10":"taxable","11":"shipping-taxable","12":"purchasable","13":"product-type-simple"},"yoast_head":"<!-- This site is optimized with the Yoast SEO plugin v27.2 - https:\/\/yoast.com\/product\/yoast-seo-wordpress\/ -->\n<title>Mediterrane Olivade<\/title>\n<meta name=\"description\" content=\"Lassen Sie sich nicht von der Farbe t\u00e4uschen, es ist vor allem der einzigartige Geschmack der zerkleinerten gr\u00fcnen Taggiasche-Olive, der im Mund explodiert!\" \/>\n<meta name=\"robots\" content=\"index, follow, max-snippet:-1, max-image-preview:large, max-video-preview:-1\" \/>\n<link rel=\"canonical\" href=\"https:\/\/www.lesdelicesdeprovence.ch\/de\/produits\/mediterrane-olivade\/\" \/>\n<meta property=\"og:locale\" content=\"de_DE\" \/>\n<meta property=\"og:type\" content=\"article\" \/>\n<meta property=\"og:title\" content=\"Mediterrane Olivade\" \/>\n<meta property=\"og:description\" content=\"Lassen Sie sich nicht von der Farbe t\u00e4uschen, es ist vor allem der einzigartige Geschmack der zerkleinerten gr\u00fcnen Taggiasche-Olive, der im Mund explodiert!\" \/>\n<meta property=\"og:url\" content=\"https:\/\/www.lesdelicesdeprovence.ch\/de\/produits\/mediterrane-olivade\/\" \/>\n<meta property=\"og:site_name\" content=\"Les D\u00e9lices de Provence\" \/>\n<meta property=\"article:modified_time\" content=\"2025-12-17T08:44:01+00:00\" \/>\n<meta property=\"og:image\" content=\"http:\/\/www.lesdelicesdeprovence.ch\/wp-content\/uploads\/2022\/05\/IMG_6288.jpg\" \/>\n\t<meta property=\"og:image:width\" content=\"1965\" \/>\n\t<meta property=\"og:image:height\" content=\"2439\" \/>\n\t<meta property=\"og:image:type\" content=\"image\/jpeg\" \/>\n<meta name=\"twitter:card\" content=\"summary_large_image\" \/>\n<meta name=\"twitter:label1\" content=\"Gesch\u00e4tzte Lesezeit\" \/>\n\t<meta name=\"twitter:data1\" content=\"1\u00a0Minute\" \/>\n<script type=\"application\/ld+json\" class=\"yoast-schema-graph\">{\"@context\":\"https:\/\/schema.org\",\"@graph\":[{\"@type\":\"WebPage\",\"@id\":\"https:\/\/www.lesdelicesdeprovence.ch\/de\/produits\/mediterrane-olivade\/\",\"url\":\"https:\/\/www.lesdelicesdeprovence.ch\/de\/produits\/mediterrane-olivade\/\",\"name\":\"Mediterrane Olivade\",\"isPartOf\":{\"@id\":\"http:\/\/www.lesdelicesdeprovence.ch\/de\/#website\"},\"primaryImageOfPage\":{\"@id\":\"https:\/\/www.lesdelicesdeprovence.ch\/de\/produits\/mediterrane-olivade\/#primaryimage\"},\"image\":{\"@id\":\"https:\/\/www.lesdelicesdeprovence.ch\/de\/produits\/mediterrane-olivade\/#primaryimage\"},\"thumbnailUrl\":\"https:\/\/www.lesdelicesdeprovence.ch\/wp-content\/uploads\/2022\/05\/IMG_6288.jpg\",\"datePublished\":\"2022-05-10T13:27:38+00:00\",\"dateModified\":\"2025-12-17T08:44:01+00:00\",\"description\":\"Lassen Sie sich nicht von der Farbe t\u00e4uschen, es ist vor allem der einzigartige Geschmack der zerkleinerten gr\u00fcnen Taggiasche-Olive, der im Mund explodiert!\",\"breadcrumb\":{\"@id\":\"https:\/\/www.lesdelicesdeprovence.ch\/de\/produits\/mediterrane-olivade\/#breadcrumb\"},\"inLanguage\":\"de\",\"potentialAction\":[{\"@type\":\"ReadAction\",\"target\":[\"https:\/\/www.lesdelicesdeprovence.ch\/de\/produits\/mediterrane-olivade\/\"]}]},{\"@type\":\"ImageObject\",\"inLanguage\":\"de\",\"@id\":\"https:\/\/www.lesdelicesdeprovence.ch\/de\/produits\/mediterrane-olivade\/#primaryimage\",\"url\":\"https:\/\/www.lesdelicesdeprovence.ch\/wp-content\/uploads\/2022\/05\/IMG_6288.jpg\",\"contentUrl\":\"https:\/\/www.lesdelicesdeprovence.ch\/wp-content\/uploads\/2022\/05\/IMG_6288.jpg\",\"width\":1965,\"height\":2439},{\"@type\":\"BreadcrumbList\",\"@id\":\"https:\/\/www.lesdelicesdeprovence.ch\/de\/produits\/mediterrane-olivade\/#breadcrumb\",\"itemListElement\":[{\"@type\":\"ListItem\",\"position\":1,\"name\":\"Accoglienza\",\"item\":\"https:\/\/www.lesdelicesdeprovence.ch\/de\/\"},{\"@type\":\"ListItem\",\"position\":2,\"name\":\"Shop\",\"item\":\"https:\/\/www.lesdelicesdeprovence.ch\/de\/geschaeft\/\"},{\"@type\":\"ListItem\",\"position\":3,\"name\":\"Mediterrane Olivade\"}]},{\"@type\":\"WebSite\",\"@id\":\"http:\/\/www.lesdelicesdeprovence.ch\/de\/#website\",\"url\":\"http:\/\/www.lesdelicesdeprovence.ch\/de\/\",\"name\":\"Les D\u00e9lices de Provence\",\"description\":\"Epicerie fine en ligne\",\"potentialAction\":[{\"@type\":\"SearchAction\",\"target\":{\"@type\":\"EntryPoint\",\"urlTemplate\":\"http:\/\/www.lesdelicesdeprovence.ch\/de\/?s={search_term_string}\"},\"query-input\":{\"@type\":\"PropertyValueSpecification\",\"valueRequired\":true,\"valueName\":\"search_term_string\"}}],\"inLanguage\":\"de\"}]}<\/script>\n<!-- \/ Yoast SEO plugin. -->","yoast_head_json":{"title":"Mediterrane Olivade","description":"Lassen Sie sich nicht von der Farbe t\u00e4uschen, es ist vor allem der einzigartige Geschmack der zerkleinerten gr\u00fcnen Taggiasche-Olive, der im Mund explodiert!","robots":{"index":"index","follow":"follow","max-snippet":"max-snippet:-1","max-image-preview":"max-image-preview:large","max-video-preview":"max-video-preview:-1"},"canonical":"https:\/\/www.lesdelicesdeprovence.ch\/de\/produits\/mediterrane-olivade\/","og_locale":"de_DE","og_type":"article","og_title":"Mediterrane Olivade","og_description":"Lassen Sie sich nicht von der Farbe t\u00e4uschen, es ist vor allem der einzigartige Geschmack der zerkleinerten gr\u00fcnen Taggiasche-Olive, der im Mund explodiert!","og_url":"https:\/\/www.lesdelicesdeprovence.ch\/de\/produits\/mediterrane-olivade\/","og_site_name":"Les D\u00e9lices de Provence","article_modified_time":"2025-12-17T08:44:01+00:00","og_image":[{"width":1965,"height":2439,"url":"http:\/\/www.lesdelicesdeprovence.ch\/wp-content\/uploads\/2022\/05\/IMG_6288.jpg","type":"image\/jpeg"}],"twitter_card":"summary_large_image","twitter_misc":{"Gesch\u00e4tzte Lesezeit":"1\u00a0Minute"},"schema":{"@context":"https:\/\/schema.org","@graph":[{"@type":"WebPage","@id":"https:\/\/www.lesdelicesdeprovence.ch\/de\/produits\/mediterrane-olivade\/","url":"https:\/\/www.lesdelicesdeprovence.ch\/de\/produits\/mediterrane-olivade\/","name":"Mediterrane Olivade","isPartOf":{"@id":"http:\/\/www.lesdelicesdeprovence.ch\/de\/#website"},"primaryImageOfPage":{"@id":"https:\/\/www.lesdelicesdeprovence.ch\/de\/produits\/mediterrane-olivade\/#primaryimage"},"image":{"@id":"https:\/\/www.lesdelicesdeprovence.ch\/de\/produits\/mediterrane-olivade\/#primaryimage"},"thumbnailUrl":"https:\/\/www.lesdelicesdeprovence.ch\/wp-content\/uploads\/2022\/05\/IMG_6288.jpg","datePublished":"2022-05-10T13:27:38+00:00","dateModified":"2025-12-17T08:44:01+00:00","description":"Lassen Sie sich nicht von der Farbe t\u00e4uschen, es ist vor allem der einzigartige Geschmack der zerkleinerten gr\u00fcnen Taggiasche-Olive, der im Mund explodiert!","breadcrumb":{"@id":"https:\/\/www.lesdelicesdeprovence.ch\/de\/produits\/mediterrane-olivade\/#breadcrumb"},"inLanguage":"de","potentialAction":[{"@type":"ReadAction","target":["https:\/\/www.lesdelicesdeprovence.ch\/de\/produits\/mediterrane-olivade\/"]}]},{"@type":"ImageObject","inLanguage":"de","@id":"https:\/\/www.lesdelicesdeprovence.ch\/de\/produits\/mediterrane-olivade\/#primaryimage","url":"https:\/\/www.lesdelicesdeprovence.ch\/wp-content\/uploads\/2022\/05\/IMG_6288.jpg","contentUrl":"https:\/\/www.lesdelicesdeprovence.ch\/wp-content\/uploads\/2022\/05\/IMG_6288.jpg","width":1965,"height":2439},{"@type":"BreadcrumbList","@id":"https:\/\/www.lesdelicesdeprovence.ch\/de\/produits\/mediterrane-olivade\/#breadcrumb","itemListElement":[{"@type":"ListItem","position":1,"name":"Accoglienza","item":"https:\/\/www.lesdelicesdeprovence.ch\/de\/"},{"@type":"ListItem","position":2,"name":"Shop","item":"https:\/\/www.lesdelicesdeprovence.ch\/de\/geschaeft\/"},{"@type":"ListItem","position":3,"name":"Mediterrane Olivade"}]},{"@type":"WebSite","@id":"http:\/\/www.lesdelicesdeprovence.ch\/de\/#website","url":"http:\/\/www.lesdelicesdeprovence.ch\/de\/","name":"Les D\u00e9lices de Provence","description":"Epicerie fine en ligne","potentialAction":[{"@type":"SearchAction","target":{"@type":"EntryPoint","urlTemplate":"http:\/\/www.lesdelicesdeprovence.ch\/de\/?s={search_term_string}"},"query-input":{"@type":"PropertyValueSpecification","valueRequired":true,"valueName":"search_term_string"}}],"inLanguage":"de"}]}},"_links":{"self":[{"href":"https:\/\/www.lesdelicesdeprovence.ch\/de\/wp-json\/wp\/v2\/product\/7797","targetHints":{"allow":["GET"]}}],"collection":[{"href":"https:\/\/www.lesdelicesdeprovence.ch\/de\/wp-json\/wp\/v2\/product"}],"about":[{"href":"https:\/\/www.lesdelicesdeprovence.ch\/de\/wp-json\/wp\/v2\/types\/product"}],"version-history":[{"count":4,"href":"https:\/\/www.lesdelicesdeprovence.ch\/de\/wp-json\/wp\/v2\/product\/7797\/revisions"}],"predecessor-version":[{"id":12939,"href":"https:\/\/www.lesdelicesdeprovence.ch\/de\/wp-json\/wp\/v2\/product\/7797\/revisions\/12939"}],"wp:featuredmedia":[{"embeddable":true,"href":"https:\/\/www.lesdelicesdeprovence.ch\/de\/wp-json\/wp\/v2\/media\/6893"}],"wp:attachment":[{"href":"https:\/\/www.lesdelicesdeprovence.ch\/de\/wp-json\/wp\/v2\/media?parent=7797"}],"wp:term":[{"taxonomy":"product_cat","embeddable":true,"href":"https:\/\/www.lesdelicesdeprovence.ch\/de\/wp-json\/wp\/v2\/product_cat?post=7797"},{"taxonomy":"product_tag","embeddable":true,"href":"https:\/\/www.lesdelicesdeprovence.ch\/de\/wp-json\/wp\/v2\/product_tag?post=7797"}],"curies":[{"name":"wp","href":"https:\/\/api.w.org\/{rel}","templated":true}]}}