{"id":9293,"date":"2022-05-10T13:26:08","date_gmt":"2022-05-10T13:26:08","guid":{"rendered":"https:\/\/www.lesdelicesdeprovence.ch\/?post_type=product&#038;p=9293"},"modified":"2024-02-16T11:26:46","modified_gmt":"2024-02-16T11:26:46","slug":"affinade","status":"publish","type":"product","link":"https:\/\/www.lesdelicesdeprovence.ch\/de\/produits\/affinade\/","title":{"rendered":"Affinade de Nyons"},"content":{"rendered":"<p>Am Fu\u00dfe des Mont Ventoux, zwischen Nyons und Carpentras, erstreckt sich ein au\u00dfergew\u00f6hnliches Gebiet, in dem der Olivenbaum, gen\u00e4hrt von der Sonne und der reinen Luft der nahen Berge, seine ganze Majest\u00e4t entfaltet.<\/p>\n<p>In diesem sch\u00f6nen Tal der provenzalischen Baronnies haben wir diese Olivenfarm entdeckt, die seit mehreren Generationen in Handarbeit authentische Produkte des provenzalischen Terroirs aus den Fr\u00fcchten ihrer Olivenb\u00e4ume herstellt, die auf dem Gut geerntet, gepresst und zubereitet werden.<\/p>\n<p>Die Affinade ist der Klassiker in ihrem Sortiment. Ein R\u00fchrei aus reinen Oliven der Sorte Tanche aus Nyons, f\u00fcr das nur ein Schuss Oliven\u00f6l und eine Prise Salz verwendet werden.<\/p>\n<p>Ein sehr einfaches Rezept, das jedoch aus hochwertigen Oliven zubereitet wird, und das macht den Unterschied! Die Schleie aus Nyons ist als die schmackhafteste in S\u00fcdfrankreich bekannt, da der Olivenbaum von einem einzigartigen Mikroklima profitiert, das durch einen warmen S\u00fcdwind entsteht.<\/p>\n<p>Ein Aufstrich mit authentischem Geschmack, den Sie als Aperitif genie\u00dfen oder mit dem Sie Ihre Gerichte, Sandwiches und Salate verfeinern k\u00f6nnen.<\/p>\n<p><strong>Zutaten: Schwarze Oliven aus Nyons A.O.P (Sorte Tanche) 99%, Oliven\u00f6l aus Nyons A.O.P, Wasser, Salz.<\/strong><\/p>\n<p><strong>Inhalt: 90g<\/strong><\/p>\n<p>&nbsp;<\/p>\n","protected":false},"excerpt":{"rendered":"<p>Ein authentischer Geschmack aus der Region ist dieses R\u00fchrei aus reinen Oliven aus Nyons A.O.P. der Sorte Tanche, die als eine der schmackhaftesten des Mittelmeerraums bekannt ist.<\/p>\n","protected":false},"featured_media":9294,"template":"","meta":[],"product_cat":[246],"product_tag":[],"class_list":{"0":"post-9293","1":"product","2":"type-product","3":"status-publish","4":"has-post-thumbnail","6":"product_cat-aperitif-saucen","8":"first","9":"instock","10":"taxable","11":"shipping-taxable","12":"purchasable","13":"product-type-simple"},"yoast_head":"<!-- This site is optimized with the Yoast SEO plugin v27.2 - https:\/\/yoast.com\/product\/yoast-seo-wordpress\/ -->\n<title>Affinade de Nyons<\/title>\n<meta name=\"description\" content=\"Ein authentischer Geschmack aus der Region ist dieses R\u00fchrei aus reinen Oliven aus Nyons A.O.P. der Sorte Tanche, die als eine der schmackhaftesten des Mittelmeerraums bekannt ist.\" \/>\n<meta name=\"robots\" content=\"index, follow, max-snippet:-1, max-image-preview:large, max-video-preview:-1\" \/>\n<link rel=\"canonical\" href=\"https:\/\/www.lesdelicesdeprovence.ch\/de\/produits\/affinade\/\" \/>\n<meta property=\"og:locale\" content=\"de_DE\" \/>\n<meta property=\"og:type\" content=\"article\" \/>\n<meta property=\"og:title\" content=\"Affinade de Nyons\" \/>\n<meta property=\"og:description\" content=\"Ein authentischer Geschmack aus der Region ist dieses R\u00fchrei aus reinen Oliven aus Nyons A.O.P. der Sorte Tanche, die als eine der schmackhaftesten des Mittelmeerraums bekannt ist.\" \/>\n<meta property=\"og:url\" content=\"https:\/\/www.lesdelicesdeprovence.ch\/de\/produits\/affinade\/\" \/>\n<meta property=\"og:site_name\" content=\"Les D\u00e9lices de Provence\" \/>\n<meta property=\"article:modified_time\" content=\"2024-02-16T11:26:46+00:00\" \/>\n<meta property=\"og:image\" content=\"https:\/\/www.lesdelicesdeprovence.ch\/wp-content\/uploads\/2023\/03\/IMG_4290-scaled.jpg\" \/>\n\t<meta property=\"og:image:width\" content=\"2342\" \/>\n\t<meta property=\"og:image:height\" content=\"2560\" \/>\n\t<meta property=\"og:image:type\" content=\"image\/jpeg\" \/>\n<meta name=\"twitter:card\" content=\"summary_large_image\" \/>\n<meta name=\"twitter:label1\" content=\"Gesch\u00e4tzte Lesezeit\" \/>\n\t<meta name=\"twitter:data1\" content=\"1\u00a0Minute\" \/>\n<script type=\"application\/ld+json\" class=\"yoast-schema-graph\">{\"@context\":\"https:\/\/schema.org\",\"@graph\":[{\"@type\":\"WebPage\",\"@id\":\"https:\/\/www.lesdelicesdeprovence.ch\/de\/produits\/affinade\/\",\"url\":\"https:\/\/www.lesdelicesdeprovence.ch\/de\/produits\/affinade\/\",\"name\":\"Affinade de Nyons\",\"isPartOf\":{\"@id\":\"https:\/\/www.lesdelicesdeprovence.ch\/de\/#website\"},\"primaryImageOfPage\":{\"@id\":\"https:\/\/www.lesdelicesdeprovence.ch\/de\/produits\/affinade\/#primaryimage\"},\"image\":{\"@id\":\"https:\/\/www.lesdelicesdeprovence.ch\/de\/produits\/affinade\/#primaryimage\"},\"thumbnailUrl\":\"https:\/\/www.lesdelicesdeprovence.ch\/wp-content\/uploads\/2023\/03\/IMG_4290-scaled.jpg\",\"datePublished\":\"2022-05-10T13:26:08+00:00\",\"dateModified\":\"2024-02-16T11:26:46+00:00\",\"description\":\"Ein authentischer Geschmack aus der Region ist dieses R\u00fchrei aus reinen Oliven aus Nyons A.O.P. der Sorte Tanche, die als eine der schmackhaftesten des Mittelmeerraums bekannt ist.\",\"breadcrumb\":{\"@id\":\"https:\/\/www.lesdelicesdeprovence.ch\/de\/produits\/affinade\/#breadcrumb\"},\"inLanguage\":\"de\",\"potentialAction\":[{\"@type\":\"ReadAction\",\"target\":[\"https:\/\/www.lesdelicesdeprovence.ch\/de\/produits\/affinade\/\"]}]},{\"@type\":\"ImageObject\",\"inLanguage\":\"de\",\"@id\":\"https:\/\/www.lesdelicesdeprovence.ch\/de\/produits\/affinade\/#primaryimage\",\"url\":\"https:\/\/www.lesdelicesdeprovence.ch\/wp-content\/uploads\/2023\/03\/IMG_4290-scaled.jpg\",\"contentUrl\":\"https:\/\/www.lesdelicesdeprovence.ch\/wp-content\/uploads\/2023\/03\/IMG_4290-scaled.jpg\",\"width\":2342,\"height\":2560},{\"@type\":\"BreadcrumbList\",\"@id\":\"https:\/\/www.lesdelicesdeprovence.ch\/de\/produits\/affinade\/#breadcrumb\",\"itemListElement\":[{\"@type\":\"ListItem\",\"position\":1,\"name\":\"Accoglienza\",\"item\":\"http:\/\/www.lesdelicesdeprovence.ch\/de\/\"},{\"@type\":\"ListItem\",\"position\":2,\"name\":\"Shop\",\"item\":\"http:\/\/www.lesdelicesdeprovence.ch\/de\/geschaeft\/\"},{\"@type\":\"ListItem\",\"position\":3,\"name\":\"Affinade de Nyons\"}]},{\"@type\":\"WebSite\",\"@id\":\"https:\/\/www.lesdelicesdeprovence.ch\/de\/#website\",\"url\":\"https:\/\/www.lesdelicesdeprovence.ch\/de\/\",\"name\":\"Les D\u00e9lices de Provence\",\"description\":\"Epicerie fine en ligne\",\"potentialAction\":[{\"@type\":\"SearchAction\",\"target\":{\"@type\":\"EntryPoint\",\"urlTemplate\":\"https:\/\/www.lesdelicesdeprovence.ch\/de\/?s={search_term_string}\"},\"query-input\":{\"@type\":\"PropertyValueSpecification\",\"valueRequired\":true,\"valueName\":\"search_term_string\"}}],\"inLanguage\":\"de\"}]}<\/script>\n<!-- \/ Yoast SEO plugin. -->","yoast_head_json":{"title":"Affinade de Nyons","description":"Ein authentischer Geschmack aus der Region ist dieses R\u00fchrei aus reinen Oliven aus Nyons A.O.P. der Sorte Tanche, die als eine der schmackhaftesten des Mittelmeerraums bekannt ist.","robots":{"index":"index","follow":"follow","max-snippet":"max-snippet:-1","max-image-preview":"max-image-preview:large","max-video-preview":"max-video-preview:-1"},"canonical":"https:\/\/www.lesdelicesdeprovence.ch\/de\/produits\/affinade\/","og_locale":"de_DE","og_type":"article","og_title":"Affinade de Nyons","og_description":"Ein authentischer Geschmack aus der Region ist dieses R\u00fchrei aus reinen Oliven aus Nyons A.O.P. der Sorte Tanche, die als eine der schmackhaftesten des Mittelmeerraums bekannt ist.","og_url":"https:\/\/www.lesdelicesdeprovence.ch\/de\/produits\/affinade\/","og_site_name":"Les D\u00e9lices de Provence","article_modified_time":"2024-02-16T11:26:46+00:00","og_image":[{"width":2342,"height":2560,"url":"https:\/\/www.lesdelicesdeprovence.ch\/wp-content\/uploads\/2023\/03\/IMG_4290-scaled.jpg","type":"image\/jpeg"}],"twitter_card":"summary_large_image","twitter_misc":{"Gesch\u00e4tzte Lesezeit":"1\u00a0Minute"},"schema":{"@context":"https:\/\/schema.org","@graph":[{"@type":"WebPage","@id":"https:\/\/www.lesdelicesdeprovence.ch\/de\/produits\/affinade\/","url":"https:\/\/www.lesdelicesdeprovence.ch\/de\/produits\/affinade\/","name":"Affinade de Nyons","isPartOf":{"@id":"https:\/\/www.lesdelicesdeprovence.ch\/de\/#website"},"primaryImageOfPage":{"@id":"https:\/\/www.lesdelicesdeprovence.ch\/de\/produits\/affinade\/#primaryimage"},"image":{"@id":"https:\/\/www.lesdelicesdeprovence.ch\/de\/produits\/affinade\/#primaryimage"},"thumbnailUrl":"https:\/\/www.lesdelicesdeprovence.ch\/wp-content\/uploads\/2023\/03\/IMG_4290-scaled.jpg","datePublished":"2022-05-10T13:26:08+00:00","dateModified":"2024-02-16T11:26:46+00:00","description":"Ein authentischer Geschmack aus der Region ist dieses R\u00fchrei aus reinen Oliven aus Nyons A.O.P. der Sorte Tanche, die als eine der schmackhaftesten des Mittelmeerraums bekannt ist.","breadcrumb":{"@id":"https:\/\/www.lesdelicesdeprovence.ch\/de\/produits\/affinade\/#breadcrumb"},"inLanguage":"de","potentialAction":[{"@type":"ReadAction","target":["https:\/\/www.lesdelicesdeprovence.ch\/de\/produits\/affinade\/"]}]},{"@type":"ImageObject","inLanguage":"de","@id":"https:\/\/www.lesdelicesdeprovence.ch\/de\/produits\/affinade\/#primaryimage","url":"https:\/\/www.lesdelicesdeprovence.ch\/wp-content\/uploads\/2023\/03\/IMG_4290-scaled.jpg","contentUrl":"https:\/\/www.lesdelicesdeprovence.ch\/wp-content\/uploads\/2023\/03\/IMG_4290-scaled.jpg","width":2342,"height":2560},{"@type":"BreadcrumbList","@id":"https:\/\/www.lesdelicesdeprovence.ch\/de\/produits\/affinade\/#breadcrumb","itemListElement":[{"@type":"ListItem","position":1,"name":"Accoglienza","item":"http:\/\/www.lesdelicesdeprovence.ch\/de\/"},{"@type":"ListItem","position":2,"name":"Shop","item":"http:\/\/www.lesdelicesdeprovence.ch\/de\/geschaeft\/"},{"@type":"ListItem","position":3,"name":"Affinade de Nyons"}]},{"@type":"WebSite","@id":"https:\/\/www.lesdelicesdeprovence.ch\/de\/#website","url":"https:\/\/www.lesdelicesdeprovence.ch\/de\/","name":"Les D\u00e9lices de Provence","description":"Epicerie fine en ligne","potentialAction":[{"@type":"SearchAction","target":{"@type":"EntryPoint","urlTemplate":"https:\/\/www.lesdelicesdeprovence.ch\/de\/?s={search_term_string}"},"query-input":{"@type":"PropertyValueSpecification","valueRequired":true,"valueName":"search_term_string"}}],"inLanguage":"de"}]}},"_links":{"self":[{"href":"https:\/\/www.lesdelicesdeprovence.ch\/de\/wp-json\/wp\/v2\/product\/9293","targetHints":{"allow":["GET"]}}],"collection":[{"href":"https:\/\/www.lesdelicesdeprovence.ch\/de\/wp-json\/wp\/v2\/product"}],"about":[{"href":"https:\/\/www.lesdelicesdeprovence.ch\/de\/wp-json\/wp\/v2\/types\/product"}],"version-history":[{"count":2,"href":"https:\/\/www.lesdelicesdeprovence.ch\/de\/wp-json\/wp\/v2\/product\/9293\/revisions"}],"predecessor-version":[{"id":9297,"href":"https:\/\/www.lesdelicesdeprovence.ch\/de\/wp-json\/wp\/v2\/product\/9293\/revisions\/9297"}],"wp:featuredmedia":[{"embeddable":true,"href":"https:\/\/www.lesdelicesdeprovence.ch\/de\/wp-json\/wp\/v2\/media\/9294"}],"wp:attachment":[{"href":"https:\/\/www.lesdelicesdeprovence.ch\/de\/wp-json\/wp\/v2\/media?parent=9293"}],"wp:term":[{"taxonomy":"product_cat","embeddable":true,"href":"https:\/\/www.lesdelicesdeprovence.ch\/de\/wp-json\/wp\/v2\/product_cat?post=9293"},{"taxonomy":"product_tag","embeddable":true,"href":"https:\/\/www.lesdelicesdeprovence.ch\/de\/wp-json\/wp\/v2\/product_tag?post=9293"}],"curies":[{"name":"wp","href":"https:\/\/api.w.org\/{rel}","templated":true}]}}