{"id":9371,"date":"2023-03-22T17:04:33","date_gmt":"2023-03-22T17:04:33","guid":{"rendered":"https:\/\/www.lesdelicesdeprovence.ch\/?post_type=product&#038;p=9371"},"modified":"2023-03-22T19:28:00","modified_gmt":"2023-03-22T19:28:00","slug":"anchoiade-des-baronnies-3","status":"publish","type":"product","link":"https:\/\/www.lesdelicesdeprovence.ch\/de\/produits\/anchoiade-des-baronnies-3\/","title":{"rendered":"Ancho\u00efade des Baronnies"},"content":{"rendered":"<p>Es ist schwer, die Qualit\u00e4t der Zutaten und die Ausgewogenheit des Rezepts zu \u00fcbertreffen!<\/p>\n<p>Diese Ancho\u00efade wurde, wie alle gro\u00dfen Klassiker des provenzalischen Kochhandwerks, von uns unter all denjenigen ausgew\u00e4hlt, die wir bei anderen Herstellern probiert haben.<\/p>\n<p>Wir haben ihre St\u00e4rke, ihre weiche und cremige Textur und ihren typisch mediterranen Geschmack gesch\u00e4tzt, der Sie sofort in den S\u00fcden versetzt.<\/p>\n<p>Gleichzeitig ist es kein Zufall, dass der Handwerker, der dieses Wunder zusammenstellt, die ber\u00fchmte Tanche de Nyons A.O.P. verwendet, die wahrscheinlich schmackhafteste Olive Frankreichs.<\/p>\n<p>Genie\u00dfen Sie sie als Aperitif auf kleinen ger\u00f6steten Toasts, aber z\u00f6gern Sie nicht, sie auch in der K\u00fcche zu verwenden, vor allem, um Ihre Gerichte zu verfeinern!<\/p>\n<p><strong>Zutaten: Sardellencreme 60% (gesalzene Sardellen, Oliven\u00f6l), schwarze Olive aus Nyons A.O.P 34%, Essig, Kapern, Knoblauch, Gew\u00fcrze, Kr\u00e4uter der Provence.<\/strong><\/p>\n<p><strong>Inhalt: 90g<\/strong><\/p>\n","protected":false},"excerpt":{"rendered":"<p>Ein Klassiker aus der Provence, bestehend aus Mittelmeer-Anchovis und der ber\u00fchmten A.O.P.-Olive aus Nyons, die beim handwerklichen Erzeuger geerntet werden.<\/p>\n","protected":false},"featured_media":11039,"template":"","meta":[],"product_cat":[246],"product_tag":[],"class_list":{"0":"post-9371","1":"product","2":"type-product","3":"status-publish","4":"has-post-thumbnail","6":"product_cat-aperitif-saucen","8":"first","9":"instock","10":"taxable","11":"shipping-taxable","12":"purchasable","13":"product-type-simple"},"yoast_head":"<!-- This site is optimized with the Yoast SEO plugin v27.2 - https:\/\/yoast.com\/product\/yoast-seo-wordpress\/ -->\n<title>Ancho\u00efade des Baronnies<\/title>\n<meta name=\"description\" content=\"Ein Klassiker aus der Provence, bestehend aus Mittelmeer-Anchovis und der ber\u00fchmten A.O.P.-Olive aus Nyons, die beim handwerklichen Erzeuger geerntet werden.\" \/>\n<meta name=\"robots\" content=\"index, follow, max-snippet:-1, max-image-preview:large, max-video-preview:-1\" \/>\n<link rel=\"canonical\" href=\"https:\/\/www.lesdelicesdeprovence.ch\/de\/produits\/anchoiade-des-baronnies-3\/\" \/>\n<meta property=\"og:locale\" content=\"de_DE\" \/>\n<meta property=\"og:type\" content=\"article\" \/>\n<meta property=\"og:title\" content=\"Ancho\u00efade des Baronnies\" \/>\n<meta property=\"og:description\" content=\"Ein Klassiker aus der Provence, bestehend aus Mittelmeer-Anchovis und der ber\u00fchmten A.O.P.-Olive aus Nyons, die beim handwerklichen Erzeuger geerntet werden.\" \/>\n<meta property=\"og:url\" content=\"https:\/\/www.lesdelicesdeprovence.ch\/de\/produits\/anchoiade-des-baronnies-3\/\" \/>\n<meta property=\"og:site_name\" content=\"Les D\u00e9lices de Provence\" \/>\n<meta property=\"article:modified_time\" content=\"2023-03-22T19:28:00+00:00\" \/>\n<meta property=\"og:image\" content=\"http:\/\/www.lesdelicesdeprovence.ch\/wp-content\/uploads\/2023\/03\/IMG_4408-scaled.jpg\" \/>\n\t<meta property=\"og:image:width\" content=\"2272\" \/>\n\t<meta property=\"og:image:height\" content=\"2560\" \/>\n\t<meta property=\"og:image:type\" content=\"image\/jpeg\" \/>\n<meta name=\"twitter:card\" content=\"summary_large_image\" \/>\n<meta name=\"twitter:label1\" content=\"Gesch\u00e4tzte Lesezeit\" \/>\n\t<meta name=\"twitter:data1\" content=\"1\u00a0Minute\" \/>\n<script type=\"application\/ld+json\" class=\"yoast-schema-graph\">{\"@context\":\"https:\/\/schema.org\",\"@graph\":[{\"@type\":\"WebPage\",\"@id\":\"https:\/\/www.lesdelicesdeprovence.ch\/de\/produits\/anchoiade-des-baronnies-3\/\",\"url\":\"https:\/\/www.lesdelicesdeprovence.ch\/de\/produits\/anchoiade-des-baronnies-3\/\",\"name\":\"Ancho\u00efade des Baronnies\",\"isPartOf\":{\"@id\":\"https:\/\/www.lesdelicesdeprovence.ch\/de\/#website\"},\"primaryImageOfPage\":{\"@id\":\"https:\/\/www.lesdelicesdeprovence.ch\/de\/produits\/anchoiade-des-baronnies-3\/#primaryimage\"},\"image\":{\"@id\":\"https:\/\/www.lesdelicesdeprovence.ch\/de\/produits\/anchoiade-des-baronnies-3\/#primaryimage\"},\"thumbnailUrl\":\"https:\/\/www.lesdelicesdeprovence.ch\/wp-content\/uploads\/2023\/03\/IMG_4408-scaled.jpg\",\"datePublished\":\"2023-03-22T17:04:33+00:00\",\"dateModified\":\"2023-03-22T19:28:00+00:00\",\"description\":\"Ein Klassiker aus der Provence, bestehend aus Mittelmeer-Anchovis und der ber\u00fchmten A.O.P.-Olive aus Nyons, die beim handwerklichen Erzeuger geerntet werden.\",\"breadcrumb\":{\"@id\":\"https:\/\/www.lesdelicesdeprovence.ch\/de\/produits\/anchoiade-des-baronnies-3\/#breadcrumb\"},\"inLanguage\":\"de\",\"potentialAction\":[{\"@type\":\"ReadAction\",\"target\":[\"https:\/\/www.lesdelicesdeprovence.ch\/de\/produits\/anchoiade-des-baronnies-3\/\"]}]},{\"@type\":\"ImageObject\",\"inLanguage\":\"de\",\"@id\":\"https:\/\/www.lesdelicesdeprovence.ch\/de\/produits\/anchoiade-des-baronnies-3\/#primaryimage\",\"url\":\"https:\/\/www.lesdelicesdeprovence.ch\/wp-content\/uploads\/2023\/03\/IMG_4408-scaled.jpg\",\"contentUrl\":\"https:\/\/www.lesdelicesdeprovence.ch\/wp-content\/uploads\/2023\/03\/IMG_4408-scaled.jpg\",\"width\":2272,\"height\":2560},{\"@type\":\"BreadcrumbList\",\"@id\":\"https:\/\/www.lesdelicesdeprovence.ch\/de\/produits\/anchoiade-des-baronnies-3\/#breadcrumb\",\"itemListElement\":[{\"@type\":\"ListItem\",\"position\":1,\"name\":\"Accoglienza\",\"item\":\"http:\/\/www.lesdelicesdeprovence.ch\/de\/\"},{\"@type\":\"ListItem\",\"position\":2,\"name\":\"Shop\",\"item\":\"http:\/\/www.lesdelicesdeprovence.ch\/de\/geschaeft\/\"},{\"@type\":\"ListItem\",\"position\":3,\"name\":\"Ancho\u00efade des Baronnies\"}]},{\"@type\":\"WebSite\",\"@id\":\"https:\/\/www.lesdelicesdeprovence.ch\/de\/#website\",\"url\":\"https:\/\/www.lesdelicesdeprovence.ch\/de\/\",\"name\":\"Les D\u00e9lices de Provence\",\"description\":\"Epicerie fine en ligne\",\"potentialAction\":[{\"@type\":\"SearchAction\",\"target\":{\"@type\":\"EntryPoint\",\"urlTemplate\":\"https:\/\/www.lesdelicesdeprovence.ch\/de\/?s={search_term_string}\"},\"query-input\":{\"@type\":\"PropertyValueSpecification\",\"valueRequired\":true,\"valueName\":\"search_term_string\"}}],\"inLanguage\":\"de\"}]}<\/script>\n<!-- \/ Yoast SEO plugin. -->","yoast_head_json":{"title":"Ancho\u00efade des Baronnies","description":"Ein Klassiker aus der Provence, bestehend aus Mittelmeer-Anchovis und der ber\u00fchmten A.O.P.-Olive aus Nyons, die beim handwerklichen Erzeuger geerntet werden.","robots":{"index":"index","follow":"follow","max-snippet":"max-snippet:-1","max-image-preview":"max-image-preview:large","max-video-preview":"max-video-preview:-1"},"canonical":"https:\/\/www.lesdelicesdeprovence.ch\/de\/produits\/anchoiade-des-baronnies-3\/","og_locale":"de_DE","og_type":"article","og_title":"Ancho\u00efade des Baronnies","og_description":"Ein Klassiker aus der Provence, bestehend aus Mittelmeer-Anchovis und der ber\u00fchmten A.O.P.-Olive aus Nyons, die beim handwerklichen Erzeuger geerntet werden.","og_url":"https:\/\/www.lesdelicesdeprovence.ch\/de\/produits\/anchoiade-des-baronnies-3\/","og_site_name":"Les D\u00e9lices de Provence","article_modified_time":"2023-03-22T19:28:00+00:00","og_image":[{"width":2272,"height":2560,"url":"http:\/\/www.lesdelicesdeprovence.ch\/wp-content\/uploads\/2023\/03\/IMG_4408-scaled.jpg","type":"image\/jpeg"}],"twitter_card":"summary_large_image","twitter_misc":{"Gesch\u00e4tzte Lesezeit":"1\u00a0Minute"},"schema":{"@context":"https:\/\/schema.org","@graph":[{"@type":"WebPage","@id":"https:\/\/www.lesdelicesdeprovence.ch\/de\/produits\/anchoiade-des-baronnies-3\/","url":"https:\/\/www.lesdelicesdeprovence.ch\/de\/produits\/anchoiade-des-baronnies-3\/","name":"Ancho\u00efade des Baronnies","isPartOf":{"@id":"https:\/\/www.lesdelicesdeprovence.ch\/de\/#website"},"primaryImageOfPage":{"@id":"https:\/\/www.lesdelicesdeprovence.ch\/de\/produits\/anchoiade-des-baronnies-3\/#primaryimage"},"image":{"@id":"https:\/\/www.lesdelicesdeprovence.ch\/de\/produits\/anchoiade-des-baronnies-3\/#primaryimage"},"thumbnailUrl":"https:\/\/www.lesdelicesdeprovence.ch\/wp-content\/uploads\/2023\/03\/IMG_4408-scaled.jpg","datePublished":"2023-03-22T17:04:33+00:00","dateModified":"2023-03-22T19:28:00+00:00","description":"Ein Klassiker aus der Provence, bestehend aus Mittelmeer-Anchovis und der ber\u00fchmten A.O.P.-Olive aus Nyons, die beim handwerklichen Erzeuger geerntet werden.","breadcrumb":{"@id":"https:\/\/www.lesdelicesdeprovence.ch\/de\/produits\/anchoiade-des-baronnies-3\/#breadcrumb"},"inLanguage":"de","potentialAction":[{"@type":"ReadAction","target":["https:\/\/www.lesdelicesdeprovence.ch\/de\/produits\/anchoiade-des-baronnies-3\/"]}]},{"@type":"ImageObject","inLanguage":"de","@id":"https:\/\/www.lesdelicesdeprovence.ch\/de\/produits\/anchoiade-des-baronnies-3\/#primaryimage","url":"https:\/\/www.lesdelicesdeprovence.ch\/wp-content\/uploads\/2023\/03\/IMG_4408-scaled.jpg","contentUrl":"https:\/\/www.lesdelicesdeprovence.ch\/wp-content\/uploads\/2023\/03\/IMG_4408-scaled.jpg","width":2272,"height":2560},{"@type":"BreadcrumbList","@id":"https:\/\/www.lesdelicesdeprovence.ch\/de\/produits\/anchoiade-des-baronnies-3\/#breadcrumb","itemListElement":[{"@type":"ListItem","position":1,"name":"Accoglienza","item":"http:\/\/www.lesdelicesdeprovence.ch\/de\/"},{"@type":"ListItem","position":2,"name":"Shop","item":"http:\/\/www.lesdelicesdeprovence.ch\/de\/geschaeft\/"},{"@type":"ListItem","position":3,"name":"Ancho\u00efade des Baronnies"}]},{"@type":"WebSite","@id":"https:\/\/www.lesdelicesdeprovence.ch\/de\/#website","url":"https:\/\/www.lesdelicesdeprovence.ch\/de\/","name":"Les D\u00e9lices de Provence","description":"Epicerie fine en ligne","potentialAction":[{"@type":"SearchAction","target":{"@type":"EntryPoint","urlTemplate":"https:\/\/www.lesdelicesdeprovence.ch\/de\/?s={search_term_string}"},"query-input":{"@type":"PropertyValueSpecification","valueRequired":true,"valueName":"search_term_string"}}],"inLanguage":"de"}]}},"_links":{"self":[{"href":"https:\/\/www.lesdelicesdeprovence.ch\/de\/wp-json\/wp\/v2\/product\/9371","targetHints":{"allow":["GET"]}}],"collection":[{"href":"https:\/\/www.lesdelicesdeprovence.ch\/de\/wp-json\/wp\/v2\/product"}],"about":[{"href":"https:\/\/www.lesdelicesdeprovence.ch\/de\/wp-json\/wp\/v2\/types\/product"}],"version-history":[{"count":1,"href":"https:\/\/www.lesdelicesdeprovence.ch\/de\/wp-json\/wp\/v2\/product\/9371\/revisions"}],"predecessor-version":[{"id":9372,"href":"https:\/\/www.lesdelicesdeprovence.ch\/de\/wp-json\/wp\/v2\/product\/9371\/revisions\/9372"}],"wp:featuredmedia":[{"embeddable":true,"href":"https:\/\/www.lesdelicesdeprovence.ch\/de\/wp-json\/wp\/v2\/media\/11039"}],"wp:attachment":[{"href":"https:\/\/www.lesdelicesdeprovence.ch\/de\/wp-json\/wp\/v2\/media?parent=9371"}],"wp:term":[{"taxonomy":"product_cat","embeddable":true,"href":"https:\/\/www.lesdelicesdeprovence.ch\/de\/wp-json\/wp\/v2\/product_cat?post=9371"},{"taxonomy":"product_tag","embeddable":true,"href":"https:\/\/www.lesdelicesdeprovence.ch\/de\/wp-json\/wp\/v2\/product_tag?post=9371"}],"curies":[{"name":"wp","href":"https:\/\/api.w.org\/{rel}","templated":true}]}}