{"id":9389,"date":"2023-03-22T19:04:56","date_gmt":"2023-03-22T19:04:56","guid":{"rendered":"https:\/\/www.lesdelicesdeprovence.ch\/?post_type=product&#038;p=9389"},"modified":"2023-03-22T19:11:39","modified_gmt":"2023-03-22T19:11:39","slug":"sardinade-2","status":"publish","type":"product","link":"https:\/\/www.lesdelicesdeprovence.ch\/de\/produits\/sardinade-2\/","title":{"rendered":"Sardinade"},"content":{"rendered":"<p>Die schwarze Olive der Sorte Tanche aus den provenzalischen Baronnies ist f\u00fcr ihren unvergleichlichen Geschmack bekannt, der auf das Mikroklima im Norden des Vaucluse zur\u00fcckzuf\u00fchren ist.<\/p>\n<p>Kombinieren Sie sie mit einem R\u00fchrei aus geschmackvollen Sardinen aus dem Mittelmeerraum und einem Schuss hochwertigem Oliven\u00f6l und Sie erhalten einen Brotaufstrich, der Liebhaber salziger Aromen garantiert verw\u00f6hnen wird.<\/p>\n<p>Die Sardinade setzt sich aus &#8222;Sardine&#8220; und &#8222;Tapenade&#8220; zusammen und wird in einem kleinen Olivenhain in den Baronnies aus den auf dem Gut geernteten Oliven handwerklich hergestellt.<\/p>\n<p>Aperitifs, Brotaufstriche, Sandwiches sind nur einige der m\u00f6glichen Verwendungszwecke der Sardinade, aber in der K\u00fcche kommt es vor allem auf die Inspiration an, also lassen Sie Ihrer Fantasie freien Lauf!<\/p>\n<p><strong>Zutaten: Sardine 42%, Oliven\u00f6l, Salz, schwarze Oliven aus den Baronnies 36%, Wasser, Balsamico-Essig.<\/strong><\/p>\n<p><strong>Inhalt: 90g<\/strong><\/p>\n","protected":false},"excerpt":{"rendered":"<p>Die Sardinade ist eine Aperitifsauce mit einem herrlich salzigen Geschmack, die aus der Kombination von Mittelmeersardinen und schwarzen Oliven aus den provenzalischen Baronnies entstanden ist.<\/p>\n","protected":false},"featured_media":14550,"template":"","meta":[],"product_cat":[246],"product_tag":[],"class_list":{"0":"post-9389","1":"product","2":"type-product","3":"status-publish","4":"has-post-thumbnail","6":"product_cat-aperitif-saucen","8":"first","9":"instock","10":"taxable","11":"shipping-taxable","12":"purchasable","13":"product-type-simple"},"yoast_head":"<!-- This site is optimized with the Yoast SEO plugin v27.2 - https:\/\/yoast.com\/product\/yoast-seo-wordpress\/ -->\n<title>Sardinade<\/title>\n<meta name=\"description\" content=\"Die Sardinade ist eine Aperitifsauce mit einem herrlich salzigen Geschmack, die aus der Kombination von Mittelmeersardinen und schwarzen Oliven aus den provenzalischen Baronnies entstanden ist.\" \/>\n<meta name=\"robots\" content=\"index, follow, max-snippet:-1, max-image-preview:large, max-video-preview:-1\" \/>\n<link rel=\"canonical\" href=\"https:\/\/www.lesdelicesdeprovence.ch\/de\/produits\/sardinade-2\/\" \/>\n<meta property=\"og:locale\" content=\"de_DE\" \/>\n<meta property=\"og:type\" content=\"article\" \/>\n<meta property=\"og:title\" content=\"Sardinade\" \/>\n<meta property=\"og:description\" content=\"Die Sardinade ist eine Aperitifsauce mit einem herrlich salzigen Geschmack, die aus der Kombination von Mittelmeersardinen und schwarzen Oliven aus den provenzalischen Baronnies entstanden ist.\" \/>\n<meta property=\"og:url\" content=\"https:\/\/www.lesdelicesdeprovence.ch\/de\/produits\/sardinade-2\/\" \/>\n<meta property=\"og:site_name\" content=\"Les D\u00e9lices de Provence\" \/>\n<meta property=\"article:modified_time\" content=\"2023-03-22T19:11:39+00:00\" \/>\n<meta property=\"og:image\" content=\"https:\/\/www.lesdelicesdeprovence.ch\/wp-content\/uploads\/2023\/03\/IMG_4409-scaled.jpg\" \/>\n\t<meta property=\"og:image:width\" content=\"2332\" \/>\n\t<meta property=\"og:image:height\" content=\"2560\" \/>\n\t<meta property=\"og:image:type\" content=\"image\/jpeg\" \/>\n<meta name=\"twitter:card\" content=\"summary_large_image\" \/>\n<meta name=\"twitter:label1\" content=\"Gesch\u00e4tzte Lesezeit\" \/>\n\t<meta name=\"twitter:data1\" content=\"1\u00a0Minute\" \/>\n<script type=\"application\/ld+json\" class=\"yoast-schema-graph\">{\"@context\":\"https:\/\/schema.org\",\"@graph\":[{\"@type\":\"WebPage\",\"@id\":\"https:\/\/www.lesdelicesdeprovence.ch\/de\/produits\/sardinade-2\/\",\"url\":\"https:\/\/www.lesdelicesdeprovence.ch\/de\/produits\/sardinade-2\/\",\"name\":\"Sardinade\",\"isPartOf\":{\"@id\":\"https:\/\/www.lesdelicesdeprovence.ch\/de\/#website\"},\"primaryImageOfPage\":{\"@id\":\"https:\/\/www.lesdelicesdeprovence.ch\/de\/produits\/sardinade-2\/#primaryimage\"},\"image\":{\"@id\":\"https:\/\/www.lesdelicesdeprovence.ch\/de\/produits\/sardinade-2\/#primaryimage\"},\"thumbnailUrl\":\"https:\/\/www.lesdelicesdeprovence.ch\/wp-content\/uploads\/2023\/03\/IMG_4409-scaled.jpg\",\"datePublished\":\"2023-03-22T19:04:56+00:00\",\"dateModified\":\"2023-03-22T19:11:39+00:00\",\"description\":\"Die Sardinade ist eine Aperitifsauce mit einem herrlich salzigen Geschmack, die aus der Kombination von Mittelmeersardinen und schwarzen Oliven aus den provenzalischen Baronnies entstanden ist.\",\"breadcrumb\":{\"@id\":\"https:\/\/www.lesdelicesdeprovence.ch\/de\/produits\/sardinade-2\/#breadcrumb\"},\"inLanguage\":\"de\",\"potentialAction\":[{\"@type\":\"ReadAction\",\"target\":[\"https:\/\/www.lesdelicesdeprovence.ch\/de\/produits\/sardinade-2\/\"]}]},{\"@type\":\"ImageObject\",\"inLanguage\":\"de\",\"@id\":\"https:\/\/www.lesdelicesdeprovence.ch\/de\/produits\/sardinade-2\/#primaryimage\",\"url\":\"https:\/\/www.lesdelicesdeprovence.ch\/wp-content\/uploads\/2023\/03\/IMG_4409-scaled.jpg\",\"contentUrl\":\"https:\/\/www.lesdelicesdeprovence.ch\/wp-content\/uploads\/2023\/03\/IMG_4409-scaled.jpg\",\"width\":2332,\"height\":2560},{\"@type\":\"BreadcrumbList\",\"@id\":\"https:\/\/www.lesdelicesdeprovence.ch\/de\/produits\/sardinade-2\/#breadcrumb\",\"itemListElement\":[{\"@type\":\"ListItem\",\"position\":1,\"name\":\"Accoglienza\",\"item\":\"http:\/\/www.lesdelicesdeprovence.ch\/de\/\"},{\"@type\":\"ListItem\",\"position\":2,\"name\":\"Shop\",\"item\":\"http:\/\/www.lesdelicesdeprovence.ch\/de\/geschaeft\/\"},{\"@type\":\"ListItem\",\"position\":3,\"name\":\"Sardinade\"}]},{\"@type\":\"WebSite\",\"@id\":\"https:\/\/www.lesdelicesdeprovence.ch\/de\/#website\",\"url\":\"https:\/\/www.lesdelicesdeprovence.ch\/de\/\",\"name\":\"Les D\u00e9lices de Provence\",\"description\":\"Epicerie fine en ligne\",\"potentialAction\":[{\"@type\":\"SearchAction\",\"target\":{\"@type\":\"EntryPoint\",\"urlTemplate\":\"https:\/\/www.lesdelicesdeprovence.ch\/de\/?s={search_term_string}\"},\"query-input\":{\"@type\":\"PropertyValueSpecification\",\"valueRequired\":true,\"valueName\":\"search_term_string\"}}],\"inLanguage\":\"de\"}]}<\/script>\n<!-- \/ Yoast SEO plugin. -->","yoast_head_json":{"title":"Sardinade","description":"Die Sardinade ist eine Aperitifsauce mit einem herrlich salzigen Geschmack, die aus der Kombination von Mittelmeersardinen und schwarzen Oliven aus den provenzalischen Baronnies entstanden ist.","robots":{"index":"index","follow":"follow","max-snippet":"max-snippet:-1","max-image-preview":"max-image-preview:large","max-video-preview":"max-video-preview:-1"},"canonical":"https:\/\/www.lesdelicesdeprovence.ch\/de\/produits\/sardinade-2\/","og_locale":"de_DE","og_type":"article","og_title":"Sardinade","og_description":"Die Sardinade ist eine Aperitifsauce mit einem herrlich salzigen Geschmack, die aus der Kombination von Mittelmeersardinen und schwarzen Oliven aus den provenzalischen Baronnies entstanden ist.","og_url":"https:\/\/www.lesdelicesdeprovence.ch\/de\/produits\/sardinade-2\/","og_site_name":"Les D\u00e9lices de Provence","article_modified_time":"2023-03-22T19:11:39+00:00","og_image":[{"width":2332,"height":2560,"url":"https:\/\/www.lesdelicesdeprovence.ch\/wp-content\/uploads\/2023\/03\/IMG_4409-scaled.jpg","type":"image\/jpeg"}],"twitter_card":"summary_large_image","twitter_misc":{"Gesch\u00e4tzte Lesezeit":"1\u00a0Minute"},"schema":{"@context":"https:\/\/schema.org","@graph":[{"@type":"WebPage","@id":"https:\/\/www.lesdelicesdeprovence.ch\/de\/produits\/sardinade-2\/","url":"https:\/\/www.lesdelicesdeprovence.ch\/de\/produits\/sardinade-2\/","name":"Sardinade","isPartOf":{"@id":"https:\/\/www.lesdelicesdeprovence.ch\/de\/#website"},"primaryImageOfPage":{"@id":"https:\/\/www.lesdelicesdeprovence.ch\/de\/produits\/sardinade-2\/#primaryimage"},"image":{"@id":"https:\/\/www.lesdelicesdeprovence.ch\/de\/produits\/sardinade-2\/#primaryimage"},"thumbnailUrl":"https:\/\/www.lesdelicesdeprovence.ch\/wp-content\/uploads\/2023\/03\/IMG_4409-scaled.jpg","datePublished":"2023-03-22T19:04:56+00:00","dateModified":"2023-03-22T19:11:39+00:00","description":"Die Sardinade ist eine Aperitifsauce mit einem herrlich salzigen Geschmack, die aus der Kombination von Mittelmeersardinen und schwarzen Oliven aus den provenzalischen Baronnies entstanden ist.","breadcrumb":{"@id":"https:\/\/www.lesdelicesdeprovence.ch\/de\/produits\/sardinade-2\/#breadcrumb"},"inLanguage":"de","potentialAction":[{"@type":"ReadAction","target":["https:\/\/www.lesdelicesdeprovence.ch\/de\/produits\/sardinade-2\/"]}]},{"@type":"ImageObject","inLanguage":"de","@id":"https:\/\/www.lesdelicesdeprovence.ch\/de\/produits\/sardinade-2\/#primaryimage","url":"https:\/\/www.lesdelicesdeprovence.ch\/wp-content\/uploads\/2023\/03\/IMG_4409-scaled.jpg","contentUrl":"https:\/\/www.lesdelicesdeprovence.ch\/wp-content\/uploads\/2023\/03\/IMG_4409-scaled.jpg","width":2332,"height":2560},{"@type":"BreadcrumbList","@id":"https:\/\/www.lesdelicesdeprovence.ch\/de\/produits\/sardinade-2\/#breadcrumb","itemListElement":[{"@type":"ListItem","position":1,"name":"Accoglienza","item":"http:\/\/www.lesdelicesdeprovence.ch\/de\/"},{"@type":"ListItem","position":2,"name":"Shop","item":"http:\/\/www.lesdelicesdeprovence.ch\/de\/geschaeft\/"},{"@type":"ListItem","position":3,"name":"Sardinade"}]},{"@type":"WebSite","@id":"https:\/\/www.lesdelicesdeprovence.ch\/de\/#website","url":"https:\/\/www.lesdelicesdeprovence.ch\/de\/","name":"Les D\u00e9lices de Provence","description":"Epicerie fine en ligne","potentialAction":[{"@type":"SearchAction","target":{"@type":"EntryPoint","urlTemplate":"https:\/\/www.lesdelicesdeprovence.ch\/de\/?s={search_term_string}"},"query-input":{"@type":"PropertyValueSpecification","valueRequired":true,"valueName":"search_term_string"}}],"inLanguage":"de"}]}},"_links":{"self":[{"href":"https:\/\/www.lesdelicesdeprovence.ch\/de\/wp-json\/wp\/v2\/product\/9389","targetHints":{"allow":["GET"]}}],"collection":[{"href":"https:\/\/www.lesdelicesdeprovence.ch\/de\/wp-json\/wp\/v2\/product"}],"about":[{"href":"https:\/\/www.lesdelicesdeprovence.ch\/de\/wp-json\/wp\/v2\/types\/product"}],"version-history":[{"count":1,"href":"https:\/\/www.lesdelicesdeprovence.ch\/de\/wp-json\/wp\/v2\/product\/9389\/revisions"}],"predecessor-version":[{"id":9390,"href":"https:\/\/www.lesdelicesdeprovence.ch\/de\/wp-json\/wp\/v2\/product\/9389\/revisions\/9390"}],"wp:featuredmedia":[{"embeddable":true,"href":"https:\/\/www.lesdelicesdeprovence.ch\/de\/wp-json\/wp\/v2\/media\/14550"}],"wp:attachment":[{"href":"https:\/\/www.lesdelicesdeprovence.ch\/de\/wp-json\/wp\/v2\/media?parent=9389"}],"wp:term":[{"taxonomy":"product_cat","embeddable":true,"href":"https:\/\/www.lesdelicesdeprovence.ch\/de\/wp-json\/wp\/v2\/product_cat?post=9389"},{"taxonomy":"product_tag","embeddable":true,"href":"https:\/\/www.lesdelicesdeprovence.ch\/de\/wp-json\/wp\/v2\/product_tag?post=9389"}],"curies":[{"name":"wp","href":"https:\/\/api.w.org\/{rel}","templated":true}]}}