{"id":12225,"date":"2021-07-19T07:46:21","date_gmt":"2021-07-19T07:46:21","guid":{"rendered":"https:\/\/www.lesdelicesdeprovence.ch\/who-we-are-2\/"},"modified":"2024-04-22T09:28:07","modified_gmt":"2024-04-22T09:28:07","slug":"who-we-are-2","status":"publish","type":"page","link":"https:\/\/www.lesdelicesdeprovence.ch\/en\/who-we-are-2\/","title":{"rendered":"Who we are"},"content":{"rendered":"\t\t<div data-elementor-type=\"wp-page\" data-elementor-id=\"12225\" class=\"elementor elementor-12225 elementor-307\">\n\t\t\t\t\t\t<section class=\"elementor-section elementor-top-section elementor-element elementor-element-41c5f80c elementor-section-content-middle customImageTextWrapper elementor-section-boxed elementor-section-height-default elementor-section-height-default none\" data-id=\"41c5f80c\" data-element_type=\"section\" data-e-type=\"section\">\n\t\t\t\t\t\t<div class=\"elementor-container elementor-column-gap-default\">\n\t\t\t\t\t<div class=\"elementor-column elementor-col-33 elementor-top-column elementor-element elementor-element-ae5c325 none\" data-id=\"ae5c325\" data-element_type=\"column\" data-e-type=\"column\">\n\t\t\t<div class=\"elementor-widget-wrap elementor-element-populated\">\n\t\t\t\t\t\t<div class=\"elementor-element elementor-element-67ffeb0 none elementor-widget elementor-widget-heading\" data-id=\"67ffeb0\" data-element_type=\"widget\" data-e-type=\"widget\" data-widget_type=\"heading.default\">\n\t\t\t\t<div class=\"elementor-widget-container\">\n\t\t\t\t\t<h2 class=\"elementor-heading-title elementor-size-default\">Welcome to our online delicatessen<\/h2>\t\t\t\t<\/div>\n\t\t\t\t<\/div>\n\t\t\t\t\t<\/div>\n\t\t<\/div>\n\t\t\t\t<div class=\"elementor-column elementor-col-33 elementor-top-column elementor-element elementor-element-4269429 none\" data-id=\"4269429\" data-element_type=\"column\" data-e-type=\"column\">\n\t\t\t<div class=\"elementor-widget-wrap elementor-element-populated\">\n\t\t\t\t\t\t<div class=\"elementor-element elementor-element-190b27f rtl-bg none elementor-widget elementor-widget-image\" data-id=\"190b27f\" data-element_type=\"widget\" data-e-type=\"widget\" data-widget_type=\"image.default\">\n\t\t\t\t<div class=\"elementor-widget-container\">\n\t\t\t\t\t\t\t\t\t\t\t\t\t\t\t<img fetchpriority=\"high\" decoding=\"async\" width=\"512\" height=\"700\" src=\"https:\/\/www.lesdelicesdeprovence.ch\/wp-content\/uploads\/2022\/10\/gordes.jpg\" class=\"elementor-animation-bob attachment-full size-full wp-image-12252 wp-post-image\" alt=\"\" srcset=\"https:\/\/www.lesdelicesdeprovence.ch\/wp-content\/uploads\/2022\/10\/gordes.jpg 512w, https:\/\/www.lesdelicesdeprovence.ch\/wp-content\/uploads\/2022\/10\/gordes-76x104.jpg 76w, https:\/\/www.lesdelicesdeprovence.ch\/wp-content\/uploads\/2022\/10\/gordes-64x88.jpg 64w, https:\/\/www.lesdelicesdeprovence.ch\/wp-content\/uploads\/2022\/10\/gordes-219x300.jpg 219w, https:\/\/www.lesdelicesdeprovence.ch\/wp-content\/uploads\/2022\/10\/gordes-113x154.jpg 113w\" sizes=\"(max-width: 512px) 100vw, 512px\" \/>\t\t\t\t\t\t\t\t\t\t\t\t\t\t\t<\/div>\n\t\t\t\t<\/div>\n\t\t\t\t\t<\/div>\n\t\t<\/div>\n\t\t\t\t<div class=\"elementor-column elementor-col-33 elementor-top-column elementor-element elementor-element-9c4ea59 none\" data-id=\"9c4ea59\" data-element_type=\"column\" data-e-type=\"column\">\n\t\t\t<div class=\"elementor-widget-wrap elementor-element-populated\">\n\t\t\t\t\t\t<div class=\"elementor-element elementor-element-8faccfc none elementor-widget elementor-widget-text-editor\" data-id=\"8faccfc\" data-element_type=\"widget\" data-e-type=\"widget\" data-widget_type=\"text-editor.default\">\n\t\t\t\t<div class=\"elementor-widget-container\">\n\t\t\t\t\t\t\t\t\t<p><strong>For many years<\/strong>, our delicatessen team has been criss-crossing the markets of Provence, meeting artisans to taste and <strong>meticulously select authentic<\/strong>, refined, top-quality <strong>products for you<\/strong>.<\/p>\n<p>The recipes we invite you to discover on our online delicatessen are all from Provence, and have <strong>been handcrafted for generations<\/strong> from 100% natural ingredients. Artificial colors, flavors and preservatives have no place here.<\/p>\n<p>The superior quality of our products is based on the perfect balance between the<strong> selection of the finest ingredients, the preservation of manufacturing secrets and respect for the culinary traditions of Provence<\/strong>.<\/p>\n<p><strong>Les D\u00e9lices de<\/strong> Provence invites you to discover<strong> fine, authentic and tasty products<\/strong> that you can enjoy all year round with family and friends.<\/p>\n<p>Our online delicatessen has put together an<strong> assortment of products that will enable you to prepare your<\/strong> favorite Proven\u00e7al<strong> recipes<\/strong>, or simply to <strong>enjoy them<\/strong> as an aperitif or during a hearty meal.<\/p>\n<p><strong>Our home is part of the Provencal art of living<\/strong> that we&#8217;ve been passionately developing since the beginning.<\/p>\n\t\t\t\t\t\t\t\t<\/div>\n\t\t\t\t<\/div>\n\t\t\t\t<div class=\"elementor-element elementor-element-b9a6046 none elementor-widget elementor-widget-spacer\" data-id=\"b9a6046\" data-element_type=\"widget\" data-e-type=\"widget\" data-widget_type=\"spacer.default\">\n\t\t\t\t<div class=\"elementor-widget-container\">\n\t\t\t\t\t\t\t<div class=\"elementor-spacer\">\n\t\t\t<div class=\"elementor-spacer-inner\"><\/div>\n\t\t<\/div>\n\t\t\t\t\t\t<\/div>\n\t\t\t\t<\/div>\n\t\t\t\t<div class=\"elementor-element elementor-element-e8941b5 elementor-widget__width-initial none elementor-widget elementor-widget-heading\" data-id=\"e8941b5\" data-element_type=\"widget\" data-e-type=\"widget\" data-widget_type=\"heading.default\">\n\t\t\t\t<div class=\"elementor-widget-container\">\n\t\t\t\t\t<p class=\"elementor-heading-title elementor-size-default\">Enjoy your visit to our online delicatessen!<\/p>\t\t\t\t<\/div>\n\t\t\t\t<\/div>\n\t\t\t\t\t<\/div>\n\t\t<\/div>\n\t\t\t\t\t<\/div>\n\t\t<\/section>\n\t\t\t\t<\/div>\n\t\t","protected":false},"excerpt":{"rendered":"<p>Welcome to our online delicatessen For many years, our delicatessen team has been criss-crossing the markets of Provence, meeting artisans to taste and meticulously select authentic, refined, top-quality products for you. The recipes we invite you to discover on our online delicatessen are all from Provence, and have been handcrafted for generations from 100% natural [&hellip;]<\/p>\n","protected":false},"author":1,"featured_media":12254,"parent":0,"menu_order":0,"comment_status":"closed","ping_status":"closed","template":"","meta":{"footnotes":""},"class_list":["post-12225","page","type-page","status-publish","has-post-thumbnail","hentry"],"yoast_head":"<!-- This site is optimized with the Yoast SEO plugin v27.2 - https:\/\/yoast.com\/product\/yoast-seo-wordpress\/ -->\n<title>Les D\u00e9lices de Provence - Provence Delicatessen - C\u00e9sar Bazin de Caix<\/title>\n<meta name=\"description\" content=\"Les D\u00e9lices de Provence is a Swiss online and on-market delicatessen offering superior quality products from Provence. It is passionately managed by C\u00e9sar Bazin de Caix\" \/>\n<meta name=\"robots\" content=\"index, follow, max-snippet:-1, max-image-preview:large, max-video-preview:-1\" \/>\n<link rel=\"canonical\" href=\"https:\/\/www.lesdelicesdeprovence.ch\/en\/who-we-are-2\/\" \/>\n<meta property=\"og:locale\" content=\"en_US\" \/>\n<meta property=\"og:type\" content=\"article\" \/>\n<meta property=\"og:title\" content=\"Les D\u00e9lices de Provence - Provence Delicatessen - C\u00e9sar Bazin de Caix\" \/>\n<meta property=\"og:description\" content=\"Les D\u00e9lices de Provence is a Swiss online and on-market delicatessen offering superior quality products from Provence. It is passionately managed by C\u00e9sar Bazin de Caix\" \/>\n<meta property=\"og:url\" content=\"https:\/\/www.lesdelicesdeprovence.ch\/en\/who-we-are-2\/\" \/>\n<meta property=\"og:site_name\" content=\"Les D\u00e9lices de Provence\" \/>\n<meta property=\"article:modified_time\" content=\"2024-04-22T09:28:07+00:00\" \/>\n<meta property=\"og:image\" content=\"https:\/\/www.lesdelicesdeprovence.ch\/wp-content\/uploads\/2022\/10\/village_5.jpg\" \/>\n\t<meta property=\"og:image:width\" content=\"2543\" \/>\n\t<meta property=\"og:image:height\" content=\"281\" \/>\n\t<meta property=\"og:image:type\" content=\"image\/jpeg\" \/>\n<meta name=\"twitter:card\" content=\"summary_large_image\" \/>\n<meta name=\"twitter:label1\" content=\"Est. reading time\" \/>\n\t<meta name=\"twitter:data1\" content=\"2 minutes\" \/>\n<script type=\"application\/ld+json\" class=\"yoast-schema-graph\">{\"@context\":\"https:\/\/schema.org\",\"@graph\":[{\"@type\":\"WebPage\",\"@id\":\"https:\/\/www.lesdelicesdeprovence.ch\/en\/who-we-are-2\/\",\"url\":\"https:\/\/www.lesdelicesdeprovence.ch\/en\/who-we-are-2\/\",\"name\":\"Les D\u00e9lices de Provence - Provence Delicatessen - C\u00e9sar Bazin de Caix\",\"isPartOf\":{\"@id\":\"http:\/\/www.lesdelicesdeprovence.ch\/en\/#website\"},\"primaryImageOfPage\":{\"@id\":\"https:\/\/www.lesdelicesdeprovence.ch\/en\/who-we-are-2\/#primaryimage\"},\"image\":{\"@id\":\"https:\/\/www.lesdelicesdeprovence.ch\/en\/who-we-are-2\/#primaryimage\"},\"thumbnailUrl\":\"https:\/\/www.lesdelicesdeprovence.ch\/wp-content\/uploads\/2022\/10\/village_5.jpg\",\"datePublished\":\"2021-07-19T07:46:21+00:00\",\"dateModified\":\"2024-04-22T09:28:07+00:00\",\"description\":\"Les D\u00e9lices de Provence is a Swiss online and on-market delicatessen offering superior quality products from Provence. It is passionately managed by C\u00e9sar Bazin de Caix\",\"breadcrumb\":{\"@id\":\"https:\/\/www.lesdelicesdeprovence.ch\/en\/who-we-are-2\/#breadcrumb\"},\"inLanguage\":\"en-US\",\"potentialAction\":[{\"@type\":\"ReadAction\",\"target\":[\"https:\/\/www.lesdelicesdeprovence.ch\/en\/who-we-are-2\/\"]}]},{\"@type\":\"ImageObject\",\"inLanguage\":\"en-US\",\"@id\":\"https:\/\/www.lesdelicesdeprovence.ch\/en\/who-we-are-2\/#primaryimage\",\"url\":\"https:\/\/www.lesdelicesdeprovence.ch\/wp-content\/uploads\/2022\/10\/village_5.jpg\",\"contentUrl\":\"https:\/\/www.lesdelicesdeprovence.ch\/wp-content\/uploads\/2022\/10\/village_5.jpg\",\"width\":2543,\"height\":281},{\"@type\":\"BreadcrumbList\",\"@id\":\"https:\/\/www.lesdelicesdeprovence.ch\/en\/who-we-are-2\/#breadcrumb\",\"itemListElement\":[{\"@type\":\"ListItem\",\"position\":1,\"name\":\"Accoglienza\",\"item\":\"https:\/\/www.lesdelicesdeprovence.ch\/en\/\"},{\"@type\":\"ListItem\",\"position\":2,\"name\":\"Who we are\"}]},{\"@type\":\"WebSite\",\"@id\":\"http:\/\/www.lesdelicesdeprovence.ch\/en\/#website\",\"url\":\"http:\/\/www.lesdelicesdeprovence.ch\/en\/\",\"name\":\"Les D\u00e9lices de Provence\",\"description\":\"Epicerie fine en ligne\",\"potentialAction\":[{\"@type\":\"SearchAction\",\"target\":{\"@type\":\"EntryPoint\",\"urlTemplate\":\"http:\/\/www.lesdelicesdeprovence.ch\/en\/?s={search_term_string}\"},\"query-input\":{\"@type\":\"PropertyValueSpecification\",\"valueRequired\":true,\"valueName\":\"search_term_string\"}}],\"inLanguage\":\"en-US\"}]}<\/script>\n<!-- \/ Yoast SEO plugin. -->","yoast_head_json":{"title":"Les D\u00e9lices de Provence - Provence Delicatessen - C\u00e9sar Bazin de Caix","description":"Les D\u00e9lices de Provence is a Swiss online and on-market delicatessen offering superior quality products from Provence. It is passionately managed by C\u00e9sar Bazin de Caix","robots":{"index":"index","follow":"follow","max-snippet":"max-snippet:-1","max-image-preview":"max-image-preview:large","max-video-preview":"max-video-preview:-1"},"canonical":"https:\/\/www.lesdelicesdeprovence.ch\/en\/who-we-are-2\/","og_locale":"en_US","og_type":"article","og_title":"Les D\u00e9lices de Provence - Provence Delicatessen - C\u00e9sar Bazin de Caix","og_description":"Les D\u00e9lices de Provence is a Swiss online and on-market delicatessen offering superior quality products from Provence. It is passionately managed by C\u00e9sar Bazin de Caix","og_url":"https:\/\/www.lesdelicesdeprovence.ch\/en\/who-we-are-2\/","og_site_name":"Les D\u00e9lices de Provence","article_modified_time":"2024-04-22T09:28:07+00:00","og_image":[{"width":2543,"height":281,"url":"https:\/\/www.lesdelicesdeprovence.ch\/wp-content\/uploads\/2022\/10\/village_5.jpg","type":"image\/jpeg"}],"twitter_card":"summary_large_image","twitter_misc":{"Est. reading time":"2 minutes"},"schema":{"@context":"https:\/\/schema.org","@graph":[{"@type":"WebPage","@id":"https:\/\/www.lesdelicesdeprovence.ch\/en\/who-we-are-2\/","url":"https:\/\/www.lesdelicesdeprovence.ch\/en\/who-we-are-2\/","name":"Les D\u00e9lices de Provence - Provence Delicatessen - C\u00e9sar Bazin de Caix","isPartOf":{"@id":"http:\/\/www.lesdelicesdeprovence.ch\/en\/#website"},"primaryImageOfPage":{"@id":"https:\/\/www.lesdelicesdeprovence.ch\/en\/who-we-are-2\/#primaryimage"},"image":{"@id":"https:\/\/www.lesdelicesdeprovence.ch\/en\/who-we-are-2\/#primaryimage"},"thumbnailUrl":"https:\/\/www.lesdelicesdeprovence.ch\/wp-content\/uploads\/2022\/10\/village_5.jpg","datePublished":"2021-07-19T07:46:21+00:00","dateModified":"2024-04-22T09:28:07+00:00","description":"Les D\u00e9lices de Provence is a Swiss online and on-market delicatessen offering superior quality products from Provence. It is passionately managed by C\u00e9sar Bazin de Caix","breadcrumb":{"@id":"https:\/\/www.lesdelicesdeprovence.ch\/en\/who-we-are-2\/#breadcrumb"},"inLanguage":"en-US","potentialAction":[{"@type":"ReadAction","target":["https:\/\/www.lesdelicesdeprovence.ch\/en\/who-we-are-2\/"]}]},{"@type":"ImageObject","inLanguage":"en-US","@id":"https:\/\/www.lesdelicesdeprovence.ch\/en\/who-we-are-2\/#primaryimage","url":"https:\/\/www.lesdelicesdeprovence.ch\/wp-content\/uploads\/2022\/10\/village_5.jpg","contentUrl":"https:\/\/www.lesdelicesdeprovence.ch\/wp-content\/uploads\/2022\/10\/village_5.jpg","width":2543,"height":281},{"@type":"BreadcrumbList","@id":"https:\/\/www.lesdelicesdeprovence.ch\/en\/who-we-are-2\/#breadcrumb","itemListElement":[{"@type":"ListItem","position":1,"name":"Accoglienza","item":"https:\/\/www.lesdelicesdeprovence.ch\/en\/"},{"@type":"ListItem","position":2,"name":"Who we are"}]},{"@type":"WebSite","@id":"http:\/\/www.lesdelicesdeprovence.ch\/en\/#website","url":"http:\/\/www.lesdelicesdeprovence.ch\/en\/","name":"Les D\u00e9lices de Provence","description":"Epicerie fine en ligne","potentialAction":[{"@type":"SearchAction","target":{"@type":"EntryPoint","urlTemplate":"http:\/\/www.lesdelicesdeprovence.ch\/en\/?s={search_term_string}"},"query-input":{"@type":"PropertyValueSpecification","valueRequired":true,"valueName":"search_term_string"}}],"inLanguage":"en-US"}]}},"_links":{"self":[{"href":"https:\/\/www.lesdelicesdeprovence.ch\/en\/wp-json\/wp\/v2\/pages\/12225","targetHints":{"allow":["GET"]}}],"collection":[{"href":"https:\/\/www.lesdelicesdeprovence.ch\/en\/wp-json\/wp\/v2\/pages"}],"about":[{"href":"https:\/\/www.lesdelicesdeprovence.ch\/en\/wp-json\/wp\/v2\/types\/page"}],"author":[{"embeddable":true,"href":"https:\/\/www.lesdelicesdeprovence.ch\/en\/wp-json\/wp\/v2\/users\/1"}],"replies":[{"embeddable":true,"href":"https:\/\/www.lesdelicesdeprovence.ch\/en\/wp-json\/wp\/v2\/comments?post=12225"}],"version-history":[{"count":3,"href":"https:\/\/www.lesdelicesdeprovence.ch\/en\/wp-json\/wp\/v2\/pages\/12225\/revisions"}],"predecessor-version":[{"id":13191,"href":"https:\/\/www.lesdelicesdeprovence.ch\/en\/wp-json\/wp\/v2\/pages\/12225\/revisions\/13191"}],"wp:featuredmedia":[{"embeddable":true,"href":"https:\/\/www.lesdelicesdeprovence.ch\/en\/wp-json\/wp\/v2\/media\/12254"}],"wp:attachment":[{"href":"https:\/\/www.lesdelicesdeprovence.ch\/en\/wp-json\/wp\/v2\/media?parent=12225"}],"curies":[{"name":"wp","href":"https:\/\/api.w.org\/{rel}","templated":true}]}}