{"id":13334,"date":"2022-06-16T15:05:36","date_gmt":"2022-06-16T15:05:36","guid":{"rendered":"https:\/\/www.lesdelicesdeprovence.ch\/produits\/pate-de-campagne-truffe\/"},"modified":"2024-04-25T09:17:27","modified_gmt":"2024-04-25T09:17:27","slug":"pate-de-campagne-truffe","status":"publish","type":"product","link":"https:\/\/www.lesdelicesdeprovence.ch\/en\/produits\/pate-de-campagne-truffe\/","title":{"rendered":"Truffled p\u00e2t\u00e9 de campagne"},"content":{"rendered":"<p>The Proven\u00e7al art of living is also about hunting, the love of the land and charcuterie. This artisanal p\u00e2t\u00e9, concocted by our truffle grower at the foot of the Luberon village of Gordes, is a fine example!<\/p>\n<p>Picking and choosing his own summer truffles to add to the recipe, he had a very heavy hand, with no less than 15% of truffles accompanying a lovely p\u00e2t\u00e9 de cochon du pays.<\/p>\n<p>A delicacy of character to be discovered without delay with good bread!<\/p>\n<p><strong>Ingredients: Pork meat, liver and fat, tuber aestivum truffle (15%), salt, pepper.<\/strong><\/p>\n<p><strong>Capacity: 130g<\/strong><\/p>\n<p>&nbsp;<\/p>\n","protected":false},"excerpt":{"rendered":"<p>A true product of the Proven\u00e7al terroir, gourmet and rustic as we love them, with 15% top-quality summer truffles in a local pork p\u00e2t\u00e9.<\/p>\n","protected":false},"featured_media":13335,"template":"","meta":[],"product_cat":[674],"product_tag":[],"class_list":{"0":"post-13334","1":"product","2":"type-product","3":"status-publish","4":"has-post-thumbnail","6":"product_cat-appetizer-sauce","8":"first","9":"instock","10":"sale","11":"taxable","12":"shipping-taxable","13":"purchasable","14":"product-type-simple"},"yoast_head":"<!-- This site is optimized with the Yoast SEO plugin v27.2 - https:\/\/yoast.com\/product\/yoast-seo-wordpress\/ -->\n<title>Truffled p\u00e2t\u00e9 de campagne<\/title>\n<meta name=\"description\" content=\"A true product of the Proven\u00e7al terroir, gourmet and rustic as we love them, with 15% top-quality summer truffles in a local pork p\u00e2t\u00e9.\" \/>\n<meta name=\"robots\" content=\"index, follow, max-snippet:-1, max-image-preview:large, max-video-preview:-1\" \/>\n<link rel=\"canonical\" href=\"https:\/\/www.lesdelicesdeprovence.ch\/en\/produits\/pate-de-campagne-truffe\/\" \/>\n<meta property=\"og:locale\" content=\"en_US\" \/>\n<meta property=\"og:type\" content=\"article\" \/>\n<meta property=\"og:title\" content=\"Truffled p\u00e2t\u00e9 de campagne\" \/>\n<meta property=\"og:description\" content=\"A true product of the Proven\u00e7al terroir, gourmet and rustic as we love them, with 15% top-quality summer truffles in a local pork p\u00e2t\u00e9.\" \/>\n<meta property=\"og:url\" content=\"https:\/\/www.lesdelicesdeprovence.ch\/en\/produits\/pate-de-campagne-truffe\/\" \/>\n<meta property=\"og:site_name\" content=\"Les D\u00e9lices de Provence\" \/>\n<meta property=\"article:modified_time\" content=\"2024-04-25T09:17:27+00:00\" \/>\n<meta property=\"og:image\" content=\"http:\/\/www.lesdelicesdeprovence.ch\/wp-content\/uploads\/2022\/06\/98CFF227-4D5B-413A-B4CB-0CBF172A9071-scaled.jpeg\" \/>\n\t<meta property=\"og:image:width\" content=\"2468\" \/>\n\t<meta property=\"og:image:height\" content=\"2560\" \/>\n\t<meta property=\"og:image:type\" content=\"image\/jpeg\" \/>\n<meta name=\"twitter:card\" content=\"summary_large_image\" \/>\n<script type=\"application\/ld+json\" class=\"yoast-schema-graph\">{\"@context\":\"https:\/\/schema.org\",\"@graph\":[{\"@type\":\"WebPage\",\"@id\":\"https:\/\/www.lesdelicesdeprovence.ch\/en\/produits\/pate-de-campagne-truffe\/\",\"url\":\"https:\/\/www.lesdelicesdeprovence.ch\/en\/produits\/pate-de-campagne-truffe\/\",\"name\":\"Truffled p\u00e2t\u00e9 de campagne\",\"isPartOf\":{\"@id\":\"https:\/\/www.lesdelicesdeprovence.ch\/en\/#website\"},\"primaryImageOfPage\":{\"@id\":\"https:\/\/www.lesdelicesdeprovence.ch\/en\/produits\/pate-de-campagne-truffe\/#primaryimage\"},\"image\":{\"@id\":\"https:\/\/www.lesdelicesdeprovence.ch\/en\/produits\/pate-de-campagne-truffe\/#primaryimage\"},\"thumbnailUrl\":\"https:\/\/www.lesdelicesdeprovence.ch\/wp-content\/uploads\/2022\/06\/98CFF227-4D5B-413A-B4CB-0CBF172A9071-scaled.jpeg\",\"datePublished\":\"2022-06-16T15:05:36+00:00\",\"dateModified\":\"2024-04-25T09:17:27+00:00\",\"description\":\"A true product of the Proven\u00e7al terroir, gourmet and rustic as we love them, with 15% top-quality summer truffles in a local pork p\u00e2t\u00e9.\",\"breadcrumb\":{\"@id\":\"https:\/\/www.lesdelicesdeprovence.ch\/en\/produits\/pate-de-campagne-truffe\/#breadcrumb\"},\"inLanguage\":\"en-US\",\"potentialAction\":[{\"@type\":\"ReadAction\",\"target\":[\"https:\/\/www.lesdelicesdeprovence.ch\/en\/produits\/pate-de-campagne-truffe\/\"]}]},{\"@type\":\"ImageObject\",\"inLanguage\":\"en-US\",\"@id\":\"https:\/\/www.lesdelicesdeprovence.ch\/en\/produits\/pate-de-campagne-truffe\/#primaryimage\",\"url\":\"https:\/\/www.lesdelicesdeprovence.ch\/wp-content\/uploads\/2022\/06\/98CFF227-4D5B-413A-B4CB-0CBF172A9071-scaled.jpeg\",\"contentUrl\":\"https:\/\/www.lesdelicesdeprovence.ch\/wp-content\/uploads\/2022\/06\/98CFF227-4D5B-413A-B4CB-0CBF172A9071-scaled.jpeg\",\"width\":2468,\"height\":2560},{\"@type\":\"BreadcrumbList\",\"@id\":\"https:\/\/www.lesdelicesdeprovence.ch\/en\/produits\/pate-de-campagne-truffe\/#breadcrumb\",\"itemListElement\":[{\"@type\":\"ListItem\",\"position\":1,\"name\":\"Accoglienza\",\"item\":\"http:\/\/www.lesdelicesdeprovence.ch\/en\/\"},{\"@type\":\"ListItem\",\"position\":2,\"name\":\"Shop\",\"item\":\"https:\/\/www.lesdelicesdeprovence.ch\/en\/shop\/\"},{\"@type\":\"ListItem\",\"position\":3,\"name\":\"Truffled p\u00e2t\u00e9 de campagne\"}]},{\"@type\":\"WebSite\",\"@id\":\"https:\/\/www.lesdelicesdeprovence.ch\/en\/#website\",\"url\":\"https:\/\/www.lesdelicesdeprovence.ch\/en\/\",\"name\":\"Les D\u00e9lices de Provence\",\"description\":\"Epicerie fine en ligne\",\"potentialAction\":[{\"@type\":\"SearchAction\",\"target\":{\"@type\":\"EntryPoint\",\"urlTemplate\":\"https:\/\/www.lesdelicesdeprovence.ch\/en\/?s={search_term_string}\"},\"query-input\":{\"@type\":\"PropertyValueSpecification\",\"valueRequired\":true,\"valueName\":\"search_term_string\"}}],\"inLanguage\":\"en-US\"}]}<\/script>\n<!-- \/ Yoast SEO plugin. -->","yoast_head_json":{"title":"Truffled p\u00e2t\u00e9 de campagne","description":"A true product of the Proven\u00e7al terroir, gourmet and rustic as we love them, with 15% top-quality summer truffles in a local pork p\u00e2t\u00e9.","robots":{"index":"index","follow":"follow","max-snippet":"max-snippet:-1","max-image-preview":"max-image-preview:large","max-video-preview":"max-video-preview:-1"},"canonical":"https:\/\/www.lesdelicesdeprovence.ch\/en\/produits\/pate-de-campagne-truffe\/","og_locale":"en_US","og_type":"article","og_title":"Truffled p\u00e2t\u00e9 de campagne","og_description":"A true product of the Proven\u00e7al terroir, gourmet and rustic as we love them, with 15% top-quality summer truffles in a local pork p\u00e2t\u00e9.","og_url":"https:\/\/www.lesdelicesdeprovence.ch\/en\/produits\/pate-de-campagne-truffe\/","og_site_name":"Les D\u00e9lices de Provence","article_modified_time":"2024-04-25T09:17:27+00:00","og_image":[{"width":2468,"height":2560,"url":"http:\/\/www.lesdelicesdeprovence.ch\/wp-content\/uploads\/2022\/06\/98CFF227-4D5B-413A-B4CB-0CBF172A9071-scaled.jpeg","type":"image\/jpeg"}],"twitter_card":"summary_large_image","schema":{"@context":"https:\/\/schema.org","@graph":[{"@type":"WebPage","@id":"https:\/\/www.lesdelicesdeprovence.ch\/en\/produits\/pate-de-campagne-truffe\/","url":"https:\/\/www.lesdelicesdeprovence.ch\/en\/produits\/pate-de-campagne-truffe\/","name":"Truffled p\u00e2t\u00e9 de campagne","isPartOf":{"@id":"https:\/\/www.lesdelicesdeprovence.ch\/en\/#website"},"primaryImageOfPage":{"@id":"https:\/\/www.lesdelicesdeprovence.ch\/en\/produits\/pate-de-campagne-truffe\/#primaryimage"},"image":{"@id":"https:\/\/www.lesdelicesdeprovence.ch\/en\/produits\/pate-de-campagne-truffe\/#primaryimage"},"thumbnailUrl":"https:\/\/www.lesdelicesdeprovence.ch\/wp-content\/uploads\/2022\/06\/98CFF227-4D5B-413A-B4CB-0CBF172A9071-scaled.jpeg","datePublished":"2022-06-16T15:05:36+00:00","dateModified":"2024-04-25T09:17:27+00:00","description":"A true product of the Proven\u00e7al terroir, gourmet and rustic as we love them, with 15% top-quality summer truffles in a local pork p\u00e2t\u00e9.","breadcrumb":{"@id":"https:\/\/www.lesdelicesdeprovence.ch\/en\/produits\/pate-de-campagne-truffe\/#breadcrumb"},"inLanguage":"en-US","potentialAction":[{"@type":"ReadAction","target":["https:\/\/www.lesdelicesdeprovence.ch\/en\/produits\/pate-de-campagne-truffe\/"]}]},{"@type":"ImageObject","inLanguage":"en-US","@id":"https:\/\/www.lesdelicesdeprovence.ch\/en\/produits\/pate-de-campagne-truffe\/#primaryimage","url":"https:\/\/www.lesdelicesdeprovence.ch\/wp-content\/uploads\/2022\/06\/98CFF227-4D5B-413A-B4CB-0CBF172A9071-scaled.jpeg","contentUrl":"https:\/\/www.lesdelicesdeprovence.ch\/wp-content\/uploads\/2022\/06\/98CFF227-4D5B-413A-B4CB-0CBF172A9071-scaled.jpeg","width":2468,"height":2560},{"@type":"BreadcrumbList","@id":"https:\/\/www.lesdelicesdeprovence.ch\/en\/produits\/pate-de-campagne-truffe\/#breadcrumb","itemListElement":[{"@type":"ListItem","position":1,"name":"Accoglienza","item":"http:\/\/www.lesdelicesdeprovence.ch\/en\/"},{"@type":"ListItem","position":2,"name":"Shop","item":"https:\/\/www.lesdelicesdeprovence.ch\/en\/shop\/"},{"@type":"ListItem","position":3,"name":"Truffled p\u00e2t\u00e9 de campagne"}]},{"@type":"WebSite","@id":"https:\/\/www.lesdelicesdeprovence.ch\/en\/#website","url":"https:\/\/www.lesdelicesdeprovence.ch\/en\/","name":"Les D\u00e9lices de Provence","description":"Epicerie fine en ligne","potentialAction":[{"@type":"SearchAction","target":{"@type":"EntryPoint","urlTemplate":"https:\/\/www.lesdelicesdeprovence.ch\/en\/?s={search_term_string}"},"query-input":{"@type":"PropertyValueSpecification","valueRequired":true,"valueName":"search_term_string"}}],"inLanguage":"en-US"}]}},"_links":{"self":[{"href":"https:\/\/www.lesdelicesdeprovence.ch\/en\/wp-json\/wp\/v2\/product\/13334","targetHints":{"allow":["GET"]}}],"collection":[{"href":"https:\/\/www.lesdelicesdeprovence.ch\/en\/wp-json\/wp\/v2\/product"}],"about":[{"href":"https:\/\/www.lesdelicesdeprovence.ch\/en\/wp-json\/wp\/v2\/types\/product"}],"version-history":[{"count":1,"href":"https:\/\/www.lesdelicesdeprovence.ch\/en\/wp-json\/wp\/v2\/product\/13334\/revisions"}],"predecessor-version":[{"id":13554,"href":"https:\/\/www.lesdelicesdeprovence.ch\/en\/wp-json\/wp\/v2\/product\/13334\/revisions\/13554"}],"wp:featuredmedia":[{"embeddable":true,"href":"https:\/\/www.lesdelicesdeprovence.ch\/en\/wp-json\/wp\/v2\/media\/13335"}],"wp:attachment":[{"href":"https:\/\/www.lesdelicesdeprovence.ch\/en\/wp-json\/wp\/v2\/media?parent=13334"}],"wp:term":[{"taxonomy":"product_cat","embeddable":true,"href":"https:\/\/www.lesdelicesdeprovence.ch\/en\/wp-json\/wp\/v2\/product_cat?post=13334"},{"taxonomy":"product_tag","embeddable":true,"href":"https:\/\/www.lesdelicesdeprovence.ch\/en\/wp-json\/wp\/v2\/product_tag?post=13334"}],"curies":[{"name":"wp","href":"https:\/\/api.w.org\/{rel}","templated":true}]}}