{"id":14378,"date":"2024-10-22T08:56:35","date_gmt":"2024-10-22T08:56:35","guid":{"rendered":"https:\/\/www.lesdelicesdeprovence.ch\/produits\/sirop-de-rose-bio\/"},"modified":"2024-10-22T08:56:35","modified_gmt":"2024-10-22T08:56:35","slug":"sirop-de-rose-bio","status":"publish","type":"product","link":"https:\/\/www.lesdelicesdeprovence.ch\/en\/produits\/sirop-de-rose-bio\/","title":{"rendered":"Sirop de p\u00e9tales de rose Bio"},"content":{"rendered":"<p>Voici un vrai produit authentique que l&#8217;on ne trouve pas \u00e0 tous les coins de rue !<\/p>\n<p>Ce sirop 100% naturel est fait-maison par une dame, propri\u00e9taire d&#8217;une ferme dans le Gard, qui le concocte en faisant mac\u00e9rer des p\u00e9tales de rose qu&#8217;elle r\u00e9colte dans son jardin.<\/p>\n<p>Tous les ingr\u00e9dients son par ailleurs issus de l&#8217;agriculture Biologique.<\/p>\n<p>Au del\u00e0 de l\u2019association classique avec de l\u2019eau ou de la limonade, on peut r\u00e9aliser des cocktails tr\u00e8s simples avec du vin blanc ou ros\u00e9 ou plus sophistiqu\u00e9s avec plusieurs ingr\u00e9dients.<\/p>\n<p>On peut\u00a0 utiliser ce sirop en cuisine sucr\u00e9e mais aussi sal\u00e9e.<\/p>\n<p>&nbsp;<\/p>\n<p><strong>Ingr\u00e9dients : Roses bio 15%, Sucre de canne bio, Jus de citron bio, eau.<\/strong><\/p>\n<p><strong>Contenance : 0.33L<\/strong><\/p>\n","protected":false},"excerpt":{"rendered":"<p>Un sirop de p\u00e9tales de rose Bio, sans colorants et fait-maison dans une ferme \u00e0 c\u00f4t\u00e9 d&#8217;Uz\u00e8s avec les ingr\u00e9dients du jardin.<\/p>\n","protected":false},"featured_media":14373,"template":"","meta":[],"product_cat":[684],"product_tag":[],"class_list":{"0":"post-14378","1":"product","2":"type-product","3":"status-publish","4":"has-post-thumbnail","6":"product_cat-100-natural-syrups","8":"first","9":"instock","10":"taxable","11":"shipping-taxable","12":"product-type-simple"},"yoast_head":"<!-- This site is optimized with the Yoast SEO plugin v27.2 - https:\/\/yoast.com\/product\/yoast-seo-wordpress\/ -->\n<title>Sirop de p\u00e9tales de rose Bio<\/title>\n<meta name=\"description\" content=\"Un sirop de p\u00e9tales de rose Bio, sans colorants et fait-maison dans une ferme \u00e0 c\u00f4t\u00e9 d&#039;Uz\u00e8s avec les ingr\u00e9dients du jardin.\" \/>\n<meta name=\"robots\" content=\"index, follow, max-snippet:-1, max-image-preview:large, max-video-preview:-1\" \/>\n<link rel=\"canonical\" href=\"https:\/\/www.lesdelicesdeprovence.ch\/en\/produits\/sirop-de-rose-bio\/\" \/>\n<meta property=\"og:locale\" content=\"en_US\" \/>\n<meta property=\"og:type\" content=\"article\" \/>\n<meta property=\"og:title\" content=\"Sirop de p\u00e9tales de rose Bio\" \/>\n<meta property=\"og:description\" content=\"Un sirop de p\u00e9tales de rose Bio, sans colorants et fait-maison dans une ferme \u00e0 c\u00f4t\u00e9 d&#039;Uz\u00e8s avec les ingr\u00e9dients du jardin.\" \/>\n<meta property=\"og:url\" content=\"https:\/\/www.lesdelicesdeprovence.ch\/en\/produits\/sirop-de-rose-bio\/\" \/>\n<meta property=\"og:site_name\" content=\"Les D\u00e9lices de Provence\" \/>\n<meta property=\"og:image\" content=\"http:\/\/www.lesdelicesdeprovence.ch\/wp-content\/uploads\/2024\/10\/IMG_8633-scaled.jpg\" \/>\n\t<meta property=\"og:image:width\" content=\"1856\" \/>\n\t<meta property=\"og:image:height\" content=\"2560\" \/>\n\t<meta property=\"og:image:type\" content=\"image\/jpeg\" \/>\n<meta name=\"twitter:card\" content=\"summary_large_image\" \/>\n<meta name=\"twitter:label1\" content=\"Est. reading time\" \/>\n\t<meta name=\"twitter:data1\" content=\"1 minute\" \/>\n<script type=\"application\/ld+json\" class=\"yoast-schema-graph\">{\"@context\":\"https:\/\/schema.org\",\"@graph\":[{\"@type\":\"WebPage\",\"@id\":\"https:\/\/www.lesdelicesdeprovence.ch\/en\/produits\/sirop-de-rose-bio\/\",\"url\":\"https:\/\/www.lesdelicesdeprovence.ch\/en\/produits\/sirop-de-rose-bio\/\",\"name\":\"Sirop de p\u00e9tales de rose Bio\",\"isPartOf\":{\"@id\":\"https:\/\/www.lesdelicesdeprovence.ch\/en\/#website\"},\"primaryImageOfPage\":{\"@id\":\"https:\/\/www.lesdelicesdeprovence.ch\/en\/produits\/sirop-de-rose-bio\/#primaryimage\"},\"image\":{\"@id\":\"https:\/\/www.lesdelicesdeprovence.ch\/en\/produits\/sirop-de-rose-bio\/#primaryimage\"},\"thumbnailUrl\":\"https:\/\/www.lesdelicesdeprovence.ch\/wp-content\/uploads\/2024\/10\/IMG_8633-scaled.jpg\",\"datePublished\":\"2024-10-22T08:56:35+00:00\",\"description\":\"Un sirop de p\u00e9tales de rose Bio, sans colorants et fait-maison dans une ferme \u00e0 c\u00f4t\u00e9 d'Uz\u00e8s avec les ingr\u00e9dients du jardin.\",\"breadcrumb\":{\"@id\":\"https:\/\/www.lesdelicesdeprovence.ch\/en\/produits\/sirop-de-rose-bio\/#breadcrumb\"},\"inLanguage\":\"en-US\",\"potentialAction\":[{\"@type\":\"ReadAction\",\"target\":[\"https:\/\/www.lesdelicesdeprovence.ch\/en\/produits\/sirop-de-rose-bio\/\"]}]},{\"@type\":\"ImageObject\",\"inLanguage\":\"en-US\",\"@id\":\"https:\/\/www.lesdelicesdeprovence.ch\/en\/produits\/sirop-de-rose-bio\/#primaryimage\",\"url\":\"https:\/\/www.lesdelicesdeprovence.ch\/wp-content\/uploads\/2024\/10\/IMG_8633-scaled.jpg\",\"contentUrl\":\"https:\/\/www.lesdelicesdeprovence.ch\/wp-content\/uploads\/2024\/10\/IMG_8633-scaled.jpg\",\"width\":1856,\"height\":2560},{\"@type\":\"BreadcrumbList\",\"@id\":\"https:\/\/www.lesdelicesdeprovence.ch\/en\/produits\/sirop-de-rose-bio\/#breadcrumb\",\"itemListElement\":[{\"@type\":\"ListItem\",\"position\":1,\"name\":\"Accoglienza\",\"item\":\"https:\/\/www.lesdelicesdeprovence.ch\/en\/\"},{\"@type\":\"ListItem\",\"position\":2,\"name\":\"Shop\",\"item\":\"https:\/\/www.lesdelicesdeprovence.ch\/en\/shop\/\"},{\"@type\":\"ListItem\",\"position\":3,\"name\":\"Sirop de p\u00e9tales de rose Bio\"}]},{\"@type\":\"WebSite\",\"@id\":\"https:\/\/www.lesdelicesdeprovence.ch\/en\/#website\",\"url\":\"https:\/\/www.lesdelicesdeprovence.ch\/en\/\",\"name\":\"Les D\u00e9lices de Provence\",\"description\":\"Epicerie fine en ligne\",\"potentialAction\":[{\"@type\":\"SearchAction\",\"target\":{\"@type\":\"EntryPoint\",\"urlTemplate\":\"https:\/\/www.lesdelicesdeprovence.ch\/en\/?s={search_term_string}\"},\"query-input\":{\"@type\":\"PropertyValueSpecification\",\"valueRequired\":true,\"valueName\":\"search_term_string\"}}],\"inLanguage\":\"en-US\"}]}<\/script>\n<!-- \/ Yoast SEO plugin. -->","yoast_head_json":{"title":"Sirop de p\u00e9tales de rose Bio","description":"Un sirop de p\u00e9tales de rose Bio, sans colorants et fait-maison dans une ferme \u00e0 c\u00f4t\u00e9 d'Uz\u00e8s avec les ingr\u00e9dients du jardin.","robots":{"index":"index","follow":"follow","max-snippet":"max-snippet:-1","max-image-preview":"max-image-preview:large","max-video-preview":"max-video-preview:-1"},"canonical":"https:\/\/www.lesdelicesdeprovence.ch\/en\/produits\/sirop-de-rose-bio\/","og_locale":"en_US","og_type":"article","og_title":"Sirop de p\u00e9tales de rose Bio","og_description":"Un sirop de p\u00e9tales de rose Bio, sans colorants et fait-maison dans une ferme \u00e0 c\u00f4t\u00e9 d'Uz\u00e8s avec les ingr\u00e9dients du jardin.","og_url":"https:\/\/www.lesdelicesdeprovence.ch\/en\/produits\/sirop-de-rose-bio\/","og_site_name":"Les D\u00e9lices de Provence","og_image":[{"width":1856,"height":2560,"url":"http:\/\/www.lesdelicesdeprovence.ch\/wp-content\/uploads\/2024\/10\/IMG_8633-scaled.jpg","type":"image\/jpeg"}],"twitter_card":"summary_large_image","twitter_misc":{"Est. reading time":"1 minute"},"schema":{"@context":"https:\/\/schema.org","@graph":[{"@type":"WebPage","@id":"https:\/\/www.lesdelicesdeprovence.ch\/en\/produits\/sirop-de-rose-bio\/","url":"https:\/\/www.lesdelicesdeprovence.ch\/en\/produits\/sirop-de-rose-bio\/","name":"Sirop de p\u00e9tales de rose Bio","isPartOf":{"@id":"https:\/\/www.lesdelicesdeprovence.ch\/en\/#website"},"primaryImageOfPage":{"@id":"https:\/\/www.lesdelicesdeprovence.ch\/en\/produits\/sirop-de-rose-bio\/#primaryimage"},"image":{"@id":"https:\/\/www.lesdelicesdeprovence.ch\/en\/produits\/sirop-de-rose-bio\/#primaryimage"},"thumbnailUrl":"https:\/\/www.lesdelicesdeprovence.ch\/wp-content\/uploads\/2024\/10\/IMG_8633-scaled.jpg","datePublished":"2024-10-22T08:56:35+00:00","description":"Un sirop de p\u00e9tales de rose Bio, sans colorants et fait-maison dans une ferme \u00e0 c\u00f4t\u00e9 d'Uz\u00e8s avec les ingr\u00e9dients du jardin.","breadcrumb":{"@id":"https:\/\/www.lesdelicesdeprovence.ch\/en\/produits\/sirop-de-rose-bio\/#breadcrumb"},"inLanguage":"en-US","potentialAction":[{"@type":"ReadAction","target":["https:\/\/www.lesdelicesdeprovence.ch\/en\/produits\/sirop-de-rose-bio\/"]}]},{"@type":"ImageObject","inLanguage":"en-US","@id":"https:\/\/www.lesdelicesdeprovence.ch\/en\/produits\/sirop-de-rose-bio\/#primaryimage","url":"https:\/\/www.lesdelicesdeprovence.ch\/wp-content\/uploads\/2024\/10\/IMG_8633-scaled.jpg","contentUrl":"https:\/\/www.lesdelicesdeprovence.ch\/wp-content\/uploads\/2024\/10\/IMG_8633-scaled.jpg","width":1856,"height":2560},{"@type":"BreadcrumbList","@id":"https:\/\/www.lesdelicesdeprovence.ch\/en\/produits\/sirop-de-rose-bio\/#breadcrumb","itemListElement":[{"@type":"ListItem","position":1,"name":"Accoglienza","item":"https:\/\/www.lesdelicesdeprovence.ch\/en\/"},{"@type":"ListItem","position":2,"name":"Shop","item":"https:\/\/www.lesdelicesdeprovence.ch\/en\/shop\/"},{"@type":"ListItem","position":3,"name":"Sirop de p\u00e9tales de rose Bio"}]},{"@type":"WebSite","@id":"https:\/\/www.lesdelicesdeprovence.ch\/en\/#website","url":"https:\/\/www.lesdelicesdeprovence.ch\/en\/","name":"Les D\u00e9lices de Provence","description":"Epicerie fine en ligne","potentialAction":[{"@type":"SearchAction","target":{"@type":"EntryPoint","urlTemplate":"https:\/\/www.lesdelicesdeprovence.ch\/en\/?s={search_term_string}"},"query-input":{"@type":"PropertyValueSpecification","valueRequired":true,"valueName":"search_term_string"}}],"inLanguage":"en-US"}]}},"_links":{"self":[{"href":"https:\/\/www.lesdelicesdeprovence.ch\/en\/wp-json\/wp\/v2\/product\/14378","targetHints":{"allow":["GET"]}}],"collection":[{"href":"https:\/\/www.lesdelicesdeprovence.ch\/en\/wp-json\/wp\/v2\/product"}],"about":[{"href":"https:\/\/www.lesdelicesdeprovence.ch\/en\/wp-json\/wp\/v2\/types\/product"}],"version-history":[{"count":0,"href":"https:\/\/www.lesdelicesdeprovence.ch\/en\/wp-json\/wp\/v2\/product\/14378\/revisions"}],"wp:featuredmedia":[{"embeddable":true,"href":"https:\/\/www.lesdelicesdeprovence.ch\/en\/wp-json\/wp\/v2\/media\/14373"}],"wp:attachment":[{"href":"https:\/\/www.lesdelicesdeprovence.ch\/en\/wp-json\/wp\/v2\/media?parent=14378"}],"wp:term":[{"taxonomy":"product_cat","embeddable":true,"href":"https:\/\/www.lesdelicesdeprovence.ch\/en\/wp-json\/wp\/v2\/product_cat?post=14378"},{"taxonomy":"product_tag","embeddable":true,"href":"https:\/\/www.lesdelicesdeprovence.ch\/en\/wp-json\/wp\/v2\/product_tag?post=14378"}],"curies":[{"name":"wp","href":"https:\/\/api.w.org\/{rel}","templated":true}]}}