{"id":6593,"date":"2021-07-19T07:46:28","date_gmt":"2021-07-19T07:46:28","guid":{"rendered":"https:\/\/www.aromeprod2.com\/?page_id=6593"},"modified":"2026-03-24T15:02:01","modified_gmt":"2026-03-24T15:02:01","slug":"contatto-2","status":"publish","type":"page","link":"https:\/\/www.lesdelicesdeprovence.ch\/it\/contatto-2\/","title":{"rendered":"Contatto"},"content":{"rendered":"\t\t<div data-elementor-type=\"wp-page\" data-elementor-id=\"6593\" class=\"elementor elementor-6593 elementor-308\">\n\t\t\t\t\t\t<section class=\"elementor-section elementor-top-section elementor-element elementor-element-099de06 elementor-section-boxed elementor-section-height-default elementor-section-height-default none\" data-id=\"099de06\" data-element_type=\"section\" data-e-type=\"section\">\n\t\t\t\t\t\t<div class=\"elementor-container elementor-column-gap-extended\">\n\t\t\t\t\t<div class=\"elementor-column elementor-col-33 elementor-top-column elementor-element elementor-element-d2960e9 none\" data-id=\"d2960e9\" data-element_type=\"column\" data-e-type=\"column\">\n\t\t\t<div class=\"elementor-widget-wrap elementor-element-populated\">\n\t\t\t\t\t\t<div class=\"elementor-element elementor-element-36be843 none elementor-widget elementor-widget-heading\" data-id=\"36be843\" data-element_type=\"widget\" data-e-type=\"widget\" data-widget_type=\"heading.default\">\n\t\t\t\t<div class=\"elementor-widget-container\">\n\t\t\t\t\t<h2 class=\"elementor-heading-title elementor-size-default\">Servizio clienti - Contattaci<\/h2>\t\t\t\t<\/div>\n\t\t\t\t<\/div>\n\t\t\t\t\t<\/div>\n\t\t<\/div>\n\t\t\t\t<div class=\"elementor-column elementor-col-33 elementor-top-column elementor-element elementor-element-507f620 none\" data-id=\"507f620\" data-element_type=\"column\" data-e-type=\"column\">\n\t\t\t<div class=\"elementor-widget-wrap elementor-element-populated\">\n\t\t\t\t\t\t<div class=\"elementor-element elementor-element-fa4d3c9 elementor-widget__width-initial none elementor-widget elementor-widget-heading\" data-id=\"fa4d3c9\" data-element_type=\"widget\" data-e-type=\"widget\" data-widget_type=\"heading.default\">\n\t\t\t\t<div class=\"elementor-widget-container\">\n\t\t\t\t\t<p class=\"elementor-heading-title elementor-size-default\"><p style=\"margin-bottom: 5px;padding: 0px;font-size: 14px;display: inline-block;font-family: Arial, Helvetica, sans-serif;white-space: normal\">Per domande su un ordine o informazioni sui nostri prodotti.<\/p><span style=\"color: var(--main-cl);font-family: var(--main-ff);font-weight: var(--main-fw)\"><\/span><fieldset style=\"border-width: initial;border-style: none\"><\/fieldset><\/p>\t\t\t\t<\/div>\n\t\t\t\t<\/div>\n\t\t\t\t<div class=\"elementor-element elementor-element-32efe06 none elementor-widget elementor-widget-text-editor\" data-id=\"32efe06\" data-element_type=\"widget\" data-e-type=\"widget\" data-widget_type=\"text-editor.default\">\n\t\t\t\t<div class=\"elementor-widget-container\">\n\t\t\t\t\t\t\t\t\t<p class=\"elementor-heading-title elementor-size-default default-color\" style=\"line-height: 1.6em; font-size: 15px; font-weight: bold;\">Indirizzo<\/p><p><strong>SUISSE<br \/><\/strong>D\u00e9lic\u00e9sar<br \/>Delices de Provence<br \/>Chemin des Couayes 1 &#8211; 1896 Vouvry<br \/>Suisse &#8211; Gen\u00e8ve<\/p><p><strong>FRANCE<br \/><\/strong>D\u00e9lic\u00e9sar<br \/>Delices de Provence<br \/>715, route des adams &#8211; 84220 Gordes<\/p>\t\t\t\t\t\t\t\t<\/div>\n\t\t\t\t<\/div>\n\t\t\t\t<div class=\"elementor-element elementor-element-31b26a4 none elementor-widget elementor-widget-text-editor\" data-id=\"31b26a4\" data-element_type=\"widget\" data-e-type=\"widget\" data-widget_type=\"text-editor.default\">\n\t\t\t\t<div class=\"elementor-widget-container\">\n\t\t\t\t\t\t\t\t\t<p><strong class=\"default-color\">Telefono<br \/><\/strong><a href=\"tel:+41764401613\">+41 76 440 16 13<\/a><\/p><div id=\"mciapp-exclusion-container\">\u00a0<\/div><div id=\"mciapp-exclusion-container\">\u00a0<\/div><div id=\"mciapp-exclusion-container\">\u00a0<\/div><div id=\"mciapp-exclusion-container\">\u00a0<\/div>\t\t\t\t\t\t\t\t<\/div>\n\t\t\t\t<\/div>\n\t\t\t\t\t<\/div>\n\t\t<\/div>\n\t\t\t\t<div class=\"elementor-column elementor-col-33 elementor-top-column elementor-element elementor-element-8e78263 none\" data-id=\"8e78263\" data-element_type=\"column\" data-e-type=\"column\">\n\t\t\t<div class=\"elementor-widget-wrap elementor-element-populated\">\n\t\t\t\t\t\t<div class=\"elementor-element elementor-element-ca76997 none elementor-widget elementor-widget-shortcode\" data-id=\"ca76997\" data-element_type=\"widget\" data-e-type=\"widget\" data-widget_type=\"shortcode.default\">\n\t\t\t\t<div class=\"elementor-widget-container\">\n\t\t\t\t\t\t\t<div class=\"elementor-shortcode\">\n<div class=\"wpcf7 no-js\" id=\"wpcf7-f12633-o1\" lang=\"it-IT\" dir=\"ltr\" data-wpcf7-id=\"12633\">\n<div class=\"screen-reader-response\"><p role=\"status\" aria-live=\"polite\" aria-atomic=\"true\"><\/p> <ul><\/ul><\/div>\n<form action=\"\/it\/wp-json\/wp\/v2\/pages\/6593#wpcf7-f12633-o1\" method=\"post\" class=\"wpcf7-form init\" aria-label=\"Modulo di contatto\" novalidate=\"novalidate\" data-status=\"init\">\n<fieldset class=\"hidden-fields-container\"><input type=\"hidden\" name=\"_wpcf7\" value=\"12633\" \/><input type=\"hidden\" name=\"_wpcf7_version\" value=\"6.1.5\" \/><input type=\"hidden\" name=\"_wpcf7_locale\" value=\"it_IT\" \/><input type=\"hidden\" name=\"_wpcf7_unit_tag\" value=\"wpcf7-f12633-o1\" \/><input type=\"hidden\" name=\"_wpcf7_container_post\" value=\"0\" \/><input type=\"hidden\" name=\"_wpcf7_posted_data_hash\" value=\"\" \/><input type=\"hidden\" name=\"_wpcf7_recaptcha_response\" value=\"\" \/>\n<\/fieldset>\n<p>Scopo:\n<\/p>\n<p><span class=\"wpcf7-form-control-wrap\" data-name=\"your-name\"><input size=\"40\" maxlength=\"400\" class=\"wpcf7-form-control wpcf7-text wpcf7-validates-as-required\" aria-required=\"true\" aria-invalid=\"false\" placeholder=\"Nome\" value=\"\" type=\"text\" name=\"your-name\" \/><\/span>\n<\/p>\n<p><span class=\"wpcf7-form-control-wrap\" data-name=\"your-email\"><input size=\"40\" maxlength=\"400\" class=\"wpcf7-form-control wpcf7-email wpcf7-validates-as-required wpcf7-text wpcf7-validates-as-email\" aria-required=\"true\" aria-invalid=\"false\" placeholder=\"Email\" value=\"\" type=\"email\" name=\"your-email\" \/><\/span>\n<\/p>\n<p><span class=\"wpcf7-form-control-wrap\" data-name=\"your-phone\"><input size=\"40\" maxlength=\"400\" class=\"wpcf7-form-control wpcf7-tel wpcf7-text wpcf7-validates-as-tel\" aria-invalid=\"false\" placeholder=\"Telefono\" value=\"\" type=\"tel\" name=\"your-phone\" \/><\/span>\n<\/p>\n<p><span class=\"wpcf7-form-control-wrap\" data-name=\"your-ref\"><input size=\"40\" maxlength=\"400\" class=\"wpcf7-form-control wpcf7-text wpcf7-validates-as-required\" aria-required=\"true\" aria-invalid=\"false\" placeholder=\"Riferimento dell&#039;ordine\" value=\"\" type=\"text\" name=\"your-ref\" \/><\/span>\n<\/p>\n<p><span class=\"wpcf7-form-control-wrap\" data-name=\"your-message\"><textarea cols=\"40\" rows=\"10\" maxlength=\"2000\" class=\"wpcf7-form-control wpcf7-textarea\" aria-invalid=\"false\" placeholder=\"Messaggio\" name=\"your-message\"><\/textarea><\/span>\n<\/p>\n<p><input class=\"wpcf7-form-control wpcf7-submit has-spinner\" type=\"submit\" value=\"Envoyer\" \/>\n<\/p><div class=\"wpcf7-response-output\" aria-hidden=\"true\"><\/div>\n<\/form>\n<\/div>\n<\/div>\n\t\t\t\t\t\t<\/div>\n\t\t\t\t<\/div>\n\t\t\t\t\t<\/div>\n\t\t<\/div>\n\t\t\t\t\t<\/div>\n\t\t<\/section>\n\t\t\t\t<\/div>\n\t\t","protected":false},"excerpt":{"rendered":"<p>Servizio clienti &#8211; Contattaci Per domande su un ordine o informazioni sui nostri prodotti. Indirizzo SUISSED\u00e9lic\u00e9sarDelices de ProvenceChemin des Couayes 1 &#8211; 1896 VouvrySuisse &#8211; Gen\u00e8ve FRANCED\u00e9lic\u00e9sarDelices de Provence715, route des adams &#8211; 84220 Gordes Telefono+41 76 440 16 13 \u00a0\u00a0\u00a0\u00a0<\/p>\n","protected":false},"author":1,"featured_media":0,"parent":0,"menu_order":0,"comment_status":"closed","ping_status":"closed","template":"","meta":{"footnotes":""},"class_list":["post-6593","page","type-page","status-publish","hentry"],"yoast_head":"<!-- This site is optimized with the Yoast SEO plugin v27.2 - https:\/\/yoast.com\/product\/yoast-seo-wordpress\/ -->\n<title>Contatti - D\u00e9lices de Provence - Losanna, Svizzera - C\u00e9sar Bazin de Caix<\/title>\n<meta name=\"description\" content=\"Dettagli di contatto per D\u00e9lices de Provence a Losanna, Svizzera. Tel: +41764401613 - Indirizzo: 62, chemin de Montelly - 1007 Losanna - Svizzera. C\u00e9sar Bazin de Caix\" \/>\n<meta name=\"robots\" content=\"index, follow, max-snippet:-1, max-image-preview:large, max-video-preview:-1\" \/>\n<link rel=\"canonical\" href=\"https:\/\/www.lesdelicesdeprovence.ch\/it\/contatto-2\/\" \/>\n<meta property=\"og:locale\" content=\"it_IT\" \/>\n<meta property=\"og:type\" content=\"article\" \/>\n<meta property=\"og:title\" content=\"Contatti - D\u00e9lices de Provence - Losanna, Svizzera - C\u00e9sar Bazin de Caix\" \/>\n<meta property=\"og:description\" content=\"Dettagli di contatto per D\u00e9lices de Provence a Losanna, Svizzera. Tel: +41764401613 - Indirizzo: 62, chemin de Montelly - 1007 Losanna - Svizzera. C\u00e9sar Bazin de Caix\" \/>\n<meta property=\"og:url\" content=\"https:\/\/www.lesdelicesdeprovence.ch\/it\/contatto-2\/\" \/>\n<meta property=\"og:site_name\" content=\"Les D\u00e9lices de Provence\" \/>\n<meta property=\"article:modified_time\" content=\"2026-03-24T15:02:01+00:00\" \/>\n<meta property=\"og:image\" content=\"https:\/\/www.lesdelicesdeprovence.ch\/wp-content\/uploads\/2022\/05\/slider_confiture_abricots.jpg\" \/>\n\t<meta property=\"og:image:width\" content=\"1920\" \/>\n\t<meta property=\"og:image:height\" content=\"955\" \/>\n\t<meta property=\"og:image:type\" content=\"image\/jpeg\" \/>\n<meta name=\"twitter:card\" content=\"summary_large_image\" \/>\n<meta name=\"twitter:label1\" content=\"Tempo di lettura stimato\" \/>\n\t<meta name=\"twitter:data1\" content=\"1 minuto\" \/>\n<script type=\"application\/ld+json\" class=\"yoast-schema-graph\">{\"@context\":\"https:\/\/schema.org\",\"@graph\":[{\"@type\":\"WebPage\",\"@id\":\"https:\/\/www.lesdelicesdeprovence.ch\/it\/contatto-2\/\",\"url\":\"https:\/\/www.lesdelicesdeprovence.ch\/it\/contatto-2\/\",\"name\":\"Contatti - D\u00e9lices de Provence - Losanna, Svizzera - C\u00e9sar Bazin de Caix\",\"isPartOf\":{\"@id\":\"http:\/\/www.lesdelicesdeprovence.ch\/it\/#website\"},\"datePublished\":\"2021-07-19T07:46:28+00:00\",\"dateModified\":\"2026-03-24T15:02:01+00:00\",\"description\":\"Dettagli di contatto per D\u00e9lices de Provence a Losanna, Svizzera. Tel: +41764401613 - Indirizzo: 62, chemin de Montelly - 1007 Losanna - Svizzera. C\u00e9sar Bazin de Caix\",\"breadcrumb\":{\"@id\":\"https:\/\/www.lesdelicesdeprovence.ch\/it\/contatto-2\/#breadcrumb\"},\"inLanguage\":\"it-IT\",\"potentialAction\":[{\"@type\":\"ReadAction\",\"target\":[\"https:\/\/www.lesdelicesdeprovence.ch\/it\/contatto-2\/\"]}]},{\"@type\":\"BreadcrumbList\",\"@id\":\"https:\/\/www.lesdelicesdeprovence.ch\/it\/contatto-2\/#breadcrumb\",\"itemListElement\":[{\"@type\":\"ListItem\",\"position\":1,\"name\":\"Accoglienza\",\"item\":\"https:\/\/www.lesdelicesdeprovence.ch\/it\/\"},{\"@type\":\"ListItem\",\"position\":2,\"name\":\"Contatto\"}]},{\"@type\":\"WebSite\",\"@id\":\"http:\/\/www.lesdelicesdeprovence.ch\/it\/#website\",\"url\":\"http:\/\/www.lesdelicesdeprovence.ch\/it\/\",\"name\":\"Les D\u00e9lices de Provence\",\"description\":\"Epicerie fine en ligne\",\"potentialAction\":[{\"@type\":\"SearchAction\",\"target\":{\"@type\":\"EntryPoint\",\"urlTemplate\":\"http:\/\/www.lesdelicesdeprovence.ch\/it\/?s={search_term_string}\"},\"query-input\":{\"@type\":\"PropertyValueSpecification\",\"valueRequired\":true,\"valueName\":\"search_term_string\"}}],\"inLanguage\":\"it-IT\"}]}<\/script>\n<!-- \/ Yoast SEO plugin. -->","yoast_head_json":{"title":"Contatti - D\u00e9lices de Provence - Losanna, Svizzera - C\u00e9sar Bazin de Caix","description":"Dettagli di contatto per D\u00e9lices de Provence a Losanna, Svizzera. Tel: +41764401613 - Indirizzo: 62, chemin de Montelly - 1007 Losanna - Svizzera. C\u00e9sar Bazin de Caix","robots":{"index":"index","follow":"follow","max-snippet":"max-snippet:-1","max-image-preview":"max-image-preview:large","max-video-preview":"max-video-preview:-1"},"canonical":"https:\/\/www.lesdelicesdeprovence.ch\/it\/contatto-2\/","og_locale":"it_IT","og_type":"article","og_title":"Contatti - D\u00e9lices de Provence - Losanna, Svizzera - C\u00e9sar Bazin de Caix","og_description":"Dettagli di contatto per D\u00e9lices de Provence a Losanna, Svizzera. Tel: +41764401613 - Indirizzo: 62, chemin de Montelly - 1007 Losanna - Svizzera. C\u00e9sar Bazin de Caix","og_url":"https:\/\/www.lesdelicesdeprovence.ch\/it\/contatto-2\/","og_site_name":"Les D\u00e9lices de Provence","article_modified_time":"2026-03-24T15:02:01+00:00","og_image":[{"width":1920,"height":955,"url":"https:\/\/www.lesdelicesdeprovence.ch\/wp-content\/uploads\/2022\/05\/slider_confiture_abricots.jpg","type":"image\/jpeg"}],"twitter_card":"summary_large_image","twitter_misc":{"Tempo di lettura stimato":"1 minuto"},"schema":{"@context":"https:\/\/schema.org","@graph":[{"@type":"WebPage","@id":"https:\/\/www.lesdelicesdeprovence.ch\/it\/contatto-2\/","url":"https:\/\/www.lesdelicesdeprovence.ch\/it\/contatto-2\/","name":"Contatti - D\u00e9lices de Provence - Losanna, Svizzera - C\u00e9sar Bazin de Caix","isPartOf":{"@id":"http:\/\/www.lesdelicesdeprovence.ch\/it\/#website"},"datePublished":"2021-07-19T07:46:28+00:00","dateModified":"2026-03-24T15:02:01+00:00","description":"Dettagli di contatto per D\u00e9lices de Provence a Losanna, Svizzera. Tel: +41764401613 - Indirizzo: 62, chemin de Montelly - 1007 Losanna - Svizzera. C\u00e9sar Bazin de Caix","breadcrumb":{"@id":"https:\/\/www.lesdelicesdeprovence.ch\/it\/contatto-2\/#breadcrumb"},"inLanguage":"it-IT","potentialAction":[{"@type":"ReadAction","target":["https:\/\/www.lesdelicesdeprovence.ch\/it\/contatto-2\/"]}]},{"@type":"BreadcrumbList","@id":"https:\/\/www.lesdelicesdeprovence.ch\/it\/contatto-2\/#breadcrumb","itemListElement":[{"@type":"ListItem","position":1,"name":"Accoglienza","item":"https:\/\/www.lesdelicesdeprovence.ch\/it\/"},{"@type":"ListItem","position":2,"name":"Contatto"}]},{"@type":"WebSite","@id":"http:\/\/www.lesdelicesdeprovence.ch\/it\/#website","url":"http:\/\/www.lesdelicesdeprovence.ch\/it\/","name":"Les D\u00e9lices de Provence","description":"Epicerie fine en ligne","potentialAction":[{"@type":"SearchAction","target":{"@type":"EntryPoint","urlTemplate":"http:\/\/www.lesdelicesdeprovence.ch\/it\/?s={search_term_string}"},"query-input":{"@type":"PropertyValueSpecification","valueRequired":true,"valueName":"search_term_string"}}],"inLanguage":"it-IT"}]}},"_links":{"self":[{"href":"https:\/\/www.lesdelicesdeprovence.ch\/it\/wp-json\/wp\/v2\/pages\/6593","targetHints":{"allow":["GET"]}}],"collection":[{"href":"https:\/\/www.lesdelicesdeprovence.ch\/it\/wp-json\/wp\/v2\/pages"}],"about":[{"href":"https:\/\/www.lesdelicesdeprovence.ch\/it\/wp-json\/wp\/v2\/types\/page"}],"author":[{"embeddable":true,"href":"https:\/\/www.lesdelicesdeprovence.ch\/it\/wp-json\/wp\/v2\/users\/1"}],"replies":[{"embeddable":true,"href":"https:\/\/www.lesdelicesdeprovence.ch\/it\/wp-json\/wp\/v2\/comments?post=6593"}],"version-history":[{"count":30,"href":"https:\/\/www.lesdelicesdeprovence.ch\/it\/wp-json\/wp\/v2\/pages\/6593\/revisions"}],"predecessor-version":[{"id":16265,"href":"https:\/\/www.lesdelicesdeprovence.ch\/it\/wp-json\/wp\/v2\/pages\/6593\/revisions\/16265"}],"wp:attachment":[{"href":"https:\/\/www.lesdelicesdeprovence.ch\/it\/wp-json\/wp\/v2\/media?parent=6593"}],"curies":[{"name":"wp","href":"https:\/\/api.w.org\/{rel}","templated":true}]}}