{"id":6965,"date":"2022-06-16T13:31:47","date_gmt":"2022-06-16T13:31:47","guid":{"rendered":"https:\/\/www.aromeprod2.com\/?page_id=6965"},"modified":"2024-03-28T13:40:27","modified_gmt":"2024-03-28T13:40:27","slug":"condizioni-di-vendita-2","status":"publish","type":"page","link":"https:\/\/www.lesdelicesdeprovence.ch\/it\/condizioni-di-vendita-2\/","title":{"rendered":"Termini e condizioni di vendita"},"content":{"rendered":"\n<p>Les d\u00e9lices de Provence \u00e8 di propriet\u00e0 di D\u00e9lic\u00e9sar S\u00e0rl, iscritta al Registro delle Imprese svizzero con il numero CH-550.1.126.331-4. Il suo indirizzo postale \u00e8 62 Chemin de Montelly, 1007 Losanna e il suo indirizzo e-mail \u00e8 contact@lesdelicesdeprovence.ch.<\/p>\n\n<p>Ogni ordine di un prodotto presente nel negozio online del sito <a href=\"http:\/\/www.lesdelicesdeprovence.ch\/\">www.lesdelicesdeprovence.ch<\/a> implica la consultazione e l&#8217;accettazione delle presenti condizioni generali di vendita. Il clic per confermare l&#8217;ordine implica la piena accettazione di questi termini e condizioni. Questo clic funge da &#8220;firma digitale&#8221;.<\/p>\n\n<p><strong>OGGETTO<\/strong><\/p>\n\n<p>Le presenti condizioni generali hanno lo scopo di definire i diritti e gli obblighi delle parti nel contesto della vendita online di beni offerti da D\u00c9LIC\u00c9SAR S\u00c0RL al consumatore.<\/p>\n\n<p><strong>PROVA DELLA TRANSAZIONE<\/strong><\/p>\n\n<p>I registri informatizzati conservati nei sistemi informatici di D\u00c9LIC\u00c9SAR S\u00c0RL in condizioni di ragionevole sicurezza sono considerati come prova delle comunicazioni, degli ordini e dei pagamenti avvenuti tra le parti.<\/p>\n\n<p>I moduli d&#8217;ordine e le fatture vengono archiviati su un supporto affidabile e duraturo che pu\u00f2 essere esibito come prova.<\/p>\n\n<p><strong>CONFERMA DELL&#8217;ORDINE<\/strong><\/p>\n\n<p>Le informazioni contrattuali saranno confermate via e-mail all&#8217;indirizzo indicato dal consumatore nel modulo d&#8217;ordine.<\/p>\n\n<p><strong>INFORMAZIONI SUL PRODOTTO<\/strong><\/p>\n\n<p>\u00c8 stato fatto ogni sforzo per garantire l&#8217;accuratezza delle informazioni presentate sul sito lesdelicesdeprovence.ch. Tuttavia, D\u00c9LIC\u00c9SAR S\u00c0RL o i suoi fornitori non possono essere ritenuti responsabili di eventuali conseguenze, incidenti o danni speciali derivanti da trasmissioni elettroniche o dall&#8217;accuratezza delle informazioni trasmesse, anche se D\u00c9LIC\u00c9SAR S\u00c0RL era a conoscenza della possibilit\u00e0 di tali danni. I nomi e i marchi dei prodotti e dei produttori sono utilizzati solo a scopo identificativo. Le foto, le descrizioni e i prezzi dei prodotti non sono contrattuali.<\/p>\n\n<p><strong>TEMPI DI CONSEGNA<\/strong><\/p>\n\n<p>D\u00e9lic\u00e9sar S\u00e0rl si impegna a consegnare tutti gli ordini entro 48 ore in tutta la Svizzera. Se per motivi indipendenti dalla sua volont\u00e0 o per cause di forza maggiore tali scadenze non vengono rispettate, D\u00e9lic\u00e9sar S\u00e0rl non potr\u00e0 in alcun modo essere ritenuta responsabile. D\u00e9lic\u00e9sar S\u00e0rl avvia il processo di consegna al momento della conferma del pagamento finale da parte del cliente e non al momento dell&#8217;ordine. I prodotti ordinati dal cliente vengono consegnati di default nello scomparto secondario della cassetta delle lettere o davanti alla porta di casa. Se il cliente desidera ricevere i prodotti direttamente di persona o contro firma, deve farne richiesta eccezionale al servizio clienti di Les d\u00e9lices de Provence, comunicando per iscritto all&#8217;indirizzo e-mail indicato le condizioni di consegna che desidera. Queste modifiche al processo di consegna possono comportare un aumento delle spese di consegna, che saranno a carico del cliente indipendentemente dal valore dell&#8217;ordine. Le spese di spedizione ammontano di norma a 11,00 franchi svizzeri e sono a carico del cliente per tutti gli ordini inferiori a 89,00 franchi svizzeri. Le spese di consegna sono gratuite al di sopra di questo importo per qualsiasi consegna il cui processo non sia stato precedentemente modificato su richiesta del cliente.<\/p>\n\n<p><strong>IL PERIODO DI VALIDIT\u00c0 DELL&#8217;OFFERTA E IL SUO PREZZO<\/strong><\/p>\n\n<p>I nostri prezzi sono validi per la giornata.<\/p>\n\n<p><strong>PREZZI E PAGAMENTI<\/strong><\/p>\n\n<p>I prezzi in vigore sono quelli applicabili il giorno dell&#8217;emissione dell&#8217;ordine.<\/p>\n\n<p>Le nostre fatture sono pagabili in contanti con Paypal al momento dell&#8217;ordine.<\/p>\n\n<p>Possiamo accettare i vostri ordini fino ad esaurimento scorte.<\/p>\n\n<p>Se, nonostante la nostra vigilanza, gli articoli non sono disponibili, vi informeremo via e-mail il prima possibile. Salvo diversa indicazione, spediremo l&#8217;intero ordine non appena riceveremo l&#8217;articolo mancante.<\/p>\n\n<p><strong>PROBLEMI DI CONSEGNA CAUSATI DAL VETTORE<\/strong><\/p>\n\n<p>Qualsiasi anomalia relativa alla consegna (danni, prodotto mancante rispetto alla bolla di consegna o alla fattura, pacco danneggiato, prodotti rotti, ecc.) deve essere indicata sulla bolla di consegna sotto forma di &#8220;riserva manoscritta dettagliata&#8221; accompagnata dalla firma del cliente.<\/p>\n\n<p>Allo stesso tempo, il consumatore deve confermare questa anomalia inviando un&#8217;e-mail a D\u00c9LIC\u00c9SAR S\u00c0RL il giorno stesso o il giorno lavorativo successivo alla consegna, specificando il reclamo.<\/p>\n\n<p><strong>ERRORI DI CONSEGNA<\/strong><\/p>\n\n<p>Il consumatore deve notificare a D\u00c9LIC\u00c9SAR S\u00c0RL, il giorno della consegna o al pi\u00f9 tardi il primo giorno lavorativo successivo alla consegna, qualsiasi reclamo di errore nella consegna e\/o di non conformit\u00e0 dei prodotti in natura o in qualit\u00e0 rispetto alle informazioni fornite nel modulo d&#8217;ordine.<\/p>\n\n<p>Dopo questo termine, tutte le richieste saranno respinte.<\/p>\n\n<p>Tale richiesta deve essere inviata all&#8217;indirizzo e-mail di D\u00c9LIC\u00c9SAR S\u00c0RL.<\/p>\n\n<p>Qualsiasi reclamo non presentato in conformit\u00e0 alle regole sopra indicate ed entro i termini stabiliti non sar\u00e0 preso in considerazione e sollever\u00e0 D\u00c9LIC\u00c9SAR S\u00c0RL da qualsiasi responsabilit\u00e0 nei confronti del consumatore.<\/p>\n\n<p>In caso di errore di consegna o di cambio, il prodotto da cambiare o rimborsare deve essere restituito a D\u00c9LIC\u00c9SAR S\u00c0RL nella sua interezza e nella sua confezione originale, in perfetto stato, all&#8217;indirizzo postale.<\/p>\n\n<p>Per essere accettati, tutti i resi devono essere notificati e avere l&#8217;accordo preventivo di D\u00c9LIC\u00c9SAR S\u00c0RL, che provveder\u00e0 a rispedire il pacco all&#8217;indirizzo corretto.<\/p>\n\n<p>Le spese di spedizione sono a carico di D\u00c9LIC\u00c9SAR S\u00c0RL, tranne nel caso in cui il prodotto non corrisponda alla dichiarazione originale fatta dal consumatore nel modulo di reso.<\/p>\n\n<p><strong>GARANZIA DEL PRODOTTO<\/strong><\/p>\n\n<p>Le disposizioni del presente documento non privano il consumatore della garanzia legale che obbliga il venditore professionale a garantire il consumatore contro tutte le conseguenze dei difetti nascosti dell&#8217;articolo venduto.<\/p>\n\n<p>Il consumatore \u00e8 espressamente informato che D\u00c9LIC\u00c9SAR S\u00c0RL non \u00e8 il produttore dei prodotti presentati sul SITO WEB lesdelicesdeprovence.ch e che non si assume alcuna responsabilit\u00e0 per i prodotti difettosi.<\/p>\n\n<p>Di conseguenza, in caso di danni causati a persone o cose da un difetto del prodotto, solo il produttore del prodotto pu\u00f2 essere ritenuto responsabile dal consumatore.<\/p>\n\n<p>Il periodo di garanzia \u00e8 quello della data di scadenza. Tutti i prodotti modificati dal cliente o da qualsiasi altra entit\u00e0 sono esclusi dalla presente garanzia.<\/p>\n\n<p><strong>DIRITTO DI RECESSO<\/strong><\/p>\n\n<p>Il diritto di recesso si applica solo alle persone fisiche.<\/p>\n\n<p>In conformit\u00e0 alla Legge, il consumatore ha un periodo di sette (7) giorni lavorativi per restituire, a proprie spese, i prodotti che non lo soddisfano. Questo periodo decorre dal giorno del ricevimento dell&#8217;ordine del consumatore. Tutti i resi devono essere notificati in anticipo al servizio clienti di D\u00c9LIC\u00c9SAR S\u00c0RL. Il prodotto deve essere restituito all&#8217;indirizzo postale di D\u00c9LIC\u00c9SAR S\u00c0RL.<\/p>\n\n<p>Per poter beneficiare del diritto di recesso, i prodotti sensibili non devono essere stati sigillati.<\/p>\n\n<p>Saranno ritirati solo i prodotti restituiti nella loro interezza, nella loro confezione originale completa e non danneggiata e in perfette condizioni di rivendita. Qualsiasi prodotto danneggiato o la cui confezione originale sia stata danneggiata non potr\u00e0 essere rimborsato, ritirato o sostituito. Il diritto di recesso si esercita senza alcuna penalit\u00e0, ad eccezione delle spese di spedizione e di restituzione. In caso di esercizio del diritto di recesso, il consumatore ha la possibilit\u00e0 di richiedere il rimborso delle somme versate o la sostituzione del prodotto. In caso di cambio, la restituzione sar\u00e0 a carico del consumatore.<\/p>\n\n<p>In caso di esercizio del diritto di recesso, D\u00c9LIC\u00c9SAR S\u00c0RL far\u00e0 il possibile per rimborsare il consumatore entro DIECI giorni dalla restituzione dei prodotti.<\/p>\n\n<p><strong>DIRITTI D&#8217;USO<\/strong><\/p>\n\n<p>L&#8217;uso di marchi di fabbrica sul sito \u00e8 severamente vietato.<\/p>\n\n<p><strong>FORZA MAGGIORE<\/strong><\/p>\n\n<p>Nessuna delle parti sar\u00e0 venuta meno ai propri obblighi contrattuali nella misura in cui la loro esecuzione sia ritardata, ostacolata o impedita da un evento fortuito di forza maggiore. Per forza maggiore si intende qualsiasi atto o circostanza irresistibile, esterna alle parti, imprevedibile, inevitabile, al di fuori del controllo delle parti e che non pu\u00f2 essere evitato dalle parti, nonostante ogni ragionevole sforzo contrario.<\/p>\n\n<p>La parte interessata da tali circostanze ne dar\u00e0 comunicazione all&#8217;altra parte entro quindici giorni lavorativi da quando ne \u00e8 venuta a conoscenza.<\/p>\n\n<p>Le due parti si incontreranno entro 3 settimane, a meno che ci\u00f2 non sia impossibile per cause di forza maggiore, per esaminare l&#8217;impatto dell&#8217;evento e concordare le condizioni alle quali il contratto continuer\u00e0 a essere eseguito.<\/p>\n\n<p>Se l&#8217;evento di forza maggiore si protrae per pi\u00f9 di un mese, le presenti condizioni generali possono essere risolte dalla parte lesa.<\/p>\n\n<p>Sono espressamente considerati casi di forza maggiore o di caso fortuito, oltre a quelli normalmente accettati dalla giurisprudenza delle corti e dei tribunali svizzeri, i seguenti: blocco dei mezzi di trasporto, terremoti, incendi, tempeste, inondazioni, fulmini, interruzione delle reti di telecomunicazione o difficolt\u00e0 specifiche delle reti di telecomunicazione esterne ai clienti.<\/p>\n\n<p><strong>NON VALIDAZIONE PARZIALE<\/strong><\/p>\n\n<p>Se una o pi\u00f9 clausole delle presenti condizioni generali sono ritenute non valide o dichiarate tali in applicazione di una legge, di un regolamento o a seguito di una decisione definitiva di un tribunale competente, le altre clausole manterranno tutta la loro forza e portata.<\/p>\n\n<p><strong>NON SOCCORRITORE<\/strong><\/p>\n\n<p>Il fatto che una delle parti non approfitti di una violazione da parte dell&#8217;altra parte di uno degli obblighi di cui alle presenti condizioni generali di vendita non sar\u00e0 interpretato per il futuro come una rivendicazione dell&#8217;obbligo in questione.<\/p>\n\n<p><strong>LEGGE APPLICABILE<\/strong><\/p>\n\n<p>I presenti termini e condizioni generali sono disciplinati dalla legge svizzera. Questo vale sia per le regole sostanziali che per quelle formali.<\/p>\n\n<p>In caso di controversia o reclamo, il consumatore deve innanzitutto contattare D\u00c9LIC\u00c9SAR S\u00c0RL per una soluzione amichevole.<\/p>\n\n<p><strong>PROTEZIONE DEI DATI PERSONALI<\/strong><\/p>\n\n<p>Tutte le informazioni che ci fornite vengono utilizzate per elaborare i vostri ordini.<\/p>\n\n<p>In conformit\u00e0 alla legge svizzera sul trattamento dei dati, sugli archivi e sulla conservazione dei dati, l&#8217;utente ha il diritto di rettificare, consultare, modificare e cancellare i dati forniti a D\u00c9LIC\u00c9SAR S\u00c0RL. Questo diritto deve essere esercitato per posta.<\/p>\n\n<p><strong>CONTROVERSIE<\/strong><\/p>\n\n<p>Tutti gli ordini effettuati tramite il SITO WEB lesdelicesdeprovence.ch implicano l&#8217;accettazione da parte del cliente, senza alcuna restrizione, delle condizioni generali di vendita di D\u00c9LIC\u00c9SAR S\u00c0RL.<\/p>\n\n<p>In caso di vendita a una persona giuridica, qualsiasi controversia relativa alla vendita (prezzo, CGC, prodotti, ecc.) sar\u00e0 soggetta al diritto svizzero davanti al tribunale competente della sede legale di D\u00c9LIC\u00c9SAR S\u00c0RL.<\/p>\n","protected":false},"excerpt":{"rendered":"<p>Les d\u00e9lices de Provence \u00e8 di propriet\u00e0 di D\u00e9lic\u00e9sar S\u00e0rl, iscritta al Registro delle Imprese svizzero con il numero CH-550.1.126.331-4. Il suo indirizzo postale \u00e8 62 Chemin de Montelly, 1007 Losanna e il suo indirizzo e-mail \u00e8 contact@lesdelicesdeprovence.ch. Ogni ordine di un prodotto presente nel negozio online del sito www.lesdelicesdeprovence.ch implica la consultazione e l&#8217;accettazione [&hellip;]<\/p>\n","protected":false},"author":1,"featured_media":0,"parent":0,"menu_order":0,"comment_status":"closed","ping_status":"closed","template":"","meta":{"footnotes":""},"class_list":["post-6965","page","type-page","status-publish","hentry"],"yoast_head":"<!-- This site is optimized with the Yoast SEO plugin v27.2 - https:\/\/yoast.com\/product\/yoast-seo-wordpress\/ -->\n<title>Termini e condizioni di vendita - Les D\u00e9lices de Provence<\/title>\n<meta name=\"robots\" content=\"index, follow, max-snippet:-1, max-image-preview:large, max-video-preview:-1\" \/>\n<link rel=\"canonical\" href=\"https:\/\/www.lesdelicesdeprovence.ch\/it\/condizioni-di-vendita-2\/\" \/>\n<meta property=\"og:locale\" content=\"it_IT\" \/>\n<meta property=\"og:type\" content=\"article\" \/>\n<meta property=\"og:title\" content=\"Termini e condizioni di vendita - Les D\u00e9lices de Provence\" \/>\n<meta property=\"og:description\" content=\"Les d\u00e9lices de Provence \u00e8 di propriet\u00e0 di D\u00e9lic\u00e9sar S\u00e0rl, iscritta al Registro delle Imprese svizzero con il numero CH-550.1.126.331-4. Il suo indirizzo postale \u00e8 62 Chemin de Montelly, 1007 Losanna e il suo indirizzo e-mail \u00e8 contact@lesdelicesdeprovence.ch. Ogni ordine di un prodotto presente nel negozio online del sito www.lesdelicesdeprovence.ch implica la consultazione e l&#8217;accettazione [&hellip;]\" \/>\n<meta property=\"og:url\" content=\"https:\/\/www.lesdelicesdeprovence.ch\/it\/condizioni-di-vendita-2\/\" \/>\n<meta property=\"og:site_name\" content=\"Les D\u00e9lices de Provence\" \/>\n<meta property=\"article:modified_time\" content=\"2024-03-28T13:40:27+00:00\" \/>\n<meta property=\"og:image\" content=\"https:\/\/www.lesdelicesdeprovence.ch\/wp-content\/uploads\/2022\/05\/slider_confiture_abricots.jpg\" \/>\n\t<meta property=\"og:image:width\" content=\"1920\" \/>\n\t<meta property=\"og:image:height\" content=\"955\" \/>\n\t<meta property=\"og:image:type\" content=\"image\/jpeg\" \/>\n<meta name=\"twitter:card\" content=\"summary_large_image\" \/>\n<meta name=\"twitter:label1\" content=\"Tempo di lettura stimato\" \/>\n\t<meta name=\"twitter:data1\" content=\"4 minuti\" \/>\n<script type=\"application\/ld+json\" class=\"yoast-schema-graph\">{\"@context\":\"https:\/\/schema.org\",\"@graph\":[{\"@type\":\"WebPage\",\"@id\":\"https:\/\/www.lesdelicesdeprovence.ch\/it\/condizioni-di-vendita-2\/\",\"url\":\"https:\/\/www.lesdelicesdeprovence.ch\/it\/condizioni-di-vendita-2\/\",\"name\":\"Termini e condizioni di vendita - Les D\u00e9lices de Provence\",\"isPartOf\":{\"@id\":\"https:\/\/www.lesdelicesdeprovence.ch\/it\/#website\"},\"datePublished\":\"2022-06-16T13:31:47+00:00\",\"dateModified\":\"2024-03-28T13:40:27+00:00\",\"breadcrumb\":{\"@id\":\"https:\/\/www.lesdelicesdeprovence.ch\/it\/condizioni-di-vendita-2\/#breadcrumb\"},\"inLanguage\":\"it-IT\",\"potentialAction\":[{\"@type\":\"ReadAction\",\"target\":[\"https:\/\/www.lesdelicesdeprovence.ch\/it\/condizioni-di-vendita-2\/\"]}]},{\"@type\":\"BreadcrumbList\",\"@id\":\"https:\/\/www.lesdelicesdeprovence.ch\/it\/condizioni-di-vendita-2\/#breadcrumb\",\"itemListElement\":[{\"@type\":\"ListItem\",\"position\":1,\"name\":\"Accoglienza\",\"item\":\"http:\/\/www.lesdelicesdeprovence.ch\/it\/\"},{\"@type\":\"ListItem\",\"position\":2,\"name\":\"Termini e condizioni di vendita\"}]},{\"@type\":\"WebSite\",\"@id\":\"https:\/\/www.lesdelicesdeprovence.ch\/it\/#website\",\"url\":\"https:\/\/www.lesdelicesdeprovence.ch\/it\/\",\"name\":\"Les D\u00e9lices de Provence\",\"description\":\"Epicerie fine en ligne\",\"potentialAction\":[{\"@type\":\"SearchAction\",\"target\":{\"@type\":\"EntryPoint\",\"urlTemplate\":\"https:\/\/www.lesdelicesdeprovence.ch\/it\/?s={search_term_string}\"},\"query-input\":{\"@type\":\"PropertyValueSpecification\",\"valueRequired\":true,\"valueName\":\"search_term_string\"}}],\"inLanguage\":\"it-IT\"}]}<\/script>\n<!-- \/ Yoast SEO plugin. -->","yoast_head_json":{"title":"Termini e condizioni di vendita - Les D\u00e9lices de Provence","robots":{"index":"index","follow":"follow","max-snippet":"max-snippet:-1","max-image-preview":"max-image-preview:large","max-video-preview":"max-video-preview:-1"},"canonical":"https:\/\/www.lesdelicesdeprovence.ch\/it\/condizioni-di-vendita-2\/","og_locale":"it_IT","og_type":"article","og_title":"Termini e condizioni di vendita - Les D\u00e9lices de Provence","og_description":"Les d\u00e9lices de Provence \u00e8 di propriet\u00e0 di D\u00e9lic\u00e9sar S\u00e0rl, iscritta al Registro delle Imprese svizzero con il numero CH-550.1.126.331-4. Il suo indirizzo postale \u00e8 62 Chemin de Montelly, 1007 Losanna e il suo indirizzo e-mail \u00e8 contact@lesdelicesdeprovence.ch. Ogni ordine di un prodotto presente nel negozio online del sito www.lesdelicesdeprovence.ch implica la consultazione e l&#8217;accettazione [&hellip;]","og_url":"https:\/\/www.lesdelicesdeprovence.ch\/it\/condizioni-di-vendita-2\/","og_site_name":"Les D\u00e9lices de Provence","article_modified_time":"2024-03-28T13:40:27+00:00","og_image":[{"width":1920,"height":955,"url":"https:\/\/www.lesdelicesdeprovence.ch\/wp-content\/uploads\/2022\/05\/slider_confiture_abricots.jpg","type":"image\/jpeg"}],"twitter_card":"summary_large_image","twitter_misc":{"Tempo di lettura stimato":"4 minuti"},"schema":{"@context":"https:\/\/schema.org","@graph":[{"@type":"WebPage","@id":"https:\/\/www.lesdelicesdeprovence.ch\/it\/condizioni-di-vendita-2\/","url":"https:\/\/www.lesdelicesdeprovence.ch\/it\/condizioni-di-vendita-2\/","name":"Termini e condizioni di vendita - Les D\u00e9lices de Provence","isPartOf":{"@id":"https:\/\/www.lesdelicesdeprovence.ch\/it\/#website"},"datePublished":"2022-06-16T13:31:47+00:00","dateModified":"2024-03-28T13:40:27+00:00","breadcrumb":{"@id":"https:\/\/www.lesdelicesdeprovence.ch\/it\/condizioni-di-vendita-2\/#breadcrumb"},"inLanguage":"it-IT","potentialAction":[{"@type":"ReadAction","target":["https:\/\/www.lesdelicesdeprovence.ch\/it\/condizioni-di-vendita-2\/"]}]},{"@type":"BreadcrumbList","@id":"https:\/\/www.lesdelicesdeprovence.ch\/it\/condizioni-di-vendita-2\/#breadcrumb","itemListElement":[{"@type":"ListItem","position":1,"name":"Accoglienza","item":"http:\/\/www.lesdelicesdeprovence.ch\/it\/"},{"@type":"ListItem","position":2,"name":"Termini e condizioni di vendita"}]},{"@type":"WebSite","@id":"https:\/\/www.lesdelicesdeprovence.ch\/it\/#website","url":"https:\/\/www.lesdelicesdeprovence.ch\/it\/","name":"Les D\u00e9lices de Provence","description":"Epicerie fine en ligne","potentialAction":[{"@type":"SearchAction","target":{"@type":"EntryPoint","urlTemplate":"https:\/\/www.lesdelicesdeprovence.ch\/it\/?s={search_term_string}"},"query-input":{"@type":"PropertyValueSpecification","valueRequired":true,"valueName":"search_term_string"}}],"inLanguage":"it-IT"}]}},"_links":{"self":[{"href":"https:\/\/www.lesdelicesdeprovence.ch\/it\/wp-json\/wp\/v2\/pages\/6965","targetHints":{"allow":["GET"]}}],"collection":[{"href":"https:\/\/www.lesdelicesdeprovence.ch\/it\/wp-json\/wp\/v2\/pages"}],"about":[{"href":"https:\/\/www.lesdelicesdeprovence.ch\/it\/wp-json\/wp\/v2\/types\/page"}],"author":[{"embeddable":true,"href":"https:\/\/www.lesdelicesdeprovence.ch\/it\/wp-json\/wp\/v2\/users\/1"}],"replies":[{"embeddable":true,"href":"https:\/\/www.lesdelicesdeprovence.ch\/it\/wp-json\/wp\/v2\/comments?post=6965"}],"version-history":[{"count":3,"href":"https:\/\/www.lesdelicesdeprovence.ch\/it\/wp-json\/wp\/v2\/pages\/6965\/revisions"}],"predecessor-version":[{"id":12394,"href":"https:\/\/www.lesdelicesdeprovence.ch\/it\/wp-json\/wp\/v2\/pages\/6965\/revisions\/12394"}],"wp:attachment":[{"href":"https:\/\/www.lesdelicesdeprovence.ch\/it\/wp-json\/wp\/v2\/media?parent=6965"}],"curies":[{"name":"wp","href":"https:\/\/api.w.org\/{rel}","templated":true}]}}