{"id":7149,"date":"2021-07-19T07:46:21","date_gmt":"2021-07-19T07:46:21","guid":{"rendered":"https:\/\/www.aromeprod2.com\/?page_id=7149"},"modified":"2024-03-28T13:40:20","modified_gmt":"2024-03-28T13:40:20","slug":"chi-siamo-noi","status":"publish","type":"page","link":"https:\/\/www.lesdelicesdeprovence.ch\/it\/chi-siamo-noi\/","title":{"rendered":"Chi siamo?"},"content":{"rendered":"\t\t<div data-elementor-type=\"wp-page\" data-elementor-id=\"7149\" class=\"elementor elementor-7149 elementor-307\">\n\t\t\t\t\t\t<section class=\"elementor-section elementor-top-section elementor-element elementor-element-41c5f80c elementor-section-content-middle customImageTextWrapper elementor-section-boxed elementor-section-height-default elementor-section-height-default none\" data-id=\"41c5f80c\" data-element_type=\"section\" data-e-type=\"section\">\n\t\t\t\t\t\t<div class=\"elementor-container elementor-column-gap-default\">\n\t\t\t\t\t<div class=\"elementor-column elementor-col-33 elementor-top-column elementor-element elementor-element-ae5c325 none\" data-id=\"ae5c325\" data-element_type=\"column\" data-e-type=\"column\">\n\t\t\t<div class=\"elementor-widget-wrap elementor-element-populated\">\n\t\t\t\t\t\t<div class=\"elementor-element elementor-element-67ffeb0 none elementor-widget elementor-widget-heading\" data-id=\"67ffeb0\" data-element_type=\"widget\" data-e-type=\"widget\" data-widget_type=\"heading.default\">\n\t\t\t\t<div class=\"elementor-widget-container\">\n\t\t\t\t\t<h2 class=\"elementor-heading-title elementor-size-default\">Benvenuti nella nostra gastronomia online<\/h2>\t\t\t\t<\/div>\n\t\t\t\t<\/div>\n\t\t\t\t\t<\/div>\n\t\t<\/div>\n\t\t\t\t<div class=\"elementor-column elementor-col-33 elementor-top-column elementor-element elementor-element-4269429 none\" data-id=\"4269429\" data-element_type=\"column\" data-e-type=\"column\">\n\t\t\t<div class=\"elementor-widget-wrap elementor-element-populated\">\n\t\t\t\t\t\t<div class=\"elementor-element elementor-element-190b27f rtl-bg none elementor-widget elementor-widget-image\" data-id=\"190b27f\" data-element_type=\"widget\" data-e-type=\"widget\" data-widget_type=\"image.default\">\n\t\t\t\t<div class=\"elementor-widget-container\">\n\t\t\t\t\t\t\t\t\t\t\t\t\t\t\t<img fetchpriority=\"high\" decoding=\"async\" width=\"512\" height=\"700\" src=\"https:\/\/www.lesdelicesdeprovence.ch\/wp-content\/uploads\/2022\/10\/gordes.jpg\" class=\"elementor-animation-bob attachment-full size-full wp-image-12238 wp-post-image\" alt=\"\" srcset=\"https:\/\/www.lesdelicesdeprovence.ch\/wp-content\/uploads\/2022\/10\/gordes.jpg 512w, https:\/\/www.lesdelicesdeprovence.ch\/wp-content\/uploads\/2022\/10\/gordes-76x104.jpg 76w, https:\/\/www.lesdelicesdeprovence.ch\/wp-content\/uploads\/2022\/10\/gordes-64x88.jpg 64w, https:\/\/www.lesdelicesdeprovence.ch\/wp-content\/uploads\/2022\/10\/gordes-219x300.jpg 219w, https:\/\/www.lesdelicesdeprovence.ch\/wp-content\/uploads\/2022\/10\/gordes-113x154.jpg 113w\" sizes=\"(max-width: 512px) 100vw, 512px\" \/>\t\t\t\t\t\t\t\t\t\t\t\t\t\t\t<\/div>\n\t\t\t\t<\/div>\n\t\t\t\t\t<\/div>\n\t\t<\/div>\n\t\t\t\t<div class=\"elementor-column elementor-col-33 elementor-top-column elementor-element elementor-element-9c4ea59 none\" data-id=\"9c4ea59\" data-element_type=\"column\" data-e-type=\"column\">\n\t\t\t<div class=\"elementor-widget-wrap elementor-element-populated\">\n\t\t\t\t\t\t<div class=\"elementor-element elementor-element-8faccfc none elementor-widget elementor-widget-text-editor\" data-id=\"8faccfc\" data-element_type=\"widget\" data-e-type=\"widget\" data-widget_type=\"text-editor.default\">\n\t\t\t\t<div class=\"elementor-widget-container\">\n\t\t\t\t\t\t\t\t\t<p><strong>Da molti anni<\/strong>, il team della nostra gastronomia attraversa i mercati della Provenza per incontrare gli artigiani che assaggiano e <strong>selezionano con cura prodotti autentici<\/strong>, raffinati e di alta qualit\u00e0 <strong>per voi<\/strong>.<\/p>\n<p>Le ricette che vi invitiamo a scoprire nella nostra gastronomia online provengono tutte dalla Provenza e sono <strong>state realizzate artigianalmente da diverse generazioni<\/strong> con ingredienti naturali al 100%. Coloranti, aromi e conservanti artificiali non trovano posto qui.<\/p>\n<p>La qualit\u00e0 superiore dei nostri prodotti si basa sul perfetto equilibrio tra la<strong> scelta dei migliori ingredienti, la conservazione dei segreti di produzione e il rispetto delle tradizioni culinarie della Provenza<\/strong>.<\/p>\n<p><strong>Les D\u00e9lices de<\/strong> Provence vi invita a scoprire<strong> prodotti pregiati, autentici e gustosi<\/strong> da assaporare tutto l&#8217;anno in famiglia o con gli amici.<\/p>\n<p>La nostra gastronomia online ha raccolto un<strong> assortimento di prodotti che vi permetteranno di preparare le vostre ricette<\/strong> provenzali preferite, o semplicemente di <strong>gustarle<\/strong> come aperitivo o durante un pasto sostanzioso.<\/p>\n<p>La <strong>nostra casa fa parte dell&#8217;arte di vivere provenzale<\/strong> che abbiamo sviluppato con passione fin dall&#8217;inizio.<\/p>\n\t\t\t\t\t\t\t\t<\/div>\n\t\t\t\t<\/div>\n\t\t\t\t<div class=\"elementor-element elementor-element-b9a6046 none elementor-widget elementor-widget-spacer\" data-id=\"b9a6046\" data-element_type=\"widget\" data-e-type=\"widget\" data-widget_type=\"spacer.default\">\n\t\t\t\t<div class=\"elementor-widget-container\">\n\t\t\t\t\t\t\t<div class=\"elementor-spacer\">\n\t\t\t<div class=\"elementor-spacer-inner\"><\/div>\n\t\t<\/div>\n\t\t\t\t\t\t<\/div>\n\t\t\t\t<\/div>\n\t\t\t\t<div class=\"elementor-element elementor-element-e8941b5 elementor-widget__width-initial none elementor-widget elementor-widget-heading\" data-id=\"e8941b5\" data-element_type=\"widget\" data-e-type=\"widget\" data-widget_type=\"heading.default\">\n\t\t\t\t<div class=\"elementor-widget-container\">\n\t\t\t\t\t<p class=\"elementor-heading-title elementor-size-default\">Buona visita alla nostra gastronomia online!<\/p>\t\t\t\t<\/div>\n\t\t\t\t<\/div>\n\t\t\t\t\t<\/div>\n\t\t<\/div>\n\t\t\t\t\t<\/div>\n\t\t<\/section>\n\t\t\t\t<\/div>\n\t\t","protected":false},"excerpt":{"rendered":"<p>Benvenuti nella nostra gastronomia online Da molti anni, il team della nostra gastronomia attraversa i mercati della Provenza per incontrare gli artigiani che assaggiano e selezionano con cura prodotti autentici, raffinati e di alta qualit\u00e0 per voi. Le ricette che vi invitiamo a scoprire nella nostra gastronomia online provengono tutte dalla Provenza e sono state [&hellip;]<\/p>\n","protected":false},"author":1,"featured_media":12245,"parent":0,"menu_order":0,"comment_status":"closed","ping_status":"closed","template":"","meta":{"footnotes":""},"class_list":["post-7149","page","type-page","status-publish","has-post-thumbnail","hentry"],"yoast_head":"<!-- This site is optimized with the Yoast SEO plugin v27.2 - https:\/\/yoast.com\/product\/yoast-seo-wordpress\/ -->\n<title>Les D\u00e9lices de Provence - Gastronomia provenzale - C\u00e9sar Bazin de Caix<\/title>\n<meta name=\"description\" content=\"Les D\u00e9lices de Provence \u00e8 una drogheria online e sui mercati svizzeri che offre prodotti di qualit\u00e0 superiore provenienti dalla Provenza. \u00c8 gestita con passione da C\u00e9sar Bazin de Caix\" \/>\n<meta name=\"robots\" content=\"index, follow, max-snippet:-1, max-image-preview:large, max-video-preview:-1\" \/>\n<link rel=\"canonical\" href=\"https:\/\/www.lesdelicesdeprovence.ch\/it\/chi-siamo-noi\/\" \/>\n<meta property=\"og:locale\" content=\"it_IT\" \/>\n<meta property=\"og:type\" content=\"article\" \/>\n<meta property=\"og:title\" content=\"Les D\u00e9lices de Provence - Gastronomia provenzale - C\u00e9sar Bazin de Caix\" \/>\n<meta property=\"og:description\" content=\"Les D\u00e9lices de Provence \u00e8 una drogheria online e sui mercati svizzeri che offre prodotti di qualit\u00e0 superiore provenienti dalla Provenza. \u00c8 gestita con passione da C\u00e9sar Bazin de Caix\" \/>\n<meta property=\"og:url\" content=\"https:\/\/www.lesdelicesdeprovence.ch\/it\/chi-siamo-noi\/\" \/>\n<meta property=\"og:site_name\" content=\"Les D\u00e9lices de Provence\" \/>\n<meta property=\"article:modified_time\" content=\"2024-03-28T13:40:20+00:00\" \/>\n<meta property=\"og:image\" content=\"https:\/\/www.lesdelicesdeprovence.ch\/wp-content\/uploads\/2022\/10\/village_5.jpg\" \/>\n\t<meta property=\"og:image:width\" content=\"2543\" \/>\n\t<meta property=\"og:image:height\" content=\"281\" \/>\n\t<meta property=\"og:image:type\" content=\"image\/jpeg\" \/>\n<meta name=\"twitter:card\" content=\"summary_large_image\" \/>\n<meta name=\"twitter:label1\" content=\"Tempo di lettura stimato\" \/>\n\t<meta name=\"twitter:data1\" content=\"2 minuti\" \/>\n<script type=\"application\/ld+json\" class=\"yoast-schema-graph\">{\"@context\":\"https:\/\/schema.org\",\"@graph\":[{\"@type\":\"WebPage\",\"@id\":\"https:\/\/www.lesdelicesdeprovence.ch\/it\/chi-siamo-noi\/\",\"url\":\"https:\/\/www.lesdelicesdeprovence.ch\/it\/chi-siamo-noi\/\",\"name\":\"Les D\u00e9lices de Provence - Gastronomia provenzale - C\u00e9sar Bazin de Caix\",\"isPartOf\":{\"@id\":\"https:\/\/www.lesdelicesdeprovence.ch\/it\/#website\"},\"primaryImageOfPage\":{\"@id\":\"https:\/\/www.lesdelicesdeprovence.ch\/it\/chi-siamo-noi\/#primaryimage\"},\"image\":{\"@id\":\"https:\/\/www.lesdelicesdeprovence.ch\/it\/chi-siamo-noi\/#primaryimage\"},\"thumbnailUrl\":\"https:\/\/www.lesdelicesdeprovence.ch\/wp-content\/uploads\/2022\/10\/village_5.jpg\",\"datePublished\":\"2021-07-19T07:46:21+00:00\",\"dateModified\":\"2024-03-28T13:40:20+00:00\",\"description\":\"Les D\u00e9lices de Provence \u00e8 una drogheria online e sui mercati svizzeri che offre prodotti di qualit\u00e0 superiore provenienti dalla Provenza. \u00c8 gestita con passione da C\u00e9sar Bazin de Caix\",\"breadcrumb\":{\"@id\":\"https:\/\/www.lesdelicesdeprovence.ch\/it\/chi-siamo-noi\/#breadcrumb\"},\"inLanguage\":\"it-IT\",\"potentialAction\":[{\"@type\":\"ReadAction\",\"target\":[\"https:\/\/www.lesdelicesdeprovence.ch\/it\/chi-siamo-noi\/\"]}]},{\"@type\":\"ImageObject\",\"inLanguage\":\"it-IT\",\"@id\":\"https:\/\/www.lesdelicesdeprovence.ch\/it\/chi-siamo-noi\/#primaryimage\",\"url\":\"https:\/\/www.lesdelicesdeprovence.ch\/wp-content\/uploads\/2022\/10\/village_5.jpg\",\"contentUrl\":\"https:\/\/www.lesdelicesdeprovence.ch\/wp-content\/uploads\/2022\/10\/village_5.jpg\",\"width\":2543,\"height\":281},{\"@type\":\"BreadcrumbList\",\"@id\":\"https:\/\/www.lesdelicesdeprovence.ch\/it\/chi-siamo-noi\/#breadcrumb\",\"itemListElement\":[{\"@type\":\"ListItem\",\"position\":1,\"name\":\"Accoglienza\",\"item\":\"https:\/\/www.lesdelicesdeprovence.ch\/it\/\"},{\"@type\":\"ListItem\",\"position\":2,\"name\":\"Chi siamo?\"}]},{\"@type\":\"WebSite\",\"@id\":\"https:\/\/www.lesdelicesdeprovence.ch\/it\/#website\",\"url\":\"https:\/\/www.lesdelicesdeprovence.ch\/it\/\",\"name\":\"Les D\u00e9lices de Provence\",\"description\":\"Epicerie fine en ligne\",\"potentialAction\":[{\"@type\":\"SearchAction\",\"target\":{\"@type\":\"EntryPoint\",\"urlTemplate\":\"https:\/\/www.lesdelicesdeprovence.ch\/it\/?s={search_term_string}\"},\"query-input\":{\"@type\":\"PropertyValueSpecification\",\"valueRequired\":true,\"valueName\":\"search_term_string\"}}],\"inLanguage\":\"it-IT\"}]}<\/script>\n<!-- \/ Yoast SEO plugin. -->","yoast_head_json":{"title":"Les D\u00e9lices de Provence - Gastronomia provenzale - C\u00e9sar Bazin de Caix","description":"Les D\u00e9lices de Provence \u00e8 una drogheria online e sui mercati svizzeri che offre prodotti di qualit\u00e0 superiore provenienti dalla Provenza. \u00c8 gestita con passione da C\u00e9sar Bazin de Caix","robots":{"index":"index","follow":"follow","max-snippet":"max-snippet:-1","max-image-preview":"max-image-preview:large","max-video-preview":"max-video-preview:-1"},"canonical":"https:\/\/www.lesdelicesdeprovence.ch\/it\/chi-siamo-noi\/","og_locale":"it_IT","og_type":"article","og_title":"Les D\u00e9lices de Provence - Gastronomia provenzale - C\u00e9sar Bazin de Caix","og_description":"Les D\u00e9lices de Provence \u00e8 una drogheria online e sui mercati svizzeri che offre prodotti di qualit\u00e0 superiore provenienti dalla Provenza. \u00c8 gestita con passione da C\u00e9sar Bazin de Caix","og_url":"https:\/\/www.lesdelicesdeprovence.ch\/it\/chi-siamo-noi\/","og_site_name":"Les D\u00e9lices de Provence","article_modified_time":"2024-03-28T13:40:20+00:00","og_image":[{"width":2543,"height":281,"url":"https:\/\/www.lesdelicesdeprovence.ch\/wp-content\/uploads\/2022\/10\/village_5.jpg","type":"image\/jpeg"}],"twitter_card":"summary_large_image","twitter_misc":{"Tempo di lettura stimato":"2 minuti"},"schema":{"@context":"https:\/\/schema.org","@graph":[{"@type":"WebPage","@id":"https:\/\/www.lesdelicesdeprovence.ch\/it\/chi-siamo-noi\/","url":"https:\/\/www.lesdelicesdeprovence.ch\/it\/chi-siamo-noi\/","name":"Les D\u00e9lices de Provence - Gastronomia provenzale - C\u00e9sar Bazin de Caix","isPartOf":{"@id":"https:\/\/www.lesdelicesdeprovence.ch\/it\/#website"},"primaryImageOfPage":{"@id":"https:\/\/www.lesdelicesdeprovence.ch\/it\/chi-siamo-noi\/#primaryimage"},"image":{"@id":"https:\/\/www.lesdelicesdeprovence.ch\/it\/chi-siamo-noi\/#primaryimage"},"thumbnailUrl":"https:\/\/www.lesdelicesdeprovence.ch\/wp-content\/uploads\/2022\/10\/village_5.jpg","datePublished":"2021-07-19T07:46:21+00:00","dateModified":"2024-03-28T13:40:20+00:00","description":"Les D\u00e9lices de Provence \u00e8 una drogheria online e sui mercati svizzeri che offre prodotti di qualit\u00e0 superiore provenienti dalla Provenza. \u00c8 gestita con passione da C\u00e9sar Bazin de Caix","breadcrumb":{"@id":"https:\/\/www.lesdelicesdeprovence.ch\/it\/chi-siamo-noi\/#breadcrumb"},"inLanguage":"it-IT","potentialAction":[{"@type":"ReadAction","target":["https:\/\/www.lesdelicesdeprovence.ch\/it\/chi-siamo-noi\/"]}]},{"@type":"ImageObject","inLanguage":"it-IT","@id":"https:\/\/www.lesdelicesdeprovence.ch\/it\/chi-siamo-noi\/#primaryimage","url":"https:\/\/www.lesdelicesdeprovence.ch\/wp-content\/uploads\/2022\/10\/village_5.jpg","contentUrl":"https:\/\/www.lesdelicesdeprovence.ch\/wp-content\/uploads\/2022\/10\/village_5.jpg","width":2543,"height":281},{"@type":"BreadcrumbList","@id":"https:\/\/www.lesdelicesdeprovence.ch\/it\/chi-siamo-noi\/#breadcrumb","itemListElement":[{"@type":"ListItem","position":1,"name":"Accoglienza","item":"https:\/\/www.lesdelicesdeprovence.ch\/it\/"},{"@type":"ListItem","position":2,"name":"Chi siamo?"}]},{"@type":"WebSite","@id":"https:\/\/www.lesdelicesdeprovence.ch\/it\/#website","url":"https:\/\/www.lesdelicesdeprovence.ch\/it\/","name":"Les D\u00e9lices de Provence","description":"Epicerie fine en ligne","potentialAction":[{"@type":"SearchAction","target":{"@type":"EntryPoint","urlTemplate":"https:\/\/www.lesdelicesdeprovence.ch\/it\/?s={search_term_string}"},"query-input":{"@type":"PropertyValueSpecification","valueRequired":true,"valueName":"search_term_string"}}],"inLanguage":"it-IT"}]}},"_links":{"self":[{"href":"https:\/\/www.lesdelicesdeprovence.ch\/it\/wp-json\/wp\/v2\/pages\/7149","targetHints":{"allow":["GET"]}}],"collection":[{"href":"https:\/\/www.lesdelicesdeprovence.ch\/it\/wp-json\/wp\/v2\/pages"}],"about":[{"href":"https:\/\/www.lesdelicesdeprovence.ch\/it\/wp-json\/wp\/v2\/types\/page"}],"author":[{"embeddable":true,"href":"https:\/\/www.lesdelicesdeprovence.ch\/it\/wp-json\/wp\/v2\/users\/1"}],"replies":[{"embeddable":true,"href":"https:\/\/www.lesdelicesdeprovence.ch\/it\/wp-json\/wp\/v2\/comments?post=7149"}],"version-history":[{"count":10,"href":"https:\/\/www.lesdelicesdeprovence.ch\/it\/wp-json\/wp\/v2\/pages\/7149\/revisions"}],"predecessor-version":[{"id":12270,"href":"https:\/\/www.lesdelicesdeprovence.ch\/it\/wp-json\/wp\/v2\/pages\/7149\/revisions\/12270"}],"wp:featuredmedia":[{"embeddable":true,"href":"https:\/\/www.lesdelicesdeprovence.ch\/it\/wp-json\/wp\/v2\/media\/12245"}],"wp:attachment":[{"href":"https:\/\/www.lesdelicesdeprovence.ch\/it\/wp-json\/wp\/v2\/media?parent=7149"}],"curies":[{"name":"wp","href":"https:\/\/api.w.org\/{rel}","templated":true}]}}