{"id":6632,"date":"2022-06-13T11:15:56","date_gmt":"2022-06-13T11:15:56","guid":{"rendered":"https:\/\/www.aromeprod2.com\/?post_type=product&#038;p=6632"},"modified":"2024-03-28T14:03:38","modified_gmt":"2024-03-28T14:03:38","slug":"vellutata-di-pomodori-canditi","status":"publish","type":"product","link":"https:\/\/www.lesdelicesdeprovence.ch\/it\/produits\/vellutata-di-pomodori-canditi\/","title":{"rendered":"Vellutata di pomodoro confit"},"content":{"rendered":"<p>La vellutata di pomodoro confit \u00e8 una salsa provenzale rinomata per la combinazione di finezza e robustezza. \u00c8 preparato con pomodori secchi selezionati per la loro qualit\u00e0 superiore, un filo d&#8217;olio d&#8217;oliva, foglie di alloro fresco e un pizzico d&#8217;aglio per insaporire il tutto.<\/p>\n<p>La vellutata di pomodoro confit si sposa perfettamente con i panini alla griglia, ma anche con un&#8217;ampia gamma di piatti caldi e freddi, come pollame e carne, in verrine o su pane tostato.<\/p>\n<p><strong>Ingredienti: pomodori secchi, olio d&#8217;oliva, olio di girasole, aceto, alloro fresco, aglio, sale.<\/strong><\/p>\n<p><strong>Contenuto: 90 g<\/strong><\/p>\n","protected":false},"excerpt":{"rendered":"<p>Come tutti i classici della cucina mediterranea, ne abbiamo assaggiati molti e abbiamo scelto questo.<\/p>\n<p>Realizzata alla vecchia maniera con splendidi pomodori assolati, essiccati su assi di legno, far\u00e0 sicuramente la gioia degli appassionati di questa salsa appetitosa che profuma di Sud.<\/p>\n","protected":false},"featured_media":9545,"template":"","meta":[],"product_cat":[248],"product_tag":[],"class_list":{"0":"post-6632","1":"product","2":"type-product","3":"status-publish","4":"has-post-thumbnail","6":"product_cat-salse-da-aperitivo","8":"first","9":"instock","10":"taxable","11":"shipping-taxable","12":"purchasable","13":"product-type-simple"},"yoast_head":"<!-- This site is optimized with the Yoast SEO plugin v27.2 - https:\/\/yoast.com\/product\/yoast-seo-wordpress\/ -->\n<title>Vellutata di pomodoro confit<\/title>\n<meta name=\"description\" content=\"Realizzata alla vecchia maniera con splendidi pomodori assolati, essiccati su assi di legno, far\u00e0 sicuramente la gioia degli appassionati di questa salsa appetitosa che profuma di Sud.\" \/>\n<meta name=\"robots\" content=\"index, follow, max-snippet:-1, max-image-preview:large, max-video-preview:-1\" \/>\n<link rel=\"canonical\" href=\"https:\/\/www.lesdelicesdeprovence.ch\/it\/produits\/vellutata-di-pomodori-canditi\/\" \/>\n<meta property=\"og:locale\" content=\"it_IT\" \/>\n<meta property=\"og:type\" content=\"article\" \/>\n<meta property=\"og:title\" content=\"Vellutata di pomodoro confit\" \/>\n<meta property=\"og:description\" content=\"Realizzata alla vecchia maniera con splendidi pomodori assolati, essiccati su assi di legno, far\u00e0 sicuramente la gioia degli appassionati di questa salsa appetitosa che profuma di Sud.\" \/>\n<meta property=\"og:url\" content=\"https:\/\/www.lesdelicesdeprovence.ch\/it\/produits\/vellutata-di-pomodori-canditi\/\" \/>\n<meta property=\"og:site_name\" content=\"Les D\u00e9lices de Provence\" \/>\n<meta property=\"article:modified_time\" content=\"2024-03-28T14:03:38+00:00\" \/>\n<meta property=\"og:image\" content=\"https:\/\/www.lesdelicesdeprovence.ch\/wp-content\/uploads\/2022\/06\/IMG_6187.jpg\" \/>\n\t<meta property=\"og:image:width\" content=\"2432\" \/>\n\t<meta property=\"og:image:height\" content=\"2174\" \/>\n\t<meta property=\"og:image:type\" content=\"image\/jpeg\" \/>\n<meta name=\"twitter:card\" content=\"summary_large_image\" \/>\n<meta name=\"twitter:label1\" content=\"Tempo di lettura stimato\" \/>\n\t<meta name=\"twitter:data1\" content=\"1 minuto\" \/>\n<script type=\"application\/ld+json\" class=\"yoast-schema-graph\">{\"@context\":\"https:\/\/schema.org\",\"@graph\":[{\"@type\":\"WebPage\",\"@id\":\"https:\/\/www.lesdelicesdeprovence.ch\/it\/produits\/vellutata-di-pomodori-canditi\/\",\"url\":\"https:\/\/www.lesdelicesdeprovence.ch\/it\/produits\/vellutata-di-pomodori-canditi\/\",\"name\":\"Vellutata di pomodoro confit\",\"isPartOf\":{\"@id\":\"https:\/\/www.lesdelicesdeprovence.ch\/it\/#website\"},\"primaryImageOfPage\":{\"@id\":\"https:\/\/www.lesdelicesdeprovence.ch\/it\/produits\/vellutata-di-pomodori-canditi\/#primaryimage\"},\"image\":{\"@id\":\"https:\/\/www.lesdelicesdeprovence.ch\/it\/produits\/vellutata-di-pomodori-canditi\/#primaryimage\"},\"thumbnailUrl\":\"https:\/\/www.lesdelicesdeprovence.ch\/wp-content\/uploads\/2022\/06\/IMG_6187.jpg\",\"datePublished\":\"2022-06-13T11:15:56+00:00\",\"dateModified\":\"2024-03-28T14:03:38+00:00\",\"description\":\"Realizzata alla vecchia maniera con splendidi pomodori assolati, essiccati su assi di legno, far\u00e0 sicuramente la gioia degli appassionati di questa salsa appetitosa che profuma di Sud.\",\"breadcrumb\":{\"@id\":\"https:\/\/www.lesdelicesdeprovence.ch\/it\/produits\/vellutata-di-pomodori-canditi\/#breadcrumb\"},\"inLanguage\":\"it-IT\",\"potentialAction\":[{\"@type\":\"ReadAction\",\"target\":[\"https:\/\/www.lesdelicesdeprovence.ch\/it\/produits\/vellutata-di-pomodori-canditi\/\"]}]},{\"@type\":\"ImageObject\",\"inLanguage\":\"it-IT\",\"@id\":\"https:\/\/www.lesdelicesdeprovence.ch\/it\/produits\/vellutata-di-pomodori-canditi\/#primaryimage\",\"url\":\"https:\/\/www.lesdelicesdeprovence.ch\/wp-content\/uploads\/2022\/06\/IMG_6187.jpg\",\"contentUrl\":\"https:\/\/www.lesdelicesdeprovence.ch\/wp-content\/uploads\/2022\/06\/IMG_6187.jpg\",\"width\":2432,\"height\":2174},{\"@type\":\"BreadcrumbList\",\"@id\":\"https:\/\/www.lesdelicesdeprovence.ch\/it\/produits\/vellutata-di-pomodori-canditi\/#breadcrumb\",\"itemListElement\":[{\"@type\":\"ListItem\",\"position\":1,\"name\":\"Accoglienza\",\"item\":\"https:\/\/www.lesdelicesdeprovence.ch\/it\/\"},{\"@type\":\"ListItem\",\"position\":2,\"name\":\"Negozio\",\"item\":\"https:\/\/www.lesdelicesdeprovence.ch\/it\/negozio\/\"},{\"@type\":\"ListItem\",\"position\":3,\"name\":\"Vellutata di pomodoro confit\"}]},{\"@type\":\"WebSite\",\"@id\":\"https:\/\/www.lesdelicesdeprovence.ch\/it\/#website\",\"url\":\"https:\/\/www.lesdelicesdeprovence.ch\/it\/\",\"name\":\"Les D\u00e9lices de Provence\",\"description\":\"Epicerie fine en ligne\",\"potentialAction\":[{\"@type\":\"SearchAction\",\"target\":{\"@type\":\"EntryPoint\",\"urlTemplate\":\"https:\/\/www.lesdelicesdeprovence.ch\/it\/?s={search_term_string}\"},\"query-input\":{\"@type\":\"PropertyValueSpecification\",\"valueRequired\":true,\"valueName\":\"search_term_string\"}}],\"inLanguage\":\"it-IT\"}]}<\/script>\n<!-- \/ Yoast SEO plugin. -->","yoast_head_json":{"title":"Vellutata di pomodoro confit","description":"Realizzata alla vecchia maniera con splendidi pomodori assolati, essiccati su assi di legno, far\u00e0 sicuramente la gioia degli appassionati di questa salsa appetitosa che profuma di Sud.","robots":{"index":"index","follow":"follow","max-snippet":"max-snippet:-1","max-image-preview":"max-image-preview:large","max-video-preview":"max-video-preview:-1"},"canonical":"https:\/\/www.lesdelicesdeprovence.ch\/it\/produits\/vellutata-di-pomodori-canditi\/","og_locale":"it_IT","og_type":"article","og_title":"Vellutata di pomodoro confit","og_description":"Realizzata alla vecchia maniera con splendidi pomodori assolati, essiccati su assi di legno, far\u00e0 sicuramente la gioia degli appassionati di questa salsa appetitosa che profuma di Sud.","og_url":"https:\/\/www.lesdelicesdeprovence.ch\/it\/produits\/vellutata-di-pomodori-canditi\/","og_site_name":"Les D\u00e9lices de Provence","article_modified_time":"2024-03-28T14:03:38+00:00","og_image":[{"width":2432,"height":2174,"url":"https:\/\/www.lesdelicesdeprovence.ch\/wp-content\/uploads\/2022\/06\/IMG_6187.jpg","type":"image\/jpeg"}],"twitter_card":"summary_large_image","twitter_misc":{"Tempo di lettura stimato":"1 minuto"},"schema":{"@context":"https:\/\/schema.org","@graph":[{"@type":"WebPage","@id":"https:\/\/www.lesdelicesdeprovence.ch\/it\/produits\/vellutata-di-pomodori-canditi\/","url":"https:\/\/www.lesdelicesdeprovence.ch\/it\/produits\/vellutata-di-pomodori-canditi\/","name":"Vellutata di pomodoro confit","isPartOf":{"@id":"https:\/\/www.lesdelicesdeprovence.ch\/it\/#website"},"primaryImageOfPage":{"@id":"https:\/\/www.lesdelicesdeprovence.ch\/it\/produits\/vellutata-di-pomodori-canditi\/#primaryimage"},"image":{"@id":"https:\/\/www.lesdelicesdeprovence.ch\/it\/produits\/vellutata-di-pomodori-canditi\/#primaryimage"},"thumbnailUrl":"https:\/\/www.lesdelicesdeprovence.ch\/wp-content\/uploads\/2022\/06\/IMG_6187.jpg","datePublished":"2022-06-13T11:15:56+00:00","dateModified":"2024-03-28T14:03:38+00:00","description":"Realizzata alla vecchia maniera con splendidi pomodori assolati, essiccati su assi di legno, far\u00e0 sicuramente la gioia degli appassionati di questa salsa appetitosa che profuma di Sud.","breadcrumb":{"@id":"https:\/\/www.lesdelicesdeprovence.ch\/it\/produits\/vellutata-di-pomodori-canditi\/#breadcrumb"},"inLanguage":"it-IT","potentialAction":[{"@type":"ReadAction","target":["https:\/\/www.lesdelicesdeprovence.ch\/it\/produits\/vellutata-di-pomodori-canditi\/"]}]},{"@type":"ImageObject","inLanguage":"it-IT","@id":"https:\/\/www.lesdelicesdeprovence.ch\/it\/produits\/vellutata-di-pomodori-canditi\/#primaryimage","url":"https:\/\/www.lesdelicesdeprovence.ch\/wp-content\/uploads\/2022\/06\/IMG_6187.jpg","contentUrl":"https:\/\/www.lesdelicesdeprovence.ch\/wp-content\/uploads\/2022\/06\/IMG_6187.jpg","width":2432,"height":2174},{"@type":"BreadcrumbList","@id":"https:\/\/www.lesdelicesdeprovence.ch\/it\/produits\/vellutata-di-pomodori-canditi\/#breadcrumb","itemListElement":[{"@type":"ListItem","position":1,"name":"Accoglienza","item":"https:\/\/www.lesdelicesdeprovence.ch\/it\/"},{"@type":"ListItem","position":2,"name":"Negozio","item":"https:\/\/www.lesdelicesdeprovence.ch\/it\/negozio\/"},{"@type":"ListItem","position":3,"name":"Vellutata di pomodoro confit"}]},{"@type":"WebSite","@id":"https:\/\/www.lesdelicesdeprovence.ch\/it\/#website","url":"https:\/\/www.lesdelicesdeprovence.ch\/it\/","name":"Les D\u00e9lices de Provence","description":"Epicerie fine en ligne","potentialAction":[{"@type":"SearchAction","target":{"@type":"EntryPoint","urlTemplate":"https:\/\/www.lesdelicesdeprovence.ch\/it\/?s={search_term_string}"},"query-input":{"@type":"PropertyValueSpecification","valueRequired":true,"valueName":"search_term_string"}}],"inLanguage":"it-IT"}]}},"_links":{"self":[{"href":"https:\/\/www.lesdelicesdeprovence.ch\/it\/wp-json\/wp\/v2\/product\/6632","targetHints":{"allow":["GET"]}}],"collection":[{"href":"https:\/\/www.lesdelicesdeprovence.ch\/it\/wp-json\/wp\/v2\/product"}],"about":[{"href":"https:\/\/www.lesdelicesdeprovence.ch\/it\/wp-json\/wp\/v2\/types\/product"}],"version-history":[{"count":4,"href":"https:\/\/www.lesdelicesdeprovence.ch\/it\/wp-json\/wp\/v2\/product\/6632\/revisions"}],"predecessor-version":[{"id":12972,"href":"https:\/\/www.lesdelicesdeprovence.ch\/it\/wp-json\/wp\/v2\/product\/6632\/revisions\/12972"}],"wp:featuredmedia":[{"embeddable":true,"href":"https:\/\/www.lesdelicesdeprovence.ch\/it\/wp-json\/wp\/v2\/media\/9545"}],"wp:attachment":[{"href":"https:\/\/www.lesdelicesdeprovence.ch\/it\/wp-json\/wp\/v2\/media?parent=6632"}],"wp:term":[{"taxonomy":"product_cat","embeddable":true,"href":"https:\/\/www.lesdelicesdeprovence.ch\/it\/wp-json\/wp\/v2\/product_cat?post=6632"},{"taxonomy":"product_tag","embeddable":true,"href":"https:\/\/www.lesdelicesdeprovence.ch\/it\/wp-json\/wp\/v2\/product_tag?post=6632"}],"curies":[{"name":"wp","href":"https:\/\/api.w.org\/{rel}","templated":true}]}}