{"id":6745,"date":"2022-06-13T07:44:56","date_gmt":"2022-06-13T07:44:56","guid":{"rendered":"https:\/\/www.aromeprod2.com\/?post_type=product&#038;p=6745"},"modified":"2024-03-28T14:03:23","modified_gmt":"2024-03-28T14:03:23","slug":"tapenade-nera-di-provenza","status":"publish","type":"product","link":"https:\/\/www.lesdelicesdeprovence.ch\/it\/produits\/tapenade-nera-di-provenza\/","title":{"rendered":"Tapenade nera provenzale"},"content":{"rendered":"<p>Non c&#8217;\u00e8 bisogno di presentare la Tapenade Noire, un classico che da secoli \u00e8 un punto fermo della cucina provenzale. Abbiamo impiegato molto tempo (5 anni) per aggiungerne uno alla nostra gamma perch\u00e9 non eravamo soddisfatti di quelli assaggiati in precedenza.<\/p>\n<p>Questo (Medaglia d&#8217;Argento a Parigi 2013) ci ha soddisfatto sotto ogni aspetto: Carattere, ricetta equilibrata, consistenza, qualit\u00e0 degli ingredienti e prodotto da un oliveto della regione del Gard con olive di prima qualit\u00e0 provenienti dalla tenuta.<\/p>\n<p>Sul pane tostato \u00e8 un&#8217;alternativa a pretzel e arachidi. Aggiunger\u00e0 una nota molto meridionale alle vostre insalate di verdure crude e dar\u00e0 corpo alle vostre salse.<br \/>\nSi sposa molto bene con le costolette di agnello o il cosciotto di agnello.<\/p>\n<p><strong>Ingredienti : Olive nere 88%, capperi 3,5%, aglio 3%, olio d&#8217;oliva 2,5%, erbe di Provenza 1,5%, acciughe 0,8%, sale.<\/strong><\/p>\n<p><strong>Contenuto: 85 g<\/strong><\/p>\n<p>&nbsp;<\/p>\n","protected":false},"excerpt":{"rendered":"<p>Selezionate da noi tra decine di altre tapenades in un oliveto del Gard.<\/p>\n<p>Un classico della gastronomia provenzale eseguito alla perfezione!<\/p>\n","protected":false},"featured_media":8399,"template":"","meta":[],"product_cat":[248],"product_tag":[],"class_list":{"0":"post-6745","1":"product","2":"type-product","3":"status-publish","4":"has-post-thumbnail","6":"product_cat-salse-da-aperitivo","8":"first","9":"instock","10":"taxable","11":"shipping-taxable","12":"purchasable","13":"product-type-simple"},"yoast_head":"<!-- This site is optimized with the Yoast SEO plugin v27.2 - https:\/\/yoast.com\/product\/yoast-seo-wordpress\/ -->\n<title>Tapenade nera provenzale<\/title>\n<meta name=\"description\" content=\"Selezionate da noi tra decine di altre tapenades in un oliveto del Gard. Un classico della gastronomia provenzale eseguito alla perfezione!\" \/>\n<meta name=\"robots\" content=\"index, follow, max-snippet:-1, max-image-preview:large, max-video-preview:-1\" \/>\n<link rel=\"canonical\" href=\"https:\/\/www.lesdelicesdeprovence.ch\/it\/produits\/tapenade-nera-di-provenza\/\" \/>\n<meta property=\"og:locale\" content=\"it_IT\" \/>\n<meta property=\"og:type\" content=\"article\" \/>\n<meta property=\"og:title\" content=\"Tapenade nera provenzale\" \/>\n<meta property=\"og:description\" content=\"Selezionate da noi tra decine di altre tapenades in un oliveto del Gard. Un classico della gastronomia provenzale eseguito alla perfezione!\" \/>\n<meta property=\"og:url\" content=\"https:\/\/www.lesdelicesdeprovence.ch\/it\/produits\/tapenade-nera-di-provenza\/\" \/>\n<meta property=\"og:site_name\" content=\"Les D\u00e9lices de Provence\" \/>\n<meta property=\"article:modified_time\" content=\"2024-03-28T14:03:23+00:00\" \/>\n<meta property=\"og:image\" content=\"http:\/\/www.lesdelicesdeprovence.ch\/wp-content\/uploads\/2022\/06\/IMG_6202-scaled.jpg\" \/>\n\t<meta property=\"og:image:width\" content=\"2351\" \/>\n\t<meta property=\"og:image:height\" content=\"2560\" \/>\n\t<meta property=\"og:image:type\" content=\"image\/jpeg\" \/>\n<meta name=\"twitter:card\" content=\"summary_large_image\" \/>\n<meta name=\"twitter:label1\" content=\"Tempo di lettura stimato\" \/>\n\t<meta name=\"twitter:data1\" content=\"1 minuto\" \/>\n<script type=\"application\/ld+json\" class=\"yoast-schema-graph\">{\"@context\":\"https:\/\/schema.org\",\"@graph\":[{\"@type\":\"WebPage\",\"@id\":\"https:\/\/www.lesdelicesdeprovence.ch\/it\/produits\/tapenade-nera-di-provenza\/\",\"url\":\"https:\/\/www.lesdelicesdeprovence.ch\/it\/produits\/tapenade-nera-di-provenza\/\",\"name\":\"Tapenade nera provenzale\",\"isPartOf\":{\"@id\":\"https:\/\/www.lesdelicesdeprovence.ch\/it\/#website\"},\"primaryImageOfPage\":{\"@id\":\"https:\/\/www.lesdelicesdeprovence.ch\/it\/produits\/tapenade-nera-di-provenza\/#primaryimage\"},\"image\":{\"@id\":\"https:\/\/www.lesdelicesdeprovence.ch\/it\/produits\/tapenade-nera-di-provenza\/#primaryimage\"},\"thumbnailUrl\":\"https:\/\/www.lesdelicesdeprovence.ch\/wp-content\/uploads\/2022\/06\/IMG_6202-scaled.jpg\",\"datePublished\":\"2022-06-13T07:44:56+00:00\",\"dateModified\":\"2024-03-28T14:03:23+00:00\",\"description\":\"Selezionate da noi tra decine di altre tapenades in un oliveto del Gard. Un classico della gastronomia provenzale eseguito alla perfezione!\",\"breadcrumb\":{\"@id\":\"https:\/\/www.lesdelicesdeprovence.ch\/it\/produits\/tapenade-nera-di-provenza\/#breadcrumb\"},\"inLanguage\":\"it-IT\",\"potentialAction\":[{\"@type\":\"ReadAction\",\"target\":[\"https:\/\/www.lesdelicesdeprovence.ch\/it\/produits\/tapenade-nera-di-provenza\/\"]}]},{\"@type\":\"ImageObject\",\"inLanguage\":\"it-IT\",\"@id\":\"https:\/\/www.lesdelicesdeprovence.ch\/it\/produits\/tapenade-nera-di-provenza\/#primaryimage\",\"url\":\"https:\/\/www.lesdelicesdeprovence.ch\/wp-content\/uploads\/2022\/06\/IMG_6202-scaled.jpg\",\"contentUrl\":\"https:\/\/www.lesdelicesdeprovence.ch\/wp-content\/uploads\/2022\/06\/IMG_6202-scaled.jpg\",\"width\":2351,\"height\":2560},{\"@type\":\"BreadcrumbList\",\"@id\":\"https:\/\/www.lesdelicesdeprovence.ch\/it\/produits\/tapenade-nera-di-provenza\/#breadcrumb\",\"itemListElement\":[{\"@type\":\"ListItem\",\"position\":1,\"name\":\"Accoglienza\",\"item\":\"http:\/\/www.lesdelicesdeprovence.ch\/it\/\"},{\"@type\":\"ListItem\",\"position\":2,\"name\":\"Negozio\",\"item\":\"http:\/\/www.lesdelicesdeprovence.ch\/it\/negozio\/\"},{\"@type\":\"ListItem\",\"position\":3,\"name\":\"Tapenade nera provenzale\"}]},{\"@type\":\"WebSite\",\"@id\":\"https:\/\/www.lesdelicesdeprovence.ch\/it\/#website\",\"url\":\"https:\/\/www.lesdelicesdeprovence.ch\/it\/\",\"name\":\"Les D\u00e9lices de Provence\",\"description\":\"Epicerie fine en ligne\",\"potentialAction\":[{\"@type\":\"SearchAction\",\"target\":{\"@type\":\"EntryPoint\",\"urlTemplate\":\"https:\/\/www.lesdelicesdeprovence.ch\/it\/?s={search_term_string}\"},\"query-input\":{\"@type\":\"PropertyValueSpecification\",\"valueRequired\":true,\"valueName\":\"search_term_string\"}}],\"inLanguage\":\"it-IT\"}]}<\/script>\n<!-- \/ Yoast SEO plugin. -->","yoast_head_json":{"title":"Tapenade nera provenzale","description":"Selezionate da noi tra decine di altre tapenades in un oliveto del Gard. Un classico della gastronomia provenzale eseguito alla perfezione!","robots":{"index":"index","follow":"follow","max-snippet":"max-snippet:-1","max-image-preview":"max-image-preview:large","max-video-preview":"max-video-preview:-1"},"canonical":"https:\/\/www.lesdelicesdeprovence.ch\/it\/produits\/tapenade-nera-di-provenza\/","og_locale":"it_IT","og_type":"article","og_title":"Tapenade nera provenzale","og_description":"Selezionate da noi tra decine di altre tapenades in un oliveto del Gard. Un classico della gastronomia provenzale eseguito alla perfezione!","og_url":"https:\/\/www.lesdelicesdeprovence.ch\/it\/produits\/tapenade-nera-di-provenza\/","og_site_name":"Les D\u00e9lices de Provence","article_modified_time":"2024-03-28T14:03:23+00:00","og_image":[{"width":2351,"height":2560,"url":"http:\/\/www.lesdelicesdeprovence.ch\/wp-content\/uploads\/2022\/06\/IMG_6202-scaled.jpg","type":"image\/jpeg"}],"twitter_card":"summary_large_image","twitter_misc":{"Tempo di lettura stimato":"1 minuto"},"schema":{"@context":"https:\/\/schema.org","@graph":[{"@type":"WebPage","@id":"https:\/\/www.lesdelicesdeprovence.ch\/it\/produits\/tapenade-nera-di-provenza\/","url":"https:\/\/www.lesdelicesdeprovence.ch\/it\/produits\/tapenade-nera-di-provenza\/","name":"Tapenade nera provenzale","isPartOf":{"@id":"https:\/\/www.lesdelicesdeprovence.ch\/it\/#website"},"primaryImageOfPage":{"@id":"https:\/\/www.lesdelicesdeprovence.ch\/it\/produits\/tapenade-nera-di-provenza\/#primaryimage"},"image":{"@id":"https:\/\/www.lesdelicesdeprovence.ch\/it\/produits\/tapenade-nera-di-provenza\/#primaryimage"},"thumbnailUrl":"https:\/\/www.lesdelicesdeprovence.ch\/wp-content\/uploads\/2022\/06\/IMG_6202-scaled.jpg","datePublished":"2022-06-13T07:44:56+00:00","dateModified":"2024-03-28T14:03:23+00:00","description":"Selezionate da noi tra decine di altre tapenades in un oliveto del Gard. Un classico della gastronomia provenzale eseguito alla perfezione!","breadcrumb":{"@id":"https:\/\/www.lesdelicesdeprovence.ch\/it\/produits\/tapenade-nera-di-provenza\/#breadcrumb"},"inLanguage":"it-IT","potentialAction":[{"@type":"ReadAction","target":["https:\/\/www.lesdelicesdeprovence.ch\/it\/produits\/tapenade-nera-di-provenza\/"]}]},{"@type":"ImageObject","inLanguage":"it-IT","@id":"https:\/\/www.lesdelicesdeprovence.ch\/it\/produits\/tapenade-nera-di-provenza\/#primaryimage","url":"https:\/\/www.lesdelicesdeprovence.ch\/wp-content\/uploads\/2022\/06\/IMG_6202-scaled.jpg","contentUrl":"https:\/\/www.lesdelicesdeprovence.ch\/wp-content\/uploads\/2022\/06\/IMG_6202-scaled.jpg","width":2351,"height":2560},{"@type":"BreadcrumbList","@id":"https:\/\/www.lesdelicesdeprovence.ch\/it\/produits\/tapenade-nera-di-provenza\/#breadcrumb","itemListElement":[{"@type":"ListItem","position":1,"name":"Accoglienza","item":"http:\/\/www.lesdelicesdeprovence.ch\/it\/"},{"@type":"ListItem","position":2,"name":"Negozio","item":"http:\/\/www.lesdelicesdeprovence.ch\/it\/negozio\/"},{"@type":"ListItem","position":3,"name":"Tapenade nera provenzale"}]},{"@type":"WebSite","@id":"https:\/\/www.lesdelicesdeprovence.ch\/it\/#website","url":"https:\/\/www.lesdelicesdeprovence.ch\/it\/","name":"Les D\u00e9lices de Provence","description":"Epicerie fine en ligne","potentialAction":[{"@type":"SearchAction","target":{"@type":"EntryPoint","urlTemplate":"https:\/\/www.lesdelicesdeprovence.ch\/it\/?s={search_term_string}"},"query-input":{"@type":"PropertyValueSpecification","valueRequired":true,"valueName":"search_term_string"}}],"inLanguage":"it-IT"}]}},"_links":{"self":[{"href":"https:\/\/www.lesdelicesdeprovence.ch\/it\/wp-json\/wp\/v2\/product\/6745","targetHints":{"allow":["GET"]}}],"collection":[{"href":"https:\/\/www.lesdelicesdeprovence.ch\/it\/wp-json\/wp\/v2\/product"}],"about":[{"href":"https:\/\/www.lesdelicesdeprovence.ch\/it\/wp-json\/wp\/v2\/types\/product"}],"version-history":[{"count":4,"href":"https:\/\/www.lesdelicesdeprovence.ch\/it\/wp-json\/wp\/v2\/product\/6745\/revisions"}],"predecessor-version":[{"id":12935,"href":"https:\/\/www.lesdelicesdeprovence.ch\/it\/wp-json\/wp\/v2\/product\/6745\/revisions\/12935"}],"wp:featuredmedia":[{"embeddable":true,"href":"https:\/\/www.lesdelicesdeprovence.ch\/it\/wp-json\/wp\/v2\/media\/8399"}],"wp:attachment":[{"href":"https:\/\/www.lesdelicesdeprovence.ch\/it\/wp-json\/wp\/v2\/media?parent=6745"}],"wp:term":[{"taxonomy":"product_cat","embeddable":true,"href":"https:\/\/www.lesdelicesdeprovence.ch\/it\/wp-json\/wp\/v2\/product_cat?post=6745"},{"taxonomy":"product_tag","embeddable":true,"href":"https:\/\/www.lesdelicesdeprovence.ch\/it\/wp-json\/wp\/v2\/product_tag?post=6745"}],"curies":[{"name":"wp","href":"https:\/\/api.w.org\/{rel}","templated":true}]}}