{"id":6856,"date":"2022-06-03T10:05:05","date_gmt":"2022-06-16T07:16:39","guid":{"rendered":"https:\/\/www.aromeprod2.com\/?post_type=product&#038;p=6856"},"modified":"2024-03-28T14:03:25","modified_gmt":"2024-03-28T14:03:25","slug":"crema-di-bosco","status":"publish","type":"product","link":"https:\/\/www.lesdelicesdeprovence.ch\/it\/produits\/crema-di-bosco\/","title":{"rendered":"Crema di bosco"},"content":{"rendered":"<div id=\"center_column\" class=\"center_column span9 clearfix\">\n<div class=\"extra-box-product\">\n<section class=\"page_product_box toggle_frame more_info_inner\">\n<div class=\"toggle_content\">\n<p>La nostra cr\u00e8me foresti\u00e8re \u00e8 preparata con funghi porcini di prima qualit\u00e0 e olio di girasole tartufato, rinomato per la sua dolcezza. Si tratta di una salsa molto popolare in Provenza, in quanto pu\u00f2 essere gustata in qualsiasi stagione. Servire fresco come aperitivo o mescolato in una ricetta calda come il pur\u00e8 di patate o la polenta, oppure per guarnire pasta o risotto. Una salsa molto raffinata che si esprime al meglio quando viene utilizzata in piatti raffinati.<\/p>\n<p><strong>Ingredienti : Funghi porcini 28%, funghi selvatici vari 28%, olio di semi di girasole 43%, sale 0,5%, aroma naturale di tartufo.<\/strong><\/p>\n<\/div>\n<\/section>\n<section class=\"page_product_box toggle_frame datasheet\">\n<div class=\"toggle_content\">\n<p><strong>Contenuto: 190 g<\/strong><\/p>\n<\/div>\n<\/section>\n<section id=\"last_page_product\" class=\"page_product_box toggle_frame\">\n<div id=\"more_info_sheets\" class=\"toggle_content toggle_content_comment\"><\/div>\n<\/section>\n<\/div>\n<\/div>\n<aside id=\"right_column\" class=\"span3 column right_home\">\n<div id=\"paypal-column-block\">\n<p>&nbsp;<\/p>\n<\/div>\n<\/aside>\n","protected":false},"excerpt":{"rendered":"<p>Ideale per insaporire pasta o risotti, questa crema \u00e8 preparata con funghi porcini dell&#8217;Ard\u00e8che raccolti a mano, una variet\u00e0 di funghi selvatici e un sottile filo d&#8217;olio di tartufo.<\/p>\n<p>Un prodotto meraviglioso, unico per la sua delicata fragranza legnosa.<\/p>\n","protected":false},"featured_media":6857,"template":"","meta":[],"product_cat":[248],"product_tag":[],"class_list":{"0":"post-6856","1":"product","2":"type-product","3":"status-publish","4":"has-post-thumbnail","6":"product_cat-salse-da-aperitivo","8":"first","9":"outofstock","10":"taxable","11":"shipping-taxable","12":"purchasable","13":"product-type-simple"},"yoast_head":"<!-- This site is optimized with the Yoast SEO plugin v27.2 - https:\/\/yoast.com\/product\/yoast-seo-wordpress\/ -->\n<title>Crema di bosco<\/title>\n<meta name=\"description\" content=\"Ideale per insaporire pasta o risotti, questa crema \u00e8 preparata con funghi porcini dell&#039;Ard\u00e8che raccolti a mano, una variet\u00e0 di funghi selvatici e un sottile filo d&#039;olio di tartufo.\" \/>\n<meta name=\"robots\" content=\"index, follow, max-snippet:-1, max-image-preview:large, max-video-preview:-1\" \/>\n<link rel=\"canonical\" href=\"https:\/\/www.lesdelicesdeprovence.ch\/it\/produits\/crema-di-bosco\/\" \/>\n<meta property=\"og:locale\" content=\"it_IT\" \/>\n<meta property=\"og:type\" content=\"article\" \/>\n<meta property=\"og:title\" content=\"Crema di bosco\" \/>\n<meta property=\"og:description\" content=\"Ideale per insaporire pasta o risotti, questa crema \u00e8 preparata con funghi porcini dell&#039;Ard\u00e8che raccolti a mano, una variet\u00e0 di funghi selvatici e un sottile filo d&#039;olio di tartufo.\" \/>\n<meta property=\"og:url\" content=\"https:\/\/www.lesdelicesdeprovence.ch\/it\/produits\/crema-di-bosco\/\" \/>\n<meta property=\"og:site_name\" content=\"Les D\u00e9lices de Provence\" \/>\n<meta property=\"article:modified_time\" content=\"2024-03-28T14:03:25+00:00\" \/>\n<meta property=\"og:image\" content=\"https:\/\/www.lesdelicesdeprovence.ch\/wp-content\/uploads\/2022\/06\/creme_forestiere.jpg\" \/>\n\t<meta property=\"og:image:width\" content=\"2073\" \/>\n\t<meta property=\"og:image:height\" content=\"2334\" \/>\n\t<meta property=\"og:image:type\" content=\"image\/jpeg\" \/>\n<meta name=\"twitter:card\" content=\"summary_large_image\" \/>\n<meta name=\"twitter:label1\" content=\"Tempo di lettura stimato\" \/>\n\t<meta name=\"twitter:data1\" content=\"1 minuto\" \/>\n<script type=\"application\/ld+json\" class=\"yoast-schema-graph\">{\"@context\":\"https:\/\/schema.org\",\"@graph\":[{\"@type\":\"WebPage\",\"@id\":\"https:\/\/www.lesdelicesdeprovence.ch\/it\/produits\/crema-di-bosco\/\",\"url\":\"https:\/\/www.lesdelicesdeprovence.ch\/it\/produits\/crema-di-bosco\/\",\"name\":\"Crema di bosco\",\"isPartOf\":{\"@id\":\"https:\/\/www.lesdelicesdeprovence.ch\/it\/#website\"},\"primaryImageOfPage\":{\"@id\":\"https:\/\/www.lesdelicesdeprovence.ch\/it\/produits\/crema-di-bosco\/#primaryimage\"},\"image\":{\"@id\":\"https:\/\/www.lesdelicesdeprovence.ch\/it\/produits\/crema-di-bosco\/#primaryimage\"},\"thumbnailUrl\":\"https:\/\/www.lesdelicesdeprovence.ch\/wp-content\/uploads\/2022\/06\/creme_forestiere.jpg\",\"datePublished\":\"2022-06-16T07:16:39+00:00\",\"dateModified\":\"2024-03-28T14:03:25+00:00\",\"description\":\"Ideale per insaporire pasta o risotti, questa crema \u00e8 preparata con funghi porcini dell'Ard\u00e8che raccolti a mano, una variet\u00e0 di funghi selvatici e un sottile filo d'olio di tartufo.\",\"breadcrumb\":{\"@id\":\"https:\/\/www.lesdelicesdeprovence.ch\/it\/produits\/crema-di-bosco\/#breadcrumb\"},\"inLanguage\":\"it-IT\",\"potentialAction\":[{\"@type\":\"ReadAction\",\"target\":[\"https:\/\/www.lesdelicesdeprovence.ch\/it\/produits\/crema-di-bosco\/\"]}]},{\"@type\":\"ImageObject\",\"inLanguage\":\"it-IT\",\"@id\":\"https:\/\/www.lesdelicesdeprovence.ch\/it\/produits\/crema-di-bosco\/#primaryimage\",\"url\":\"https:\/\/www.lesdelicesdeprovence.ch\/wp-content\/uploads\/2022\/06\/creme_forestiere.jpg\",\"contentUrl\":\"https:\/\/www.lesdelicesdeprovence.ch\/wp-content\/uploads\/2022\/06\/creme_forestiere.jpg\",\"width\":2073,\"height\":2334},{\"@type\":\"BreadcrumbList\",\"@id\":\"https:\/\/www.lesdelicesdeprovence.ch\/it\/produits\/crema-di-bosco\/#breadcrumb\",\"itemListElement\":[{\"@type\":\"ListItem\",\"position\":1,\"name\":\"Accoglienza\",\"item\":\"https:\/\/www.lesdelicesdeprovence.ch\/it\/\"},{\"@type\":\"ListItem\",\"position\":2,\"name\":\"Negozio\",\"item\":\"https:\/\/www.lesdelicesdeprovence.ch\/it\/negozio\/\"},{\"@type\":\"ListItem\",\"position\":3,\"name\":\"Crema di bosco\"}]},{\"@type\":\"WebSite\",\"@id\":\"https:\/\/www.lesdelicesdeprovence.ch\/it\/#website\",\"url\":\"https:\/\/www.lesdelicesdeprovence.ch\/it\/\",\"name\":\"Les D\u00e9lices de Provence\",\"description\":\"Epicerie fine en ligne\",\"potentialAction\":[{\"@type\":\"SearchAction\",\"target\":{\"@type\":\"EntryPoint\",\"urlTemplate\":\"https:\/\/www.lesdelicesdeprovence.ch\/it\/?s={search_term_string}\"},\"query-input\":{\"@type\":\"PropertyValueSpecification\",\"valueRequired\":true,\"valueName\":\"search_term_string\"}}],\"inLanguage\":\"it-IT\"}]}<\/script>\n<!-- \/ Yoast SEO plugin. -->","yoast_head_json":{"title":"Crema di bosco","description":"Ideale per insaporire pasta o risotti, questa crema \u00e8 preparata con funghi porcini dell'Ard\u00e8che raccolti a mano, una variet\u00e0 di funghi selvatici e un sottile filo d'olio di tartufo.","robots":{"index":"index","follow":"follow","max-snippet":"max-snippet:-1","max-image-preview":"max-image-preview:large","max-video-preview":"max-video-preview:-1"},"canonical":"https:\/\/www.lesdelicesdeprovence.ch\/it\/produits\/crema-di-bosco\/","og_locale":"it_IT","og_type":"article","og_title":"Crema di bosco","og_description":"Ideale per insaporire pasta o risotti, questa crema \u00e8 preparata con funghi porcini dell'Ard\u00e8che raccolti a mano, una variet\u00e0 di funghi selvatici e un sottile filo d'olio di tartufo.","og_url":"https:\/\/www.lesdelicesdeprovence.ch\/it\/produits\/crema-di-bosco\/","og_site_name":"Les D\u00e9lices de Provence","article_modified_time":"2024-03-28T14:03:25+00:00","og_image":[{"width":2073,"height":2334,"url":"https:\/\/www.lesdelicesdeprovence.ch\/wp-content\/uploads\/2022\/06\/creme_forestiere.jpg","type":"image\/jpeg"}],"twitter_card":"summary_large_image","twitter_misc":{"Tempo di lettura stimato":"1 minuto"},"schema":{"@context":"https:\/\/schema.org","@graph":[{"@type":"WebPage","@id":"https:\/\/www.lesdelicesdeprovence.ch\/it\/produits\/crema-di-bosco\/","url":"https:\/\/www.lesdelicesdeprovence.ch\/it\/produits\/crema-di-bosco\/","name":"Crema di bosco","isPartOf":{"@id":"https:\/\/www.lesdelicesdeprovence.ch\/it\/#website"},"primaryImageOfPage":{"@id":"https:\/\/www.lesdelicesdeprovence.ch\/it\/produits\/crema-di-bosco\/#primaryimage"},"image":{"@id":"https:\/\/www.lesdelicesdeprovence.ch\/it\/produits\/crema-di-bosco\/#primaryimage"},"thumbnailUrl":"https:\/\/www.lesdelicesdeprovence.ch\/wp-content\/uploads\/2022\/06\/creme_forestiere.jpg","datePublished":"2022-06-16T07:16:39+00:00","dateModified":"2024-03-28T14:03:25+00:00","description":"Ideale per insaporire pasta o risotti, questa crema \u00e8 preparata con funghi porcini dell'Ard\u00e8che raccolti a mano, una variet\u00e0 di funghi selvatici e un sottile filo d'olio di tartufo.","breadcrumb":{"@id":"https:\/\/www.lesdelicesdeprovence.ch\/it\/produits\/crema-di-bosco\/#breadcrumb"},"inLanguage":"it-IT","potentialAction":[{"@type":"ReadAction","target":["https:\/\/www.lesdelicesdeprovence.ch\/it\/produits\/crema-di-bosco\/"]}]},{"@type":"ImageObject","inLanguage":"it-IT","@id":"https:\/\/www.lesdelicesdeprovence.ch\/it\/produits\/crema-di-bosco\/#primaryimage","url":"https:\/\/www.lesdelicesdeprovence.ch\/wp-content\/uploads\/2022\/06\/creme_forestiere.jpg","contentUrl":"https:\/\/www.lesdelicesdeprovence.ch\/wp-content\/uploads\/2022\/06\/creme_forestiere.jpg","width":2073,"height":2334},{"@type":"BreadcrumbList","@id":"https:\/\/www.lesdelicesdeprovence.ch\/it\/produits\/crema-di-bosco\/#breadcrumb","itemListElement":[{"@type":"ListItem","position":1,"name":"Accoglienza","item":"https:\/\/www.lesdelicesdeprovence.ch\/it\/"},{"@type":"ListItem","position":2,"name":"Negozio","item":"https:\/\/www.lesdelicesdeprovence.ch\/it\/negozio\/"},{"@type":"ListItem","position":3,"name":"Crema di bosco"}]},{"@type":"WebSite","@id":"https:\/\/www.lesdelicesdeprovence.ch\/it\/#website","url":"https:\/\/www.lesdelicesdeprovence.ch\/it\/","name":"Les D\u00e9lices de Provence","description":"Epicerie fine en ligne","potentialAction":[{"@type":"SearchAction","target":{"@type":"EntryPoint","urlTemplate":"https:\/\/www.lesdelicesdeprovence.ch\/it\/?s={search_term_string}"},"query-input":{"@type":"PropertyValueSpecification","valueRequired":true,"valueName":"search_term_string"}}],"inLanguage":"it-IT"}]}},"_links":{"self":[{"href":"https:\/\/www.lesdelicesdeprovence.ch\/it\/wp-json\/wp\/v2\/product\/6856","targetHints":{"allow":["GET"]}}],"collection":[{"href":"https:\/\/www.lesdelicesdeprovence.ch\/it\/wp-json\/wp\/v2\/product"}],"about":[{"href":"https:\/\/www.lesdelicesdeprovence.ch\/it\/wp-json\/wp\/v2\/types\/product"}],"version-history":[{"count":4,"href":"https:\/\/www.lesdelicesdeprovence.ch\/it\/wp-json\/wp\/v2\/product\/6856\/revisions"}],"predecessor-version":[{"id":12944,"href":"https:\/\/www.lesdelicesdeprovence.ch\/it\/wp-json\/wp\/v2\/product\/6856\/revisions\/12944"}],"wp:featuredmedia":[{"embeddable":true,"href":"https:\/\/www.lesdelicesdeprovence.ch\/it\/wp-json\/wp\/v2\/media\/6857"}],"wp:attachment":[{"href":"https:\/\/www.lesdelicesdeprovence.ch\/it\/wp-json\/wp\/v2\/media?parent=6856"}],"wp:term":[{"taxonomy":"product_cat","embeddable":true,"href":"https:\/\/www.lesdelicesdeprovence.ch\/it\/wp-json\/wp\/v2\/product_cat?post=6856"},{"taxonomy":"product_tag","embeddable":true,"href":"https:\/\/www.lesdelicesdeprovence.ch\/it\/wp-json\/wp\/v2\/product_tag?post=6856"}],"curies":[{"name":"wp","href":"https:\/\/api.w.org\/{rel}","templated":true}]}}